{"id":806,"date":"2023-04-27T09:10:49","date_gmt":"2023-04-27T07:10:49","guid":{"rendered":"https:\/\/risebogard.com\/?page_id=806"},"modified":"2025-06-23T23:17:16","modified_gmt":"2025-06-23T21:17:16","slug":"resa-till-sverige","status":"publish","type":"page","link":"https:\/\/risebogard.com\/sv\/anreise-nach-schweden\/","title":{"rendered":"Resor till Sverige"},"content":{"rendered":"<p>Det finns flera s\u00e4tt att resa bekv\u00e4mt till och runt Sverige. H\u00e4r finns olika transportmedel f\u00f6r ankomst och resor i Sverige. Beroende p\u00e5 rutt, planerna i Sverige och typ av resen\u00e4r kan olika f\u00e4rds\u00e4tt och rutter vara det b\u00e4sta valet.<\/p>\n\n\n\n<p><\/p>\n\n\n\n<h2 class=\"wp-block-heading\">Vilket reses\u00e4tt f\u00f6r att resa till och i Sverige?<\/h2>\n\n\n\n<h3 class=\"wp-block-heading\">Med husbilen\/husvagnen<\/h3>\n\n\n\n<figure class=\"wp-block-image size-large\"><img loading=\"lazy\" decoding=\"async\" width=\"1024\" height=\"563\" src=\"https:\/\/risebogard.com\/wp-content\/uploads\/2023\/04\/1920px-Zusatzzeichen_1048-17_-_nur_Wohnmobile_StVO_1992.svg_-1024x563.png\" alt=\"\" class=\"wp-image-825\" srcset=\"https:\/\/risebogard.com\/wp-content\/uploads\/2023\/04\/1920px-Zusatzzeichen_1048-17_-_nur_Wohnmobile_StVO_1992.svg_-1024x563.png 1024w, https:\/\/risebogard.com\/wp-content\/uploads\/2023\/04\/1920px-Zusatzzeichen_1048-17_-_nur_Wohnmobile_StVO_1992.svg_-300x165.png 300w, https:\/\/risebogard.com\/wp-content\/uploads\/2023\/04\/1920px-Zusatzzeichen_1048-17_-_nur_Wohnmobile_StVO_1992.svg_-768x422.png 768w, https:\/\/risebogard.com\/wp-content\/uploads\/2023\/04\/1920px-Zusatzzeichen_1048-17_-_nur_Wohnmobile_StVO_1992.svg_-1536x845.png 1536w, https:\/\/risebogard.com\/wp-content\/uploads\/2023\/04\/1920px-Zusatzzeichen_1048-17_-_nur_Wohnmobile_StVO_1992.svg_-18x10.png 18w, https:\/\/risebogard.com\/wp-content\/uploads\/2023\/04\/1920px-Zusatzzeichen_1048-17_-_nur_Wohnmobile_StVO_1992.svg_.png 1920w\" sizes=\"auto, (max-width: 1024px) 100vw, 1024px\" \/><\/figure>\n\n\n\n<p>Husbilen \u00e4r f\u00f6rmodligen det mest avslappnade s\u00e4ttet att resa, speciellt med barn och djur. Toaletten finns alltid med dig. Det finns ett bord och tillr\u00e4ckligt med plats f\u00f6r spel, mat och annan underh\u00e5llning. Du kan avbryta resan n\u00e4r som helst och \u00f6vernatta vid vilken rastplats eller annan plats som helst om det beh\u00f6vs. En nackdel kan vara den \u00f6kade f\u00f6rbrukningen och den vanligtvis l\u00e4gre hastigheten. Med st\u00f6rre fordon \u00e4r du ocks\u00e5 mycket mindre flexibel om du skulle vilja st\u00e5 n\u00e5gonstans &quot;vild&quot;. N\u00e4r du reser under s\u00e4song b\u00f6r du vara medveten om att de v\u00e4lk\u00e4nda &quot;vilda&quot; platserna ofta \u00e4r upptagna och att campingplatserna ocks\u00e5 \u00e4r v\u00e4lbes\u00f6kta. Det \u00e4r d\u00e4rf\u00f6r l\u00e4mpligt att boka l\u00e4mpliga platser i f\u00f6rv\u00e4g. Sammantaget \u00e4r st\u00f6rre husbilar utbredda i Sverige och infrastrukturen \u00e4r d\u00e4rf\u00f6r v\u00e4l utformad. Det utrymme som finns i stormarknader etc. p\u00e5minner ofta om amerikanska f\u00f6rh\u00e5llanden.<br>Olika leverant\u00f6rer erbjuder \u00e4ven m\u00f6jligheten att hyra husbil i Sverige.<br>H\u00e4r p\u00e5 Risebo finns en stor \u00e4ng omgiven av natur som uppst\u00e4llningsplats f\u00f6r dig och din husbil. Vissa tomter \u00e4r utrustade med 230V\/10A str\u00f6manslutningar. Tr\u00e5dl\u00f6st internet finns ocks\u00e5 p\u00e5 campingen.<\/p>\n\n\n\n<hr class=\"wp-block-separator has-alpha-channel-opacity\"\/>\n\n\n\n<h3 class=\"wp-block-heading\">Med buss \/ kompakt husbil<\/h3>\n\n\n\n<p>Mindre husbilar i form av bussar utg\u00f6r en bra kompromiss till den stora husbilen.Du \u00e4r flexibel, du kan ta dig igenom praktiskt taget alla v\u00e4gar och du kan \u00e4ven st\u00e5 &quot;vild&quot;. Dessutom \u00e4r f\u00f6rbrukningen vanligtvis l\u00e4gre och marschfarten h\u00f6gre. Kostnaderna f\u00f6r f\u00e4rjorna \u00e4r ocks\u00e5 l\u00e4gre. \u00c4ven utrymmena f\u00f6r fordon med st\u00f6rre dimensioner p\u00e5 f\u00e4rjorna \u00e4r begr\u00e4nsade och ibland fullbokade. Under vinterf\u00f6rh\u00e5llanden \u00e4r fyrhjulsdrivna bussar ett bra val. Alla dessa f\u00f6rdelar g\u00f6r bussen som husbil till det perfekta valet f\u00f6r resor till och genom Sverige.<br>H\u00e4r p\u00e5 Risebo finns en stor \u00e4ng omgiven av natur som uppst\u00e4llningsplats f\u00f6r dig och din husbil. Vissa tomter \u00e4r utrustade med 230V\/10A str\u00f6manslutningar. Tr\u00e5dl\u00f6st internet finns ocks\u00e5 p\u00e5 campingen.<br>Och om du n\u00e5gon g\u00e5ng skulle bli f\u00f6r tr\u00e5ng p\u00e5 bussen, unna dig en natt i en av &quot;Stuga&quot; med k\u00f6k och varm dusch.<\/p>\n\n\n\n<hr class=\"wp-block-separator has-alpha-channel-opacity\"\/>\n\n\n\n<h3 class=\"wp-block-heading\">Med bil<\/h3>\n\n\n\n<p>I Sverige finns fritidshus, s\u00e5 kallade &quot;Stuga&quot; som g\u00e5r att hyra \u00f6verallt. Som resen\u00e4r med bil hittar du boende \u00f6verallt omgiven av vacker natur. Eftersom Stuga oftast m\u00e5ste bokas i f\u00f6rv\u00e4g m\u00e5ste resan planeras b\u00e4ttre \u00e4n n\u00e4r man reser med husbil. Men om du gillar att k\u00f6ra till ett eller tv\u00e5 st\u00e4llen och bes\u00f6ka sev\u00e4rdheter d\u00e4rifr\u00e5n eller bara vill koppla av och njuta av lugnet och lugnet, d\u00e5 \u00e4r bilen den b\u00e4sta v\u00e4gen att g\u00e5. Dessutom \u00e4r kostnaderna f\u00f6r f\u00e4rjorna l\u00e5ga och det finns n\u00e4stan alltid platser tillg\u00e4ngliga p\u00e5 f\u00e4rjorna f\u00f6r bilar. Detta \u00e4r ocks\u00e5 anledningarna till att m\u00e5nga semesterfirare f\u00f6redrar bilen som resemedel. I alla fall under vinterf\u00f6rh\u00e5llanden. Bilar med takt\u00e4lt ses ocks\u00e5 ofta.<br>H\u00e4r p\u00e5 Risebo kan du bo bekv\u00e4mt i ett av fritidshusen (\u201dStuga\u201d), som finns i olika storlekar. Eller s\u00e5 kan du g\u00f6ra dig bekv\u00e4m med t\u00e4ltet\/takt\u00e4ltet p\u00e5 camping\u00e4ngen.<\/p>\n\n\n\n<p><\/p>\n\n\n\n<hr class=\"wp-block-separator has-alpha-channel-opacity\"\/>\n\n\n\n<h3 class=\"wp-block-heading\">Med kollektivtrafik (buss och t\u00e5g)<\/h3>\n\n\n\n<figure class=\"wp-block-image size-full is-resized\"><img loading=\"lazy\" decoding=\"async\" width=\"1024\" height=\"678\" src=\"https:\/\/risebogard.com\/wp-content\/uploads\/2023\/04\/SJ_X2_2036_Goeteborg_C_2019_01.jpg\" alt=\"\" class=\"wp-image-828\" style=\"width:840px;height:556px\" srcset=\"https:\/\/risebogard.com\/wp-content\/uploads\/2023\/04\/SJ_X2_2036_Goeteborg_C_2019_01.jpg 1024w, https:\/\/risebogard.com\/wp-content\/uploads\/2023\/04\/SJ_X2_2036_Goeteborg_C_2019_01-300x199.jpg 300w, https:\/\/risebogard.com\/wp-content\/uploads\/2023\/04\/SJ_X2_2036_Goeteborg_C_2019_01-768x509.jpg 768w, https:\/\/risebogard.com\/wp-content\/uploads\/2023\/04\/SJ_X2_2036_Goeteborg_C_2019_01-18x12.jpg 18w\" sizes=\"auto, (max-width: 1024px) 100vw, 1024px\" \/><figcaption class=\"wp-element-caption\">Foto: <a href=\"https:\/\/commons.wikimedia.org\/wiki\/File:SJ_X2_2036,_G%C3%B6teborg_C,_2019_(01).jpg\" target=\"_blank\" rel=\"noreferrer noopener nofollow\">j\u00e4rnv\u00e4g<\/a> \u2013 Denna fil \u00e4r licensierad under den h\u00e4r filen \u00e4r licensierad under Creative Commons <a href=\"https:\/\/creativecommons.org\/licenses\/by-sa\/4.0\/deed.en\">Attribution Share Alike 4.0 International<\/a> licens.<\/figcaption><\/figure>\n\n\n\n<p>T\u00e5g g\u00e5r via Danmark \u00f6ver \u00d8hresundsbron till Sverige. Olika natt\u00e5g fr\u00e5n Schweiz, Tyskland och andra platser till Sverige rekommenderas. D\u00e4rifr\u00e5n kan du forts\u00e4tta din resa med regionalt\u00e5g eller buss. F\u00f6r resen\u00e4rer som vill utforska Sverige med cykel \u00e4r t\u00e5get det perfekta valet. Observera dock att kollektivtrafikm\u00f6jligheterna \u00e4r begr\u00e4nsade, s\u00e4rskilt i avl\u00e4gsna landsbygdsomr\u00e5den som Risebo.<\/p>\n\n\n\n<p><\/p>\n\n\n\n<hr class=\"wp-block-separator has-alpha-channel-opacity\"\/>\n\n\n\n<h3 class=\"wp-block-heading\">Med cykel<\/h3>\n\n\n\n<p>Det finns m\u00e5nga vackra cykelv\u00e4gar i Sverige. Men t\u00e4nk p\u00e5 att den &quot;normala&quot; svenska v\u00e4gen inte har en h\u00e5rd axel eller en separat cykelbana. P\u00e5 grund av den l\u00e5ga trafikt\u00e4theten p\u00e5 landsbygden borde detta inte vara en anledning att inte utforska Sverige p\u00e5 cykel. Tv\u00e4rtom \u2013 det \u00e4r m\u00e5nga som reser runt i Sverige med cykel och tid.<br>H\u00e4r p\u00e5 Risebo kunde du bo i ett av fritidshusen (\u201dStuga\u201d), som finns i olika storlekar. Eller s\u00e5 kan du g\u00f6ra dig bekv\u00e4m med t\u00e4ltet p\u00e5 camping\u00e4ngen.<\/p>\n\n\n\n<p><\/p>\n\n\n\n<hr class=\"wp-block-separator has-alpha-channel-opacity\"\/>\n\n\n\n<h2 class=\"wp-block-heading\">Vilken v\u00e4g till Sverige?<\/h2>\n\n\n\n<p>M\u00e5nga v\u00e4gar leder till Rom. Det finns n\u00e5gra till Sverige, men p\u00e5 grund av l\u00e4get p\u00e5 en halv\u00f6 \u00e4r v\u00e4garna begr\u00e4nsade.<\/p>\n\n\n\n<h3 class=\"wp-block-heading\">Med f\u00e4rja fr\u00e5n Tyskland, Danmark eller Polen<\/h3>\n\n\n\n<figure class=\"wp-block-image size-large\"><img loading=\"lazy\" decoding=\"async\" width=\"1024\" height=\"683\" src=\"https:\/\/risebogard.com\/wp-content\/uploads\/2025\/03\/1080px-TT_Line_Nils_Holgersson-1024x683.jpeg\" alt=\"\" class=\"wp-image-1243\" srcset=\"https:\/\/risebogard.com\/wp-content\/uploads\/2025\/03\/1080px-TT_Line_Nils_Holgersson-1024x683.jpeg 1024w, https:\/\/risebogard.com\/wp-content\/uploads\/2025\/03\/1080px-TT_Line_Nils_Holgersson-300x200.jpeg 300w, https:\/\/risebogard.com\/wp-content\/uploads\/2025\/03\/1080px-TT_Line_Nils_Holgersson-768x512.jpeg 768w, https:\/\/risebogard.com\/wp-content\/uploads\/2025\/03\/1080px-TT_Line_Nils_Holgersson-18x12.jpeg 18w, https:\/\/risebogard.com\/wp-content\/uploads\/2025\/03\/1080px-TT_Line_Nils_Holgersson.jpeg 1080w\" sizes=\"auto, (max-width: 1024px) 100vw, 1024px\" \/><figcaption class=\"wp-element-caption\">Nils Holgersson \u2013 Foto: Elias191204 \u2013 Denna fil \u00e4r licensierad under <a href=\"https:\/\/en.wikipedia.org\/wiki\/en:Creative_Commons\">Creative Commons<\/a> <a href=\"https:\/\/creativecommons.org\/licenses\/by-sa\/4.0\/deed.en\">Attribution Share Alike 4.0 International<\/a> licens.<\/figcaption><\/figure>\n\n\n\n<p>Olika rederier erbjuder f\u00e4rjef\u00f6rbindelser fr\u00e5n Tyskland (Travem\u00fcnde och Rostock). Dessa \u00e4r t.ex <a href=\"https:\/\/www.ttline.com\">T<\/a><a href=\"https:\/\/www.ttline.com\" target=\"_blank\" rel=\"noreferrer noopener\">T<\/a><a href=\"https:\/\/www.ttline.com\" target=\"_blank\" rel=\"noreferrer noopener nofollow\">-Linje<\/a>, <a href=\"https:\/\/www.stenaline.de\" target=\"_blank\" rel=\"noreferrer noopener nofollow\">StenaLine<\/a> och <a href=\"https:\/\/www.finnlines.com\" target=\"_blank\" rel=\"noreferrer noopener nofollow\">finnlines<\/a>. F\u00e4rjorna brukar l\u00e4gga till i Trelleborg. En nattf\u00e4rja rekommenderas f\u00f6r ankomster fr\u00e5n l\u00e4ngre s\u00f6derut. Tillv\u00e4gag\u00e5ngss\u00e4ttet kan l\u00e4tt bem\u00e4stras i tv\u00e5 steg. Du l\u00e4gger till i Sverige p\u00e5 morgonen, k\u00e4nner dig n\u00e5got avslappnad, och du klarar fortfarande resten av resan.<br>Det finns andra f\u00e4rjef\u00f6rbindelser till Sverige fr\u00e5n Danmark <a href=\"https:\/\/www.scandlines.de\" target=\"_blank\" rel=\"noreferrer noopener nofollow\">Scandlines<\/a> s\u00e5v\u00e4l som <a href=\"https:\/\/www.stenaline.de\" target=\"_blank\" rel=\"noreferrer noopener nofollow\">StenaLine<\/a> och fr\u00e5n Polen fr\u00e5n <a href=\"https:\/\/www.ttline.com\">T<\/a><a href=\"https:\/\/www.ttline.com\" target=\"_blank\" rel=\"noreferrer noopener\">T<\/a><a href=\"https:\/\/www.ttline.com\" target=\"_blank\" rel=\"noreferrer noopener nofollow\">-Linje<\/a>, <a href=\"https:\/\/www.stenaline.de\" target=\"_blank\" rel=\"noreferrer noopener nofollow\">StenaLine<\/a>, <a href=\"https:\/\/www.unityline.eu\/\" target=\"_blank\" rel=\"noreferrer noopener nofollow\">UnityLine<\/a> s\u00e5v\u00e4l som <a href=\"https:\/\/polferries.de\/\" target=\"_blank\" rel=\"noreferrer noopener nofollow\">Pole Ferries<\/a>.<\/p>\n\n\n\n<hr class=\"wp-block-separator has-alpha-channel-opacity\"\/>\n\n\n\n<h3 class=\"wp-block-heading\">\u00d6ver land via Danmark<\/h3>\n\n\n\n<figure class=\"wp-block-image size-full is-resized\"><img loading=\"lazy\" decoding=\"async\" width=\"1024\" height=\"768\" src=\"https:\/\/risebogard.com\/wp-content\/uploads\/2023\/04\/Oresund_Bridge_from_the_air_in_September_2015.jpg\" alt=\"\" class=\"wp-image-835\" style=\"width:840px;height:630px\" srcset=\"https:\/\/risebogard.com\/wp-content\/uploads\/2023\/04\/Oresund_Bridge_from_the_air_in_September_2015.jpg 1024w, https:\/\/risebogard.com\/wp-content\/uploads\/2023\/04\/Oresund_Bridge_from_the_air_in_September_2015-300x225.jpg 300w, https:\/\/risebogard.com\/wp-content\/uploads\/2023\/04\/Oresund_Bridge_from_the_air_in_September_2015-768x576.jpg 768w, https:\/\/risebogard.com\/wp-content\/uploads\/2023\/04\/Oresund_Bridge_from_the_air_in_September_2015-16x12.jpg 16w\" sizes=\"auto, (max-width: 1024px) 100vw, 1024px\" \/><figcaption class=\"wp-element-caption\">Foto: <a href=\"https:\/\/commons.wikimedia.org\/wiki\/User:Nick-D\" target=\"_blank\" rel=\"noreferrer noopener nofollow\">Nick D<\/a> \u2013 Den h\u00e4r filen \u00e4r licensierad under Creative Commons <a href=\"https:\/\/creativecommons.org\/licenses\/by-sa\/4.0\/deed.en\">Attribution Share Alike 4.0 International<\/a> licens.<\/figcaption><\/figure>\n\n\n\n<p>Med bil kan du v\u00e4lja v\u00e4g via Danmark. Om du inte gillar f\u00e4rjor \u00e4r detta en m\u00f6jlig rutt. Var dock medveten om att det ocks\u00e5 finns en kort f\u00e4rje\u00f6verfart n\u00e4r du k\u00f6r genom Danmark. Bilresan genom Danmark \u00e4r v\u00e4ldigt l\u00e5ng. En v\u00e4gavgift tas ut f\u00f6r att korsa \u00d6resundsbron. Sammantaget \u00e4r det egentligen inte billigare att resa \u00e4n med f\u00e4rja.<br>T\u00e5get g\u00e5r ocks\u00e5 \u00f6ver \u00d6resundsbron.<\/p>\n\n\n\n<p><\/p>\n\n\n\n<hr class=\"wp-block-separator has-alpha-channel-opacity\"\/>\n\n\n\n<h3 class=\"wp-block-heading\">Med flyg med flyg<\/h3>\n\n\n\n<p>Olika flygf\u00f6rbindelser finns till exempel till Stockholm eller till exempel fr\u00e5n Frankfurt till Kalmar. D\u00e4rifr\u00e5n kan du forts\u00e4tta med t\u00e5g, buss, hyrbil eller cykel.<\/p>","protected":false},"excerpt":{"rendered":"<p>Det finns flera s\u00e4tt att resa bekv\u00e4mt till och inom Sverige. H\u00e4r finns olika transportmedel f\u00f6r att anl\u00e4nda och resa i Sverige. Beroende p\u00e5 rutt, planerna i Sverige och typ av resen\u00e4r kan olika f\u00e4rds\u00e4tt och rutter vara det optimala valet. Vilket s\u00e4tt att resa till och i Sverige? Med husbil...<a class=\"read-more-link button\" href=\"https:\/\/risebogard.com\/sv\/anreise-nach-schweden\/\">l\u00e4s mig<\/a><\/p>","protected":false},"author":2,"featured_media":0,"parent":0,"menu_order":0,"comment_status":"closed","ping_status":"closed","template":"","meta":{"ngg_post_thumbnail":0,"footnotes":""},"class_list":["post-806","page","type-page","status-publish","hentry"],"featured_image_src":null,"yoast_head":"<!-- This site is optimized with the Yoast SEO plugin v27.5 - https:\/\/yoast.com\/product\/yoast-seo-wordpress\/ -->\n<title>Anreise nach Schweden - Risebo<\/title>\n<meta name=\"description\" content=\"Es gibt mehrere Wege, wie man bequem nach Schweden zu reisen. Hier eine Auswahl einiger M\u00f6glichkeiten im Vergleich zur Anreise nach Schweden.\" \/>\n<meta name=\"robots\" content=\"index, follow, max-snippet:-1, max-image-preview:large, max-video-preview:-1\" \/>\n<link rel=\"canonical\" href=\"https:\/\/risebogard.com\/sv\/resa-till-sverige\/\" \/>\n<meta property=\"og:locale\" content=\"sv_SE\" \/>\n<meta property=\"og:type\" content=\"article\" \/>\n<meta property=\"og:title\" content=\"Anreise nach Schweden - Risebo\" \/>\n<meta property=\"og:description\" content=\"Es gibt mehrere Wege, wie man bequem nach Schweden zu reisen. Hier eine Auswahl einiger M\u00f6glichkeiten im Vergleich zur Anreise nach Schweden.\" \/>\n<meta property=\"og:url\" content=\"https:\/\/risebogard.com\/sv\/resa-till-sverige\/\" \/>\n<meta property=\"og:site_name\" content=\"Risebo\" \/>\n<meta property=\"article:publisher\" content=\"https:\/\/www.facebook.com\/RiseboGard\" \/>\n<meta property=\"article:modified_time\" content=\"2025-06-23T21:17:16+00:00\" \/>\n<meta property=\"og:image\" content=\"https:\/\/risebogard.com\/wp-content\/uploads\/2023\/04\/1920px-Zusatzzeichen_1048-17_-_nur_Wohnmobile_StVO_1992.svg_.png\" \/>\n\t<meta property=\"og:image:width\" content=\"1920\" \/>\n\t<meta property=\"og:image:height\" content=\"1056\" \/>\n\t<meta property=\"og:image:type\" content=\"image\/png\" \/>\n<meta name=\"twitter:card\" content=\"summary_large_image\" \/>\n<meta name=\"twitter:label1\" content=\"Ber\u00e4knad l\u00e4stid\" \/>\n\t<meta name=\"twitter:data1\" content=\"7 minuter\" \/>\n<script type=\"application\/ld+json\" class=\"yoast-schema-graph\">{\"@context\":\"https:\\\/\\\/schema.org\",\"@graph\":[{\"@type\":\"WebPage\",\"@id\":\"https:\\\/\\\/risebogard.com\\\/anreise-nach-schweden\\\/\",\"url\":\"https:\\\/\\\/risebogard.com\\\/anreise-nach-schweden\\\/\",\"name\":\"Anreise nach Schweden - Risebo\",\"isPartOf\":{\"@id\":\"https:\\\/\\\/risebogard.com\\\/#website\"},\"primaryImageOfPage\":{\"@id\":\"https:\\\/\\\/risebogard.com\\\/anreise-nach-schweden\\\/#primaryimage\"},\"image\":{\"@id\":\"https:\\\/\\\/risebogard.com\\\/anreise-nach-schweden\\\/#primaryimage\"},\"thumbnailUrl\":\"https:\\\/\\\/risebogard.com\\\/wp-content\\\/uploads\\\/2023\\\/04\\\/1920px-Zusatzzeichen_1048-17_-_nur_Wohnmobile_StVO_1992.svg_-1024x563.png\",\"datePublished\":\"2023-04-27T07:10:49+00:00\",\"dateModified\":\"2025-06-23T21:17:16+00:00\",\"description\":\"Es gibt mehrere Wege, wie man bequem nach Schweden zu reisen. Hier eine Auswahl einiger M\u00f6glichkeiten im Vergleich zur Anreise nach Schweden.\",\"breadcrumb\":{\"@id\":\"https:\\\/\\\/risebogard.com\\\/anreise-nach-schweden\\\/#breadcrumb\"},\"inLanguage\":\"sv-SE\",\"potentialAction\":[{\"@type\":\"ReadAction\",\"target\":[\"https:\\\/\\\/risebogard.com\\\/anreise-nach-schweden\\\/\"]}]},{\"@type\":\"ImageObject\",\"inLanguage\":\"sv-SE\",\"@id\":\"https:\\\/\\\/risebogard.com\\\/anreise-nach-schweden\\\/#primaryimage\",\"url\":\"https:\\\/\\\/risebogard.com\\\/wp-content\\\/uploads\\\/2023\\\/04\\\/1920px-Zusatzzeichen_1048-17_-_nur_Wohnmobile_StVO_1992.svg_-1024x563.png\",\"contentUrl\":\"https:\\\/\\\/risebogard.com\\\/wp-content\\\/uploads\\\/2023\\\/04\\\/1920px-Zusatzzeichen_1048-17_-_nur_Wohnmobile_StVO_1992.svg_-1024x563.png\"},{\"@type\":\"BreadcrumbList\",\"@id\":\"https:\\\/\\\/risebogard.com\\\/anreise-nach-schweden\\\/#breadcrumb\",\"itemListElement\":[{\"@type\":\"ListItem\",\"position\":1,\"name\":\"Home\",\"item\":\"https:\\\/\\\/risebogard.com\\\/\"},{\"@type\":\"ListItem\",\"position\":2,\"name\":\"Anreise nach Schweden\"}]},{\"@type\":\"WebSite\",\"@id\":\"https:\\\/\\\/risebogard.com\\\/#website\",\"url\":\"https:\\\/\\\/risebogard.com\\\/\",\"name\":\"Risebo\",\"description\":\"Camping, H\u00fctten, Westernreiten, Natur pur!\",\"publisher\":{\"@id\":\"https:\\\/\\\/risebogard.com\\\/#organization\"},\"potentialAction\":[{\"@type\":\"SearchAction\",\"target\":{\"@type\":\"EntryPoint\",\"urlTemplate\":\"https:\\\/\\\/risebogard.com\\\/?s={search_term_string}\"},\"query-input\":{\"@type\":\"PropertyValueSpecification\",\"valueRequired\":true,\"valueName\":\"search_term_string\"}}],\"inLanguage\":\"sv-SE\"},{\"@type\":\"Organization\",\"@id\":\"https:\\\/\\\/risebogard.com\\\/#organization\",\"name\":\"Risebo G\u00e5rd\",\"url\":\"https:\\\/\\\/risebogard.com\\\/\",\"logo\":{\"@type\":\"ImageObject\",\"inLanguage\":\"sv-SE\",\"@id\":\"https:\\\/\\\/risebogard.com\\\/#\\\/schema\\\/logo\\\/image\\\/\",\"url\":\"https:\\\/\\\/risebogard.com\\\/wp-content\\\/uploads\\\/2022\\\/01\\\/risebologo.png\",\"contentUrl\":\"https:\\\/\\\/risebogard.com\\\/wp-content\\\/uploads\\\/2022\\\/01\\\/risebologo.png\",\"width\":266,\"height\":100,\"caption\":\"Risebo G\u00e5rd\"},\"image\":{\"@id\":\"https:\\\/\\\/risebogard.com\\\/#\\\/schema\\\/logo\\\/image\\\/\"},\"sameAs\":[\"https:\\\/\\\/www.facebook.com\\\/RiseboGard\"]}]}<\/script>\n<!-- \/ Yoast SEO plugin. -->","yoast_head_json":{"title":"Att ta sig till Sverige - Risebo","description":"Det finns flera s\u00e4tt att resa bekv\u00e4mt till Sverige. H\u00e4r \u00e4r ett urval av n\u00e5gra alternativ j\u00e4mf\u00f6rt med hur man tar sig till Sverige.","robots":{"index":"index","follow":"follow","max-snippet":"max-snippet:-1","max-image-preview":"max-image-preview:large","max-video-preview":"max-video-preview:-1"},"canonical":"https:\/\/risebogard.com\/sv\/resa-till-sverige\/","og_locale":"sv_SE","og_type":"article","og_title":"Anreise nach Schweden - Risebo","og_description":"Es gibt mehrere Wege, wie man bequem nach Schweden zu reisen. Hier eine Auswahl einiger M\u00f6glichkeiten im Vergleich zur Anreise nach Schweden.","og_url":"https:\/\/risebogard.com\/sv\/resa-till-sverige\/","og_site_name":"Risebo","article_publisher":"https:\/\/www.facebook.com\/RiseboGard","article_modified_time":"2025-06-23T21:17:16+00:00","og_image":[{"width":1920,"height":1056,"url":"https:\/\/risebogard.com\/wp-content\/uploads\/2023\/04\/1920px-Zusatzzeichen_1048-17_-_nur_Wohnmobile_StVO_1992.svg_.png","type":"image\/png"}],"twitter_card":"summary_large_image","twitter_misc":{"Ber\u00e4knad l\u00e4stid":"7 minuter"},"schema":{"@context":"https:\/\/schema.org","@graph":[{"@type":"WebPage","@id":"https:\/\/risebogard.com\/anreise-nach-schweden\/","url":"https:\/\/risebogard.com\/anreise-nach-schweden\/","name":"Att ta sig till Sverige - Risebo","isPartOf":{"@id":"https:\/\/risebogard.com\/#website"},"primaryImageOfPage":{"@id":"https:\/\/risebogard.com\/anreise-nach-schweden\/#primaryimage"},"image":{"@id":"https:\/\/risebogard.com\/anreise-nach-schweden\/#primaryimage"},"thumbnailUrl":"https:\/\/risebogard.com\/wp-content\/uploads\/2023\/04\/1920px-Zusatzzeichen_1048-17_-_nur_Wohnmobile_StVO_1992.svg_-1024x563.png","datePublished":"2023-04-27T07:10:49+00:00","dateModified":"2025-06-23T21:17:16+00:00","description":"Det finns flera s\u00e4tt att resa bekv\u00e4mt till Sverige. H\u00e4r \u00e4r ett urval av n\u00e5gra alternativ j\u00e4mf\u00f6rt med hur man tar sig till Sverige.","breadcrumb":{"@id":"https:\/\/risebogard.com\/anreise-nach-schweden\/#breadcrumb"},"inLanguage":"sv-SE","potentialAction":[{"@type":"ReadAction","target":["https:\/\/risebogard.com\/anreise-nach-schweden\/"]}]},{"@type":"ImageObject","inLanguage":"sv-SE","@id":"https:\/\/risebogard.com\/anreise-nach-schweden\/#primaryimage","url":"https:\/\/risebogard.com\/wp-content\/uploads\/2023\/04\/1920px-Zusatzzeichen_1048-17_-_nur_Wohnmobile_StVO_1992.svg_-1024x563.png","contentUrl":"https:\/\/risebogard.com\/wp-content\/uploads\/2023\/04\/1920px-Zusatzzeichen_1048-17_-_nur_Wohnmobile_StVO_1992.svg_-1024x563.png"},{"@type":"BreadcrumbList","@id":"https:\/\/risebogard.com\/anreise-nach-schweden\/#breadcrumb","itemListElement":[{"@type":"ListItem","position":1,"name":"Home","item":"https:\/\/risebogard.com\/"},{"@type":"ListItem","position":2,"name":"Anreise nach Schweden"}]},{"@type":"WebSite","@id":"https:\/\/risebogard.com\/#website","url":"https:\/\/risebogard.com\/","name":"Risebo","description":"Camping, stugor, westernridning, ren natur!","publisher":{"@id":"https:\/\/risebogard.com\/#organization"},"potentialAction":[{"@type":"SearchAction","target":{"@type":"EntryPoint","urlTemplate":"https:\/\/risebogard.com\/?s={search_term_string}"},"query-input":{"@type":"PropertyValueSpecification","valueRequired":true,"valueName":"search_term_string"}}],"inLanguage":"sv-SE"},{"@type":"Organization","@id":"https:\/\/risebogard.com\/#organization","name":"Risebo G\u00e5rd","url":"https:\/\/risebogard.com\/","logo":{"@type":"ImageObject","inLanguage":"sv-SE","@id":"https:\/\/risebogard.com\/#\/schema\/logo\/image\/","url":"https:\/\/risebogard.com\/wp-content\/uploads\/2022\/01\/risebologo.png","contentUrl":"https:\/\/risebogard.com\/wp-content\/uploads\/2022\/01\/risebologo.png","width":266,"height":100,"caption":"Risebo G\u00e5rd"},"image":{"@id":"https:\/\/risebogard.com\/#\/schema\/logo\/image\/"},"sameAs":["https:\/\/www.facebook.com\/RiseboGard"]}]}},"_links":{"self":[{"href":"https:\/\/risebogard.com\/sv\/wp-json\/wp\/v2\/pages\/806","targetHints":{"allow":["GET"]}}],"collection":[{"href":"https:\/\/risebogard.com\/sv\/wp-json\/wp\/v2\/pages"}],"about":[{"href":"https:\/\/risebogard.com\/sv\/wp-json\/wp\/v2\/types\/page"}],"author":[{"embeddable":true,"href":"https:\/\/risebogard.com\/sv\/wp-json\/wp\/v2\/users\/2"}],"replies":[{"embeddable":true,"href":"https:\/\/risebogard.com\/sv\/wp-json\/wp\/v2\/comments?post=806"}],"version-history":[{"count":20,"href":"https:\/\/risebogard.com\/sv\/wp-json\/wp\/v2\/pages\/806\/revisions"}],"predecessor-version":[{"id":1303,"href":"https:\/\/risebogard.com\/sv\/wp-json\/wp\/v2\/pages\/806\/revisions\/1303"}],"wp:attachment":[{"href":"https:\/\/risebogard.com\/sv\/wp-json\/wp\/v2\/media?parent=806"}],"curies":[{"name":"wp","href":"https:\/\/api.w.org\/{rel}","templated":true}]}}