{"id":533,"date":"2022-07-10T11:32:30","date_gmt":"2022-07-10T09:32:30","guid":{"rendered":"https:\/\/risebogard.com\/?page_id=533"},"modified":"2025-08-18T16:24:01","modified_gmt":"2025-08-18T14:24:01","slug":"ridning-i-sverige","status":"publish","type":"page","link":"https:\/\/risebogard.com\/sv\/reiten-in-schweden\/","title":{"rendered":"Rida"},"content":{"rendered":"<p>Vi erbjuder guidad ridning f\u00f6r barn och nyb\u00f6rjare samt gratisturer f\u00f6r avancerade ryttare fr\u00e5n 12 \u00e5r och upp\u00e5t p\u00e5 v\u00e5ra islandsh\u00e4star och Nordsvensk (westernridning\/ridning). P\u00e5 de m\u00e5nga stigarna p\u00e5 och runt Risebo kan skogar och sj\u00f6ar i Sveriges vackra natur utforskas i en avslappnad atmosf\u00e4r.<\/p>\n\n\n\n<hr class=\"wp-block-separator has-alpha-channel-opacity\"\/>\n\n\n\n<h2 class=\"wp-block-heading\">Ridning f\u00f6r sm\u00e5barn<\/h2>\n\n\n\n<figure class=\"wp-block-image size-large is-style-default\"><img loading=\"lazy\" decoding=\"async\" width=\"1024\" height=\"768\" src=\"https:\/\/risebogard.com\/wp-content\/uploads\/2022\/07\/KinderPonys-1024x768.jpg\" alt=\"Barn med ponnyer\" class=\"wp-image-541\" srcset=\"https:\/\/risebogard.com\/wp-content\/uploads\/2022\/07\/KinderPonys-1024x768.jpg 1024w, https:\/\/risebogard.com\/wp-content\/uploads\/2022\/07\/KinderPonys-300x225.jpg 300w, https:\/\/risebogard.com\/wp-content\/uploads\/2022\/07\/KinderPonys-768x576.jpg 768w, https:\/\/risebogard.com\/wp-content\/uploads\/2022\/07\/KinderPonys-1536x1152.jpg 1536w, https:\/\/risebogard.com\/wp-content\/uploads\/2022\/07\/KinderPonys-2048x1536.jpg 2048w\" sizes=\"auto, (max-width: 1024px) 100vw, 1024px\" \/><\/figure>\n\n\n\n<p>V\u00e5r mini shetlandsponny Johnny v\u00e4ntar p\u00e5 de sm\u00e5. Med en mankh\u00f6jd p\u00e5 bara 83 cm och sin goda natur kan barn upp till 20 kg f\u00e5 sina f\u00f6rsta positiva upplevelser med h\u00e4star. Den kan ocks\u00e5 enkelt hanteras av f\u00f6r\u00e4ldrar och barn och tas med runt p\u00e5 g\u00e5rden.<\/p>\n\n\n\n<hr class=\"wp-block-separator has-alpha-channel-opacity\"\/>\n\n\n\n<h2 class=\"wp-block-heading\">Guidad ridning f\u00f6r nyb\u00f6rjare<\/h2>\n\n\n\n<figure class=\"wp-block-image size-full\"><img loading=\"lazy\" decoding=\"async\" width=\"1920\" height=\"2560\" src=\"https:\/\/risebogard.com\/wp-content\/uploads\/2023\/07\/Reiten4-scaled.jpg\" alt=\"\" class=\"wp-image-1037\" srcset=\"https:\/\/risebogard.com\/wp-content\/uploads\/2023\/07\/Reiten4-scaled.jpg 1920w, https:\/\/risebogard.com\/wp-content\/uploads\/2023\/07\/Reiten4-225x300.jpg 225w\" sizes=\"auto, (max-width: 1920px) 100vw, 1920px\" \/><\/figure>\n\n\n\n<p>De tre godmodiga isl\u00e4nningarna Frodi, Vaufi och Bjalla \u00e4r perfekta f\u00f6r barn och unga. Men vuxna kan ocks\u00e5 \u00e5ka p\u00e5 dig.<\/p>\n\n\n\n<hr class=\"wp-block-separator has-alpha-channel-opacity\"\/>\n\n\n\n<h2 class=\"wp-block-heading\">Ridning f\u00f6r avancerade ryttare<\/h2>\n\n\n\n<figure class=\"wp-block-image size-large is-resized\"><img loading=\"lazy\" decoding=\"async\" width=\"576\" height=\"1024\" src=\"https:\/\/risebogard.com\/wp-content\/uploads\/2025\/08\/Reiten-576x1024.jpeg\" alt=\"\" class=\"wp-image-1325\" style=\"width:797px;height:auto\" srcset=\"https:\/\/risebogard.com\/wp-content\/uploads\/2025\/08\/Reiten-576x1024.jpeg 576w, https:\/\/risebogard.com\/wp-content\/uploads\/2025\/08\/Reiten-169x300.jpeg 169w, https:\/\/risebogard.com\/wp-content\/uploads\/2025\/08\/Reiten-768x1365.jpeg 768w, https:\/\/risebogard.com\/wp-content\/uploads\/2025\/08\/Reiten-864x1536.jpeg 864w, https:\/\/risebogard.com\/wp-content\/uploads\/2025\/08\/Reiten-1152x2048.jpeg 1152w, https:\/\/risebogard.com\/wp-content\/uploads\/2025\/08\/Reiten-7x12.jpeg 7w, https:\/\/risebogard.com\/wp-content\/uploads\/2025\/08\/Reiten-scaled.jpeg 1440w\" sizes=\"auto, (max-width: 576px) 100vw, 576px\" \/><\/figure>\n\n\n\n<p>Guidad westernridning f\u00f6r erfarna ryttare fr\u00e5n 12 \u00e5r i den vackra naturen runt Risebo. <\/p>\n\n\n\n<hr class=\"wp-block-separator has-alpha-channel-opacity\"\/>\n\n\n\n<figure class=\"wp-block-table is-style-stripes\"><table><tbody><tr><td>\ud83d\udc34 <strong>Ridupplevelser 2025 \u2013 F\u00f6r v\u00e5ra g\u00e4ster p\u00e5 Risebo<\/strong><\/td><td><strong>kr<\/strong><\/td><\/tr><tr><td><strong>Guidade ponnyridturer<\/strong> \u2013 f\u00f6r barn och nyb\u00f6rjare<br>Ett sant ponny\u00e4ventyr! Borsta, sadla och sedan iv\u00e4g \u2013 en lugn riddtur p\u00e5 g\u00e5rdens marker.<br>Inkl. hj\u00e4lp med st\u00e4dning och f\u00f6rberedelser<br>\u00c4ven l\u00e4mplig f\u00f6r vuxna utan riderfarenhet<br>Omfattande erfarenhet inklusive hj\u00e4lp med att sk\u00f6ta h\u00e4star etc.<br>Pris per ryttare<\/td><td>150<\/td><\/tr><tr><td><strong>Ridning p\u00e5 mini-shetlandsponny &quot;Johnny&quot;<\/strong> \u2013 det minsta stora \u00e4ventyret<br>V\u00e5r lilla stj\u00e4rna &quot;Johnny&quot; v\u00e4ntar p\u00e5 modiga sm\u00e5 ryttare! F\u00f6r\u00e4ldrar kan ocks\u00e5 leda rundturen sj\u00e4lva om de vill.<br>Omfattande erfarenhet inklusive hj\u00e4lp med att sk\u00f6ta h\u00e4star etc.<br>Pris per ryttare<\/td><td>150<\/td><\/tr><tr><td><strong>\u00c5snornas runda<\/strong><br>Promenera med v\u00e5ra tv\u00e5 charmiga \u00e5snor p\u00e5 den 2,2 km l\u00e5nga g\u00e5rdsleden. En avkopplande naturupplevelse f\u00f6r b\u00e5de unga och gamla.<br>Perfekt som familjeutflykt<br>Pris per runda<\/td><td>130<\/td><\/tr><tr><td><strong>\u00c5sneridning (med barn i sadeln)<\/strong><br>Ett barn kan rida i sadeln medan du rider genom skogar och \u00e4ngar med Is-Ah &amp; Yum-Yum.<br>Perfekt f\u00f6r mindre barn<br>Naturupplevelse med djurens h\u00f6jdpunkter<br>Pris per runda<\/td><td>150<\/td><\/tr><tr><td><strong>Westerntur ca. 1,5 timmar<\/strong> \u2013 f\u00f6r avancerade ryttare fr\u00e5n 12 \u00e5r<br>Upplev den riktiga cowboyk\u00e4nslan! Guidad ridtur i westernstil genom det vackra landskapet runt Risebo.<br>Beledsagad ridtur f\u00f6r erfarna, sadelstabila ryttare ut p\u00e5 landsbygden<br>Omfattande, personlig erfarenhet inklusive hj\u00e4lp med h\u00e4stsk\u00f6tsel etc.<br>Natur, frihet och ren k\u00e4rlek till h\u00e4star<br>F\u00f6rhandsregistrering kr\u00e4vs<br>Pris per ryttare<\/td><td>720<\/td><\/tr><\/tbody><\/table><\/figure>\n\n\n\n<hr class=\"wp-block-separator has-alpha-channel-opacity\"\/>\n\n\n\n<figure class=\"wp-block-table is-style-stripes\"><table><tbody><tr><td><strong>\ud83d\udc34 Ponnyridning f\u00f6r barn \u2013 <strong>Erbjudande f\u00f6r dagg\u00e4ster 2025<\/strong><\/strong><\/td><td class=\"has-text-align-right\" data-align=\"right\"><strong>kr<\/strong><\/td><\/tr><tr><td>En speciell upplevelse f\u00f6r sm\u00e5 h\u00e4stfantaster<br>Guidade ponnyridturer p\u00e5 Risebo marker.<br>Perfekt f\u00f6r familjeutflykter, f\u00f6delsedagsgrupper eller skolklasser!<br>Omfattande erfarenhet inklusive hj\u00e4lp med att sk\u00f6ta h\u00e4star etc.<br>F\u00f6r dagsbes\u00f6kare, endast enligt \u00f6verenskommelse<br>Erbjudandet g\u00e4ller under l\u00e5gs\u00e4song fr\u00e5n september till mitten av juni<br>Genomf\u00f6rande med minst 3 barn<br>Pris per ryttare<\/td><td class=\"has-text-align-right\" data-align=\"right\">220<\/td><\/tr><\/tbody><\/table><\/figure>\n\n\n\n<hr class=\"wp-block-separator has-alpha-channel-opacity\"\/>\n\n\n\n<p>Observera: P\u00e5 grund av faktorer som v\u00e4der eller djurens h\u00e4lsa kan ridningen skjutas upp med kort varsel eller st\u00e4llas in helt och h\u00e5llet.<\/p>\n\n\n\n<hr class=\"wp-block-separator has-alpha-channel-opacity\"\/>\n\n\n\n<p><\/p>","protected":false},"excerpt":{"rendered":"<p>Vi erbjuder guidad ridning f\u00f6r barn och nyb\u00f6rjare samt gratisturer f\u00f6r avancerade ryttare fr\u00e5n 12 \u00e5r och upp\u00e5t p\u00e5 v\u00e5ra islandsh\u00e4star och Nordsvensk (westernridning\/ridning). P\u00e5 de m\u00e5nga stigarna p\u00e5 och runt Risebo kan skogar och sj\u00f6ar i Sveriges vackra natur utforskas i en avslappnad atmosf\u00e4r. Ridning f\u00f6r sm\u00e5 barn De sm\u00e5 v\u00e4ntar...<a class=\"read-more-link button\" href=\"https:\/\/risebogard.com\/sv\/reiten-in-schweden\/\">l\u00e4s mig<\/a><\/p>","protected":false},"author":2,"featured_media":538,"parent":0,"menu_order":0,"comment_status":"closed","ping_status":"closed","template":"","meta":{"ngg_post_thumbnail":0,"footnotes":""},"class_list":["post-533","page","type-page","status-publish","has-post-thumbnail","hentry"],"featured_image_src":"https:\/\/risebogard.com\/wp-content\/uploads\/2022\/07\/AusreitenNatur-scaled.jpg","yoast_head":"<!-- This site is optimized with the Yoast SEO plugin v27.5 - https:\/\/yoast.com\/product\/yoast-seo-wordpress\/ -->\n<title>Reiten - Risebo<\/title>\n<meta name=\"description\" content=\"Westernreiten in Schweden! Wir bieten gef\u00fchrtes Reiten f\u00fcr Anf\u00e4nger sowie freie Ausritte f\u00fcr fortgeschrittene Reiter an.\" \/>\n<meta name=\"robots\" content=\"index, follow, max-snippet:-1, max-image-preview:large, max-video-preview:-1\" \/>\n<link rel=\"canonical\" href=\"https:\/\/risebogard.com\/sv\/ridning-i-sverige\/\" \/>\n<meta property=\"og:locale\" content=\"sv_SE\" \/>\n<meta property=\"og:type\" content=\"article\" \/>\n<meta property=\"og:title\" content=\"Westernreiten in Schweden!\" \/>\n<meta property=\"og:description\" content=\"Westernreiten in Schweden! Wir bieten gef\u00fchrtes Reiten f\u00fcr Anf\u00e4nger sowie freie Ausritte f\u00fcr fortgeschrittene Reiter an.\" \/>\n<meta property=\"og:url\" content=\"https:\/\/risebogard.com\/sv\/ridning-i-sverige\/\" \/>\n<meta property=\"og:site_name\" content=\"Risebo\" \/>\n<meta property=\"article:publisher\" content=\"https:\/\/www.facebook.com\/RiseboGard\" \/>\n<meta property=\"article:modified_time\" content=\"2025-08-18T14:24:01+00:00\" \/>\n<meta property=\"og:image\" content=\"https:\/\/risebogard.com\/wp-content\/uploads\/2022\/07\/AusreitenNatur-scaled.jpg\" \/>\n\t<meta property=\"og:image:width\" content=\"2560\" \/>\n\t<meta property=\"og:image:height\" content=\"1920\" \/>\n\t<meta property=\"og:image:type\" content=\"image\/jpeg\" \/>\n<meta name=\"twitter:card\" content=\"summary_large_image\" \/>\n<meta name=\"twitter:title\" content=\"Westernreiten in Schweden!\" \/>\n<meta name=\"twitter:description\" content=\"Westernreiten in Schweden! Wir bieten gef\u00fchrtes Reiten f\u00fcr Anf\u00e4nger sowie freie Ausritte f\u00fcr fortgeschrittene Reiter an.\" \/>\n<meta name=\"twitter:image\" content=\"https:\/\/risebogard.com\/wp-content\/uploads\/2022\/07\/AusreitenNatur-scaled.jpg\" \/>\n<meta name=\"twitter:label1\" content=\"Ber\u00e4knad l\u00e4stid\" \/>\n\t<meta name=\"twitter:data1\" content=\"4 minuter\" \/>\n<script type=\"application\/ld+json\" class=\"yoast-schema-graph\">{\"@context\":\"https:\\\/\\\/schema.org\",\"@graph\":[{\"@type\":\"WebPage\",\"@id\":\"https:\\\/\\\/risebogard.com\\\/reiten-in-schweden\\\/\",\"url\":\"https:\\\/\\\/risebogard.com\\\/reiten-in-schweden\\\/\",\"name\":\"Reiten - Risebo\",\"isPartOf\":{\"@id\":\"https:\\\/\\\/risebogard.com\\\/#website\"},\"primaryImageOfPage\":{\"@id\":\"https:\\\/\\\/risebogard.com\\\/reiten-in-schweden\\\/#primaryimage\"},\"image\":{\"@id\":\"https:\\\/\\\/risebogard.com\\\/reiten-in-schweden\\\/#primaryimage\"},\"thumbnailUrl\":\"https:\\\/\\\/risebogard.com\\\/wp-content\\\/uploads\\\/2022\\\/07\\\/AusreitenNatur-scaled.jpg\",\"datePublished\":\"2022-07-10T09:32:30+00:00\",\"dateModified\":\"2025-08-18T14:24:01+00:00\",\"description\":\"Westernreiten in Schweden! Wir bieten gef\u00fchrtes Reiten f\u00fcr Anf\u00e4nger sowie freie Ausritte f\u00fcr fortgeschrittene Reiter an.\",\"breadcrumb\":{\"@id\":\"https:\\\/\\\/risebogard.com\\\/reiten-in-schweden\\\/#breadcrumb\"},\"inLanguage\":\"sv-SE\",\"potentialAction\":[{\"@type\":\"ReadAction\",\"target\":[\"https:\\\/\\\/risebogard.com\\\/reiten-in-schweden\\\/\"]}]},{\"@type\":\"ImageObject\",\"inLanguage\":\"sv-SE\",\"@id\":\"https:\\\/\\\/risebogard.com\\\/reiten-in-schweden\\\/#primaryimage\",\"url\":\"https:\\\/\\\/risebogard.com\\\/wp-content\\\/uploads\\\/2022\\\/07\\\/AusreitenNatur-scaled.jpg\",\"contentUrl\":\"https:\\\/\\\/risebogard.com\\\/wp-content\\\/uploads\\\/2022\\\/07\\\/AusreitenNatur-scaled.jpg\",\"width\":2560,\"height\":1920,\"caption\":\"gef\u00fchrte Pferde mit Kindern\"},{\"@type\":\"BreadcrumbList\",\"@id\":\"https:\\\/\\\/risebogard.com\\\/reiten-in-schweden\\\/#breadcrumb\",\"itemListElement\":[{\"@type\":\"ListItem\",\"position\":1,\"name\":\"Home\",\"item\":\"https:\\\/\\\/risebogard.com\\\/\"},{\"@type\":\"ListItem\",\"position\":2,\"name\":\"Reiten\"}]},{\"@type\":\"WebSite\",\"@id\":\"https:\\\/\\\/risebogard.com\\\/#website\",\"url\":\"https:\\\/\\\/risebogard.com\\\/\",\"name\":\"Risebo\",\"description\":\"Camping, H\u00fctten, Westernreiten, Natur pur!\",\"publisher\":{\"@id\":\"https:\\\/\\\/risebogard.com\\\/#organization\"},\"potentialAction\":[{\"@type\":\"SearchAction\",\"target\":{\"@type\":\"EntryPoint\",\"urlTemplate\":\"https:\\\/\\\/risebogard.com\\\/?s={search_term_string}\"},\"query-input\":{\"@type\":\"PropertyValueSpecification\",\"valueRequired\":true,\"valueName\":\"search_term_string\"}}],\"inLanguage\":\"sv-SE\"},{\"@type\":\"Organization\",\"@id\":\"https:\\\/\\\/risebogard.com\\\/#organization\",\"name\":\"Risebo G\u00e5rd\",\"url\":\"https:\\\/\\\/risebogard.com\\\/\",\"logo\":{\"@type\":\"ImageObject\",\"inLanguage\":\"sv-SE\",\"@id\":\"https:\\\/\\\/risebogard.com\\\/#\\\/schema\\\/logo\\\/image\\\/\",\"url\":\"https:\\\/\\\/risebogard.com\\\/wp-content\\\/uploads\\\/2022\\\/01\\\/risebologo.png\",\"contentUrl\":\"https:\\\/\\\/risebogard.com\\\/wp-content\\\/uploads\\\/2022\\\/01\\\/risebologo.png\",\"width\":266,\"height\":100,\"caption\":\"Risebo G\u00e5rd\"},\"image\":{\"@id\":\"https:\\\/\\\/risebogard.com\\\/#\\\/schema\\\/logo\\\/image\\\/\"},\"sameAs\":[\"https:\\\/\\\/www.facebook.com\\\/RiseboGard\"]}]}<\/script>\n<!-- \/ Yoast SEO plugin. -->","yoast_head_json":{"title":"Ridning - Risebo","description":"Westernridning i Sverige! Vi erbjuder guidad ridning f\u00f6r nyb\u00f6rjare samt gratisturer f\u00f6r avancerade ryttare.","robots":{"index":"index","follow":"follow","max-snippet":"max-snippet:-1","max-image-preview":"max-image-preview:large","max-video-preview":"max-video-preview:-1"},"canonical":"https:\/\/risebogard.com\/sv\/ridning-i-sverige\/","og_locale":"sv_SE","og_type":"article","og_title":"Westernreiten in Schweden!","og_description":"Westernreiten in Schweden! Wir bieten gef\u00fchrtes Reiten f\u00fcr Anf\u00e4nger sowie freie Ausritte f\u00fcr fortgeschrittene Reiter an.","og_url":"https:\/\/risebogard.com\/sv\/ridning-i-sverige\/","og_site_name":"Risebo","article_publisher":"https:\/\/www.facebook.com\/RiseboGard","article_modified_time":"2025-08-18T14:24:01+00:00","og_image":[{"width":2560,"height":1920,"url":"https:\/\/risebogard.com\/wp-content\/uploads\/2022\/07\/AusreitenNatur-scaled.jpg","type":"image\/jpeg"}],"twitter_card":"summary_large_image","twitter_title":"Westernreiten in Schweden!","twitter_description":"Westernreiten in Schweden! Wir bieten gef\u00fchrtes Reiten f\u00fcr Anf\u00e4nger sowie freie Ausritte f\u00fcr fortgeschrittene Reiter an.","twitter_image":"https:\/\/risebogard.com\/wp-content\/uploads\/2022\/07\/AusreitenNatur-scaled.jpg","twitter_misc":{"Ber\u00e4knad l\u00e4stid":"4 minuter"},"schema":{"@context":"https:\/\/schema.org","@graph":[{"@type":"WebPage","@id":"https:\/\/risebogard.com\/reiten-in-schweden\/","url":"https:\/\/risebogard.com\/reiten-in-schweden\/","name":"Ridning - Risebo","isPartOf":{"@id":"https:\/\/risebogard.com\/#website"},"primaryImageOfPage":{"@id":"https:\/\/risebogard.com\/reiten-in-schweden\/#primaryimage"},"image":{"@id":"https:\/\/risebogard.com\/reiten-in-schweden\/#primaryimage"},"thumbnailUrl":"https:\/\/risebogard.com\/wp-content\/uploads\/2022\/07\/AusreitenNatur-scaled.jpg","datePublished":"2022-07-10T09:32:30+00:00","dateModified":"2025-08-18T14:24:01+00:00","description":"Westernridning i Sverige! Vi erbjuder guidad ridning f\u00f6r nyb\u00f6rjare samt gratisturer f\u00f6r avancerade ryttare.","breadcrumb":{"@id":"https:\/\/risebogard.com\/reiten-in-schweden\/#breadcrumb"},"inLanguage":"sv-SE","potentialAction":[{"@type":"ReadAction","target":["https:\/\/risebogard.com\/reiten-in-schweden\/"]}]},{"@type":"ImageObject","inLanguage":"sv-SE","@id":"https:\/\/risebogard.com\/reiten-in-schweden\/#primaryimage","url":"https:\/\/risebogard.com\/wp-content\/uploads\/2022\/07\/AusreitenNatur-scaled.jpg","contentUrl":"https:\/\/risebogard.com\/wp-content\/uploads\/2022\/07\/AusreitenNatur-scaled.jpg","width":2560,"height":1920,"caption":"gef\u00fchrte Pferde mit Kindern"},{"@type":"BreadcrumbList","@id":"https:\/\/risebogard.com\/reiten-in-schweden\/#breadcrumb","itemListElement":[{"@type":"ListItem","position":1,"name":"Home","item":"https:\/\/risebogard.com\/"},{"@type":"ListItem","position":2,"name":"Reiten"}]},{"@type":"WebSite","@id":"https:\/\/risebogard.com\/#website","url":"https:\/\/risebogard.com\/","name":"Risebo","description":"Camping, stugor, westernridning, ren natur!","publisher":{"@id":"https:\/\/risebogard.com\/#organization"},"potentialAction":[{"@type":"SearchAction","target":{"@type":"EntryPoint","urlTemplate":"https:\/\/risebogard.com\/?s={search_term_string}"},"query-input":{"@type":"PropertyValueSpecification","valueRequired":true,"valueName":"search_term_string"}}],"inLanguage":"sv-SE"},{"@type":"Organization","@id":"https:\/\/risebogard.com\/#organization","name":"Risebo G\u00e5rd","url":"https:\/\/risebogard.com\/","logo":{"@type":"ImageObject","inLanguage":"sv-SE","@id":"https:\/\/risebogard.com\/#\/schema\/logo\/image\/","url":"https:\/\/risebogard.com\/wp-content\/uploads\/2022\/01\/risebologo.png","contentUrl":"https:\/\/risebogard.com\/wp-content\/uploads\/2022\/01\/risebologo.png","width":266,"height":100,"caption":"Risebo G\u00e5rd"},"image":{"@id":"https:\/\/risebogard.com\/#\/schema\/logo\/image\/"},"sameAs":["https:\/\/www.facebook.com\/RiseboGard"]}]}},"_links":{"self":[{"href":"https:\/\/risebogard.com\/sv\/wp-json\/wp\/v2\/pages\/533","targetHints":{"allow":["GET"]}}],"collection":[{"href":"https:\/\/risebogard.com\/sv\/wp-json\/wp\/v2\/pages"}],"about":[{"href":"https:\/\/risebogard.com\/sv\/wp-json\/wp\/v2\/types\/page"}],"author":[{"embeddable":true,"href":"https:\/\/risebogard.com\/sv\/wp-json\/wp\/v2\/users\/2"}],"replies":[{"embeddable":true,"href":"https:\/\/risebogard.com\/sv\/wp-json\/wp\/v2\/comments?post=533"}],"version-history":[{"count":44,"href":"https:\/\/risebogard.com\/sv\/wp-json\/wp\/v2\/pages\/533\/revisions"}],"predecessor-version":[{"id":1328,"href":"https:\/\/risebogard.com\/sv\/wp-json\/wp\/v2\/pages\/533\/revisions\/1328"}],"wp:featuredmedia":[{"embeddable":true,"href":"https:\/\/risebogard.com\/sv\/wp-json\/wp\/v2\/media\/538"}],"wp:attachment":[{"href":"https:\/\/risebogard.com\/sv\/wp-json\/wp\/v2\/media?parent=533"}],"curies":[{"name":"wp","href":"https:\/\/api.w.org\/{rel}","templated":true}]}}