{"id":347,"date":"2022-05-22T13:58:21","date_gmt":"2022-05-22T11:58:21","guid":{"rendered":"https:\/\/risebogard.com\/?page_id=347"},"modified":"2025-06-17T21:18:45","modified_gmt":"2025-06-17T19:18:45","slug":"aktiviteter-runt-risebo","status":"publish","type":"page","link":"https:\/\/risebogard.com\/sv\/aktivitaeten-rund-um-risebo\/","title":{"rendered":"verksamhet"},"content":{"rendered":"<p>Vi vill att du ska trivas hos oss. Risebo \u00e4r det perfekta st\u00e4llet att koppla av i naturen fr\u00e5n vardagens stress och gl\u00f6mma alla dina bekymmer. Barnen kan syssels\u00e4tta sig i timmar p\u00e5 Risebo, medan du \u00e4ntligen har tid f\u00f6r dig sj\u00e4lv och att koppla av.<br>Men speciellt f\u00f6r aktiva m\u00e4nniskor finns det mycket aktiviteter p\u00e5 och runt Risebo. H\u00e4r \u00e4r en \u00f6versikt.<\/p>\n\n\n\n<hr class=\"wp-block-separator has-css-opacity\"\/>\n\n\n\n<h2 class=\"wp-block-heading\">Aktiviteter p\u00e5 Risebo<\/h2>\n\n\n\n<h3 class=\"wp-block-heading\">F\u00f6r barn:<\/h3>\n\n\n\n<ul class=\"wp-block-list\">\n<li>Trimma h\u00e4star och ponnyridning (guidad)<\/li>\n\n\n\n<li>Sm\u00e5 djur och husdjur som kaniner, marsvin, hundar, katter<\/li>\n\n\n\n<li>Pingis, basket, studsmatta och andra utomhusspel<\/li>\n\n\n\n<li>trampbilar och andra leksaker<\/li>\n\n\n\n<li>Stort omr\u00e5de med b\u00e4ck, broar och mycket natur att uppt\u00e4cka, g\u00f6mma sig och leka<\/li>\n\n\n\n<li>Hj\u00e4lpa till p\u00e5 g\u00e5rden: Det finns alltid n\u00e5got att g\u00f6ra \ud83d\ude42<\/li>\n<\/ul>\n\n\n\n<h3 class=\"wp-block-heading\">F\u00f6r vuxna:<\/h3>\n\n\n\n<ul class=\"wp-block-list\">\n<li>Ridning (westernridning) i vacker natur p\u00e5 v\u00e5ra islandsh\u00e4star och Nordsvensk<\/li>\n\n\n\n<li>Lugn promenad runt marker med betesmarker, tr\u00e4d, b\u00e4ck, damm och broar<\/li>\n\n\n\n<li>14 kilometer vandrings- och vandringsleder underh\u00e5llna av oss runt Risebo i vacker natur genom skog, \u00e4ngar och sj\u00f6ar.<\/li>\n\n\n\n<li>M\u00e5nga andra stigar i omr\u00e5det<\/li>\n\n\n\n<li>Tv\u00e5 grillplatser, en med tak och b\u00e4nkar f\u00f6r ca 20-30 personer<\/li>\n\n\n\n<li>Pingis, basket, studsmatta och andra utomhusspel<\/li>\n\n\n\n<li>Lounge\/konferensrum<\/li>\n\n\n\n<li>Hj\u00e4lpa till p\u00e5 g\u00e5rden: Det finns alltid n\u00e5got att g\u00f6ra \ud83d\ude42<\/li>\n<\/ul>\n\n\n\n<hr class=\"wp-block-separator has-css-opacity\"\/>\n\n\n\n<h2 class=\"wp-block-heading\">Aktiviteter runt Risebo<\/h2>\n\n\n\n<figure class=\"wp-block-table is-style-stripes\"><table><tbody><tr><td>Vad<\/td><td>plats<\/td><td>avst\u00e5nd i minuter<\/td><td><\/td><td>webbplats<\/td><\/tr><tr><td>Vandra<\/td><td>Risebo<\/td><td>0<\/td><td><\/td><td>Risebo vandringskarta att ladda ner: <a href=\"https:\/\/risebogard.com\/public\/RiseboVandringsleder.pdf\">https:\/\/risebogard.com\/public\/RiseboVandringsleder.pdf<\/a><br><br>Karta med vandringsleder (OpenStreetMap): <a href=\"https:\/\/osm.org\/go\/0Y5qSQto--\" target=\"_blank\" rel=\"noreferrer noopener nofollow\">https:\/\/osm.org\/go\/0Y5qSQto&#8211;<\/a><\/td><\/tr><tr><td>Cykel \/ mountainbike turer<\/td><td>Risebo<\/td><td>0<\/td><td><\/td><td>Cykeluthyrning p\u00e5 g\u00e5rden<br><a href=\"https:\/\/risebogard.com\/sv\/camping\/\">https:\/\/risebogard.com\/camping\/<\/a><\/td><\/tr><tr><td>Bada i sj\u00f6n<\/td><td>Man\/Lofters<\/td><td>5<\/td><td><\/td><td>Lofter: <a href=\"https:\/\/goo.gl\/maps\/4rZrJn57HKXdX2qPA\" target=\"_blank\" rel=\"noreferrer noopener nofollow\">https:\/\/goo.gl\/maps\/4rZrJn57HKXdX2qPA<\/a><br>Man: <a href=\"https:\/\/goo.gl\/maps\/Lr62XKLGSFdT4esP9\" target=\"_blank\" rel=\"noreferrer noopener\">https:\/\/goo.gl\/maps\/Lr62XKLGSFdT4esP9<\/a><\/td><\/tr><tr><td>Kl\u00e4ttra<\/td><td>kl\u00e4tterklippa<br><em>&quot;Sjo\u00e4nda&quot;<\/em><\/td><td>12<\/td><td><\/td><td><a href=\"https:\/\/www.vastervikclimbing.com\/wp-content\/uploads\/2024\/03\/Sjoanda.pdf\" target=\"_blank\" rel=\"noreferrer noopener\">https:\/\/www.vastervikclimbing.com\/wp-content\/uploads\/2024\/03\/Sjoanda.pdf<\/a><br><br><a href=\"https:\/\/27crags.com\/crags\/sjoanda\" target=\"_blank\" rel=\"noreferrer noopener\">https:\/\/27crags.com\/crags\/sjoanda<\/a><br><br><a href=\"https:\/\/www.mountainproject.com\/area\/113399064\/sjoanda\" target=\"_blank\" rel=\"noreferrer noopener\">https:\/\/www.mountainproject.com\/area\/113399064\/sjoanda<\/a><br><br><a href=\"https:\/\/goo.gl\/maps\/2xkBxMnQKAJkC37c9\" target=\"_blank\" rel=\"noreferrer noopener nofollow\">https:\/\/goo.gl\/maps\/2xkBxMnQKAJkC37c9<\/a><\/td><\/tr><tr><td>Kl\u00e4ttra<\/td><td>kl\u00e4tterklippa \u201cSilverberget\u201d<\/td><td>13<\/td><td><\/td><td><a href=\"https:\/\/www.vastervikclimbing.com\/wp-content\/uploads\/2023\/09\/Silverberget-ny-forare-23-09-01.pdf\" target=\"_blank\" rel=\"noreferrer noopener\">https:\/\/www.vastervikclimbing.com\/wp-content\/uploads\/2023\/09\/Silverberget-ny-forare-23-09-01.pdf<\/a><br><br><a href=\"https:\/\/27crags.com\/crags\/silverberget\/cragmap\" target=\"_blank\" rel=\"noreferrer noopener\">https:\/\/27crags.com\/crags\/silverberget\/cragmap<\/a><br><br><a href=\"https:\/\/www.mountainproject.com\/area\/113399127\/silverberget\" target=\"_blank\" rel=\"noreferrer noopener\">https:\/\/www.mountainproject.com\/area\/113399127\/silverberget<\/a><\/td><\/tr><tr><td>Industrimuseet &quot;Bruksmuseum&quot;<\/td><td>\u00f6verum<\/td><td>20<\/td><td><\/td><td><a href=\"https:\/\/www.vastervik.com\/produkt\/overums-bruksmuseum\/\" target=\"_blank\" rel=\"noreferrer noopener nofollow\">https:\/\/www.vastervik.com\/produkt\/overums-bruksmuseum\/<\/a><\/td><\/tr><tr><td>troll park<\/td><td>gameby<\/td><td>25<\/td><td><\/td><td><a href=\"https:\/\/www.gamleby.se\/skulpturparken.html\" target=\"_blank\" rel=\"noreferrer noopener nofollow\">https:\/\/www.gamleby.se\/skulpturparken.html<\/a><\/td><\/tr><tr><td>lagun<\/td><td>gameby<\/td><td>25<\/td><td><\/td><td><\/td><\/tr><tr><td>kajakturer<\/td><td>gameby<\/td><td>25<\/td><td><\/td><td><a href=\"https:\/\/www.vastervik.se\/Uppleva-och-gora\/Idrott-motion-och-friluftsliv\/Friluftsliv-och-motion\/kajak\/\" target=\"_blank\" rel=\"noreferrer noopener nofollow\">https:\/\/www.vastervik.se\/Uppleva-och-gora\/Idrott-motion-och-friluftsliv\/Friluftsliv-och-motion\/kajak\/<\/a><\/td><\/tr><tr><td>golfbana<\/td><td>Atvidaberg<\/td><td>28<\/td><td><\/td><td><a href=\"https:\/\/www.atvidabergsgk.se\/\" target=\"_blank\" rel=\"noreferrer noopener nofollow\">https:\/\/www.atvidabergsgk.se\/<\/a><\/td><\/tr><tr><td>paintball<\/td><td>Atvidaberg<\/td><td>28<\/td><td><\/td><td><a href=\"https:\/\/www.fargboll.se\/\" target=\"_blank\" rel=\"noreferrer noopener nofollow\">https:\/\/www.fargboll.se\/<\/a><\/td><\/tr><tr><td>bowling<\/td><td>Atvidaberg<\/td><td>28<\/td><td><\/td><td><a href=\"https:\/\/atvidbowl.se\/\" target=\"_blank\" rel=\"noreferrer noopener nofollow\">https:\/\/atvidbowl.se\/<\/a><\/td><\/tr><tr><td>Industri- och bilmuseum<\/td><td>Atvidaberg<\/td><td>28<\/td><td><\/td><td><a href=\"https:\/\/www.assamuseet.se\/\" target=\"_blank\" rel=\"noreferrer noopener nofollow\">https:\/\/www.assamuseet.se\/<\/a><\/td><\/tr><tr><td>kanotturer<\/td><td>Haglunds G\u00e5rd<\/td><td>33<\/td><td><\/td><td><a href=\"https:\/\/www.haglundsaventyr.se\/\" target=\"_blank\" rel=\"noreferrer noopener\">https:\/\/www.haglundsaventyr.se\/<\/a><\/td><\/tr><tr><td>kajakturer<\/td><td>V\u00e4stervik<\/td><td>40<\/td><td><\/td><td><a href=\"https:\/\/www.vastervik.com\/kajak\/\" target=\"_blank\" rel=\"noreferrer noopener nofollow\">https:\/\/www.vastervik.com\/kajak\/<\/a><\/td><\/tr><tr><td>Gokartbana<\/td><td>V\u00e4stervik<\/td><td>44<\/td><td><\/td><td><a href=\"https:\/\/action-center.se\/\" target=\"_blank\" rel=\"noreferrer noopener nofollow\">https:\/\/action-center.se\/<\/a><\/td><\/tr><tr><td>Mountainbikepark<\/td><td>kisa<\/td><td>47<\/td><td><\/td><td><a href=\"https:\/\/kisamtbpark.com\/\" target=\"_blank\" rel=\"noreferrer noopener nofollow\">https:\/\/kisamtbpark.<\/a><a href=\"https:\/\/kisamtbpark.com\/\" target=\"_blank\" rel=\"noreferrer noopener\">se\/<\/a><\/td><\/tr><tr><td>hav<\/td><td>V\u00e4stervik<\/td><td>50<\/td><td><\/td><td><\/td><\/tr><tr><td>Racerbana<\/td><td>Link\u00f6ping<\/td><td>51<\/td><td><\/td><td><a href=\"https:\/\/lms.se\/\" target=\"_blank\" rel=\"noreferrer noopener nofollow\">https:\/\/lms.se\/<\/a><\/td><\/tr><tr><td>mopedmuseum<\/td><td>V\u00e4stervik<\/td><td>52<\/td><td><\/td><td><a href=\"http:\/\/www.veteranmoped.se\" target=\"_blank\" rel=\"noreferrer noopener nofollow\">http:\/\/www.veteranmoped.s<\/a><a href=\"http:\/\/www.veteranmoped.se\" target=\"_blank\" rel=\"noreferrer noopener\">e<\/a><\/td><\/tr><tr><td>Astrid Lindgrens v\u00e4rld<\/td><td>Vimmerby<\/td><td>55<\/td><td><\/td><td><a href=\"https:\/\/astridlindgrensvarld.se\/\" target=\"_blank\" rel=\"noreferrer noopener\">Hall\u00e5<\/a><a href=\"https:\/\/astridlindgrensvarld.se\/\" target=\"_blank\" rel=\"noreferrer noopener nofollow\">tps:\/\/astridlindgrensvarld.se\/<\/a><\/td><\/tr><tr><td>rep park<\/td><td>Link\u00f6ping<\/td><td>55<\/td><td><\/td><td><a href=\"https:\/\/www.hamaadventures.se\/\" target=\"_blank\" rel=\"noreferrer noopener nofollow\">https:\/\/www.hamaadventures.se\/<\/a><\/td><\/tr><tr><td>Gamla Link\u00f6pings friluftsmuseum<\/td><td>Link\u00f6ping<\/td><td>60<\/td><td><\/td><td><a href=\"https:\/\/www.gamlalinkoping.info\/\" target=\"_blank\" rel=\"noreferrer noopener\">https:\/\/www.gamlalinkoping.info\/<\/a><\/td><\/tr><\/tbody><\/table><\/figure>\n\n\n\n<p><\/p>","protected":false},"excerpt":{"rendered":"<p>Vi vill att du ska trivas hos oss. Risebo \u00e4r det perfekta st\u00e4llet att koppla av i naturen fr\u00e5n vardagens stress och gl\u00f6mma alla dina bekymmer. Barnen kan syssels\u00e4tta sig i timmar p\u00e5 Risebo, medan du \u00e4ntligen har tid f\u00f6r dig sj\u00e4lv och att koppla av. Men speciellt f\u00f6r aktiva...<a class=\"read-more-link button\" href=\"https:\/\/risebogard.com\/sv\/aktivitaeten-rund-um-risebo\/\">l\u00e4s mig<\/a><\/p>","protected":false},"author":2,"featured_media":0,"parent":0,"menu_order":0,"comment_status":"closed","ping_status":"closed","template":"","meta":{"ngg_post_thumbnail":0,"footnotes":""},"class_list":["post-347","page","type-page","status-publish","hentry"],"featured_image_src":null,"yoast_head":"<!-- This site is optimized with the Yoast SEO plugin v27.5 - https:\/\/yoast.com\/product\/yoast-seo-wordpress\/ -->\n<title>Aktivit\u00e4ten - Risebo<\/title>\n<meta name=\"description\" content=\"Auf und rund um Risebo stehen eine Vielzahl von Aktivit\u00e4ten bereit. F\u00fcr gutes wie auch f\u00fcr schlechtes Wetter.\" \/>\n<meta name=\"robots\" content=\"index, follow, max-snippet:-1, max-image-preview:large, max-video-preview:-1\" \/>\n<link rel=\"canonical\" href=\"https:\/\/risebogard.com\/sv\/aktiviteter-runt-risebo\/\" \/>\n<meta property=\"og:locale\" content=\"sv_SE\" \/>\n<meta property=\"og:type\" content=\"article\" \/>\n<meta property=\"og:title\" content=\"Aktivit\u00e4ten Rund um Risebo\" \/>\n<meta property=\"og:description\" content=\"Auf und rund um Risebo stehen eine Vielzahl von Aktivit\u00e4ten bereit. F\u00fcr gutes wie auch f\u00fcr schlechtes Wetter.\" \/>\n<meta property=\"og:url\" content=\"https:\/\/risebogard.com\/sv\/aktiviteter-runt-risebo\/\" \/>\n<meta property=\"og:site_name\" content=\"Risebo\" \/>\n<meta property=\"article:publisher\" content=\"https:\/\/www.facebook.com\/RiseboGard\" \/>\n<meta property=\"article:modified_time\" content=\"2025-06-17T19:18:45+00:00\" \/>\n<meta property=\"og:image\" content=\"https:\/\/risebogard.com\/wp-content\/uploads\/2022\/05\/IMG_20220518_144607-scaled.jpg\" \/>\n\t<meta property=\"og:image:width\" content=\"2560\" \/>\n\t<meta property=\"og:image:height\" content=\"1920\" \/>\n\t<meta property=\"og:image:type\" content=\"image\/jpeg\" \/>\n<meta name=\"twitter:card\" content=\"summary_large_image\" \/>\n<meta name=\"twitter:label1\" content=\"Ber\u00e4knad l\u00e4stid\" \/>\n\t<meta name=\"twitter:data1\" content=\"2 minuter\" \/>\n<script type=\"application\/ld+json\" class=\"yoast-schema-graph\">{\"@context\":\"https:\\\/\\\/schema.org\",\"@graph\":[{\"@type\":\"WebPage\",\"@id\":\"https:\\\/\\\/risebogard.com\\\/aktivitaeten-rund-um-risebo\\\/\",\"url\":\"https:\\\/\\\/risebogard.com\\\/aktivitaeten-rund-um-risebo\\\/\",\"name\":\"Aktivit\u00e4ten - Risebo\",\"isPartOf\":{\"@id\":\"https:\\\/\\\/risebogard.com\\\/#website\"},\"datePublished\":\"2022-05-22T11:58:21+00:00\",\"dateModified\":\"2025-06-17T19:18:45+00:00\",\"description\":\"Auf und rund um Risebo stehen eine Vielzahl von Aktivit\u00e4ten bereit. F\u00fcr gutes wie auch f\u00fcr schlechtes Wetter.\",\"breadcrumb\":{\"@id\":\"https:\\\/\\\/risebogard.com\\\/aktivitaeten-rund-um-risebo\\\/#breadcrumb\"},\"inLanguage\":\"sv-SE\",\"potentialAction\":[{\"@type\":\"ReadAction\",\"target\":[\"https:\\\/\\\/risebogard.com\\\/aktivitaeten-rund-um-risebo\\\/\"]}]},{\"@type\":\"BreadcrumbList\",\"@id\":\"https:\\\/\\\/risebogard.com\\\/aktivitaeten-rund-um-risebo\\\/#breadcrumb\",\"itemListElement\":[{\"@type\":\"ListItem\",\"position\":1,\"name\":\"Home\",\"item\":\"https:\\\/\\\/risebogard.com\\\/\"},{\"@type\":\"ListItem\",\"position\":2,\"name\":\"Aktivit\u00e4ten\"}]},{\"@type\":\"WebSite\",\"@id\":\"https:\\\/\\\/risebogard.com\\\/#website\",\"url\":\"https:\\\/\\\/risebogard.com\\\/\",\"name\":\"Risebo\",\"description\":\"Camping, H\u00fctten, Westernreiten, Natur pur!\",\"publisher\":{\"@id\":\"https:\\\/\\\/risebogard.com\\\/#organization\"},\"potentialAction\":[{\"@type\":\"SearchAction\",\"target\":{\"@type\":\"EntryPoint\",\"urlTemplate\":\"https:\\\/\\\/risebogard.com\\\/?s={search_term_string}\"},\"query-input\":{\"@type\":\"PropertyValueSpecification\",\"valueRequired\":true,\"valueName\":\"search_term_string\"}}],\"inLanguage\":\"sv-SE\"},{\"@type\":\"Organization\",\"@id\":\"https:\\\/\\\/risebogard.com\\\/#organization\",\"name\":\"Risebo G\u00e5rd\",\"url\":\"https:\\\/\\\/risebogard.com\\\/\",\"logo\":{\"@type\":\"ImageObject\",\"inLanguage\":\"sv-SE\",\"@id\":\"https:\\\/\\\/risebogard.com\\\/#\\\/schema\\\/logo\\\/image\\\/\",\"url\":\"https:\\\/\\\/risebogard.com\\\/wp-content\\\/uploads\\\/2022\\\/01\\\/risebologo.png\",\"contentUrl\":\"https:\\\/\\\/risebogard.com\\\/wp-content\\\/uploads\\\/2022\\\/01\\\/risebologo.png\",\"width\":266,\"height\":100,\"caption\":\"Risebo G\u00e5rd\"},\"image\":{\"@id\":\"https:\\\/\\\/risebogard.com\\\/#\\\/schema\\\/logo\\\/image\\\/\"},\"sameAs\":[\"https:\\\/\\\/www.facebook.com\\\/RiseboGard\"]}]}<\/script>\n<!-- \/ Yoast SEO plugin. -->","yoast_head_json":{"title":"Aktiviteter - Risebo","description":"En m\u00e4ngd olika aktiviteter finns p\u00e5 och runt Risebo. F\u00f6r bra och d\u00e5ligt v\u00e4der.","robots":{"index":"index","follow":"follow","max-snippet":"max-snippet:-1","max-image-preview":"max-image-preview:large","max-video-preview":"max-video-preview:-1"},"canonical":"https:\/\/risebogard.com\/sv\/aktiviteter-runt-risebo\/","og_locale":"sv_SE","og_type":"article","og_title":"Aktivit\u00e4ten Rund um Risebo","og_description":"Auf und rund um Risebo stehen eine Vielzahl von Aktivit\u00e4ten bereit. F\u00fcr gutes wie auch f\u00fcr schlechtes Wetter.","og_url":"https:\/\/risebogard.com\/sv\/aktiviteter-runt-risebo\/","og_site_name":"Risebo","article_publisher":"https:\/\/www.facebook.com\/RiseboGard","article_modified_time":"2025-06-17T19:18:45+00:00","og_image":[{"width":2560,"height":1920,"url":"https:\/\/risebogard.com\/wp-content\/uploads\/2022\/05\/IMG_20220518_144607-scaled.jpg","type":"image\/jpeg"}],"twitter_card":"summary_large_image","twitter_misc":{"Ber\u00e4knad l\u00e4stid":"2 minuter"},"schema":{"@context":"https:\/\/schema.org","@graph":[{"@type":"WebPage","@id":"https:\/\/risebogard.com\/aktivitaeten-rund-um-risebo\/","url":"https:\/\/risebogard.com\/aktivitaeten-rund-um-risebo\/","name":"Aktiviteter - Risebo","isPartOf":{"@id":"https:\/\/risebogard.com\/#website"},"datePublished":"2022-05-22T11:58:21+00:00","dateModified":"2025-06-17T19:18:45+00:00","description":"En m\u00e4ngd olika aktiviteter finns p\u00e5 och runt Risebo. F\u00f6r bra och d\u00e5ligt v\u00e4der.","breadcrumb":{"@id":"https:\/\/risebogard.com\/aktivitaeten-rund-um-risebo\/#breadcrumb"},"inLanguage":"sv-SE","potentialAction":[{"@type":"ReadAction","target":["https:\/\/risebogard.com\/aktivitaeten-rund-um-risebo\/"]}]},{"@type":"BreadcrumbList","@id":"https:\/\/risebogard.com\/aktivitaeten-rund-um-risebo\/#breadcrumb","itemListElement":[{"@type":"ListItem","position":1,"name":"Home","item":"https:\/\/risebogard.com\/"},{"@type":"ListItem","position":2,"name":"Aktivit\u00e4ten"}]},{"@type":"WebSite","@id":"https:\/\/risebogard.com\/#website","url":"https:\/\/risebogard.com\/","name":"Risebo","description":"Camping, stugor, westernridning, ren natur!","publisher":{"@id":"https:\/\/risebogard.com\/#organization"},"potentialAction":[{"@type":"SearchAction","target":{"@type":"EntryPoint","urlTemplate":"https:\/\/risebogard.com\/?s={search_term_string}"},"query-input":{"@type":"PropertyValueSpecification","valueRequired":true,"valueName":"search_term_string"}}],"inLanguage":"sv-SE"},{"@type":"Organization","@id":"https:\/\/risebogard.com\/#organization","name":"Risebo G\u00e5rd","url":"https:\/\/risebogard.com\/","logo":{"@type":"ImageObject","inLanguage":"sv-SE","@id":"https:\/\/risebogard.com\/#\/schema\/logo\/image\/","url":"https:\/\/risebogard.com\/wp-content\/uploads\/2022\/01\/risebologo.png","contentUrl":"https:\/\/risebogard.com\/wp-content\/uploads\/2022\/01\/risebologo.png","width":266,"height":100,"caption":"Risebo G\u00e5rd"},"image":{"@id":"https:\/\/risebogard.com\/#\/schema\/logo\/image\/"},"sameAs":["https:\/\/www.facebook.com\/RiseboGard"]}]}},"_links":{"self":[{"href":"https:\/\/risebogard.com\/sv\/wp-json\/wp\/v2\/pages\/347","targetHints":{"allow":["GET"]}}],"collection":[{"href":"https:\/\/risebogard.com\/sv\/wp-json\/wp\/v2\/pages"}],"about":[{"href":"https:\/\/risebogard.com\/sv\/wp-json\/wp\/v2\/types\/page"}],"author":[{"embeddable":true,"href":"https:\/\/risebogard.com\/sv\/wp-json\/wp\/v2\/users\/2"}],"replies":[{"embeddable":true,"href":"https:\/\/risebogard.com\/sv\/wp-json\/wp\/v2\/comments?post=347"}],"version-history":[{"count":38,"href":"https:\/\/risebogard.com\/sv\/wp-json\/wp\/v2\/pages\/347\/revisions"}],"predecessor-version":[{"id":1298,"href":"https:\/\/risebogard.com\/sv\/wp-json\/wp\/v2\/pages\/347\/revisions\/1298"}],"wp:attachment":[{"href":"https:\/\/risebogard.com\/sv\/wp-json\/wp\/v2\/media?parent=347"}],"curies":[{"name":"wp","href":"https:\/\/api.w.org\/{rel}","templated":true}]}}