{"id":806,"date":"2023-04-27T09:10:49","date_gmt":"2023-04-27T07:10:49","guid":{"rendered":"https:\/\/risebogard.com\/?page_id=806"},"modified":"2025-06-23T23:17:16","modified_gmt":"2025-06-23T21:17:16","slug":"aankomst-in-zweden","status":"publish","type":"page","link":"https:\/\/risebogard.com\/nl\/anreise-nach-schweden\/","title":{"rendered":"Aankomst in Zweden"},"content":{"rendered":"<p>Er zijn verschillende handige manieren om naar en binnen Zweden te reizen. Hieronder vindt u diverse vervoersmogelijkheden van en naar Zweden. Afhankelijk van uw reisroute, uw plannen in Zweden en het type reiziger, kunnen verschillende vervoersmiddelen en routes de beste keuze zijn.<\/p>\n\n\n\n<p><\/p>\n\n\n\n<h2 class=\"wp-block-heading\">Welk vervoermiddel is het meest geschikt om naar en binnen Zweden te reizen?<\/h2>\n\n\n\n<h3 class=\"wp-block-heading\">Met camper\/caravan<\/h3>\n\n\n\n<figure class=\"wp-block-image size-large\"><img loading=\"lazy\" decoding=\"async\" width=\"1024\" height=\"563\" src=\"https:\/\/risebogard.com\/wp-content\/uploads\/2023\/04\/1920px-Zusatzzeichen_1048-17_-_nur_Wohnmobile_StVO_1992.svg_-1024x563.png\" alt=\"\" class=\"wp-image-825\" srcset=\"https:\/\/risebogard.com\/wp-content\/uploads\/2023\/04\/1920px-Zusatzzeichen_1048-17_-_nur_Wohnmobile_StVO_1992.svg_-1024x563.png 1024w, https:\/\/risebogard.com\/wp-content\/uploads\/2023\/04\/1920px-Zusatzzeichen_1048-17_-_nur_Wohnmobile_StVO_1992.svg_-300x165.png 300w, https:\/\/risebogard.com\/wp-content\/uploads\/2023\/04\/1920px-Zusatzzeichen_1048-17_-_nur_Wohnmobile_StVO_1992.svg_-768x422.png 768w, https:\/\/risebogard.com\/wp-content\/uploads\/2023\/04\/1920px-Zusatzzeichen_1048-17_-_nur_Wohnmobile_StVO_1992.svg_-1536x845.png 1536w, https:\/\/risebogard.com\/wp-content\/uploads\/2023\/04\/1920px-Zusatzzeichen_1048-17_-_nur_Wohnmobile_StVO_1992.svg_-18x10.png 18w, https:\/\/risebogard.com\/wp-content\/uploads\/2023\/04\/1920px-Zusatzzeichen_1048-17_-_nur_Wohnmobile_StVO_1992.svg_.png 1920w\" sizes=\"auto, (max-width: 1024px) 100vw, 1024px\" \/><\/figure>\n\n\n\n<p>Vooral met kinderen en huisdieren is een camper waarschijnlijk de meest ontspannen manier van reizen. Je hebt altijd een toilet bij de hand. Er is een tafel en voldoende ruimte voor spelletjes, maaltijden en ander vermaak. Je kunt je reis op elk moment onderbreken en overnachten op een willekeurige rustplaats of andere parkeerplaats. Een nadeel kan het hogere brandstofverbruik en de over het algemeen lagere snelheden zijn. Grotere voertuigen bieden ook veel minder flexibiliteit als je ergens wild wilt kamperen. Houd er bij reizen in het hoogseizoen rekening mee dat populaire wildkampeerplekken vaak bezet zijn en dat campings ook druk zijn. Het is daarom raadzaam om van tevoren een plek te reserveren. Al met al zijn grotere campers wijdverspreid in Zweden en is de infrastructuur er goed op afgestemd. De beschikbare ruimte bij supermarkten, enzovoort, doet vaak denken aan Amerikaanse standaarden.<br>Verschillende aanbieders bieden ook de mogelijkheid om een camper te huren in Zweden.<br>Hier bij Risebo wacht een groot, natuurrijk weiland op u en uw camper als staanplaats. Sommige staanplaatsen zijn voorzien van een 230V\/10A stroomaansluiting. Draadloos internet is ook beschikbaar op de camping.<\/p>\n\n\n\n<hr class=\"wp-block-separator has-alpha-channel-opacity\"\/>\n\n\n\n<h3 class=\"wp-block-heading\">Met de bus \/ compacte camper<\/h3>\n\n\n\n<p>Kleinere campervans in de vorm van bussen bieden een goed compromis ten opzichte van grote campers. Ze zijn flexibel, toegankelijk op vrijwel alle wegen en geschikt voor kamperen zonder aansluiting op het elektriciteitsnet. Het brandstofverbruik is over het algemeen lager en de kruissnelheid ligt vaak hoger. Ook de kosten voor veerboten zijn lager. De ruimte voor grotere voertuigen op veerboten is beperkt en vaak volgeboekt. Vierwielaangedreven bussen zijn een goede keuze voor winterse omstandigheden. Al deze voordelen maken de bus als campervan de perfecte keuze voor reizen naar en door Zweden.<br>Hier bij Risebo wacht een groot, natuurrijk weiland op u en uw camper als staanplaats. Sommige staanplaatsen zijn voorzien van een 230V\/10A stroomaansluiting. Draadloos internet is ook beschikbaar op de camping.<br>En mocht je de bus ooit te krap vinden, waarom trakteer je jezelf dan niet op een nacht in een van de &quot;Stugas&quot; met een keuken en een warme douche?.<\/p>\n\n\n\n<hr class=\"wp-block-separator has-alpha-channel-opacity\"\/>\n\n\n\n<h3 class=\"wp-block-heading\">Met de auto<\/h3>\n\n\n\n<p>In Zweden zijn overal vakantiehuisjes, &quot;stuga&quot; genaamd, te huur. Dit betekent dat zelfs reizigers met een auto gemakkelijk accommodatie kunnen vinden te midden van prachtige natuur. Omdat stuga&#039;s meestal van tevoren geboekt moeten worden, vergt de reis meer planning dan wanneer je met een camper reist. Voor wie echter graag \u00e9\u00e9n of twee plaatsen bezoekt en van daaruit de bezienswaardigheden verkent, of gewoon wil ontspannen en genieten van de rust, is een auto de ideale optie. De kosten voor de veerboot zijn ook laag en er is bijna altijd plaats voor auto&#039;s. Dit zijn de redenen waarom veel vakantiegangers de voorkeur geven aan reizen met de auto, vooral in de winter. Auto&#039;s met daktenten zijn ook een veelvoorkomend gezicht.<br>Hier bij Risebo kunt u comfortabel verblijven in een van de vakantiehuisjes (&quot;Stugas&quot;), die in verschillende maten verkrijgbaar zijn. Of u kunt het uzelf gemakkelijk maken met een tent of daktent op de campingweide.<\/p>\n\n\n\n<p><\/p>\n\n\n\n<hr class=\"wp-block-separator has-alpha-channel-opacity\"\/>\n\n\n\n<h3 class=\"wp-block-heading\">Met het openbaar vervoer (bus en trein)<\/h3>\n\n\n\n<figure class=\"wp-block-image size-full is-resized\"><img loading=\"lazy\" decoding=\"async\" width=\"1024\" height=\"678\" src=\"https:\/\/risebogard.com\/wp-content\/uploads\/2023\/04\/SJ_X2_2036_Goeteborg_C_2019_01.jpg\" alt=\"\" class=\"wp-image-828\" style=\"width:840px;height:556px\" srcset=\"https:\/\/risebogard.com\/wp-content\/uploads\/2023\/04\/SJ_X2_2036_Goeteborg_C_2019_01.jpg 1024w, https:\/\/risebogard.com\/wp-content\/uploads\/2023\/04\/SJ_X2_2036_Goeteborg_C_2019_01-300x199.jpg 300w, https:\/\/risebogard.com\/wp-content\/uploads\/2023\/04\/SJ_X2_2036_Goeteborg_C_2019_01-768x509.jpg 768w, https:\/\/risebogard.com\/wp-content\/uploads\/2023\/04\/SJ_X2_2036_Goeteborg_C_2019_01-18x12.jpg 18w\" sizes=\"auto, (max-width: 1024px) 100vw, 1024px\" \/><figcaption class=\"wp-element-caption\">Foto: <a href=\"https:\/\/commons.wikimedia.org\/wiki\/File:SJ_X2_2036,_G%C3%B6teborg_C,_2019_(01).jpg\" target=\"_blank\" rel=\"noreferrer noopener nofollow\">spoorwegliefhebber<\/a> Dit bestand is gelicentieerd onder de Creative Commons-licentie. <a href=\"https:\/\/creativecommons.org\/licenses\/by-sa\/4.0\/deed.en\">Attribution-Share Alike 4.0 International<\/a> licentie.<\/figcaption><\/figure>\n\n\n\n<p>De treinen rijden via Denemarken over de \u00d6hresundbrug naar Zweden. Verschillende nachttreinen, die vanuit Zwitserland, Duitsland en andere plaatsen naar Zweden vertrekken, zijn aan te raden. Van daaruit kunt u uw reis voortzetten met regionale treinen en bussen. Voor reizigers die Zweden per fiets willen verkennen, is de trein de perfecte keuze. Houd er echter rekening mee dat de mogelijkheden voor openbaar vervoer beperkt zijn, vooral in afgelegen, landelijke gebieden zoals Risebo.<\/p>\n\n\n\n<p><\/p>\n\n\n\n<hr class=\"wp-block-separator has-alpha-channel-opacity\"\/>\n\n\n\n<h3 class=\"wp-block-heading\">Met de fiets<\/h3>\n\n\n\n<p>Zweden heeft veel mooie fietspaden. Houd er echter rekening mee dat de &quot;normale&quot; Zweedse weg geen vluchtstrook of apart fietspad heeft. Door de lage verkeersdichtheid in landelijke gebieden hoeft dit je er niet van te weerhouden Zweden per fiets te verkennen. Integendeel \u2013 veel mensen reizen op hun gemak door Zweden per fiets.<br>Hier in Risebo kunt u verblijven in een van de vakantiehuisjes (&quot;stuga&quot;), die in verschillende maten verkrijgbaar zijn. Of u kunt het uzelf gemakkelijk maken met een tent op de campingweide.<\/p>\n\n\n\n<p><\/p>\n\n\n\n<hr class=\"wp-block-separator has-alpha-channel-opacity\"\/>\n\n\n\n<h2 class=\"wp-block-heading\">Welke route naar Zweden?<\/h2>\n\n\n\n<p>Er leiden vele wegen naar Rome. Er zijn er ook een paar naar Zweden, maar vanwege de ligging op een schiereiland zijn de routes daar enigszins beperkt.<\/p>\n\n\n\n<h3 class=\"wp-block-heading\">Met de veerboot vanuit Duitsland, Denemarken of Polen.<\/h3>\n\n\n\n<figure class=\"wp-block-image size-large\"><img loading=\"lazy\" decoding=\"async\" width=\"1024\" height=\"683\" src=\"https:\/\/risebogard.com\/wp-content\/uploads\/2025\/03\/1080px-TT_Line_Nils_Holgersson-1024x683.jpeg\" alt=\"\" class=\"wp-image-1243\" srcset=\"https:\/\/risebogard.com\/wp-content\/uploads\/2025\/03\/1080px-TT_Line_Nils_Holgersson-1024x683.jpeg 1024w, https:\/\/risebogard.com\/wp-content\/uploads\/2025\/03\/1080px-TT_Line_Nils_Holgersson-300x200.jpeg 300w, https:\/\/risebogard.com\/wp-content\/uploads\/2025\/03\/1080px-TT_Line_Nils_Holgersson-768x512.jpeg 768w, https:\/\/risebogard.com\/wp-content\/uploads\/2025\/03\/1080px-TT_Line_Nils_Holgersson-18x12.jpeg 18w, https:\/\/risebogard.com\/wp-content\/uploads\/2025\/03\/1080px-TT_Line_Nils_Holgersson.jpeg 1080w\" sizes=\"auto, (max-width: 1024px) 100vw, 1024px\" \/><figcaption class=\"wp-element-caption\">Nils Holgersson \u2013 Foto: Elias191204 \u2013 Dit bestand is gelicentieerd onder de <a href=\"https:\/\/en.wikipedia.org\/wiki\/en:Creative_Commons\">Creative Commons<\/a> <a href=\"https:\/\/creativecommons.org\/licenses\/by-sa\/4.0\/deed.en\">Attribution-Share Alike 4.0 International<\/a> licentie.<\/figcaption><\/figure>\n\n\n\n<p>Verschillende rederijen bieden veerverbindingen aan vanuit Duitsland (Travem\u00fcnde en Rostock). Voorbeelden hiervan zijn... <a href=\"https:\/\/www.ttline.com\">T<\/a><a href=\"https:\/\/www.ttline.com\" target=\"_blank\" rel=\"noreferrer noopener\">T<\/a><a href=\"https:\/\/www.ttline.com\" target=\"_blank\" rel=\"noreferrer noopener nofollow\">-Lijn<\/a>, <a href=\"https:\/\/www.stenaline.de\" target=\"_blank\" rel=\"noreferrer noopener nofollow\">Stena-lijn<\/a> En <a href=\"https:\/\/www.finnlines.com\" target=\"_blank\" rel=\"noreferrer noopener nofollow\">Finnlines<\/a>. De veerboten meren meestal aan in Trelleborg. Voor reizen vanuit het zuiden wordt een nachtveerboot aanbevolen. Dit maakt de reis in twee etappes te overbruggen. Je komt &#039;s ochtends redelijk uitgerust in Zweden aan en kunt de rest van de reis gemakkelijk afleggen.<br>Er zijn ook andere veerverbindingen van Denemarken naar Zweden. <a href=\"https:\/\/www.scandlines.de\" target=\"_blank\" rel=\"noreferrer noopener nofollow\">Scandlines<\/a> evenals <a href=\"https:\/\/www.stenaline.de\" target=\"_blank\" rel=\"noreferrer noopener nofollow\">Stena-lijn<\/a> en uit Polen <a href=\"https:\/\/www.ttline.com\">T<\/a><a href=\"https:\/\/www.ttline.com\" target=\"_blank\" rel=\"noreferrer noopener\">T<\/a><a href=\"https:\/\/www.ttline.com\" target=\"_blank\" rel=\"noreferrer noopener nofollow\">-Lijn<\/a>, <a href=\"https:\/\/www.stenaline.de\" target=\"_blank\" rel=\"noreferrer noopener nofollow\">Stena-lijn<\/a>, <a href=\"https:\/\/www.unityline.eu\/\" target=\"_blank\" rel=\"noreferrer noopener nofollow\">Eenheidslijn<\/a> evenals <a href=\"https:\/\/polferries.de\/\" target=\"_blank\" rel=\"noreferrer noopener nofollow\">Polferries<\/a>.<\/p>\n\n\n\n<hr class=\"wp-block-separator has-alpha-channel-opacity\"\/>\n\n\n\n<h3 class=\"wp-block-heading\">Landroute via Denemarken<\/h3>\n\n\n\n<figure class=\"wp-block-image size-full is-resized\"><img loading=\"lazy\" decoding=\"async\" width=\"1024\" height=\"768\" src=\"https:\/\/risebogard.com\/wp-content\/uploads\/2023\/04\/Oresund_Bridge_from_the_air_in_September_2015.jpg\" alt=\"\" class=\"wp-image-835\" style=\"width:840px;height:630px\" srcset=\"https:\/\/risebogard.com\/wp-content\/uploads\/2023\/04\/Oresund_Bridge_from_the_air_in_September_2015.jpg 1024w, https:\/\/risebogard.com\/wp-content\/uploads\/2023\/04\/Oresund_Bridge_from_the_air_in_September_2015-300x225.jpg 300w, https:\/\/risebogard.com\/wp-content\/uploads\/2023\/04\/Oresund_Bridge_from_the_air_in_September_2015-768x576.jpg 768w, https:\/\/risebogard.com\/wp-content\/uploads\/2023\/04\/Oresund_Bridge_from_the_air_in_September_2015-16x12.jpg 16w\" sizes=\"auto, (max-width: 1024px) 100vw, 1024px\" \/><figcaption class=\"wp-element-caption\">Foto: <a href=\"https:\/\/commons.wikimedia.org\/wiki\/User:Nick-D\" target=\"_blank\" rel=\"noreferrer noopener nofollow\">Nick-D<\/a> \u2013 Dit bestand is gelicentieerd onder de Creative Commons-licentie. <a href=\"https:\/\/creativecommons.org\/licenses\/by-sa\/4.0\/deed.en\">Attribution-Share Alike 4.0 International<\/a> licentie.<\/figcaption><\/figure>\n\n\n\n<p>Je kunt ervoor kiezen om Denemarken per auto te doorkruisen. Als je niet van veerboten houdt, is dit een mogelijke route. Houd er echter rekening mee dat zelfs een autorit door Denemarken een korte overtocht met de veerboot met zich meebrengt. De autorit door Denemarken is vrij lang. Er wordt tol geheven voor het oversteken van de \u00d6resundbrug. Al met al is dit niet echt goedkoper dan de veerboot nemen.<br>De trein rijdt ook over de \u00d6resundbrug.<\/p>\n\n\n\n<p><\/p>\n\n\n\n<hr class=\"wp-block-separator has-alpha-channel-opacity\"\/>\n\n\n\n<h3 class=\"wp-block-heading\">Per vliegtuig, per vliegtuig<\/h3>\n\n\n\n<p>Er zijn diverse vliegverbindingen beschikbaar, bijvoorbeeld naar Stockholm of van Frankfurt naar Kalmar. Vanaf daar kunt u uw reis vervolgen met de trein, bus, huurauto of fiets.<\/p>","protected":false},"excerpt":{"rendered":"<p>Es gibt mehrere Wege, bequem nach und in Schweden zu reisen. Hier verschiedene M\u00f6glichkeiten der Bef\u00f6rderungsmittel f\u00fcr die Anreise und Reise in Schweden. Je nach Anreiseweg, den Pl\u00e4nen in Schweden und Art der Reisenden k\u00f6nnen unterschiedliche Reisemittel und Wege die optimale Wahl sein. Welches Reisemittel f\u00fcr die Reise nach und in Schweden? Mit dem Wohnmobil&#8230;<a class=\"read-more-link button\" href=\"https:\/\/risebogard.com\/nl\/anreise-nach-schweden\/\">Read more<\/a><\/p>","protected":false},"author":2,"featured_media":0,"parent":0,"menu_order":0,"comment_status":"closed","ping_status":"closed","template":"","meta":{"ngg_post_thumbnail":0,"footnotes":""},"class_list":["post-806","page","type-page","status-publish","hentry"],"featured_image_src":null,"yoast_head":"<!-- This site is optimized with the Yoast SEO plugin v27.4 - https:\/\/yoast.com\/product\/yoast-seo-wordpress\/ -->\n<title>Anreise nach Schweden - Risebo<\/title>\n<meta name=\"description\" content=\"Es gibt mehrere Wege, wie man bequem nach Schweden zu reisen. Hier eine Auswahl einiger M\u00f6glichkeiten im Vergleich zur Anreise nach Schweden.\" \/>\n<meta name=\"robots\" content=\"index, follow, max-snippet:-1, max-image-preview:large, max-video-preview:-1\" \/>\n<link rel=\"canonical\" href=\"https:\/\/risebogard.com\/nl\/aankomst-in-zweden\/\" \/>\n<meta property=\"og:locale\" content=\"nl_NL\" \/>\n<meta property=\"og:type\" content=\"article\" \/>\n<meta property=\"og:title\" content=\"Anreise nach Schweden - Risebo\" \/>\n<meta property=\"og:description\" content=\"Es gibt mehrere Wege, wie man bequem nach Schweden zu reisen. Hier eine Auswahl einiger M\u00f6glichkeiten im Vergleich zur Anreise nach Schweden.\" \/>\n<meta property=\"og:url\" content=\"https:\/\/risebogard.com\/nl\/aankomst-in-zweden\/\" \/>\n<meta property=\"og:site_name\" content=\"Risebo\" \/>\n<meta property=\"article:publisher\" content=\"https:\/\/www.facebook.com\/RiseboGard\" \/>\n<meta property=\"article:modified_time\" content=\"2025-06-23T21:17:16+00:00\" \/>\n<meta property=\"og:image\" content=\"https:\/\/risebogard.com\/wp-content\/uploads\/2023\/04\/1920px-Zusatzzeichen_1048-17_-_nur_Wohnmobile_StVO_1992.svg_.png\" \/>\n\t<meta property=\"og:image:width\" content=\"1920\" \/>\n\t<meta property=\"og:image:height\" content=\"1056\" \/>\n\t<meta property=\"og:image:type\" content=\"image\/png\" \/>\n<meta name=\"twitter:card\" content=\"summary_large_image\" \/>\n<meta name=\"twitter:label1\" content=\"Geschatte leestijd\" \/>\n\t<meta name=\"twitter:data1\" content=\"7 minuten\" \/>\n<script type=\"application\/ld+json\" class=\"yoast-schema-graph\">{\"@context\":\"https:\\\/\\\/schema.org\",\"@graph\":[{\"@type\":\"WebPage\",\"@id\":\"https:\\\/\\\/risebogard.com\\\/anreise-nach-schweden\\\/\",\"url\":\"https:\\\/\\\/risebogard.com\\\/anreise-nach-schweden\\\/\",\"name\":\"Anreise nach Schweden - Risebo\",\"isPartOf\":{\"@id\":\"https:\\\/\\\/risebogard.com\\\/#website\"},\"primaryImageOfPage\":{\"@id\":\"https:\\\/\\\/risebogard.com\\\/anreise-nach-schweden\\\/#primaryimage\"},\"image\":{\"@id\":\"https:\\\/\\\/risebogard.com\\\/anreise-nach-schweden\\\/#primaryimage\"},\"thumbnailUrl\":\"https:\\\/\\\/risebogard.com\\\/wp-content\\\/uploads\\\/2023\\\/04\\\/1920px-Zusatzzeichen_1048-17_-_nur_Wohnmobile_StVO_1992.svg_-1024x563.png\",\"datePublished\":\"2023-04-27T07:10:49+00:00\",\"dateModified\":\"2025-06-23T21:17:16+00:00\",\"description\":\"Es gibt mehrere Wege, wie man bequem nach Schweden zu reisen. Hier eine Auswahl einiger M\u00f6glichkeiten im Vergleich zur Anreise nach Schweden.\",\"breadcrumb\":{\"@id\":\"https:\\\/\\\/risebogard.com\\\/anreise-nach-schweden\\\/#breadcrumb\"},\"inLanguage\":\"nl-NL\",\"potentialAction\":[{\"@type\":\"ReadAction\",\"target\":[\"https:\\\/\\\/risebogard.com\\\/anreise-nach-schweden\\\/\"]}]},{\"@type\":\"ImageObject\",\"inLanguage\":\"nl-NL\",\"@id\":\"https:\\\/\\\/risebogard.com\\\/anreise-nach-schweden\\\/#primaryimage\",\"url\":\"https:\\\/\\\/risebogard.com\\\/wp-content\\\/uploads\\\/2023\\\/04\\\/1920px-Zusatzzeichen_1048-17_-_nur_Wohnmobile_StVO_1992.svg_-1024x563.png\",\"contentUrl\":\"https:\\\/\\\/risebogard.com\\\/wp-content\\\/uploads\\\/2023\\\/04\\\/1920px-Zusatzzeichen_1048-17_-_nur_Wohnmobile_StVO_1992.svg_-1024x563.png\"},{\"@type\":\"BreadcrumbList\",\"@id\":\"https:\\\/\\\/risebogard.com\\\/anreise-nach-schweden\\\/#breadcrumb\",\"itemListElement\":[{\"@type\":\"ListItem\",\"position\":1,\"name\":\"Home\",\"item\":\"https:\\\/\\\/risebogard.com\\\/\"},{\"@type\":\"ListItem\",\"position\":2,\"name\":\"Anreise nach Schweden\"}]},{\"@type\":\"WebSite\",\"@id\":\"https:\\\/\\\/risebogard.com\\\/#website\",\"url\":\"https:\\\/\\\/risebogard.com\\\/\",\"name\":\"Risebo\",\"description\":\"Camping, H\u00fctten, Westernreiten, Natur pur!\",\"publisher\":{\"@id\":\"https:\\\/\\\/risebogard.com\\\/#organization\"},\"potentialAction\":[{\"@type\":\"SearchAction\",\"target\":{\"@type\":\"EntryPoint\",\"urlTemplate\":\"https:\\\/\\\/risebogard.com\\\/?s={search_term_string}\"},\"query-input\":{\"@type\":\"PropertyValueSpecification\",\"valueRequired\":true,\"valueName\":\"search_term_string\"}}],\"inLanguage\":\"nl-NL\"},{\"@type\":\"Organization\",\"@id\":\"https:\\\/\\\/risebogard.com\\\/#organization\",\"name\":\"Risebo G\u00e5rd\",\"url\":\"https:\\\/\\\/risebogard.com\\\/\",\"logo\":{\"@type\":\"ImageObject\",\"inLanguage\":\"nl-NL\",\"@id\":\"https:\\\/\\\/risebogard.com\\\/#\\\/schema\\\/logo\\\/image\\\/\",\"url\":\"https:\\\/\\\/risebogard.com\\\/wp-content\\\/uploads\\\/2022\\\/01\\\/risebologo.png\",\"contentUrl\":\"https:\\\/\\\/risebogard.com\\\/wp-content\\\/uploads\\\/2022\\\/01\\\/risebologo.png\",\"width\":266,\"height\":100,\"caption\":\"Risebo G\u00e5rd\"},\"image\":{\"@id\":\"https:\\\/\\\/risebogard.com\\\/#\\\/schema\\\/logo\\\/image\\\/\"},\"sameAs\":[\"https:\\\/\\\/www.facebook.com\\\/RiseboGard\"]}]}<\/script>\n<!-- \/ Yoast SEO plugin. -->","yoast_head_json":{"title":"Aankomst in Zweden - Risebo","description":"Er zijn verschillende handige manieren om naar Zweden te reizen. Hieronder een selectie van enkele opties in vergelijking met andere manieren om naar Zweden te reizen.","robots":{"index":"index","follow":"follow","max-snippet":"max-snippet:-1","max-image-preview":"max-image-preview:large","max-video-preview":"max-video-preview:-1"},"canonical":"https:\/\/risebogard.com\/nl\/aankomst-in-zweden\/","og_locale":"nl_NL","og_type":"article","og_title":"Anreise nach Schweden - Risebo","og_description":"Es gibt mehrere Wege, wie man bequem nach Schweden zu reisen. Hier eine Auswahl einiger M\u00f6glichkeiten im Vergleich zur Anreise nach Schweden.","og_url":"https:\/\/risebogard.com\/nl\/aankomst-in-zweden\/","og_site_name":"Risebo","article_publisher":"https:\/\/www.facebook.com\/RiseboGard","article_modified_time":"2025-06-23T21:17:16+00:00","og_image":[{"width":1920,"height":1056,"url":"https:\/\/risebogard.com\/wp-content\/uploads\/2023\/04\/1920px-Zusatzzeichen_1048-17_-_nur_Wohnmobile_StVO_1992.svg_.png","type":"image\/png"}],"twitter_card":"summary_large_image","twitter_misc":{"Geschatte leestijd":"7 minuten"},"schema":{"@context":"https:\/\/schema.org","@graph":[{"@type":"WebPage","@id":"https:\/\/risebogard.com\/anreise-nach-schweden\/","url":"https:\/\/risebogard.com\/anreise-nach-schweden\/","name":"Aankomst in Zweden - Risebo","isPartOf":{"@id":"https:\/\/risebogard.com\/#website"},"primaryImageOfPage":{"@id":"https:\/\/risebogard.com\/anreise-nach-schweden\/#primaryimage"},"image":{"@id":"https:\/\/risebogard.com\/anreise-nach-schweden\/#primaryimage"},"thumbnailUrl":"https:\/\/risebogard.com\/wp-content\/uploads\/2023\/04\/1920px-Zusatzzeichen_1048-17_-_nur_Wohnmobile_StVO_1992.svg_-1024x563.png","datePublished":"2023-04-27T07:10:49+00:00","dateModified":"2025-06-23T21:17:16+00:00","description":"Er zijn verschillende handige manieren om naar Zweden te reizen. Hieronder een selectie van enkele opties in vergelijking met andere manieren om naar Zweden te reizen.","breadcrumb":{"@id":"https:\/\/risebogard.com\/anreise-nach-schweden\/#breadcrumb"},"inLanguage":"nl-NL","potentialAction":[{"@type":"ReadAction","target":["https:\/\/risebogard.com\/anreise-nach-schweden\/"]}]},{"@type":"ImageObject","inLanguage":"nl-NL","@id":"https:\/\/risebogard.com\/anreise-nach-schweden\/#primaryimage","url":"https:\/\/risebogard.com\/wp-content\/uploads\/2023\/04\/1920px-Zusatzzeichen_1048-17_-_nur_Wohnmobile_StVO_1992.svg_-1024x563.png","contentUrl":"https:\/\/risebogard.com\/wp-content\/uploads\/2023\/04\/1920px-Zusatzzeichen_1048-17_-_nur_Wohnmobile_StVO_1992.svg_-1024x563.png"},{"@type":"BreadcrumbList","@id":"https:\/\/risebogard.com\/anreise-nach-schweden\/#breadcrumb","itemListElement":[{"@type":"ListItem","position":1,"name":"Home","item":"https:\/\/risebogard.com\/"},{"@type":"ListItem","position":2,"name":"Anreise nach Schweden"}]},{"@type":"WebSite","@id":"https:\/\/risebogard.com\/#website","url":"https:\/\/risebogard.com\/","name":"Risebo","description":"Kamperen, hutten, westernrijden, pure natuur!","publisher":{"@id":"https:\/\/risebogard.com\/#organization"},"potentialAction":[{"@type":"SearchAction","target":{"@type":"EntryPoint","urlTemplate":"https:\/\/risebogard.com\/?s={search_term_string}"},"query-input":{"@type":"PropertyValueSpecification","valueRequired":true,"valueName":"search_term_string"}}],"inLanguage":"nl-NL"},{"@type":"Organization","@id":"https:\/\/risebogard.com\/#organization","name":"Risebo G\u00e5rd","url":"https:\/\/risebogard.com\/","logo":{"@type":"ImageObject","inLanguage":"nl-NL","@id":"https:\/\/risebogard.com\/#\/schema\/logo\/image\/","url":"https:\/\/risebogard.com\/wp-content\/uploads\/2022\/01\/risebologo.png","contentUrl":"https:\/\/risebogard.com\/wp-content\/uploads\/2022\/01\/risebologo.png","width":266,"height":100,"caption":"Risebo G\u00e5rd"},"image":{"@id":"https:\/\/risebogard.com\/#\/schema\/logo\/image\/"},"sameAs":["https:\/\/www.facebook.com\/RiseboGard"]}]}},"_links":{"self":[{"href":"https:\/\/risebogard.com\/nl\/wp-json\/wp\/v2\/pages\/806","targetHints":{"allow":["GET"]}}],"collection":[{"href":"https:\/\/risebogard.com\/nl\/wp-json\/wp\/v2\/pages"}],"about":[{"href":"https:\/\/risebogard.com\/nl\/wp-json\/wp\/v2\/types\/page"}],"author":[{"embeddable":true,"href":"https:\/\/risebogard.com\/nl\/wp-json\/wp\/v2\/users\/2"}],"replies":[{"embeddable":true,"href":"https:\/\/risebogard.com\/nl\/wp-json\/wp\/v2\/comments?post=806"}],"version-history":[{"count":20,"href":"https:\/\/risebogard.com\/nl\/wp-json\/wp\/v2\/pages\/806\/revisions"}],"predecessor-version":[{"id":1303,"href":"https:\/\/risebogard.com\/nl\/wp-json\/wp\/v2\/pages\/806\/revisions\/1303"}],"wp:attachment":[{"href":"https:\/\/risebogard.com\/nl\/wp-json\/wp\/v2\/media?parent=806"}],"curies":[{"name":"wp","href":"https:\/\/api.w.org\/{rel}","templated":true}]}}