{"id":533,"date":"2022-07-10T11:32:30","date_gmt":"2022-07-10T09:32:30","guid":{"rendered":"https:\/\/risebogard.com\/?page_id=533"},"modified":"2025-08-18T16:24:01","modified_gmt":"2025-08-18T14:24:01","slug":"paardrijden-in-zweden","status":"publish","type":"page","link":"https:\/\/risebogard.com\/nl\/reiten-in-schweden\/","title":{"rendered":"Rijden"},"content":{"rendered":"<p>We bieden begeleide ritten aan voor kinderen en beginners, maar ook zelfstandige ritten voor ervaren ruiters vanaf 12 jaar op onze IJslandse en Noord-Zweedse paarden (Western riding\/paardrijden). De vele paden op en rond Risebo stellen u in staat om in een ontspannen sfeer de bossen en meren van het prachtige Zweedse platteland te verkennen.<\/p>\n\n\n\n<hr class=\"wp-block-separator has-alpha-channel-opacity\"\/>\n\n\n\n<h2 class=\"wp-block-heading\">Paardrijden voor peuters<\/h2>\n\n\n\n<figure class=\"wp-block-image size-large is-style-default\"><img loading=\"lazy\" decoding=\"async\" width=\"1024\" height=\"768\" src=\"https:\/\/risebogard.com\/wp-content\/uploads\/2022\/07\/KinderPonys-1024x768.jpg\" alt=\"Kinderen met pony&#039;s\" class=\"wp-image-541\" srcset=\"https:\/\/risebogard.com\/wp-content\/uploads\/2022\/07\/KinderPonys-1024x768.jpg 1024w, https:\/\/risebogard.com\/wp-content\/uploads\/2022\/07\/KinderPonys-300x225.jpg 300w, https:\/\/risebogard.com\/wp-content\/uploads\/2022\/07\/KinderPonys-768x576.jpg 768w, https:\/\/risebogard.com\/wp-content\/uploads\/2022\/07\/KinderPonys-1536x1152.jpg 1536w, https:\/\/risebogard.com\/wp-content\/uploads\/2022\/07\/KinderPonys-2048x1536.jpg 2048w\" sizes=\"auto, (max-width: 1024px) 100vw, 1024px\" \/><\/figure>\n\n\n\n<p>Onze mini Shetlandpony Johnny staat klaar voor de kleintjes. Met een schofthoogte van slechts 83 cm en zijn zachtaardige karakter kunnen kinderen tot 20 kg hun eerste positieve ervaringen met paarden opdoen. Hij is bovendien gemakkelijk te leiden en kan door ouders en kinderen over de boerderij worden meegenomen.<\/p>\n\n\n\n<hr class=\"wp-block-separator has-alpha-channel-opacity\"\/>\n\n\n\n<h2 class=\"wp-block-heading\">Begeleid paardrijden voor beginners<\/h2>\n\n\n\n<figure class=\"wp-block-image size-full\"><img loading=\"lazy\" decoding=\"async\" width=\"1920\" height=\"2560\" src=\"https:\/\/risebogard.com\/wp-content\/uploads\/2023\/07\/Reiten4-scaled.jpg\" alt=\"\" class=\"wp-image-1037\" srcset=\"https:\/\/risebogard.com\/wp-content\/uploads\/2023\/07\/Reiten4-scaled.jpg 1920w, https:\/\/risebogard.com\/wp-content\/uploads\/2023\/07\/Reiten4-225x300.jpg 225w\" sizes=\"auto, (max-width: 1920px) 100vw, 1920px\" \/><\/figure>\n\n\n\n<p>De drie goedmoedige IJslandse paarden Frodi, Vaufi en Bjalla zijn perfect voor kinderen en tieners. Maar volwassenen kunnen er ook op rijden.<\/p>\n\n\n\n<hr class=\"wp-block-separator has-alpha-channel-opacity\"\/>\n\n\n\n<h2 class=\"wp-block-heading\">Paardrijden voor gevorderde ruiters<\/h2>\n\n\n\n<figure class=\"wp-block-image size-large is-resized\"><img loading=\"lazy\" decoding=\"async\" width=\"576\" height=\"1024\" src=\"https:\/\/risebogard.com\/wp-content\/uploads\/2025\/08\/Reiten-576x1024.jpeg\" alt=\"\" class=\"wp-image-1325\" style=\"width:797px;height:auto\" srcset=\"https:\/\/risebogard.com\/wp-content\/uploads\/2025\/08\/Reiten-576x1024.jpeg 576w, https:\/\/risebogard.com\/wp-content\/uploads\/2025\/08\/Reiten-169x300.jpeg 169w, https:\/\/risebogard.com\/wp-content\/uploads\/2025\/08\/Reiten-768x1365.jpeg 768w, https:\/\/risebogard.com\/wp-content\/uploads\/2025\/08\/Reiten-864x1536.jpeg 864w, https:\/\/risebogard.com\/wp-content\/uploads\/2025\/08\/Reiten-1152x2048.jpeg 1152w, https:\/\/risebogard.com\/wp-content\/uploads\/2025\/08\/Reiten-7x12.jpeg 7w, https:\/\/risebogard.com\/wp-content\/uploads\/2025\/08\/Reiten-scaled.jpeg 1440w\" sizes=\"auto, (max-width: 576px) 100vw, 576px\" \/><\/figure>\n\n\n\n<p>Begeleide paardrijtochten in westernstijl voor ervaren ruiters vanaf 12 jaar in het prachtige landschap rond Risebo. <\/p>\n\n\n\n<hr class=\"wp-block-separator has-alpha-channel-opacity\"\/>\n\n\n\n<figure class=\"wp-block-table is-style-stripes\"><table><tbody><tr><td>\ud83d\udc34 <strong>Paardrijervaringen 2025 \u2013 Voor onze gasten in Risebo<\/strong><\/td><td><strong>kr<\/strong><\/td><\/tr><tr><td><strong>Begeleide ponyritjes<\/strong> \u2013 voor kinderen en beginners<br>Een echt pony-avontuur! Samen verzorgen en opzadelen, en dan gaan we op pad \u2013 een ontspannen ritje over het boerderijterrein.<br>Inclusief hulp bij het schoonmaken en de voorbereiding.<br>Ook geschikt voor volwassenen zonder rijervaring.<br>Ruime ervaring, waaronder het helpen verzorgen van de paarden, enz.<br>Prijs per rijder<\/td><td>150<\/td><\/tr><tr><td><strong>Rijden op mini-Shetlandpony &quot;Johnny&quot;<\/strong> \u2013 het kleinste grote avontuur<br>Onze kleine ster &quot;Johnny&quot; wacht op dappere kleine ruiters! Ouders mogen hem gerust zelf leiden als ze dat willen.<br>Ruime ervaring, waaronder het helpen verzorgen van de paarden, enz.<br>Prijs per rijder<\/td><td>150<\/td><\/tr><tr><td><strong>Ezelrit<\/strong><br>Maak een wandeling met onze twee charmante ezels over het 2,2 km lange rondlopende boerderijpad. Een ontspannende natuurbeleving voor jong en oud.<br>Ideaal voor een gezinsuitje.<br>Prijs per ronde<\/td><td>130<\/td><\/tr><tr><td><strong>Ezelrit (met kind in het zadel)<\/strong><br>E\u00e9n kind mag in het zadel zitten terwijl u samen met Is-Ah en Yum-Yum door bossen en weilanden reist.<br>Ideaal voor jonge kinderen<br>Natuurbeleving met een dierlijke blikvanger<br>Prijs per ronde<\/td><td>150<\/td><\/tr><tr><td><strong>Paardrijden in westernstijl, ca. 1,5 uur<\/strong> \u2013 voor gevorderde ruiters van 12 jaar en ouder<br>Ervaar het echte cowboygevoel! Begeleide paardrijtochten in westerse stijl door het prachtige landschap rond Risebo.<br>Begeleide paardrijtocht voor ervaren, zelfverzekerde ruiters.<br>Een complete, persoonlijke ervaring, inclusief hulp bij het verzorgen van de paarden, enz.<br>Natuur, vrijheid en pure liefde voor paarden<br>Vooraf aanmelden is verplicht.<br>Prijs per rijder<\/td><td>720<\/td><\/tr><\/tbody><\/table><\/figure>\n\n\n\n<hr class=\"wp-block-separator has-alpha-channel-opacity\"\/>\n\n\n\n<figure class=\"wp-block-table is-style-stripes\"><table><tbody><tr><td><strong>\ud83d\udc34 Ponyritjes voor kinderen \u2013 <strong>Aanbieding voor dagbezoekers 2025<\/strong><\/strong><\/td><td class=\"has-text-align-right\" data-align=\"right\"><strong>kr<\/strong><\/td><\/tr><tr><td>Een bijzondere ervaring voor kleine paardenliefhebbers.<br>Begeleide ponyritjes op het terrein van Risebo.<br>Ideaal voor familie-uitjes, verjaardagsgroepen of schoolklassen!<br>Ruime ervaring, waaronder het helpen verzorgen van de paarden, enz.<br>Alleen voor dagbezoekers; vooraf aanmelden is verplicht.<br>Aanbieding geldig tijdens het laagseizoen van september tot half juni.<br>Aan het evenement nemen minimaal 3 kinderen deel.<br>Prijs per rijder<\/td><td class=\"has-text-align-right\" data-align=\"right\">220<\/td><\/tr><\/tbody><\/table><\/figure>\n\n\n\n<hr class=\"wp-block-separator has-alpha-channel-opacity\"\/>\n\n\n\n<p>Let op: vanwege factoren zoals het weer of de gezondheid van de dieren kan het paardrijden op korte termijn worden uitgesteld of helemaal worden geannuleerd.<\/p>\n\n\n\n<hr class=\"wp-block-separator has-alpha-channel-opacity\"\/>\n\n\n\n<p><\/p>","protected":false},"excerpt":{"rendered":"<p>Wir bieten gef\u00fchrtes Reiten f\u00fcr Kinder und Anf\u00e4nger sowie freie Ausritte f\u00fcr fortgeschrittene Reiter ab 12 Jahren auf unseren Islandpferden und Nordsvensk (Westernreiten \/ Horsebackriding). Auf den zahlreichen Wegen auf und rund um Risebo lassen sich W\u00e4lder und Seen in der wundersch\u00f6nen Natur Schwedens in entspannter Atmosph\u00e4re erkunden. Reiten f\u00fcr Kleinkinder Auf die Kleinen wartet&#8230;<a class=\"read-more-link button\" href=\"https:\/\/risebogard.com\/nl\/reiten-in-schweden\/\">Lees meer<\/a><\/p>","protected":false},"author":2,"featured_media":538,"parent":0,"menu_order":0,"comment_status":"closed","ping_status":"closed","template":"","meta":{"ngg_post_thumbnail":0,"footnotes":""},"class_list":["post-533","page","type-page","status-publish","has-post-thumbnail","hentry"],"featured_image_src":"https:\/\/risebogard.com\/wp-content\/uploads\/2022\/07\/AusreitenNatur-scaled.jpg","yoast_head":"<!-- This site is optimized with the Yoast SEO plugin v27.5 - https:\/\/yoast.com\/product\/yoast-seo-wordpress\/ -->\n<title>Reiten - Risebo<\/title>\n<meta name=\"description\" content=\"Westernreiten in Schweden! Wir bieten gef\u00fchrtes Reiten f\u00fcr Anf\u00e4nger sowie freie Ausritte f\u00fcr fortgeschrittene Reiter an.\" \/>\n<meta name=\"robots\" content=\"index, follow, max-snippet:-1, max-image-preview:large, max-video-preview:-1\" \/>\n<link rel=\"canonical\" href=\"https:\/\/risebogard.com\/nl\/paardrijden-in-zweden\/\" \/>\n<meta property=\"og:locale\" content=\"nl_NL\" \/>\n<meta property=\"og:type\" content=\"article\" \/>\n<meta property=\"og:title\" content=\"Westernreiten in Schweden!\" \/>\n<meta property=\"og:description\" content=\"Westernreiten in Schweden! Wir bieten gef\u00fchrtes Reiten f\u00fcr Anf\u00e4nger sowie freie Ausritte f\u00fcr fortgeschrittene Reiter an.\" \/>\n<meta property=\"og:url\" content=\"https:\/\/risebogard.com\/nl\/paardrijden-in-zweden\/\" \/>\n<meta property=\"og:site_name\" content=\"Risebo\" \/>\n<meta property=\"article:publisher\" content=\"https:\/\/www.facebook.com\/RiseboGard\" \/>\n<meta property=\"article:modified_time\" content=\"2025-08-18T14:24:01+00:00\" \/>\n<meta property=\"og:image\" content=\"https:\/\/risebogard.com\/wp-content\/uploads\/2022\/07\/AusreitenNatur-scaled.jpg\" \/>\n\t<meta property=\"og:image:width\" content=\"2560\" \/>\n\t<meta property=\"og:image:height\" content=\"1920\" \/>\n\t<meta property=\"og:image:type\" content=\"image\/jpeg\" \/>\n<meta name=\"twitter:card\" content=\"summary_large_image\" \/>\n<meta name=\"twitter:title\" content=\"Westernreiten in Schweden!\" \/>\n<meta name=\"twitter:description\" content=\"Westernreiten in Schweden! Wir bieten gef\u00fchrtes Reiten f\u00fcr Anf\u00e4nger sowie freie Ausritte f\u00fcr fortgeschrittene Reiter an.\" \/>\n<meta name=\"twitter:image\" content=\"https:\/\/risebogard.com\/wp-content\/uploads\/2022\/07\/AusreitenNatur-scaled.jpg\" \/>\n<meta name=\"twitter:label1\" content=\"Geschatte leestijd\" \/>\n\t<meta name=\"twitter:data1\" content=\"4 minuten\" \/>\n<script type=\"application\/ld+json\" class=\"yoast-schema-graph\">{\"@context\":\"https:\\\/\\\/schema.org\",\"@graph\":[{\"@type\":\"WebPage\",\"@id\":\"https:\\\/\\\/risebogard.com\\\/reiten-in-schweden\\\/\",\"url\":\"https:\\\/\\\/risebogard.com\\\/reiten-in-schweden\\\/\",\"name\":\"Reiten - Risebo\",\"isPartOf\":{\"@id\":\"https:\\\/\\\/risebogard.com\\\/#website\"},\"primaryImageOfPage\":{\"@id\":\"https:\\\/\\\/risebogard.com\\\/reiten-in-schweden\\\/#primaryimage\"},\"image\":{\"@id\":\"https:\\\/\\\/risebogard.com\\\/reiten-in-schweden\\\/#primaryimage\"},\"thumbnailUrl\":\"https:\\\/\\\/risebogard.com\\\/wp-content\\\/uploads\\\/2022\\\/07\\\/AusreitenNatur-scaled.jpg\",\"datePublished\":\"2022-07-10T09:32:30+00:00\",\"dateModified\":\"2025-08-18T14:24:01+00:00\",\"description\":\"Westernreiten in Schweden! Wir bieten gef\u00fchrtes Reiten f\u00fcr Anf\u00e4nger sowie freie Ausritte f\u00fcr fortgeschrittene Reiter an.\",\"breadcrumb\":{\"@id\":\"https:\\\/\\\/risebogard.com\\\/reiten-in-schweden\\\/#breadcrumb\"},\"inLanguage\":\"nl-NL\",\"potentialAction\":[{\"@type\":\"ReadAction\",\"target\":[\"https:\\\/\\\/risebogard.com\\\/reiten-in-schweden\\\/\"]}]},{\"@type\":\"ImageObject\",\"inLanguage\":\"nl-NL\",\"@id\":\"https:\\\/\\\/risebogard.com\\\/reiten-in-schweden\\\/#primaryimage\",\"url\":\"https:\\\/\\\/risebogard.com\\\/wp-content\\\/uploads\\\/2022\\\/07\\\/AusreitenNatur-scaled.jpg\",\"contentUrl\":\"https:\\\/\\\/risebogard.com\\\/wp-content\\\/uploads\\\/2022\\\/07\\\/AusreitenNatur-scaled.jpg\",\"width\":2560,\"height\":1920,\"caption\":\"gef\u00fchrte Pferde mit Kindern\"},{\"@type\":\"BreadcrumbList\",\"@id\":\"https:\\\/\\\/risebogard.com\\\/reiten-in-schweden\\\/#breadcrumb\",\"itemListElement\":[{\"@type\":\"ListItem\",\"position\":1,\"name\":\"Home\",\"item\":\"https:\\\/\\\/risebogard.com\\\/\"},{\"@type\":\"ListItem\",\"position\":2,\"name\":\"Reiten\"}]},{\"@type\":\"WebSite\",\"@id\":\"https:\\\/\\\/risebogard.com\\\/#website\",\"url\":\"https:\\\/\\\/risebogard.com\\\/\",\"name\":\"Risebo\",\"description\":\"Camping, H\u00fctten, Westernreiten, Natur pur!\",\"publisher\":{\"@id\":\"https:\\\/\\\/risebogard.com\\\/#organization\"},\"potentialAction\":[{\"@type\":\"SearchAction\",\"target\":{\"@type\":\"EntryPoint\",\"urlTemplate\":\"https:\\\/\\\/risebogard.com\\\/?s={search_term_string}\"},\"query-input\":{\"@type\":\"PropertyValueSpecification\",\"valueRequired\":true,\"valueName\":\"search_term_string\"}}],\"inLanguage\":\"nl-NL\"},{\"@type\":\"Organization\",\"@id\":\"https:\\\/\\\/risebogard.com\\\/#organization\",\"name\":\"Risebo G\u00e5rd\",\"url\":\"https:\\\/\\\/risebogard.com\\\/\",\"logo\":{\"@type\":\"ImageObject\",\"inLanguage\":\"nl-NL\",\"@id\":\"https:\\\/\\\/risebogard.com\\\/#\\\/schema\\\/logo\\\/image\\\/\",\"url\":\"https:\\\/\\\/risebogard.com\\\/wp-content\\\/uploads\\\/2022\\\/01\\\/risebologo.png\",\"contentUrl\":\"https:\\\/\\\/risebogard.com\\\/wp-content\\\/uploads\\\/2022\\\/01\\\/risebologo.png\",\"width\":266,\"height\":100,\"caption\":\"Risebo G\u00e5rd\"},\"image\":{\"@id\":\"https:\\\/\\\/risebogard.com\\\/#\\\/schema\\\/logo\\\/image\\\/\"},\"sameAs\":[\"https:\\\/\\\/www.facebook.com\\\/RiseboGard\"]}]}<\/script>\n<!-- \/ Yoast SEO plugin. -->","yoast_head_json":{"title":"Rijden - Risebo","description":"Paardrijden in westernstijl in Zweden! Wij bieden begeleide ritten voor beginners en individuele ritten voor gevorderde ruiters.","robots":{"index":"index","follow":"follow","max-snippet":"max-snippet:-1","max-image-preview":"max-image-preview:large","max-video-preview":"max-video-preview:-1"},"canonical":"https:\/\/risebogard.com\/nl\/paardrijden-in-zweden\/","og_locale":"nl_NL","og_type":"article","og_title":"Westernreiten in Schweden!","og_description":"Westernreiten in Schweden! Wir bieten gef\u00fchrtes Reiten f\u00fcr Anf\u00e4nger sowie freie Ausritte f\u00fcr fortgeschrittene Reiter an.","og_url":"https:\/\/risebogard.com\/nl\/paardrijden-in-zweden\/","og_site_name":"Risebo","article_publisher":"https:\/\/www.facebook.com\/RiseboGard","article_modified_time":"2025-08-18T14:24:01+00:00","og_image":[{"width":2560,"height":1920,"url":"https:\/\/risebogard.com\/wp-content\/uploads\/2022\/07\/AusreitenNatur-scaled.jpg","type":"image\/jpeg"}],"twitter_card":"summary_large_image","twitter_title":"Westernreiten in Schweden!","twitter_description":"Westernreiten in Schweden! Wir bieten gef\u00fchrtes Reiten f\u00fcr Anf\u00e4nger sowie freie Ausritte f\u00fcr fortgeschrittene Reiter an.","twitter_image":"https:\/\/risebogard.com\/wp-content\/uploads\/2022\/07\/AusreitenNatur-scaled.jpg","twitter_misc":{"Geschatte leestijd":"4 minuten"},"schema":{"@context":"https:\/\/schema.org","@graph":[{"@type":"WebPage","@id":"https:\/\/risebogard.com\/reiten-in-schweden\/","url":"https:\/\/risebogard.com\/reiten-in-schweden\/","name":"Rijden - Risebo","isPartOf":{"@id":"https:\/\/risebogard.com\/#website"},"primaryImageOfPage":{"@id":"https:\/\/risebogard.com\/reiten-in-schweden\/#primaryimage"},"image":{"@id":"https:\/\/risebogard.com\/reiten-in-schweden\/#primaryimage"},"thumbnailUrl":"https:\/\/risebogard.com\/wp-content\/uploads\/2022\/07\/AusreitenNatur-scaled.jpg","datePublished":"2022-07-10T09:32:30+00:00","dateModified":"2025-08-18T14:24:01+00:00","description":"Paardrijden in westernstijl in Zweden! Wij bieden begeleide ritten voor beginners en individuele ritten voor gevorderde ruiters.","breadcrumb":{"@id":"https:\/\/risebogard.com\/reiten-in-schweden\/#breadcrumb"},"inLanguage":"nl-NL","potentialAction":[{"@type":"ReadAction","target":["https:\/\/risebogard.com\/reiten-in-schweden\/"]}]},{"@type":"ImageObject","inLanguage":"nl-NL","@id":"https:\/\/risebogard.com\/reiten-in-schweden\/#primaryimage","url":"https:\/\/risebogard.com\/wp-content\/uploads\/2022\/07\/AusreitenNatur-scaled.jpg","contentUrl":"https:\/\/risebogard.com\/wp-content\/uploads\/2022\/07\/AusreitenNatur-scaled.jpg","width":2560,"height":1920,"caption":"gef\u00fchrte Pferde mit Kindern"},{"@type":"BreadcrumbList","@id":"https:\/\/risebogard.com\/reiten-in-schweden\/#breadcrumb","itemListElement":[{"@type":"ListItem","position":1,"name":"Home","item":"https:\/\/risebogard.com\/"},{"@type":"ListItem","position":2,"name":"Reiten"}]},{"@type":"WebSite","@id":"https:\/\/risebogard.com\/#website","url":"https:\/\/risebogard.com\/","name":"Risebo","description":"Kamperen, hutten, westernrijden, pure natuur!","publisher":{"@id":"https:\/\/risebogard.com\/#organization"},"potentialAction":[{"@type":"SearchAction","target":{"@type":"EntryPoint","urlTemplate":"https:\/\/risebogard.com\/?s={search_term_string}"},"query-input":{"@type":"PropertyValueSpecification","valueRequired":true,"valueName":"search_term_string"}}],"inLanguage":"nl-NL"},{"@type":"Organization","@id":"https:\/\/risebogard.com\/#organization","name":"Risebo G\u00e5rd","url":"https:\/\/risebogard.com\/","logo":{"@type":"ImageObject","inLanguage":"nl-NL","@id":"https:\/\/risebogard.com\/#\/schema\/logo\/image\/","url":"https:\/\/risebogard.com\/wp-content\/uploads\/2022\/01\/risebologo.png","contentUrl":"https:\/\/risebogard.com\/wp-content\/uploads\/2022\/01\/risebologo.png","width":266,"height":100,"caption":"Risebo G\u00e5rd"},"image":{"@id":"https:\/\/risebogard.com\/#\/schema\/logo\/image\/"},"sameAs":["https:\/\/www.facebook.com\/RiseboGard"]}]}},"_links":{"self":[{"href":"https:\/\/risebogard.com\/nl\/wp-json\/wp\/v2\/pages\/533","targetHints":{"allow":["GET"]}}],"collection":[{"href":"https:\/\/risebogard.com\/nl\/wp-json\/wp\/v2\/pages"}],"about":[{"href":"https:\/\/risebogard.com\/nl\/wp-json\/wp\/v2\/types\/page"}],"author":[{"embeddable":true,"href":"https:\/\/risebogard.com\/nl\/wp-json\/wp\/v2\/users\/2"}],"replies":[{"embeddable":true,"href":"https:\/\/risebogard.com\/nl\/wp-json\/wp\/v2\/comments?post=533"}],"version-history":[{"count":44,"href":"https:\/\/risebogard.com\/nl\/wp-json\/wp\/v2\/pages\/533\/revisions"}],"predecessor-version":[{"id":1328,"href":"https:\/\/risebogard.com\/nl\/wp-json\/wp\/v2\/pages\/533\/revisions\/1328"}],"wp:featuredmedia":[{"embeddable":true,"href":"https:\/\/risebogard.com\/nl\/wp-json\/wp\/v2\/media\/538"}],"wp:attachment":[{"href":"https:\/\/risebogard.com\/nl\/wp-json\/wp\/v2\/media?parent=533"}],"curies":[{"name":"wp","href":"https:\/\/api.w.org\/{rel}","templated":true}]}}