{"id":287,"date":"2022-05-16T19:57:26","date_gmt":"2022-05-16T17:57:26","guid":{"rendered":"https:\/\/risebogard.com\/?page_id=287"},"modified":"2023-06-28T14:23:55","modified_gmt":"2023-06-28T12:23:55","slug":"vare-dyr-hester-sma-dyr","status":"publish","type":"page","link":"https:\/\/risebogard.com\/nb\/unsere-tiere-pferde-kleintiere\/","title":{"rendered":"Dyr"},"content":{"rendered":"<h2 class=\"wp-block-heading\">Dyr og deres effekt p\u00e5 oss mennesker<\/h2>\n\n\n\n<p>For oss mennesker, og spesielt for barn, er kontakt med dyr uvurderlig. Det lar oss glemme hverdagens stress, og gir fred og avslapning. Hester og kj\u00e6ledyr som hunder oppmuntrer oss til \u00e5 g\u00e5 ut og f\u00e5 litt mosjon. \u00c5 samhandle med dem gir mye glede og fremmer sosiale ferdigheter som ansvar, omtanke og hjelpsomhet. Selv sm\u00e5 dyr fungerer ofte som tr\u00f8stere og fortrolige for barn, og lytter alltid til dem. Dyr er f\u00f8lsomme, de sanser og reagerer p\u00e5 menneskers hum\u00f8r. Deres varme og ro kan umiddelbart formidle tillit og trygghet.<\/p>\n\n\n\n<hr class=\"wp-block-separator has-css-opacity\"\/>\n\n\n\n<h2 class=\"wp-block-heading\">Dyrene v\u00e5re<\/h2>\n\n\n\n<h3 class=\"wp-block-heading\">hester<\/h3>\n\n\n\n<h4 class=\"wp-block-heading\">Nikke<\/h4>\n\n\n\n<figure class=\"wp-block-image size-large\"><img loading=\"lazy\" decoding=\"async\" width=\"1024\" height=\"768\" src=\"https:\/\/risebogard.com\/wp-content\/uploads\/2022\/05\/IMG_20220515_152607_923-1024x768.jpg\" alt=\"Hester (Nicke)\" class=\"wp-image-288\" srcset=\"https:\/\/risebogard.com\/wp-content\/uploads\/2022\/05\/IMG_20220515_152607_923-1024x768.jpg 1024w, https:\/\/risebogard.com\/wp-content\/uploads\/2022\/05\/IMG_20220515_152607_923-300x225.jpg 300w, https:\/\/risebogard.com\/wp-content\/uploads\/2022\/05\/IMG_20220515_152607_923-768x576.jpg 768w, https:\/\/risebogard.com\/wp-content\/uploads\/2022\/05\/IMG_20220515_152607_923-1536x1152.jpg 1536w, https:\/\/risebogard.com\/wp-content\/uploads\/2022\/05\/IMG_20220515_152607_923-2048x1536.jpg 2048w\" sizes=\"auto, (max-width: 1024px) 100vw, 1024px\" \/><\/figure>\n\n\n\n<p>Nicke er lederen for v\u00e5r lille flokk, som han leder med sin sjarmerende sjarm og ro. Selv om han er veldig stor og sterk, forelsker alle, unge og gamle, seg i ham umiddelbart.<\/p>\n\n\n\n<p><\/p>\n\n\n\n<hr class=\"wp-block-separator has-css-opacity\"\/>\n\n\n\n<h4 class=\"wp-block-heading\">Lukas<\/h4>\n\n\n\n<figure class=\"wp-block-image size-large\"><img loading=\"lazy\" decoding=\"async\" width=\"1024\" height=\"768\" src=\"https:\/\/risebogard.com\/wp-content\/uploads\/2022\/05\/IMG_20220515_152454_963-1024x768.jpg\" alt=\"Hest (Lucas)\" class=\"wp-image-292\" srcset=\"https:\/\/risebogard.com\/wp-content\/uploads\/2022\/05\/IMG_20220515_152454_963-1024x768.jpg 1024w, https:\/\/risebogard.com\/wp-content\/uploads\/2022\/05\/IMG_20220515_152454_963-300x225.jpg 300w, https:\/\/risebogard.com\/wp-content\/uploads\/2022\/05\/IMG_20220515_152454_963-768x576.jpg 768w, https:\/\/risebogard.com\/wp-content\/uploads\/2022\/05\/IMG_20220515_152454_963-1536x1152.jpg 1536w, https:\/\/risebogard.com\/wp-content\/uploads\/2022\/05\/IMG_20220515_152454_963-2048x1536.jpg 2048w\" sizes=\"auto, (max-width: 1024px) 100vw, 1024px\" \/><\/figure>\n\n\n\n<p>Lucas er Nickes gamle venn og tilbringer pensjonisttilv\u00e6relsen sin p\u00e5 Risebo. Han er g\u00e5rdens hemmelige stjerne, ettersom han ofte vandrer fritt rundt p\u00e5 eiendommen og noen ganger til og med bes\u00f8ker campingplassen, som alltid er et h\u00f8ydepunkt, spesielt for v\u00e5re yngre gjester.<\/p>\n\n\n\n<hr class=\"wp-block-separator has-alpha-channel-opacity\"\/>\n\n\n\n<h4 class=\"wp-block-heading\">Frodi<\/h4>\n\n\n\n<figure class=\"wp-block-image size-large is-style-default\"><img loading=\"lazy\" decoding=\"async\" width=\"1024\" height=\"768\" src=\"https:\/\/risebogard.com\/wp-content\/uploads\/2022\/07\/signal-2022-07-09-154748_003-1024x768.jpeg\" alt=\"Islandshest\" class=\"wp-image-519\" srcset=\"https:\/\/risebogard.com\/wp-content\/uploads\/2022\/07\/signal-2022-07-09-154748_003-1024x768.jpeg 1024w, https:\/\/risebogard.com\/wp-content\/uploads\/2022\/07\/signal-2022-07-09-154748_003-300x225.jpeg 300w, https:\/\/risebogard.com\/wp-content\/uploads\/2022\/07\/signal-2022-07-09-154748_003-768x576.jpeg 768w, https:\/\/risebogard.com\/wp-content\/uploads\/2022\/07\/signal-2022-07-09-154748_003-1536x1152.jpeg 1536w, https:\/\/risebogard.com\/wp-content\/uploads\/2022\/07\/signal-2022-07-09-154748_003.jpeg 2048w\" sizes=\"auto, (max-width: 1024px) 100vw, 1024px\" \/><\/figure>\n\n\n\n<p>V\u00e5r islandshest Frodi er veldig godhjertet og f\u00f8lsom. Han er perfekt for barn \u00e5 ri p\u00e5. Men han har heller ingen problemer med \u00e5 b\u00e6re voksne hester.<\/p>\n\n\n\n<hr class=\"wp-block-separator has-alpha-channel-opacity\"\/>\n\n\n\n<h2 class=\"wp-block-heading\">Esel er-Ah og Nam-Nam<\/h2>\n\n\n\n<figure class=\"wp-block-image size-large\"><img loading=\"lazy\" decoding=\"async\" width=\"1024\" height=\"768\" src=\"https:\/\/risebogard.com\/wp-content\/uploads\/2023\/06\/Esel-1024x768.jpeg\" alt=\"\" class=\"wp-image-960\" srcset=\"https:\/\/risebogard.com\/wp-content\/uploads\/2023\/06\/Esel-1024x768.jpeg 1024w, https:\/\/risebogard.com\/wp-content\/uploads\/2023\/06\/Esel-300x225.jpeg 300w, https:\/\/risebogard.com\/wp-content\/uploads\/2023\/06\/Esel-768x576.jpeg 768w, https:\/\/risebogard.com\/wp-content\/uploads\/2023\/06\/Esel-1536x1152.jpeg 1536w, https:\/\/risebogard.com\/wp-content\/uploads\/2023\/06\/Esel-16x12.jpeg 16w, https:\/\/risebogard.com\/wp-content\/uploads\/2023\/06\/Esel.jpeg 1600w\" sizes=\"auto, (max-width: 1024px) 100vw, 1024px\" \/><\/figure>\n\n\n\n<p>Eselet v\u00e5rt Is-Ah er veldig s\u00f8tt og godt egnet for ridning og ledelse av sm\u00e5 barn.<br>Yum-Yum er fortsatt ung og sta, som er typisk for esler.<br>Det er godt mulig at du blir m\u00f8tt med et h\u00f8yt \u201ehi-haw\u201c n\u00e5r du bes\u00f8ker stallen!<\/p>\n\n\n\n<hr class=\"wp-block-separator has-css-opacity\"\/>\n\n\n\n<figure class=\"wp-block-image size-large\"><img loading=\"lazy\" decoding=\"async\" width=\"1024\" height=\"768\" src=\"https:\/\/risebogard.com\/wp-content\/uploads\/2022\/05\/signal-2022-05-09-152754_001-1024x768.jpeg\" alt=\"Hester blir stelt\" class=\"wp-image-294\" srcset=\"https:\/\/risebogard.com\/wp-content\/uploads\/2022\/05\/signal-2022-05-09-152754_001-1024x768.jpeg 1024w, https:\/\/risebogard.com\/wp-content\/uploads\/2022\/05\/signal-2022-05-09-152754_001-300x225.jpeg 300w, https:\/\/risebogard.com\/wp-content\/uploads\/2022\/05\/signal-2022-05-09-152754_001-768x576.jpeg 768w, https:\/\/risebogard.com\/wp-content\/uploads\/2022\/05\/signal-2022-05-09-152754_001-1536x1152.jpeg 1536w, https:\/\/risebogard.com\/wp-content\/uploads\/2022\/05\/signal-2022-05-09-152754_001.jpeg 2048w\" sizes=\"auto, (max-width: 1024px) 100vw, 1024px\" \/><\/figure>\n\n\n\n<p>Hestene v\u00e5re er alle veldig godhjertede og liker \u00e5 bli stelt og ridd av barn. Risebo har egne stier som gir trygg f\u00f8ring uten trafikk.<\/p>\n\n\n\n<hr class=\"wp-block-separator has-css-opacity is-style-default\"\/>\n\n\n\n<h3 class=\"wp-block-heading\">Sm\u00e5 dyr<\/h3>\n\n\n\n<h4 class=\"wp-block-heading\">Kaniner<\/h4>\n\n\n\n<figure class=\"wp-block-image size-large\"><img loading=\"lazy\" decoding=\"async\" width=\"1024\" height=\"768\" src=\"https:\/\/risebogard.com\/wp-content\/uploads\/2022\/05\/IMG_20220515_161212_079-1024x768.jpg\" alt=\"Kaniner som spiser\" class=\"wp-image-295\" srcset=\"https:\/\/risebogard.com\/wp-content\/uploads\/2022\/05\/IMG_20220515_161212_079-1024x768.jpg 1024w, https:\/\/risebogard.com\/wp-content\/uploads\/2022\/05\/IMG_20220515_161212_079-300x225.jpg 300w, https:\/\/risebogard.com\/wp-content\/uploads\/2022\/05\/IMG_20220515_161212_079-768x576.jpg 768w, https:\/\/risebogard.com\/wp-content\/uploads\/2022\/05\/IMG_20220515_161212_079-1536x1152.jpg 1536w, https:\/\/risebogard.com\/wp-content\/uploads\/2022\/05\/IMG_20220515_161212_079-2048x1536.jpg 2048w\" sizes=\"auto, (max-width: 1024px) 100vw, 1024px\" \/><\/figure>\n\n\n\n<hr class=\"wp-block-separator has-css-opacity\"\/>\n\n\n\n<h4 class=\"wp-block-heading\">Marsvin<\/h4>\n\n\n\n<figure class=\"wp-block-image size-large\"><img loading=\"lazy\" decoding=\"async\" width=\"768\" height=\"1024\" src=\"https:\/\/risebogard.com\/wp-content\/uploads\/2022\/05\/IMG_20220515_160806_853-768x1024.jpg\" alt=\"Marsvin i stallen\" class=\"wp-image-297\" srcset=\"https:\/\/risebogard.com\/wp-content\/uploads\/2022\/05\/IMG_20220515_160806_853-768x1024.jpg 768w, https:\/\/risebogard.com\/wp-content\/uploads\/2022\/05\/IMG_20220515_160806_853-225x300.jpg 225w, https:\/\/risebogard.com\/wp-content\/uploads\/2022\/05\/IMG_20220515_160806_853-1152x1536.jpg 1152w, https:\/\/risebogard.com\/wp-content\/uploads\/2022\/05\/IMG_20220515_160806_853-1536x2048.jpg 1536w, https:\/\/risebogard.com\/wp-content\/uploads\/2022\/05\/IMG_20220515_160806_853-scaled.jpg 1920w\" sizes=\"auto, (max-width: 768px) 100vw, 768px\" \/><\/figure>\n\n\n\n<hr class=\"wp-block-separator has-css-opacity\"\/>\n\n\n\n<h3 class=\"wp-block-heading\">kj\u00e6ledyr<\/h3>\n\n\n\n<h4 class=\"wp-block-heading\">hunder<\/h4>\n\n\n\n<figure class=\"wp-block-image size-large\"><img loading=\"lazy\" decoding=\"async\" width=\"1024\" height=\"768\" src=\"https:\/\/risebogard.com\/wp-content\/uploads\/2022\/05\/PXL_20220516_161857475.MP_-1024x768.jpg\" alt=\"hundene v\u00e5re (Emmy og Ida)\" class=\"wp-image-299\" srcset=\"https:\/\/risebogard.com\/wp-content\/uploads\/2022\/05\/PXL_20220516_161857475.MP_-1024x768.jpg 1024w, https:\/\/risebogard.com\/wp-content\/uploads\/2022\/05\/PXL_20220516_161857475.MP_-300x225.jpg 300w, https:\/\/risebogard.com\/wp-content\/uploads\/2022\/05\/PXL_20220516_161857475.MP_-768x576.jpg 768w, https:\/\/risebogard.com\/wp-content\/uploads\/2022\/05\/PXL_20220516_161857475.MP_-1536x1152.jpg 1536w, https:\/\/risebogard.com\/wp-content\/uploads\/2022\/05\/PXL_20220516_161857475.MP_-2048x1536.jpg 2048w\" sizes=\"auto, (max-width: 1024px) 100vw, 1024px\" \/><\/figure>\n\n\n\n<p>Hundene v\u00e5re Emmy og Ida. De vokter g\u00e5rden, men har et stort hjerte for barn.<\/p>\n\n\n\n<hr class=\"wp-block-separator has-css-opacity\"\/>\n\n\n\n<h4 class=\"wp-block-heading\">katter<\/h4>\n\n\n\n<figure class=\"wp-block-image size-large is-resized\"><img loading=\"lazy\" decoding=\"async\" src=\"https:\/\/risebogard.com\/wp-content\/uploads\/2022\/05\/PXL_20220516_161117724-768x1024.jpg\" alt=\"katten v\u00e5r Hugo\" class=\"wp-image-300\" width=\"768\" height=\"1024\" srcset=\"https:\/\/risebogard.com\/wp-content\/uploads\/2022\/05\/PXL_20220516_161117724-768x1024.jpg 768w, https:\/\/risebogard.com\/wp-content\/uploads\/2022\/05\/PXL_20220516_161117724-225x300.jpg 225w, https:\/\/risebogard.com\/wp-content\/uploads\/2022\/05\/PXL_20220516_161117724-1152x1536.jpg 1152w, https:\/\/risebogard.com\/wp-content\/uploads\/2022\/05\/PXL_20220516_161117724-1536x2048.jpg 1536w, https:\/\/risebogard.com\/wp-content\/uploads\/2022\/05\/PXL_20220516_161117724-scaled.jpg 1920w\" sizes=\"auto, (max-width: 768px) 100vw, 768px\" \/><\/figure>\n\n\n\n<p>Hugo er en ekte villkatt og forsvinner ut i villmarken i flere m\u00e5neder av gangen. Selv om han har blitt antatt d\u00f8d flere ganger, har han alltid dukket opp igjen.<\/p>\n\n\n\n<hr class=\"wp-block-separator has-css-opacity\"\/>\n\n\n\n<figure class=\"wp-block-image size-large\"><img loading=\"lazy\" decoding=\"async\" width=\"1024\" height=\"768\" src=\"https:\/\/risebogard.com\/wp-content\/uploads\/2022\/05\/IMG_20220128_110429-1024x768.jpg\" alt=\"katten v\u00e5r Willy\" class=\"wp-image-301\" srcset=\"https:\/\/risebogard.com\/wp-content\/uploads\/2022\/05\/IMG_20220128_110429-1024x768.jpg 1024w, https:\/\/risebogard.com\/wp-content\/uploads\/2022\/05\/IMG_20220128_110429-300x225.jpg 300w, https:\/\/risebogard.com\/wp-content\/uploads\/2022\/05\/IMG_20220128_110429-768x576.jpg 768w, https:\/\/risebogard.com\/wp-content\/uploads\/2022\/05\/IMG_20220128_110429-1536x1152.jpg 1536w, https:\/\/risebogard.com\/wp-content\/uploads\/2022\/05\/IMG_20220128_110429-2048x1536.jpg 2048w\" sizes=\"auto, (max-width: 1024px) 100vw, 1024px\" \/><\/figure>\n\n\n\n<p>Willy er en ung hannkatt og blir vanligvis funnet et sted p\u00e5 Risebo med kj\u00e6resten sin Lille Katt. Han elsker \u00e5 klatre i tr\u00e6r.<\/p>\n\n\n\n<hr class=\"wp-block-separator has-css-opacity\"\/>\n\n\n\n<figure class=\"wp-block-image size-large\"><img loading=\"lazy\" decoding=\"async\" width=\"1024\" height=\"768\" src=\"https:\/\/risebogard.com\/wp-content\/uploads\/2022\/05\/PXL_20220516_161533483-1024x768.jpg\" alt=\"katten v\u00e5r Lille Katt\" class=\"wp-image-302\" srcset=\"https:\/\/risebogard.com\/wp-content\/uploads\/2022\/05\/PXL_20220516_161533483-1024x768.jpg 1024w, https:\/\/risebogard.com\/wp-content\/uploads\/2022\/05\/PXL_20220516_161533483-300x225.jpg 300w, https:\/\/risebogard.com\/wp-content\/uploads\/2022\/05\/PXL_20220516_161533483-768x576.jpg 768w, https:\/\/risebogard.com\/wp-content\/uploads\/2022\/05\/PXL_20220516_161533483-1536x1152.jpg 1536w, https:\/\/risebogard.com\/wp-content\/uploads\/2022\/05\/PXL_20220516_161533483-2048x1536.jpg 2048w\" sizes=\"auto, (max-width: 1024px) 100vw, 1024px\" \/><\/figure>\n\n\n\n<p>Lille Katt er kj\u00e6resten til Willys og liker naturen p\u00e5 Risebo etter \u00e5 tidligere ha bodd i en byleilighet.<\/p>\n\n\n\n<hr class=\"wp-block-separator has-css-opacity\"\/>\n\n\n\n<h2 class=\"wp-block-heading\">Ditt eget kj\u00e6ledyr p\u00e5 Risebo<\/h2>\n\n\n\n<p>Hvis du \u00f8nsker \u00e5 ta med hunden din eller andre dyr til Risebo, vennligst gi oss beskjed n\u00e5r du bestiller. Dette vil gj\u00f8re det mulig for oss \u00e5 s\u00f8rge for at alt du trenger er klart ved ankomst.<\/p>","protected":false},"excerpt":{"rendered":"<p>Tiere und Ihre Wirkung auf uns Menschen F\u00fcr uns Menschen und insbesondere Kinder ist der Kontakt zu Tieren sehr wertvoll. Er l\u00e4sst uns den Alltag vergessen, bringt Ruhe und Entspannung. Pferde und Haustiere wie Hunde bringen uns dazu rauszugehen und uns zu bewegen. Der Umgang mit ihnen bereitet dabei viel Freunde und f\u00f6rdert Sozialkompetenzen wie&#8230;<a class=\"read-more-link button\" href=\"https:\/\/risebogard.com\/nb\/unsere-tiere-pferde-kleintiere\/\">Read more<\/a><\/p>","protected":false},"author":2,"featured_media":873,"parent":0,"menu_order":0,"comment_status":"closed","ping_status":"closed","template":"","meta":{"ngg_post_thumbnail":0,"footnotes":""},"class_list":["post-287","page","type-page","status-publish","has-post-thumbnail","hentry"],"featured_image_src":"https:\/\/risebogard.com\/wp-content\/uploads\/2023\/05\/PXL_20220822_172352580-1-scaled.jpg","yoast_head":"<!-- This site is optimized with the Yoast SEO plugin v27.4 - https:\/\/yoast.com\/product\/yoast-seo-wordpress\/ -->\n<title>Tiere - Risebo<\/title>\n<meta name=\"description\" content=\"Der Kontakt mit Pferden, Kleintieren und Haustieren l\u00e4sst uns den Alltag vergessen, bringt Ruhe und Entspannung.\" \/>\n<meta name=\"robots\" content=\"index, follow, max-snippet:-1, max-image-preview:large, max-video-preview:-1\" \/>\n<link rel=\"canonical\" href=\"https:\/\/risebogard.com\/nb\/vare-dyr-hester-sma-dyr\/\" \/>\n<meta property=\"og:locale\" content=\"nb_NO\" \/>\n<meta property=\"og:type\" content=\"article\" \/>\n<meta property=\"og:title\" content=\"Unsere Tiere\" \/>\n<meta property=\"og:description\" content=\"F\u00fcr uns Menschen ist der Kontakt zu Tieren sehr wertvoll. Er l\u00e4sst uns den Alltag vergessen, bringt Ruhe und Entspannung.Der Kontakt mit Pferden, Kleintieren und Haustieren l\u00e4sst uns den Alltag vergessen, bringt Ruhe und Entspannung.\" \/>\n<meta property=\"og:url\" content=\"https:\/\/risebogard.com\/nb\/vare-dyr-hester-sma-dyr\/\" \/>\n<meta property=\"og:site_name\" content=\"Risebo\" \/>\n<meta property=\"article:publisher\" content=\"https:\/\/www.facebook.com\/RiseboGard\" \/>\n<meta property=\"article:modified_time\" content=\"2023-06-28T12:23:55+00:00\" \/>\n<meta property=\"og:image\" content=\"https:\/\/risebogard.com\/wp-content\/uploads\/2022\/05\/IMG_20220515_152926_188-2-scaled.jpg\" \/>\n\t<meta property=\"og:image:width\" content=\"1920\" \/>\n\t<meta property=\"og:image:height\" content=\"2560\" \/>\n\t<meta property=\"og:image:type\" content=\"image\/jpeg\" \/>\n<meta name=\"twitter:card\" content=\"summary_large_image\" \/>\n<meta name=\"twitter:title\" content=\"Unsere Tiere\" \/>\n<meta name=\"twitter:description\" content=\"Der Kontakt mit Pferden, Kleintieren und Haustieren l\u00e4sst uns den Alltag vergessen, bringt Ruhe und Entspannung.\" \/>\n<meta name=\"twitter:image\" content=\"https:\/\/risebogard.com\/wp-content\/uploads\/2022\/05\/IMG_20220515_152926_188-2-scaled.jpg\" \/>\n<meta name=\"twitter:label1\" content=\"Ansl. lesetid\" \/>\n\t<meta name=\"twitter:data1\" content=\"5 minutter\" \/>\n<script type=\"application\/ld+json\" class=\"yoast-schema-graph\">{\"@context\":\"https:\\\/\\\/schema.org\",\"@graph\":[{\"@type\":\"WebPage\",\"@id\":\"https:\\\/\\\/risebogard.com\\\/unsere-tiere-pferde-kleintiere\\\/\",\"url\":\"https:\\\/\\\/risebogard.com\\\/unsere-tiere-pferde-kleintiere\\\/\",\"name\":\"Tiere - Risebo\",\"isPartOf\":{\"@id\":\"https:\\\/\\\/risebogard.com\\\/#website\"},\"primaryImageOfPage\":{\"@id\":\"https:\\\/\\\/risebogard.com\\\/unsere-tiere-pferde-kleintiere\\\/#primaryimage\"},\"image\":{\"@id\":\"https:\\\/\\\/risebogard.com\\\/unsere-tiere-pferde-kleintiere\\\/#primaryimage\"},\"thumbnailUrl\":\"https:\\\/\\\/risebogard.com\\\/wp-content\\\/uploads\\\/2023\\\/05\\\/PXL_20220822_172352580-1-scaled.jpg\",\"datePublished\":\"2022-05-16T17:57:26+00:00\",\"dateModified\":\"2023-06-28T12:23:55+00:00\",\"description\":\"Der Kontakt mit Pferden, Kleintieren und Haustieren l\u00e4sst uns den Alltag vergessen, bringt Ruhe und Entspannung.\",\"breadcrumb\":{\"@id\":\"https:\\\/\\\/risebogard.com\\\/unsere-tiere-pferde-kleintiere\\\/#breadcrumb\"},\"inLanguage\":\"nb-NO\",\"potentialAction\":[{\"@type\":\"ReadAction\",\"target\":[\"https:\\\/\\\/risebogard.com\\\/unsere-tiere-pferde-kleintiere\\\/\"]}]},{\"@type\":\"ImageObject\",\"inLanguage\":\"nb-NO\",\"@id\":\"https:\\\/\\\/risebogard.com\\\/unsere-tiere-pferde-kleintiere\\\/#primaryimage\",\"url\":\"https:\\\/\\\/risebogard.com\\\/wp-content\\\/uploads\\\/2023\\\/05\\\/PXL_20220822_172352580-1-scaled.jpg\",\"contentUrl\":\"https:\\\/\\\/risebogard.com\\\/wp-content\\\/uploads\\\/2023\\\/05\\\/PXL_20220822_172352580-1-scaled.jpg\",\"width\":1920,\"height\":2560},{\"@type\":\"BreadcrumbList\",\"@id\":\"https:\\\/\\\/risebogard.com\\\/unsere-tiere-pferde-kleintiere\\\/#breadcrumb\",\"itemListElement\":[{\"@type\":\"ListItem\",\"position\":1,\"name\":\"Home\",\"item\":\"https:\\\/\\\/risebogard.com\\\/\"},{\"@type\":\"ListItem\",\"position\":2,\"name\":\"Tiere\"}]},{\"@type\":\"WebSite\",\"@id\":\"https:\\\/\\\/risebogard.com\\\/#website\",\"url\":\"https:\\\/\\\/risebogard.com\\\/\",\"name\":\"Risebo\",\"description\":\"Camping, H\u00fctten, Westernreiten, Natur pur!\",\"publisher\":{\"@id\":\"https:\\\/\\\/risebogard.com\\\/#organization\"},\"potentialAction\":[{\"@type\":\"SearchAction\",\"target\":{\"@type\":\"EntryPoint\",\"urlTemplate\":\"https:\\\/\\\/risebogard.com\\\/?s={search_term_string}\"},\"query-input\":{\"@type\":\"PropertyValueSpecification\",\"valueRequired\":true,\"valueName\":\"search_term_string\"}}],\"inLanguage\":\"nb-NO\"},{\"@type\":\"Organization\",\"@id\":\"https:\\\/\\\/risebogard.com\\\/#organization\",\"name\":\"Risebo G\u00e5rd\",\"url\":\"https:\\\/\\\/risebogard.com\\\/\",\"logo\":{\"@type\":\"ImageObject\",\"inLanguage\":\"nb-NO\",\"@id\":\"https:\\\/\\\/risebogard.com\\\/#\\\/schema\\\/logo\\\/image\\\/\",\"url\":\"https:\\\/\\\/risebogard.com\\\/wp-content\\\/uploads\\\/2022\\\/01\\\/risebologo.png\",\"contentUrl\":\"https:\\\/\\\/risebogard.com\\\/wp-content\\\/uploads\\\/2022\\\/01\\\/risebologo.png\",\"width\":266,\"height\":100,\"caption\":\"Risebo G\u00e5rd\"},\"image\":{\"@id\":\"https:\\\/\\\/risebogard.com\\\/#\\\/schema\\\/logo\\\/image\\\/\"},\"sameAs\":[\"https:\\\/\\\/www.facebook.com\\\/RiseboGard\"]}]}<\/script>\n<!-- \/ Yoast SEO plugin. -->","yoast_head_json":{"title":"Dyr - Risebo","description":"Kontakt med hester, sm\u00e5dyr og kj\u00e6ledyr lar oss glemme hverdagen, noe som gir fred og avslapning.","robots":{"index":"index","follow":"follow","max-snippet":"max-snippet:-1","max-image-preview":"max-image-preview:large","max-video-preview":"max-video-preview:-1"},"canonical":"https:\/\/risebogard.com\/nb\/vare-dyr-hester-sma-dyr\/","og_locale":"nb_NO","og_type":"article","og_title":"Unsere Tiere","og_description":"F\u00fcr uns Menschen ist der Kontakt zu Tieren sehr wertvoll. Er l\u00e4sst uns den Alltag vergessen, bringt Ruhe und Entspannung.Der Kontakt mit Pferden, Kleintieren und Haustieren l\u00e4sst uns den Alltag vergessen, bringt Ruhe und Entspannung.","og_url":"https:\/\/risebogard.com\/nb\/vare-dyr-hester-sma-dyr\/","og_site_name":"Risebo","article_publisher":"https:\/\/www.facebook.com\/RiseboGard","article_modified_time":"2023-06-28T12:23:55+00:00","og_image":[{"width":1920,"height":2560,"url":"https:\/\/risebogard.com\/wp-content\/uploads\/2022\/05\/IMG_20220515_152926_188-2-scaled.jpg","type":"image\/jpeg"}],"twitter_card":"summary_large_image","twitter_title":"Unsere Tiere","twitter_description":"Der Kontakt mit Pferden, Kleintieren und Haustieren l\u00e4sst uns den Alltag vergessen, bringt Ruhe und Entspannung.","twitter_image":"https:\/\/risebogard.com\/wp-content\/uploads\/2022\/05\/IMG_20220515_152926_188-2-scaled.jpg","twitter_misc":{"Ansl. lesetid":"5 minutter"},"schema":{"@context":"https:\/\/schema.org","@graph":[{"@type":"WebPage","@id":"https:\/\/risebogard.com\/unsere-tiere-pferde-kleintiere\/","url":"https:\/\/risebogard.com\/unsere-tiere-pferde-kleintiere\/","name":"Dyr - Risebo","isPartOf":{"@id":"https:\/\/risebogard.com\/#website"},"primaryImageOfPage":{"@id":"https:\/\/risebogard.com\/unsere-tiere-pferde-kleintiere\/#primaryimage"},"image":{"@id":"https:\/\/risebogard.com\/unsere-tiere-pferde-kleintiere\/#primaryimage"},"thumbnailUrl":"https:\/\/risebogard.com\/wp-content\/uploads\/2023\/05\/PXL_20220822_172352580-1-scaled.jpg","datePublished":"2022-05-16T17:57:26+00:00","dateModified":"2023-06-28T12:23:55+00:00","description":"Kontakt med hester, sm\u00e5dyr og kj\u00e6ledyr lar oss glemme hverdagen, noe som gir fred og avslapning.","breadcrumb":{"@id":"https:\/\/risebogard.com\/unsere-tiere-pferde-kleintiere\/#breadcrumb"},"inLanguage":"nb-NO","potentialAction":[{"@type":"ReadAction","target":["https:\/\/risebogard.com\/unsere-tiere-pferde-kleintiere\/"]}]},{"@type":"ImageObject","inLanguage":"nb-NO","@id":"https:\/\/risebogard.com\/unsere-tiere-pferde-kleintiere\/#primaryimage","url":"https:\/\/risebogard.com\/wp-content\/uploads\/2023\/05\/PXL_20220822_172352580-1-scaled.jpg","contentUrl":"https:\/\/risebogard.com\/wp-content\/uploads\/2023\/05\/PXL_20220822_172352580-1-scaled.jpg","width":1920,"height":2560},{"@type":"BreadcrumbList","@id":"https:\/\/risebogard.com\/unsere-tiere-pferde-kleintiere\/#breadcrumb","itemListElement":[{"@type":"ListItem","position":1,"name":"Home","item":"https:\/\/risebogard.com\/"},{"@type":"ListItem","position":2,"name":"Tiere"}]},{"@type":"WebSite","@id":"https:\/\/risebogard.com\/#website","url":"https:\/\/risebogard.com\/","name":"Risebo","description":"Camping, hytter, westernridning, ren natur!","publisher":{"@id":"https:\/\/risebogard.com\/#organization"},"potentialAction":[{"@type":"SearchAction","target":{"@type":"EntryPoint","urlTemplate":"https:\/\/risebogard.com\/?s={search_term_string}"},"query-input":{"@type":"PropertyValueSpecification","valueRequired":true,"valueName":"search_term_string"}}],"inLanguage":"nb-NO"},{"@type":"Organization","@id":"https:\/\/risebogard.com\/#organization","name":"Risebo G\u00e5rd","url":"https:\/\/risebogard.com\/","logo":{"@type":"ImageObject","inLanguage":"nb-NO","@id":"https:\/\/risebogard.com\/#\/schema\/logo\/image\/","url":"https:\/\/risebogard.com\/wp-content\/uploads\/2022\/01\/risebologo.png","contentUrl":"https:\/\/risebogard.com\/wp-content\/uploads\/2022\/01\/risebologo.png","width":266,"height":100,"caption":"Risebo G\u00e5rd"},"image":{"@id":"https:\/\/risebogard.com\/#\/schema\/logo\/image\/"},"sameAs":["https:\/\/www.facebook.com\/RiseboGard"]}]}},"_links":{"self":[{"href":"https:\/\/risebogard.com\/nb\/wp-json\/wp\/v2\/pages\/287","targetHints":{"allow":["GET"]}}],"collection":[{"href":"https:\/\/risebogard.com\/nb\/wp-json\/wp\/v2\/pages"}],"about":[{"href":"https:\/\/risebogard.com\/nb\/wp-json\/wp\/v2\/types\/page"}],"author":[{"embeddable":true,"href":"https:\/\/risebogard.com\/nb\/wp-json\/wp\/v2\/users\/2"}],"replies":[{"embeddable":true,"href":"https:\/\/risebogard.com\/nb\/wp-json\/wp\/v2\/comments?post=287"}],"version-history":[{"count":33,"href":"https:\/\/risebogard.com\/nb\/wp-json\/wp\/v2\/pages\/287\/revisions"}],"predecessor-version":[{"id":961,"href":"https:\/\/risebogard.com\/nb\/wp-json\/wp\/v2\/pages\/287\/revisions\/961"}],"wp:featuredmedia":[{"embeddable":true,"href":"https:\/\/risebogard.com\/nb\/wp-json\/wp\/v2\/media\/873"}],"wp:attachment":[{"href":"https:\/\/risebogard.com\/nb\/wp-json\/wp\/v2\/media?parent=287"}],"curies":[{"name":"wp","href":"https:\/\/api.w.org\/{rel}","templated":true}]}}