{"id":806,"date":"2023-04-27T09:10:49","date_gmt":"2023-04-27T07:10:49","guid":{"rendered":"https:\/\/risebogard.com\/?page_id=806"},"modified":"2025-06-23T23:17:16","modified_gmt":"2025-06-23T21:17:16","slug":"arrivo-in-svezia","status":"publish","type":"page","link":"https:\/\/risebogard.com\/it\/anreise-nach-schweden\/","title":{"rendered":"Arrivo in Svezia"},"content":{"rendered":"<p>Esistono diversi modi comodi per viaggiare verso e all&#039;interno della Svezia. Ecco diverse opzioni di trasporto per raggiungere e partire dalla Svezia. A seconda dell&#039;itinerario di viaggio, dei piani per la Svezia e del tipo di viaggiatore, diverse modalit\u00e0 di trasporto e percorsi potrebbero rivelarsi la scelta migliore.<\/p>\n\n\n\n<p><\/p>\n\n\n\n<h2 class=\"wp-block-heading\">Qual \u00e8 il mezzo di trasporto migliore per viaggiare verso e all&#039;interno della Svezia?<\/h2>\n\n\n\n<h3 class=\"wp-block-heading\">Con camper \/ roulotte<\/h3>\n\n\n\n<figure class=\"wp-block-image size-large\"><img loading=\"lazy\" decoding=\"async\" width=\"1024\" height=\"563\" src=\"https:\/\/risebogard.com\/wp-content\/uploads\/2023\/04\/1920px-Zusatzzeichen_1048-17_-_nur_Wohnmobile_StVO_1992.svg_-1024x563.png\" alt=\"\" class=\"wp-image-825\" srcset=\"https:\/\/risebogard.com\/wp-content\/uploads\/2023\/04\/1920px-Zusatzzeichen_1048-17_-_nur_Wohnmobile_StVO_1992.svg_-1024x563.png 1024w, https:\/\/risebogard.com\/wp-content\/uploads\/2023\/04\/1920px-Zusatzzeichen_1048-17_-_nur_Wohnmobile_StVO_1992.svg_-300x165.png 300w, https:\/\/risebogard.com\/wp-content\/uploads\/2023\/04\/1920px-Zusatzzeichen_1048-17_-_nur_Wohnmobile_StVO_1992.svg_-768x422.png 768w, https:\/\/risebogard.com\/wp-content\/uploads\/2023\/04\/1920px-Zusatzzeichen_1048-17_-_nur_Wohnmobile_StVO_1992.svg_-1536x845.png 1536w, https:\/\/risebogard.com\/wp-content\/uploads\/2023\/04\/1920px-Zusatzzeichen_1048-17_-_nur_Wohnmobile_StVO_1992.svg_-18x10.png 18w, https:\/\/risebogard.com\/wp-content\/uploads\/2023\/04\/1920px-Zusatzzeichen_1048-17_-_nur_Wohnmobile_StVO_1992.svg_.png 1920w\" sizes=\"auto, (max-width: 1024px) 100vw, 1024px\" \/><\/figure>\n\n\n\n<p>Soprattutto con bambini e animali domestici, un camper \u00e8 probabilmente il modo pi\u00f9 rilassato di viaggiare. Hai sempre a disposizione un bagno. C&#039;\u00e8 un tavolo e tanto spazio per giochi, pasti e altri divertimenti. Puoi interrompere il viaggio in qualsiasi momento e trascorrere la notte in qualsiasi area di sosta o parcheggio, se necessario. Uno svantaggio pu\u00f2 essere il maggiore consumo di carburante e le velocit\u00e0 generalmente pi\u00f9 basse. I veicoli pi\u00f9 grandi offrono anche molta meno flessibilit\u00e0 se si desidera campeggiare in luoghi &quot;selvaggi&quot;. Quando si viaggia in alta stagione, \u00e8 importante tenere presente che i luoghi &quot;selvaggi&quot; pi\u00f9 gettonati sono spesso occupati e anche i campeggi sono affollati. \u00c8 quindi consigliabile prenotare le piazzole in anticipo. Nel complesso, i camper pi\u00f9 grandi sono diffusi in Svezia e le infrastrutture sono adatte. Lo spazio disponibile presso supermercati, ecc., ricorda spesso gli standard americani.<br>Diversi fornitori offrono anche la possibilit\u00e0 di noleggiare un camper in Svezia.<br>Qui a Risebo, un ampio prato immerso nella natura attende voi e il vostro camper come piazzola. Alcune piazzole sono dotate di allacciamento elettrico 230V\/10A. In tutto il campeggio \u00e8 disponibile anche la connessione internet wireless.<\/p>\n\n\n\n<hr class=\"wp-block-separator has-alpha-channel-opacity\"\/>\n\n\n\n<h3 class=\"wp-block-heading\">In autobus \/ camper compatto<\/h3>\n\n\n\n<p>I camper pi\u00f9 piccoli, sotto forma di autobus, offrono un buon compromesso rispetto ai camper di grandi dimensioni. Offrono flessibilit\u00e0, consentono l&#039;accesso a praticamente tutte le strade e sono adatti al campeggio fuori dalla rete elettrica. Il consumo di carburante \u00e8 generalmente inferiore e le velocit\u00e0 di crociera sono spesso pi\u00f9 elevate. Anche i costi dei traghetti sono ridotti. Lo spazio per veicoli di grandi dimensioni sui traghetti \u00e8 limitato e spesso prenotato. Gli autobus a trazione integrale sono un&#039;ottima scelta per le condizioni invernali. Tutti questi vantaggi rendono l&#039;autobus, utilizzato come camper, la scelta perfetta per viaggiare da e per la Svezia.<br>Qui a Risebo, un ampio prato immerso nella natura attende voi e il vostro camper come piazzola. Alcune piazzole sono dotate di allacciamento elettrico 230V\/10A. In tutto il campeggio \u00e8 disponibile anche la connessione internet wireless.<br>E se mai doveste trovare l&#039;autobus troppo angusto, perch\u00e9 non concedervi una notte in una delle &quot;Stuga&quot; con cucina e doccia calda?.<\/p>\n\n\n\n<hr class=\"wp-block-separator has-alpha-channel-opacity\"\/>\n\n\n\n<h3 class=\"wp-block-heading\">In macchina<\/h3>\n\n\n\n<p>In Svezia, i cottage per le vacanze chiamati &quot;stuga&quot; sono disponibili in affitto ovunque. Questo significa che anche i viaggiatori in auto possono facilmente trovare un alloggio immerso nella natura. Poich\u00e9 gli stuga di solito devono essere prenotati in anticipo, il viaggio richiede una pianificazione pi\u00f9 approfondita rispetto a un viaggio in camper. Tuttavia, per chi ama visitare una o due localit\u00e0 ed esplorare le attrazioni da l\u00ec, o semplicemente rilassarsi e godersi la pace e la tranquillit\u00e0, un&#039;auto \u00e8 l&#039;opzione ideale. Anche i costi dei traghetti sono bassi e ci sono quasi sempre posti auto disponibili. Questi sono i motivi per cui molti vacanzieri preferiscono viaggiare in auto, soprattutto in inverno. Anche le auto con tenda da tetto sono comuni.<br>Qui a Risebo potrete soggiornare comodamente in una delle case vacanze (&quot;Stugas&quot;), disponibili in diverse dimensioni. Oppure potrete accomodarvi comodamente in una tenda\/tenda da campeggio sul prato.<\/p>\n\n\n\n<p><\/p>\n\n\n\n<hr class=\"wp-block-separator has-alpha-channel-opacity\"\/>\n\n\n\n<h3 class=\"wp-block-heading\">Con i mezzi pubblici (autobus e treno)<\/h3>\n\n\n\n<figure class=\"wp-block-image size-full is-resized\"><img loading=\"lazy\" decoding=\"async\" width=\"1024\" height=\"678\" src=\"https:\/\/risebogard.com\/wp-content\/uploads\/2023\/04\/SJ_X2_2036_Goeteborg_C_2019_01.jpg\" alt=\"\" class=\"wp-image-828\" style=\"width:840px;height:556px\" srcset=\"https:\/\/risebogard.com\/wp-content\/uploads\/2023\/04\/SJ_X2_2036_Goeteborg_C_2019_01.jpg 1024w, https:\/\/risebogard.com\/wp-content\/uploads\/2023\/04\/SJ_X2_2036_Goeteborg_C_2019_01-300x199.jpg 300w, https:\/\/risebogard.com\/wp-content\/uploads\/2023\/04\/SJ_X2_2036_Goeteborg_C_2019_01-768x509.jpg 768w, https:\/\/risebogard.com\/wp-content\/uploads\/2023\/04\/SJ_X2_2036_Goeteborg_C_2019_01-18x12.jpg 18w\" sizes=\"auto, (max-width: 1024px) 100vw, 1024px\" \/><figcaption class=\"wp-element-caption\">Foto: <a href=\"https:\/\/commons.wikimedia.org\/wiki\/File:SJ_X2_2036,_G%C3%B6teborg_C,_2019_(01).jpg\" target=\"_blank\" rel=\"noreferrer noopener nofollow\">appassionato di ferrovie<\/a> \u2013 Questo file \u00e8 concesso in licenza secondo i termini della licenza Creative Commons. <a href=\"https:\/\/creativecommons.org\/licenses\/by-sa\/4.0\/deed.en\">Attribuzione-Condividi allo stesso modo 4.0 Internazionale<\/a> licenza.<\/figcaption><\/figure>\n\n\n\n<p>I treni attraversano la Danimarca e attraversano il ponte di \u00d6hresund per raggiungere la Svezia. Si consigliano diversi treni notturni in partenza da Svizzera, Germania e altre localit\u00e0 per la Svezia. Da l\u00ec, \u00e8 possibile proseguire il viaggio con treni regionali e autobus. Per i viaggiatori che desiderano esplorare la Svezia in bicicletta, il treno \u00e8 la scelta perfetta. Tuttavia, \u00e8 importante tenere presente che le opzioni di trasporto pubblico sono limitate, soprattutto nelle zone rurali remote come Risebo.<\/p>\n\n\n\n<p><\/p>\n\n\n\n<hr class=\"wp-block-separator has-alpha-channel-opacity\"\/>\n\n\n\n<h3 class=\"wp-block-heading\">In bicicletta<\/h3>\n\n\n\n<p>Ci sono molte belle piste ciclabili in Svezia. Tuttavia, tenete presente che la &quot;normale&quot; strada svedese non ha una banchina o una pista ciclabile separata. A causa della bassa densit\u00e0 di traffico nelle zone rurali, questo non dovrebbe scoraggiarvi dall&#039;esplorare la Svezia in bicicletta. Al contrario, molte persone attraversano la Svezia in bicicletta, prendendosela comoda.<br>Qui a Risebo, potrete soggiornare in una delle case vacanza (&quot;stuga&quot;), disponibili in varie dimensioni. Oppure potrete accomodarvi comodamente in una tenda sul prato del campeggio.<\/p>\n\n\n\n<p><\/p>\n\n\n\n<hr class=\"wp-block-separator has-alpha-channel-opacity\"\/>\n\n\n\n<h2 class=\"wp-block-heading\">Quale percorso per la Svezia?<\/h2>\n\n\n\n<p>Molte strade portano a Roma. Ce ne sono alcune che portano in Svezia, ma a causa della sua posizione peninsulare, i percorsi sono piuttosto limitati.<\/p>\n\n\n\n<h3 class=\"wp-block-heading\">In traghetto dalla Germania, Danimarca o Polonia<\/h3>\n\n\n\n<figure class=\"wp-block-image size-large\"><img loading=\"lazy\" decoding=\"async\" width=\"1024\" height=\"683\" src=\"https:\/\/risebogard.com\/wp-content\/uploads\/2025\/03\/1080px-TT_Line_Nils_Holgersson-1024x683.jpeg\" alt=\"\" class=\"wp-image-1243\" srcset=\"https:\/\/risebogard.com\/wp-content\/uploads\/2025\/03\/1080px-TT_Line_Nils_Holgersson-1024x683.jpeg 1024w, https:\/\/risebogard.com\/wp-content\/uploads\/2025\/03\/1080px-TT_Line_Nils_Holgersson-300x200.jpeg 300w, https:\/\/risebogard.com\/wp-content\/uploads\/2025\/03\/1080px-TT_Line_Nils_Holgersson-768x512.jpeg 768w, https:\/\/risebogard.com\/wp-content\/uploads\/2025\/03\/1080px-TT_Line_Nils_Holgersson-18x12.jpeg 18w, https:\/\/risebogard.com\/wp-content\/uploads\/2025\/03\/1080px-TT_Line_Nils_Holgersson.jpeg 1080w\" sizes=\"auto, (max-width: 1024px) 100vw, 1024px\" \/><figcaption class=\"wp-element-caption\">Nils Holgersson \u2013 Foto: Elias191204 \u2013 Questo file \u00e8 concesso in licenza con <a href=\"https:\/\/en.wikipedia.org\/wiki\/en:Creative_Commons\">Creative Commons<\/a> <a href=\"https:\/\/creativecommons.org\/licenses\/by-sa\/4.0\/deed.en\">Attribuzione-Condividi allo stesso modo 4.0 Internazionale<\/a> licenza.<\/figcaption><\/figure>\n\n\n\n<p>Diverse compagnie di navigazione offrono collegamenti in traghetto dalla Germania (Travem\u00fcnde e Rostock). Tra queste, ad esempio... <a href=\"https:\/\/www.ttline.com\">T<\/a><a href=\"https:\/\/www.ttline.com\" target=\"_blank\" rel=\"noreferrer noopener\">T<\/a><a href=\"https:\/\/www.ttline.com\" target=\"_blank\" rel=\"noreferrer noopener nofollow\">-Linea<\/a>, <a href=\"https:\/\/www.stenaline.de\" target=\"_blank\" rel=\"noreferrer noopener nofollow\">Linea Stena<\/a> E <a href=\"https:\/\/www.finnlines.com\" target=\"_blank\" rel=\"noreferrer noopener nofollow\">Finnlines<\/a>. I traghetti attraccano solitamente a Trelleborg. Per i viaggi da pi\u00f9 a sud, si consiglia un traghetto notturno. Questo rende il viaggio gestibile in due tappe. Si arriva in Svezia al mattino abbastanza riposati e si pu\u00f2 facilmente completare il resto del viaggio.<br>Ci sono altri collegamenti in traghetto dalla Danimarca alla Svezia. <a href=\"https:\/\/www.scandlines.de\" target=\"_blank\" rel=\"noreferrer noopener nofollow\">Scandlines<\/a> cos\u00ec come <a href=\"https:\/\/www.stenaline.de\" target=\"_blank\" rel=\"noreferrer noopener nofollow\">Linea Stena<\/a> e dalla Polonia <a href=\"https:\/\/www.ttline.com\">T<\/a><a href=\"https:\/\/www.ttline.com\" target=\"_blank\" rel=\"noreferrer noopener\">T<\/a><a href=\"https:\/\/www.ttline.com\" target=\"_blank\" rel=\"noreferrer noopener nofollow\">-Linea<\/a>, <a href=\"https:\/\/www.stenaline.de\" target=\"_blank\" rel=\"noreferrer noopener nofollow\">Linea Stena<\/a>, <a href=\"https:\/\/www.unityline.eu\/\" target=\"_blank\" rel=\"noreferrer noopener nofollow\">Linea di unit\u00e0<\/a> cos\u00ec come <a href=\"https:\/\/polferries.de\/\" target=\"_blank\" rel=\"noreferrer noopener nofollow\">Polferries<\/a>.<\/p>\n\n\n\n<hr class=\"wp-block-separator has-alpha-channel-opacity\"\/>\n\n\n\n<h3 class=\"wp-block-heading\">Via terrestre via Danimarca<\/h3>\n\n\n\n<figure class=\"wp-block-image size-full is-resized\"><img loading=\"lazy\" decoding=\"async\" width=\"1024\" height=\"768\" src=\"https:\/\/risebogard.com\/wp-content\/uploads\/2023\/04\/Oresund_Bridge_from_the_air_in_September_2015.jpg\" alt=\"\" class=\"wp-image-835\" style=\"width:840px;height:630px\" srcset=\"https:\/\/risebogard.com\/wp-content\/uploads\/2023\/04\/Oresund_Bridge_from_the_air_in_September_2015.jpg 1024w, https:\/\/risebogard.com\/wp-content\/uploads\/2023\/04\/Oresund_Bridge_from_the_air_in_September_2015-300x225.jpg 300w, https:\/\/risebogard.com\/wp-content\/uploads\/2023\/04\/Oresund_Bridge_from_the_air_in_September_2015-768x576.jpg 768w, https:\/\/risebogard.com\/wp-content\/uploads\/2023\/04\/Oresund_Bridge_from_the_air_in_September_2015-16x12.jpg 16w\" sizes=\"auto, (max-width: 1024px) 100vw, 1024px\" \/><figcaption class=\"wp-element-caption\">Foto: <a href=\"https:\/\/commons.wikimedia.org\/wiki\/User:Nick-D\" target=\"_blank\" rel=\"noreferrer noopener nofollow\">Nick-D<\/a> \u2013 Questo file \u00e8 concesso in licenza Creative Commons <a href=\"https:\/\/creativecommons.org\/licenses\/by-sa\/4.0\/deed.en\">Attribuzione-Condividi allo stesso modo 4.0 Internazionale<\/a> licenza.<\/figcaption><\/figure>\n\n\n\n<p>\u00c8 possibile percorrere la Danimarca in auto. Se non si \u00e8 amanti dei traghetti, questa \u00e8 una soluzione possibile. Tuttavia, \u00e8 importante tenere presente che anche attraversare la Danimarca in auto prevede una breve traversata in traghetto. Il viaggio in auto attraverso la Danimarca \u00e8 piuttosto lungo. \u00c8 previsto un pedaggio per attraversare il ponte di \u00d6resund. Tutto sommato, non \u00e8 poi cos\u00ec pi\u00f9 economico che prendere il traghetto.<br>Il treno attraversa anche il ponte di \u00d6resund.<\/p>\n\n\n\n<p><\/p>\n\n\n\n<hr class=\"wp-block-separator has-alpha-channel-opacity\"\/>\n\n\n\n<h3 class=\"wp-block-heading\">In aereo, in aereo<\/h3>\n\n\n\n<p>Sono disponibili diversi collegamenti aerei, ad esempio per Stoccolma o da Francoforte a Kalmar. Da l\u00ec, \u00e8 possibile proseguire il viaggio in treno, autobus, auto a noleggio o bicicletta.<\/p>","protected":false},"excerpt":{"rendered":"<p>Es gibt mehrere Wege, bequem nach und in Schweden zu reisen. Hier verschiedene M\u00f6glichkeiten der Bef\u00f6rderungsmittel f\u00fcr die Anreise und Reise in Schweden. Je nach Anreiseweg, den Pl\u00e4nen in Schweden und Art der Reisenden k\u00f6nnen unterschiedliche Reisemittel und Wege die optimale Wahl sein. Welches Reisemittel f\u00fcr die Reise nach und in Schweden? Mit dem Wohnmobil&#8230;<a class=\"read-more-link button\" href=\"https:\/\/risebogard.com\/it\/anreise-nach-schweden\/\">Read more<\/a><\/p>","protected":false},"author":2,"featured_media":0,"parent":0,"menu_order":0,"comment_status":"closed","ping_status":"closed","template":"","meta":{"ngg_post_thumbnail":0,"footnotes":""},"class_list":["post-806","page","type-page","status-publish","hentry"],"featured_image_src":null,"yoast_head":"<!-- This site is optimized with the Yoast SEO plugin v27.4 - https:\/\/yoast.com\/product\/yoast-seo-wordpress\/ -->\n<title>Anreise nach Schweden - Risebo<\/title>\n<meta name=\"description\" content=\"Es gibt mehrere Wege, wie man bequem nach Schweden zu reisen. Hier eine Auswahl einiger M\u00f6glichkeiten im Vergleich zur Anreise nach Schweden.\" \/>\n<meta name=\"robots\" content=\"index, follow, max-snippet:-1, max-image-preview:large, max-video-preview:-1\" \/>\n<link rel=\"canonical\" href=\"https:\/\/risebogard.com\/it\/arrivo-in-svezia\/\" \/>\n<meta property=\"og:locale\" content=\"it_IT\" \/>\n<meta property=\"og:type\" content=\"article\" \/>\n<meta property=\"og:title\" content=\"Anreise nach Schweden - Risebo\" \/>\n<meta property=\"og:description\" content=\"Es gibt mehrere Wege, wie man bequem nach Schweden zu reisen. Hier eine Auswahl einiger M\u00f6glichkeiten im Vergleich zur Anreise nach Schweden.\" \/>\n<meta property=\"og:url\" content=\"https:\/\/risebogard.com\/it\/arrivo-in-svezia\/\" \/>\n<meta property=\"og:site_name\" content=\"Risebo\" \/>\n<meta property=\"article:publisher\" content=\"https:\/\/www.facebook.com\/RiseboGard\" \/>\n<meta property=\"article:modified_time\" content=\"2025-06-23T21:17:16+00:00\" \/>\n<meta property=\"og:image\" content=\"https:\/\/risebogard.com\/wp-content\/uploads\/2023\/04\/1920px-Zusatzzeichen_1048-17_-_nur_Wohnmobile_StVO_1992.svg_.png\" \/>\n\t<meta property=\"og:image:width\" content=\"1920\" \/>\n\t<meta property=\"og:image:height\" content=\"1056\" \/>\n\t<meta property=\"og:image:type\" content=\"image\/png\" \/>\n<meta name=\"twitter:card\" content=\"summary_large_image\" \/>\n<meta name=\"twitter:label1\" content=\"Tempo di lettura stimato\" \/>\n\t<meta name=\"twitter:data1\" content=\"7 minuti\" \/>\n<script type=\"application\/ld+json\" class=\"yoast-schema-graph\">{\"@context\":\"https:\\\/\\\/schema.org\",\"@graph\":[{\"@type\":\"WebPage\",\"@id\":\"https:\\\/\\\/risebogard.com\\\/anreise-nach-schweden\\\/\",\"url\":\"https:\\\/\\\/risebogard.com\\\/anreise-nach-schweden\\\/\",\"name\":\"Anreise nach Schweden - Risebo\",\"isPartOf\":{\"@id\":\"https:\\\/\\\/risebogard.com\\\/#website\"},\"primaryImageOfPage\":{\"@id\":\"https:\\\/\\\/risebogard.com\\\/anreise-nach-schweden\\\/#primaryimage\"},\"image\":{\"@id\":\"https:\\\/\\\/risebogard.com\\\/anreise-nach-schweden\\\/#primaryimage\"},\"thumbnailUrl\":\"https:\\\/\\\/risebogard.com\\\/wp-content\\\/uploads\\\/2023\\\/04\\\/1920px-Zusatzzeichen_1048-17_-_nur_Wohnmobile_StVO_1992.svg_-1024x563.png\",\"datePublished\":\"2023-04-27T07:10:49+00:00\",\"dateModified\":\"2025-06-23T21:17:16+00:00\",\"description\":\"Es gibt mehrere Wege, wie man bequem nach Schweden zu reisen. Hier eine Auswahl einiger M\u00f6glichkeiten im Vergleich zur Anreise nach Schweden.\",\"breadcrumb\":{\"@id\":\"https:\\\/\\\/risebogard.com\\\/anreise-nach-schweden\\\/#breadcrumb\"},\"inLanguage\":\"it-IT\",\"potentialAction\":[{\"@type\":\"ReadAction\",\"target\":[\"https:\\\/\\\/risebogard.com\\\/anreise-nach-schweden\\\/\"]}]},{\"@type\":\"ImageObject\",\"inLanguage\":\"it-IT\",\"@id\":\"https:\\\/\\\/risebogard.com\\\/anreise-nach-schweden\\\/#primaryimage\",\"url\":\"https:\\\/\\\/risebogard.com\\\/wp-content\\\/uploads\\\/2023\\\/04\\\/1920px-Zusatzzeichen_1048-17_-_nur_Wohnmobile_StVO_1992.svg_-1024x563.png\",\"contentUrl\":\"https:\\\/\\\/risebogard.com\\\/wp-content\\\/uploads\\\/2023\\\/04\\\/1920px-Zusatzzeichen_1048-17_-_nur_Wohnmobile_StVO_1992.svg_-1024x563.png\"},{\"@type\":\"BreadcrumbList\",\"@id\":\"https:\\\/\\\/risebogard.com\\\/anreise-nach-schweden\\\/#breadcrumb\",\"itemListElement\":[{\"@type\":\"ListItem\",\"position\":1,\"name\":\"Home\",\"item\":\"https:\\\/\\\/risebogard.com\\\/\"},{\"@type\":\"ListItem\",\"position\":2,\"name\":\"Anreise nach Schweden\"}]},{\"@type\":\"WebSite\",\"@id\":\"https:\\\/\\\/risebogard.com\\\/#website\",\"url\":\"https:\\\/\\\/risebogard.com\\\/\",\"name\":\"Risebo\",\"description\":\"Camping, H\u00fctten, Westernreiten, Natur pur!\",\"publisher\":{\"@id\":\"https:\\\/\\\/risebogard.com\\\/#organization\"},\"potentialAction\":[{\"@type\":\"SearchAction\",\"target\":{\"@type\":\"EntryPoint\",\"urlTemplate\":\"https:\\\/\\\/risebogard.com\\\/?s={search_term_string}\"},\"query-input\":{\"@type\":\"PropertyValueSpecification\",\"valueRequired\":true,\"valueName\":\"search_term_string\"}}],\"inLanguage\":\"it-IT\"},{\"@type\":\"Organization\",\"@id\":\"https:\\\/\\\/risebogard.com\\\/#organization\",\"name\":\"Risebo G\u00e5rd\",\"url\":\"https:\\\/\\\/risebogard.com\\\/\",\"logo\":{\"@type\":\"ImageObject\",\"inLanguage\":\"it-IT\",\"@id\":\"https:\\\/\\\/risebogard.com\\\/#\\\/schema\\\/logo\\\/image\\\/\",\"url\":\"https:\\\/\\\/risebogard.com\\\/wp-content\\\/uploads\\\/2022\\\/01\\\/risebologo.png\",\"contentUrl\":\"https:\\\/\\\/risebogard.com\\\/wp-content\\\/uploads\\\/2022\\\/01\\\/risebologo.png\",\"width\":266,\"height\":100,\"caption\":\"Risebo G\u00e5rd\"},\"image\":{\"@id\":\"https:\\\/\\\/risebogard.com\\\/#\\\/schema\\\/logo\\\/image\\\/\"},\"sameAs\":[\"https:\\\/\\\/www.facebook.com\\\/RiseboGard\"]}]}<\/script>\n<!-- \/ Yoast SEO plugin. -->","yoast_head_json":{"title":"Arrivo in Svezia - Risebo","description":"Esistono diversi modi comodi per raggiungere la Svezia. Ecco una selezione di alcune opzioni, confrontate con altri modi per raggiungere la Svezia.","robots":{"index":"index","follow":"follow","max-snippet":"max-snippet:-1","max-image-preview":"max-image-preview:large","max-video-preview":"max-video-preview:-1"},"canonical":"https:\/\/risebogard.com\/it\/arrivo-in-svezia\/","og_locale":"it_IT","og_type":"article","og_title":"Anreise nach Schweden - Risebo","og_description":"Es gibt mehrere Wege, wie man bequem nach Schweden zu reisen. Hier eine Auswahl einiger M\u00f6glichkeiten im Vergleich zur Anreise nach Schweden.","og_url":"https:\/\/risebogard.com\/it\/arrivo-in-svezia\/","og_site_name":"Risebo","article_publisher":"https:\/\/www.facebook.com\/RiseboGard","article_modified_time":"2025-06-23T21:17:16+00:00","og_image":[{"width":1920,"height":1056,"url":"https:\/\/risebogard.com\/wp-content\/uploads\/2023\/04\/1920px-Zusatzzeichen_1048-17_-_nur_Wohnmobile_StVO_1992.svg_.png","type":"image\/png"}],"twitter_card":"summary_large_image","twitter_misc":{"Tempo di lettura stimato":"7 minuti"},"schema":{"@context":"https:\/\/schema.org","@graph":[{"@type":"WebPage","@id":"https:\/\/risebogard.com\/anreise-nach-schweden\/","url":"https:\/\/risebogard.com\/anreise-nach-schweden\/","name":"Arrivo in Svezia - Risebo","isPartOf":{"@id":"https:\/\/risebogard.com\/#website"},"primaryImageOfPage":{"@id":"https:\/\/risebogard.com\/anreise-nach-schweden\/#primaryimage"},"image":{"@id":"https:\/\/risebogard.com\/anreise-nach-schweden\/#primaryimage"},"thumbnailUrl":"https:\/\/risebogard.com\/wp-content\/uploads\/2023\/04\/1920px-Zusatzzeichen_1048-17_-_nur_Wohnmobile_StVO_1992.svg_-1024x563.png","datePublished":"2023-04-27T07:10:49+00:00","dateModified":"2025-06-23T21:17:16+00:00","description":"Esistono diversi modi comodi per raggiungere la Svezia. Ecco una selezione di alcune opzioni, confrontate con altri modi per raggiungere la Svezia.","breadcrumb":{"@id":"https:\/\/risebogard.com\/anreise-nach-schweden\/#breadcrumb"},"inLanguage":"it-IT","potentialAction":[{"@type":"ReadAction","target":["https:\/\/risebogard.com\/anreise-nach-schweden\/"]}]},{"@type":"ImageObject","inLanguage":"it-IT","@id":"https:\/\/risebogard.com\/anreise-nach-schweden\/#primaryimage","url":"https:\/\/risebogard.com\/wp-content\/uploads\/2023\/04\/1920px-Zusatzzeichen_1048-17_-_nur_Wohnmobile_StVO_1992.svg_-1024x563.png","contentUrl":"https:\/\/risebogard.com\/wp-content\/uploads\/2023\/04\/1920px-Zusatzzeichen_1048-17_-_nur_Wohnmobile_StVO_1992.svg_-1024x563.png"},{"@type":"BreadcrumbList","@id":"https:\/\/risebogard.com\/anreise-nach-schweden\/#breadcrumb","itemListElement":[{"@type":"ListItem","position":1,"name":"Home","item":"https:\/\/risebogard.com\/"},{"@type":"ListItem","position":2,"name":"Anreise nach Schweden"}]},{"@type":"WebSite","@id":"https:\/\/risebogard.com\/#website","url":"https:\/\/risebogard.com\/","name":"Risebo","description":"Campeggio, baite, equitazione western, natura allo stato puro!","publisher":{"@id":"https:\/\/risebogard.com\/#organization"},"potentialAction":[{"@type":"SearchAction","target":{"@type":"EntryPoint","urlTemplate":"https:\/\/risebogard.com\/?s={search_term_string}"},"query-input":{"@type":"PropertyValueSpecification","valueRequired":true,"valueName":"search_term_string"}}],"inLanguage":"it-IT"},{"@type":"Organization","@id":"https:\/\/risebogard.com\/#organization","name":"Risebo G\u00e5rd","url":"https:\/\/risebogard.com\/","logo":{"@type":"ImageObject","inLanguage":"it-IT","@id":"https:\/\/risebogard.com\/#\/schema\/logo\/image\/","url":"https:\/\/risebogard.com\/wp-content\/uploads\/2022\/01\/risebologo.png","contentUrl":"https:\/\/risebogard.com\/wp-content\/uploads\/2022\/01\/risebologo.png","width":266,"height":100,"caption":"Risebo G\u00e5rd"},"image":{"@id":"https:\/\/risebogard.com\/#\/schema\/logo\/image\/"},"sameAs":["https:\/\/www.facebook.com\/RiseboGard"]}]}},"_links":{"self":[{"href":"https:\/\/risebogard.com\/it\/wp-json\/wp\/v2\/pages\/806","targetHints":{"allow":["GET"]}}],"collection":[{"href":"https:\/\/risebogard.com\/it\/wp-json\/wp\/v2\/pages"}],"about":[{"href":"https:\/\/risebogard.com\/it\/wp-json\/wp\/v2\/types\/page"}],"author":[{"embeddable":true,"href":"https:\/\/risebogard.com\/it\/wp-json\/wp\/v2\/users\/2"}],"replies":[{"embeddable":true,"href":"https:\/\/risebogard.com\/it\/wp-json\/wp\/v2\/comments?post=806"}],"version-history":[{"count":20,"href":"https:\/\/risebogard.com\/it\/wp-json\/wp\/v2\/pages\/806\/revisions"}],"predecessor-version":[{"id":1303,"href":"https:\/\/risebogard.com\/it\/wp-json\/wp\/v2\/pages\/806\/revisions\/1303"}],"wp:attachment":[{"href":"https:\/\/risebogard.com\/it\/wp-json\/wp\/v2\/media?parent=806"}],"curies":[{"name":"wp","href":"https:\/\/api.w.org\/{rel}","templated":true}]}}