{"id":533,"date":"2022-07-10T11:32:30","date_gmt":"2022-07-10T09:32:30","guid":{"rendered":"https:\/\/risebogard.com\/?page_id=533"},"modified":"2025-08-18T16:24:01","modified_gmt":"2025-08-18T14:24:01","slug":"equitazione-in-svezia","status":"publish","type":"page","link":"https:\/\/risebogard.com\/it\/reiten-in-schweden\/","title":{"rendered":"Passeggiata"},"content":{"rendered":"<p>Offriamo passeggiate guidate a cavallo per bambini e principianti, nonch\u00e9 escursioni individuali per cavalieri esperti dai 12 anni in su, sui nostri cavalli islandesi e cavalli della Svezia settentrionale (equitazione western). I numerosi sentieri a Risebo e dintorni permettono di esplorare foreste e laghi nella splendida campagna svedese in un&#039;atmosfera rilassata.<\/p>\n\n\n\n<hr class=\"wp-block-separator has-alpha-channel-opacity\"\/>\n\n\n\n<h2 class=\"wp-block-heading\">Equitazione per bambini piccoli<\/h2>\n\n\n\n<figure class=\"wp-block-image size-large is-style-default\"><img loading=\"lazy\" decoding=\"async\" width=\"1024\" height=\"768\" src=\"https:\/\/risebogard.com\/wp-content\/uploads\/2022\/07\/KinderPonys-1024x768.jpg\" alt=\"Bambini con i pony\" class=\"wp-image-541\" srcset=\"https:\/\/risebogard.com\/wp-content\/uploads\/2022\/07\/KinderPonys-1024x768.jpg 1024w, https:\/\/risebogard.com\/wp-content\/uploads\/2022\/07\/KinderPonys-300x225.jpg 300w, https:\/\/risebogard.com\/wp-content\/uploads\/2022\/07\/KinderPonys-768x576.jpg 768w, https:\/\/risebogard.com\/wp-content\/uploads\/2022\/07\/KinderPonys-1536x1152.jpg 1536w, https:\/\/risebogard.com\/wp-content\/uploads\/2022\/07\/KinderPonys-2048x1536.jpg 2048w\" sizes=\"auto, (max-width: 1024px) 100vw, 1024px\" \/><\/figure>\n\n\n\n<p>Il nostro mini pony Shetland Johnny aspetta i pi\u00f9 piccoli. Con un&#039;altezza al garrese di soli 83 cm e il suo carattere docile, i bambini fino a 20 kg possono vivere le loro prime esperienze positive con i cavalli. Inoltre, pu\u00f2 essere facilmente condotto al guinzaglio e portato in giro per la fattoria da genitori e bambini.<\/p>\n\n\n\n<hr class=\"wp-block-separator has-alpha-channel-opacity\"\/>\n\n\n\n<h2 class=\"wp-block-heading\">Equitazione guidata per principianti<\/h2>\n\n\n\n<figure class=\"wp-block-image size-full\"><img loading=\"lazy\" decoding=\"async\" width=\"1920\" height=\"2560\" src=\"https:\/\/risebogard.com\/wp-content\/uploads\/2023\/07\/Reiten4-scaled.jpg\" alt=\"\" class=\"wp-image-1037\" srcset=\"https:\/\/risebogard.com\/wp-content\/uploads\/2023\/07\/Reiten4-scaled.jpg 1920w, https:\/\/risebogard.com\/wp-content\/uploads\/2023\/07\/Reiten4-225x300.jpg 225w\" sizes=\"auto, (max-width: 1920px) 100vw, 1920px\" \/><\/figure>\n\n\n\n<p>I tre docili cavalli islandesi Frodi, Vaufi e Bjalla sono perfetti per bambini e ragazzi. Ma anche gli adulti possono cavalcarli.<\/p>\n\n\n\n<hr class=\"wp-block-separator has-alpha-channel-opacity\"\/>\n\n\n\n<h2 class=\"wp-block-heading\">Equitazione per cavalieri esperti<\/h2>\n\n\n\n<figure class=\"wp-block-image size-large is-resized\"><img loading=\"lazy\" decoding=\"async\" width=\"576\" height=\"1024\" src=\"https:\/\/risebogard.com\/wp-content\/uploads\/2025\/08\/Reiten-576x1024.jpeg\" alt=\"\" class=\"wp-image-1325\" style=\"width:797px;height:auto\" srcset=\"https:\/\/risebogard.com\/wp-content\/uploads\/2025\/08\/Reiten-576x1024.jpeg 576w, https:\/\/risebogard.com\/wp-content\/uploads\/2025\/08\/Reiten-169x300.jpeg 169w, https:\/\/risebogard.com\/wp-content\/uploads\/2025\/08\/Reiten-768x1365.jpeg 768w, https:\/\/risebogard.com\/wp-content\/uploads\/2025\/08\/Reiten-864x1536.jpeg 864w, https:\/\/risebogard.com\/wp-content\/uploads\/2025\/08\/Reiten-1152x2048.jpeg 1152w, https:\/\/risebogard.com\/wp-content\/uploads\/2025\/08\/Reiten-7x12.jpeg 7w, https:\/\/risebogard.com\/wp-content\/uploads\/2025\/08\/Reiten-scaled.jpeg 1440w\" sizes=\"auto, (max-width: 576px) 100vw, 576px\" \/><\/figure>\n\n\n\n<p>Passeggiate a cavallo guidate in stile western per cavalieri esperti dai 12 anni in su, nella splendida campagna intorno a Risebo. <\/p>\n\n\n\n<hr class=\"wp-block-separator has-alpha-channel-opacity\"\/>\n\n\n\n<figure class=\"wp-block-table is-style-stripes\"><table><tbody><tr><td>\ud83d\udc34 <strong>Esperienze equestri 2025 \u2013 Per i nostri ospiti a Risebo<\/strong><\/td><td><strong>kr<\/strong><\/td><\/tr><tr><td><strong>Passeggiate guidate a cavallo<\/strong> \u2013 per bambini e principianti<br>Una vera avventura con i pony! Li strigliamo e li sellamo insieme, e poi via: una piacevole passeggiata nei dintorni della fattoria.<br>Include l&#039;aiuto nella pulizia e nella preparazione.<br>Adatto anche ad adulti senza esperienza di guida.<br>Vasta esperienza, che include anche l&#039;aiuto nella cura dei cavalli, ecc.<br>Prezzo per cavaliere<\/td><td>150<\/td><\/tr><tr><td><strong>Cavalcare il mini pony Shetland &quot;Johnny&quot;<\/strong> \u2013 la pi\u00f9 piccola grande avventura<br>La nostra piccola stella &quot;Johnny&quot; aspetta piccoli cavalieri coraggiosi! I genitori sono invitati a condurlo personalmente, se lo desiderano.<br>Vasta esperienza, che include anche l&#039;aiuto nella cura dei cavalli, ecc.<br>Prezzo per cavaliere<\/td><td>150<\/td><\/tr><tr><td><strong>Giro in asino<\/strong><br>Fate una passeggiata in compagnia dei nostri due simpatici asinelli lungo il sentiero circolare della fattoria, lungo 2,2 km. Un&#039;esperienza rilassante nella natura, adatta a grandi e piccini.<br>Ideale per una gita in famiglia<br>Prezzo per round<\/td><td>130<\/td><\/tr><tr><td><strong>Giro in asino (con bambino in sella)<\/strong><br>Un bambino pu\u00f2 viaggiare in sella mentre voi e Is-Ah &amp; Yum-Yum attraversate foreste e prati.<br>Ideale per i bambini pi\u00f9 piccoli<br>Esperienza a contatto con la natura e con la fauna selvatica come protagonista.<br>Prezzo per round<\/td><td>150<\/td><\/tr><tr><td><strong>Passeggiata a cavallo in stile western, durata circa 1 ora e mezza.<\/strong> \u2013 per ciclisti esperti dai 12 anni in su<br>Vivi la vera esperienza del cowboy! Passeggiata a cavallo guidata in stile western attraverso lo splendido paesaggio intorno a Risebo.<br>Escursione guidata a cavallo per cavalieri esperti e sicuri di s\u00e9.<br>Un&#039;esperienza completa e personalizzata che include anche l&#039;aiuto nella cura dei cavalli, ecc.<br>Natura, libert\u00e0 e puro amore per i cavalli<br>\u00c8 necessaria la registrazione anticipata.<br>Prezzo per cavaliere<\/td><td>720<\/td><\/tr><\/tbody><\/table><\/figure>\n\n\n\n<hr class=\"wp-block-separator has-alpha-channel-opacity\"\/>\n\n\n\n<figure class=\"wp-block-table is-style-stripes\"><table><tbody><tr><td><strong>\ud83d\udc34 Passeggiate a cavallo per bambini \u2013 <strong>Offerta per visitatori giornalieri 2025<\/strong><\/strong><\/td><td class=\"has-text-align-right\" data-align=\"right\"><strong>kr<\/strong><\/td><\/tr><tr><td>Un&#039;esperienza speciale per i piccoli appassionati di cavalli.<br>Passeggiate guidate a cavallo nei dintorni di Risebo.<br>Ideale per gite in famiglia, feste di compleanno o lezioni scolastiche!<br>Vasta esperienza, che include anche l&#039;aiuto nella cura dei cavalli, ecc.<br>L&#039;accesso \u00e8 consentito solo ai visitatori giornalieri; \u00e8 necessaria la prenotazione anticipata.<br>Offerta valida durante la bassa stagione, da settembre a met\u00e0 giugno.<br>L&#039;evento si terr\u00e0 con un minimo di 3 bambini.<br>Prezzo per cavaliere<\/td><td class=\"has-text-align-right\" data-align=\"right\">220<\/td><\/tr><\/tbody><\/table><\/figure>\n\n\n\n<hr class=\"wp-block-separator has-alpha-channel-opacity\"\/>\n\n\n\n<p>Nota bene: a causa di fattori quali le condizioni meteorologiche o lo stato di salute degli animali, le escursioni a cavallo potrebbero essere posticipate con breve preavviso o annullate del tutto.<\/p>\n\n\n\n<hr class=\"wp-block-separator has-alpha-channel-opacity\"\/>\n\n\n\n<p><\/p>","protected":false},"excerpt":{"rendered":"<p>Wir bieten gef\u00fchrtes Reiten f\u00fcr Kinder und Anf\u00e4nger sowie freie Ausritte f\u00fcr fortgeschrittene Reiter ab 12 Jahren auf unseren Islandpferden und Nordsvensk (Westernreiten \/ Horsebackriding). Auf den zahlreichen Wegen auf und rund um Risebo lassen sich W\u00e4lder und Seen in der wundersch\u00f6nen Natur Schwedens in entspannter Atmosph\u00e4re erkunden. Reiten f\u00fcr Kleinkinder Auf die Kleinen wartet&#8230;<a class=\"read-more-link button\" href=\"https:\/\/risebogard.com\/it\/reiten-in-schweden\/\">Read more<\/a><\/p>","protected":false},"author":2,"featured_media":538,"parent":0,"menu_order":0,"comment_status":"closed","ping_status":"closed","template":"","meta":{"ngg_post_thumbnail":0,"footnotes":""},"class_list":["post-533","page","type-page","status-publish","has-post-thumbnail","hentry"],"featured_image_src":"https:\/\/risebogard.com\/wp-content\/uploads\/2022\/07\/AusreitenNatur-scaled.jpg","yoast_head":"<!-- This site is optimized with the Yoast SEO plugin v27.4 - https:\/\/yoast.com\/product\/yoast-seo-wordpress\/ -->\n<title>Reiten - Risebo<\/title>\n<meta name=\"description\" content=\"Westernreiten in Schweden! Wir bieten gef\u00fchrtes Reiten f\u00fcr Anf\u00e4nger sowie freie Ausritte f\u00fcr fortgeschrittene Reiter an.\" \/>\n<meta name=\"robots\" content=\"index, follow, max-snippet:-1, max-image-preview:large, max-video-preview:-1\" \/>\n<link rel=\"canonical\" href=\"https:\/\/risebogard.com\/it\/equitazione-in-svezia\/\" \/>\n<meta property=\"og:locale\" content=\"it_IT\" \/>\n<meta property=\"og:type\" content=\"article\" \/>\n<meta property=\"og:title\" content=\"Westernreiten in Schweden!\" \/>\n<meta property=\"og:description\" content=\"Westernreiten in Schweden! Wir bieten gef\u00fchrtes Reiten f\u00fcr Anf\u00e4nger sowie freie Ausritte f\u00fcr fortgeschrittene Reiter an.\" \/>\n<meta property=\"og:url\" content=\"https:\/\/risebogard.com\/it\/equitazione-in-svezia\/\" \/>\n<meta property=\"og:site_name\" content=\"Risebo\" \/>\n<meta property=\"article:publisher\" content=\"https:\/\/www.facebook.com\/RiseboGard\" \/>\n<meta property=\"article:modified_time\" content=\"2025-08-18T14:24:01+00:00\" \/>\n<meta property=\"og:image\" content=\"https:\/\/risebogard.com\/wp-content\/uploads\/2022\/07\/AusreitenNatur-scaled.jpg\" \/>\n\t<meta property=\"og:image:width\" content=\"2560\" \/>\n\t<meta property=\"og:image:height\" content=\"1920\" \/>\n\t<meta property=\"og:image:type\" content=\"image\/jpeg\" \/>\n<meta name=\"twitter:card\" content=\"summary_large_image\" \/>\n<meta name=\"twitter:title\" content=\"Westernreiten in Schweden!\" \/>\n<meta name=\"twitter:description\" content=\"Westernreiten in Schweden! Wir bieten gef\u00fchrtes Reiten f\u00fcr Anf\u00e4nger sowie freie Ausritte f\u00fcr fortgeschrittene Reiter an.\" \/>\n<meta name=\"twitter:image\" content=\"https:\/\/risebogard.com\/wp-content\/uploads\/2022\/07\/AusreitenNatur-scaled.jpg\" \/>\n<meta name=\"twitter:label1\" content=\"Tempo di lettura stimato\" \/>\n\t<meta name=\"twitter:data1\" content=\"4 minuti\" \/>\n<script type=\"application\/ld+json\" class=\"yoast-schema-graph\">{\"@context\":\"https:\\\/\\\/schema.org\",\"@graph\":[{\"@type\":\"WebPage\",\"@id\":\"https:\\\/\\\/risebogard.com\\\/reiten-in-schweden\\\/\",\"url\":\"https:\\\/\\\/risebogard.com\\\/reiten-in-schweden\\\/\",\"name\":\"Reiten - Risebo\",\"isPartOf\":{\"@id\":\"https:\\\/\\\/risebogard.com\\\/#website\"},\"primaryImageOfPage\":{\"@id\":\"https:\\\/\\\/risebogard.com\\\/reiten-in-schweden\\\/#primaryimage\"},\"image\":{\"@id\":\"https:\\\/\\\/risebogard.com\\\/reiten-in-schweden\\\/#primaryimage\"},\"thumbnailUrl\":\"https:\\\/\\\/risebogard.com\\\/wp-content\\\/uploads\\\/2022\\\/07\\\/AusreitenNatur-scaled.jpg\",\"datePublished\":\"2022-07-10T09:32:30+00:00\",\"dateModified\":\"2025-08-18T14:24:01+00:00\",\"description\":\"Westernreiten in Schweden! Wir bieten gef\u00fchrtes Reiten f\u00fcr Anf\u00e4nger sowie freie Ausritte f\u00fcr fortgeschrittene Reiter an.\",\"breadcrumb\":{\"@id\":\"https:\\\/\\\/risebogard.com\\\/reiten-in-schweden\\\/#breadcrumb\"},\"inLanguage\":\"it-IT\",\"potentialAction\":[{\"@type\":\"ReadAction\",\"target\":[\"https:\\\/\\\/risebogard.com\\\/reiten-in-schweden\\\/\"]}]},{\"@type\":\"ImageObject\",\"inLanguage\":\"it-IT\",\"@id\":\"https:\\\/\\\/risebogard.com\\\/reiten-in-schweden\\\/#primaryimage\",\"url\":\"https:\\\/\\\/risebogard.com\\\/wp-content\\\/uploads\\\/2022\\\/07\\\/AusreitenNatur-scaled.jpg\",\"contentUrl\":\"https:\\\/\\\/risebogard.com\\\/wp-content\\\/uploads\\\/2022\\\/07\\\/AusreitenNatur-scaled.jpg\",\"width\":2560,\"height\":1920,\"caption\":\"gef\u00fchrte Pferde mit Kindern\"},{\"@type\":\"BreadcrumbList\",\"@id\":\"https:\\\/\\\/risebogard.com\\\/reiten-in-schweden\\\/#breadcrumb\",\"itemListElement\":[{\"@type\":\"ListItem\",\"position\":1,\"name\":\"Home\",\"item\":\"https:\\\/\\\/risebogard.com\\\/\"},{\"@type\":\"ListItem\",\"position\":2,\"name\":\"Reiten\"}]},{\"@type\":\"WebSite\",\"@id\":\"https:\\\/\\\/risebogard.com\\\/#website\",\"url\":\"https:\\\/\\\/risebogard.com\\\/\",\"name\":\"Risebo\",\"description\":\"Camping, H\u00fctten, Westernreiten, Natur pur!\",\"publisher\":{\"@id\":\"https:\\\/\\\/risebogard.com\\\/#organization\"},\"potentialAction\":[{\"@type\":\"SearchAction\",\"target\":{\"@type\":\"EntryPoint\",\"urlTemplate\":\"https:\\\/\\\/risebogard.com\\\/?s={search_term_string}\"},\"query-input\":{\"@type\":\"PropertyValueSpecification\",\"valueRequired\":true,\"valueName\":\"search_term_string\"}}],\"inLanguage\":\"it-IT\"},{\"@type\":\"Organization\",\"@id\":\"https:\\\/\\\/risebogard.com\\\/#organization\",\"name\":\"Risebo G\u00e5rd\",\"url\":\"https:\\\/\\\/risebogard.com\\\/\",\"logo\":{\"@type\":\"ImageObject\",\"inLanguage\":\"it-IT\",\"@id\":\"https:\\\/\\\/risebogard.com\\\/#\\\/schema\\\/logo\\\/image\\\/\",\"url\":\"https:\\\/\\\/risebogard.com\\\/wp-content\\\/uploads\\\/2022\\\/01\\\/risebologo.png\",\"contentUrl\":\"https:\\\/\\\/risebogard.com\\\/wp-content\\\/uploads\\\/2022\\\/01\\\/risebologo.png\",\"width\":266,\"height\":100,\"caption\":\"Risebo G\u00e5rd\"},\"image\":{\"@id\":\"https:\\\/\\\/risebogard.com\\\/#\\\/schema\\\/logo\\\/image\\\/\"},\"sameAs\":[\"https:\\\/\\\/www.facebook.com\\\/RiseboGard\"]}]}<\/script>\n<!-- \/ Yoast SEO plugin. -->","yoast_head_json":{"title":"Equitazione - Risebo","description":"Equitazione in stile western in Svezia! Offriamo passeggiate guidate per principianti e percorsi individuali per cavalieri esperti.","robots":{"index":"index","follow":"follow","max-snippet":"max-snippet:-1","max-image-preview":"max-image-preview:large","max-video-preview":"max-video-preview:-1"},"canonical":"https:\/\/risebogard.com\/it\/equitazione-in-svezia\/","og_locale":"it_IT","og_type":"article","og_title":"Westernreiten in Schweden!","og_description":"Westernreiten in Schweden! Wir bieten gef\u00fchrtes Reiten f\u00fcr Anf\u00e4nger sowie freie Ausritte f\u00fcr fortgeschrittene Reiter an.","og_url":"https:\/\/risebogard.com\/it\/equitazione-in-svezia\/","og_site_name":"Risebo","article_publisher":"https:\/\/www.facebook.com\/RiseboGard","article_modified_time":"2025-08-18T14:24:01+00:00","og_image":[{"width":2560,"height":1920,"url":"https:\/\/risebogard.com\/wp-content\/uploads\/2022\/07\/AusreitenNatur-scaled.jpg","type":"image\/jpeg"}],"twitter_card":"summary_large_image","twitter_title":"Westernreiten in Schweden!","twitter_description":"Westernreiten in Schweden! Wir bieten gef\u00fchrtes Reiten f\u00fcr Anf\u00e4nger sowie freie Ausritte f\u00fcr fortgeschrittene Reiter an.","twitter_image":"https:\/\/risebogard.com\/wp-content\/uploads\/2022\/07\/AusreitenNatur-scaled.jpg","twitter_misc":{"Tempo di lettura stimato":"4 minuti"},"schema":{"@context":"https:\/\/schema.org","@graph":[{"@type":"WebPage","@id":"https:\/\/risebogard.com\/reiten-in-schweden\/","url":"https:\/\/risebogard.com\/reiten-in-schweden\/","name":"Equitazione - Risebo","isPartOf":{"@id":"https:\/\/risebogard.com\/#website"},"primaryImageOfPage":{"@id":"https:\/\/risebogard.com\/reiten-in-schweden\/#primaryimage"},"image":{"@id":"https:\/\/risebogard.com\/reiten-in-schweden\/#primaryimage"},"thumbnailUrl":"https:\/\/risebogard.com\/wp-content\/uploads\/2022\/07\/AusreitenNatur-scaled.jpg","datePublished":"2022-07-10T09:32:30+00:00","dateModified":"2025-08-18T14:24:01+00:00","description":"Equitazione in stile western in Svezia! Offriamo passeggiate guidate per principianti e percorsi individuali per cavalieri esperti.","breadcrumb":{"@id":"https:\/\/risebogard.com\/reiten-in-schweden\/#breadcrumb"},"inLanguage":"it-IT","potentialAction":[{"@type":"ReadAction","target":["https:\/\/risebogard.com\/reiten-in-schweden\/"]}]},{"@type":"ImageObject","inLanguage":"it-IT","@id":"https:\/\/risebogard.com\/reiten-in-schweden\/#primaryimage","url":"https:\/\/risebogard.com\/wp-content\/uploads\/2022\/07\/AusreitenNatur-scaled.jpg","contentUrl":"https:\/\/risebogard.com\/wp-content\/uploads\/2022\/07\/AusreitenNatur-scaled.jpg","width":2560,"height":1920,"caption":"gef\u00fchrte Pferde mit Kindern"},{"@type":"BreadcrumbList","@id":"https:\/\/risebogard.com\/reiten-in-schweden\/#breadcrumb","itemListElement":[{"@type":"ListItem","position":1,"name":"Home","item":"https:\/\/risebogard.com\/"},{"@type":"ListItem","position":2,"name":"Reiten"}]},{"@type":"WebSite","@id":"https:\/\/risebogard.com\/#website","url":"https:\/\/risebogard.com\/","name":"Risebo","description":"Campeggio, baite, equitazione western, natura allo stato puro!","publisher":{"@id":"https:\/\/risebogard.com\/#organization"},"potentialAction":[{"@type":"SearchAction","target":{"@type":"EntryPoint","urlTemplate":"https:\/\/risebogard.com\/?s={search_term_string}"},"query-input":{"@type":"PropertyValueSpecification","valueRequired":true,"valueName":"search_term_string"}}],"inLanguage":"it-IT"},{"@type":"Organization","@id":"https:\/\/risebogard.com\/#organization","name":"Risebo G\u00e5rd","url":"https:\/\/risebogard.com\/","logo":{"@type":"ImageObject","inLanguage":"it-IT","@id":"https:\/\/risebogard.com\/#\/schema\/logo\/image\/","url":"https:\/\/risebogard.com\/wp-content\/uploads\/2022\/01\/risebologo.png","contentUrl":"https:\/\/risebogard.com\/wp-content\/uploads\/2022\/01\/risebologo.png","width":266,"height":100,"caption":"Risebo G\u00e5rd"},"image":{"@id":"https:\/\/risebogard.com\/#\/schema\/logo\/image\/"},"sameAs":["https:\/\/www.facebook.com\/RiseboGard"]}]}},"_links":{"self":[{"href":"https:\/\/risebogard.com\/it\/wp-json\/wp\/v2\/pages\/533","targetHints":{"allow":["GET"]}}],"collection":[{"href":"https:\/\/risebogard.com\/it\/wp-json\/wp\/v2\/pages"}],"about":[{"href":"https:\/\/risebogard.com\/it\/wp-json\/wp\/v2\/types\/page"}],"author":[{"embeddable":true,"href":"https:\/\/risebogard.com\/it\/wp-json\/wp\/v2\/users\/2"}],"replies":[{"embeddable":true,"href":"https:\/\/risebogard.com\/it\/wp-json\/wp\/v2\/comments?post=533"}],"version-history":[{"count":44,"href":"https:\/\/risebogard.com\/it\/wp-json\/wp\/v2\/pages\/533\/revisions"}],"predecessor-version":[{"id":1328,"href":"https:\/\/risebogard.com\/it\/wp-json\/wp\/v2\/pages\/533\/revisions\/1328"}],"wp:featuredmedia":[{"embeddable":true,"href":"https:\/\/risebogard.com\/it\/wp-json\/wp\/v2\/media\/538"}],"wp:attachment":[{"href":"https:\/\/risebogard.com\/it\/wp-json\/wp\/v2\/media?parent=533"}],"curies":[{"name":"wp","href":"https:\/\/api.w.org\/{rel}","templated":true}]}}