{"id":378,"date":"2022-05-27T12:23:55","date_gmt":"2022-05-27T10:23:55","guid":{"rendered":"https:\/\/risebogard.com\/cookie-richtlinie-eu\/"},"modified":"2022-06-22T14:35:54","modified_gmt":"2022-06-22T12:35:54","slug":"politica-sui-cookie-eu","status":"publish","type":"page","link":"https:\/\/risebogard.com\/it\/cookie-richtlinie-eu\/","title":{"rendered":"Informativa sui cookie (UE)"},"content":{"rendered":"<!-- Legal document generated by Complianz | GDPR\/CCPA Cookie Consent https:\/\/wordpress.org\/plugins\/complianz-gdpr -->\n<div id=\"cmplz-document\" class=\"cmplz-document cookie-statement cmplz-document-eu\"><p><i>Questa politica sui cookie \u00e8 stata aggiornata l&#8217;ultima volta il Marzo 16, 2025 e si applica ai cittadini e ai residenti permanenti legali dello Spazio Economico Europeo e della Svizzera.<\/i><br><\/p><h2>1. Introduzione<\/h2><p>Il nostro sito web, <a href=\"https:\/\/risebogard.com\/it\">https:\/\/risebogard.com\/it<\/a> (anche: \u201eil sito web\u201c) utilizza i cookie e altre tecnologie correlate (per comodit\u00e0 tutte le tecnologie sono definite \u201ecookie\u201c). Ho anche inserito il cookie nella terza parte del cookie. Nel documento sottostante ti informiamo sull&#039;uso dei cookie sul nostro sito web.<\/p><h2>2. Cosa sono i cookie?<\/h2><p>I cookie sono un unico file che tutte le pagine di questo sito inviano e salvano dal browser sul disco rigido del computer o di altri dispositivi. Le informazioni sono disponibili nella terza parte durante la visita.<\/p><h2>3. Cosa sono gli script?<\/h2><p>Uno script \u00e8 un tipo di codice utilizzato per la correzione funzionale e l&#039;interazione nel nostro sito. Questo codice viene eseguito sui nostri server o sul tuo dispositivo.<\/p><h2>4. Cos&#039;\u00e8 un web beacon?<\/h2><p>Un web beacon (o pixel tag) \u00e8 un piccolo elemento invisibile dal testo o dall&#039;immagine di un sito, che pu\u00f2 essere utilizzato per monitorare il traffico su un sito web. Di conseguenza, \u00e8 possibile utilizzare vari dati per preservare il web beacon.<\/p><h2>5. Biscotto<\/h2><p class=\"cmplz-subtitle\">5.1 Cookie tecnici e funzionali<\/p><p>Alcuni cookie garantiscono il corretto funzionamento del sito e la validit\u00e0 delle preferenze. I cookie sono funzionali e facilmente accessibili dal nostro sito web. In questo modo, potrai ottenere le informazioni pi\u00f9 recenti quando visiti il sito web, ad esempio, l&#039;immagine della tua auto apparir\u00e0 senza una pagina. Possiamo piazzare questo cookie senza il tuo consenso.<\/p><p class=\"cmplz-subtitle\">5.2 Statistiche dei cookie<\/p><p>Utilizza le statistiche dei cookie per determinare le informazioni sul sito web per ogni utente. Questa statistica dei cookie si basa sull&#039;utilizzo del sito web. Questa \u00e8 l&#039;unica statistica per cookie.<\/p><p class=\"cmplz-subtitle\">5.3 Cookie di marketing\/transazione<\/p><p>I cookie di marketing\/tracciamento sono cookie o quasiasi altri formati di memorizzazione locale, utilizzati per creare profili utente per visualizzare pubblicit\u00e0 o per tracciare l&#039;utente su questo sito web o su diversi siti web per scopi di marketing simili.<\/p><p class=\"cmplz-subtitle\">5.4 Social media<\/p><p>Sul nostro sito web abbiamo inserito contenuti di Facebook, WhatsApp e Instagram per promuovere pagine web (ad es. &#8222;mi piace&#8220;, &#8222;pin&#8220;) o condividerle (ad es. &#8222;tweet&#8220;) su social network come Facebook, WhatsApp e Instagram. Questo contenuto \u00e8 incorporato con codice derivato da Facebook, WhatsApp e Instagram e inserisce cookie. Questo contenuto potrebbe memorizzare ed elaborare alcune informazioni per la pubblicit\u00e0 personalizzata.<\/p><p>Leggi l&#8217;informativa sulla privacy di questi social network (che possono cambiare regolarmente) per sapere cosa fanno con i tuoi dati (personali) che processano usando questi cookie. I dati ottenuti vengono anonimizzati quanto possibile. Facebook, WhatsApp e Instagram si trovano negli Stati Uniti.<\/p><h2>6. Inserimento dei cookie<\/h2><div id=\"cmplz-cookies-overview\"><\/div><h2>7. Consenso<\/h2><p>Quando si visita il sito web per la prima volta, solitamente viene visualizzato un pop-up con la visualizzazione dei cookie. Fare clic su &quot;Salva impostazioni&quot; per poter utilizzare le categorie di cookie e plugin come descritto nel contesto del pop-up e dei cookie. Se i cookie sono disabilitati nel browser, \u00e8 necessario tenere presente che il sito web non funziona correttamente.<\/p><p class=\"cmplz-subtitle\">7.1 Gestisci le tue impostazioni di consenso<\/p><div id=\"cmplz-manage-consent-container-nojavascript\">Hai caricato la Cookie Policy senza supporto javascript.&nbsp;Su AMP, puoi usare il pulsante di gestione del consenso in fondo alla pagina.<\/div><div id=\"cmplz-manage-consent-container\" name=\"cmplz-manage-consent-container\" class=\"cmplz-manage-consent-container\"><\/div><h2>8. Abilitare\/disabilitare e cancellare i cookie<\/h2><p>\u00c8 possibile utilizzare il browser per cancellare i cookie automatici o manuali. \u00c8 anche possibile specificare che il cookie non possa essere identificato in questo modo. Un&#039;altra opzione \u00e8 quella di modificare le impostazioni del browser Internet per quanto riguarda la modalit\u00e0 di elaborazione di un messaggio o la tensione inserita in un cookie. Per ulteriori informazioni su queste opzioni, consultare le istruzioni nella sezione del browser.<\/p><p>Tieni presente che il nostro sito web potrebbe non funzionare correttamente se tutti i cookie sono disabilitati. Se cancelli il cookie nel tuo browser, ora potrai inserire le stesse informazioni quando visiterai il nuovo sito sul web.<\/p><h2>9. Mi metto in relazione con i miei dati personali<\/h2><p>Queste sono le due cose che sono relative l&#039;una all&#039;altra:<\/p><ul>\n                    <li>La direzione del sapere quando \u00e8 tutta personale \u00e8 necessaria, ma riesce finch\u00e9 dura a lungo.<\/li>\n                    <li>Diritto di accesso: hai il diritto di accedere ai tuoi dati personali dei quali siamo a conoscenza.<\/li>\n                    <li>Diritto di rettifica: hai il diritto di completare, correggere, cancellare o bloccare i tuoi dati personali quando lo desideri.<\/li>\n                    <li>Se hai il consenso a elaborare i tuoi dati personali, dovrai revocare il consenso ed eliminare i tuoi dati personali.<\/li>\n                    <li>Diritto di trasferire i tuoi dati: hai il diritto di richiedere tutti i tuoi dati dal controllore e trasferirli tutti quanti ad un altro controllore.<\/li>\n                    <li>Diritto di opposizione: hai il diritto ad opporti al trattamento dei tuoi dati. Noi rispetteremo questa scelta, a meno che non ci siano delle motivazioni valide per trattarli.<\/li>\n                <\/ul><p>Per esercitare questi diritti, non esitate a contattarci. Prima di ricevere informazioni sui dettagli della cookie policy. Se hai un reclamo su come gestiamo i tuoi dati, vorremmo sentirti, ma hai anche il diritto di presentare un reclamo all&#039;autorit\u00e0 di vigilanza (l&#039;Autorit\u00e0 per la Protezione dei Dati).<\/p><h2>10. Dettagli di contatto<\/h2><p>Per dominio e\/o commenti riguardanti la Cookie Policy e questa dichiarazione, si prega di contattare utilizzando i seguenti dati di contatto:<\/p><p><span class=\"cmplz-contact-organisation\">Risebo G\u00e5rd AB<\/span><br>\n                      <span class=\"cmplz-contact-address\">Risebo G\u00e5rd<br \/>\n594 92 Gamleby<\/span><br>\n                      <span class=\"cmplz-contact-country\">Svezia<\/span><br>\n                      <span class=\"cmplz-contact-domain\">Sito web: <a href=\"https:\/\/risebogard.com\/it\">https:\/\/risebogard.com\/it<\/a><\/span><br>\n                      <span class=\"cmplz-contact-email\">E-mail: <span class=\"cmplz-obfuscate\">&#119;&#101;b&#109;a&#115;t&#101;&#114;@<span class=\"cmplz-fmail-domain\">&#101;x&#046;&#099;&#111;&#109;<\/span>&#114;isebo&#103;&#097;&#114;d&#046;&#099;o&#109;<\/span><\/span><br>\n                    <span class=\"cmplz-contact-telephone\">Numero di telefono: +46701658020<\/span><\/p><p>Questa politica sui cookie \u00e8 stata sincronizzata con <a href=\"https:\/\/cookiedatabase.org\/\" target=\"_blank\">cookiedatabase.org<\/a> il Maggio 3, 2024.<\/p><\/div>","protected":false},"excerpt":{"rendered":"","protected":false},"author":2,"featured_media":0,"parent":0,"menu_order":0,"comment_status":"closed","ping_status":"closed","template":"","meta":{"ngg_post_thumbnail":0,"footnotes":""},"class_list":["post-378","page","type-page","status-publish","hentry"],"featured_image_src":null,"yoast_head":"<!-- This site is optimized with the Yoast SEO plugin v27.4 - https:\/\/yoast.com\/product\/yoast-seo-wordpress\/ -->\n<title>Cookie-Richtlinie (EU) - Risebo<\/title>\n<meta name=\"robots\" content=\"index, follow, max-snippet:-1, max-image-preview:large, max-video-preview:-1\" \/>\n<link rel=\"canonical\" href=\"https:\/\/risebogard.com\/it\/politica-sui-cookie-eu\/\" \/>\n<meta property=\"og:locale\" content=\"it_IT\" \/>\n<meta property=\"og:type\" content=\"article\" \/>\n<meta property=\"og:title\" content=\"Cookie-Richtlinie (EU) - Risebo\" \/>\n<meta property=\"og:url\" content=\"https:\/\/risebogard.com\/it\/politica-sui-cookie-eu\/\" \/>\n<meta property=\"og:site_name\" content=\"Risebo\" \/>\n<meta property=\"article:publisher\" content=\"https:\/\/www.facebook.com\/RiseboGard\" \/>\n<meta property=\"article:modified_time\" content=\"2022-06-22T12:35:54+00:00\" \/>\n<meta name=\"twitter:card\" content=\"summary_large_image\" \/>\n<script type=\"application\/ld+json\" class=\"yoast-schema-graph\">{\"@context\":\"https:\\\/\\\/schema.org\",\"@graph\":[{\"@type\":\"WebPage\",\"@id\":\"https:\\\/\\\/risebogard.com\\\/cookie-richtlinie-eu\\\/\",\"url\":\"https:\\\/\\\/risebogard.com\\\/cookie-richtlinie-eu\\\/\",\"name\":\"Cookie-Richtlinie (EU) - Risebo\",\"isPartOf\":{\"@id\":\"https:\\\/\\\/risebogard.com\\\/#website\"},\"datePublished\":\"2022-05-27T10:23:55+00:00\",\"dateModified\":\"2022-06-22T12:35:54+00:00\",\"breadcrumb\":{\"@id\":\"https:\\\/\\\/risebogard.com\\\/cookie-richtlinie-eu\\\/#breadcrumb\"},\"inLanguage\":\"it-IT\",\"potentialAction\":[{\"@type\":\"ReadAction\",\"target\":[\"https:\\\/\\\/risebogard.com\\\/cookie-richtlinie-eu\\\/\"]}]},{\"@type\":\"BreadcrumbList\",\"@id\":\"https:\\\/\\\/risebogard.com\\\/cookie-richtlinie-eu\\\/#breadcrumb\",\"itemListElement\":[{\"@type\":\"ListItem\",\"position\":1,\"name\":\"Home\",\"item\":\"https:\\\/\\\/risebogard.com\\\/\"},{\"@type\":\"ListItem\",\"position\":2,\"name\":\"Cookie-Richtlinie (EU)\"}]},{\"@type\":\"WebSite\",\"@id\":\"https:\\\/\\\/risebogard.com\\\/#website\",\"url\":\"https:\\\/\\\/risebogard.com\\\/\",\"name\":\"Risebo\",\"description\":\"Camping, H\u00fctten, Westernreiten, Natur pur!\",\"publisher\":{\"@id\":\"https:\\\/\\\/risebogard.com\\\/#organization\"},\"potentialAction\":[{\"@type\":\"SearchAction\",\"target\":{\"@type\":\"EntryPoint\",\"urlTemplate\":\"https:\\\/\\\/risebogard.com\\\/?s={search_term_string}\"},\"query-input\":{\"@type\":\"PropertyValueSpecification\",\"valueRequired\":true,\"valueName\":\"search_term_string\"}}],\"inLanguage\":\"it-IT\"},{\"@type\":\"Organization\",\"@id\":\"https:\\\/\\\/risebogard.com\\\/#organization\",\"name\":\"Risebo G\u00e5rd\",\"url\":\"https:\\\/\\\/risebogard.com\\\/\",\"logo\":{\"@type\":\"ImageObject\",\"inLanguage\":\"it-IT\",\"@id\":\"https:\\\/\\\/risebogard.com\\\/#\\\/schema\\\/logo\\\/image\\\/\",\"url\":\"https:\\\/\\\/risebogard.com\\\/wp-content\\\/uploads\\\/2022\\\/01\\\/risebologo.png\",\"contentUrl\":\"https:\\\/\\\/risebogard.com\\\/wp-content\\\/uploads\\\/2022\\\/01\\\/risebologo.png\",\"width\":266,\"height\":100,\"caption\":\"Risebo G\u00e5rd\"},\"image\":{\"@id\":\"https:\\\/\\\/risebogard.com\\\/#\\\/schema\\\/logo\\\/image\\\/\"},\"sameAs\":[\"https:\\\/\\\/www.facebook.com\\\/RiseboGard\"]}]}<\/script>\n<!-- \/ Yoast SEO plugin. -->","yoast_head_json":{"title":"Informativa sui cookie (UE) - Risebo","robots":{"index":"index","follow":"follow","max-snippet":"max-snippet:-1","max-image-preview":"max-image-preview:large","max-video-preview":"max-video-preview:-1"},"canonical":"https:\/\/risebogard.com\/it\/politica-sui-cookie-eu\/","og_locale":"it_IT","og_type":"article","og_title":"Cookie-Richtlinie (EU) - Risebo","og_url":"https:\/\/risebogard.com\/it\/politica-sui-cookie-eu\/","og_site_name":"Risebo","article_publisher":"https:\/\/www.facebook.com\/RiseboGard","article_modified_time":"2022-06-22T12:35:54+00:00","twitter_card":"summary_large_image","schema":{"@context":"https:\/\/schema.org","@graph":[{"@type":"WebPage","@id":"https:\/\/risebogard.com\/cookie-richtlinie-eu\/","url":"https:\/\/risebogard.com\/cookie-richtlinie-eu\/","name":"Informativa sui cookie (UE) - Risebo","isPartOf":{"@id":"https:\/\/risebogard.com\/#website"},"datePublished":"2022-05-27T10:23:55+00:00","dateModified":"2022-06-22T12:35:54+00:00","breadcrumb":{"@id":"https:\/\/risebogard.com\/cookie-richtlinie-eu\/#breadcrumb"},"inLanguage":"it-IT","potentialAction":[{"@type":"ReadAction","target":["https:\/\/risebogard.com\/cookie-richtlinie-eu\/"]}]},{"@type":"BreadcrumbList","@id":"https:\/\/risebogard.com\/cookie-richtlinie-eu\/#breadcrumb","itemListElement":[{"@type":"ListItem","position":1,"name":"Home","item":"https:\/\/risebogard.com\/"},{"@type":"ListItem","position":2,"name":"Cookie-Richtlinie (EU)"}]},{"@type":"WebSite","@id":"https:\/\/risebogard.com\/#website","url":"https:\/\/risebogard.com\/","name":"Risebo","description":"Campeggio, baite, equitazione western, natura allo stato puro!","publisher":{"@id":"https:\/\/risebogard.com\/#organization"},"potentialAction":[{"@type":"SearchAction","target":{"@type":"EntryPoint","urlTemplate":"https:\/\/risebogard.com\/?s={search_term_string}"},"query-input":{"@type":"PropertyValueSpecification","valueRequired":true,"valueName":"search_term_string"}}],"inLanguage":"it-IT"},{"@type":"Organization","@id":"https:\/\/risebogard.com\/#organization","name":"Risebo G\u00e5rd","url":"https:\/\/risebogard.com\/","logo":{"@type":"ImageObject","inLanguage":"it-IT","@id":"https:\/\/risebogard.com\/#\/schema\/logo\/image\/","url":"https:\/\/risebogard.com\/wp-content\/uploads\/2022\/01\/risebologo.png","contentUrl":"https:\/\/risebogard.com\/wp-content\/uploads\/2022\/01\/risebologo.png","width":266,"height":100,"caption":"Risebo G\u00e5rd"},"image":{"@id":"https:\/\/risebogard.com\/#\/schema\/logo\/image\/"},"sameAs":["https:\/\/www.facebook.com\/RiseboGard"]}]}},"_links":{"self":[{"href":"https:\/\/risebogard.com\/it\/wp-json\/wp\/v2\/pages\/378","targetHints":{"allow":["GET"]}}],"collection":[{"href":"https:\/\/risebogard.com\/it\/wp-json\/wp\/v2\/pages"}],"about":[{"href":"https:\/\/risebogard.com\/it\/wp-json\/wp\/v2\/types\/page"}],"author":[{"embeddable":true,"href":"https:\/\/risebogard.com\/it\/wp-json\/wp\/v2\/users\/2"}],"replies":[{"embeddable":true,"href":"https:\/\/risebogard.com\/it\/wp-json\/wp\/v2\/comments?post=378"}],"version-history":[{"count":3,"href":"https:\/\/risebogard.com\/it\/wp-json\/wp\/v2\/pages\/378\/revisions"}],"predecessor-version":[{"id":1167,"href":"https:\/\/risebogard.com\/it\/wp-json\/wp\/v2\/pages\/378\/revisions\/1167"}],"wp:attachment":[{"href":"https:\/\/risebogard.com\/it\/wp-json\/wp\/v2\/media?parent=378"}],"curies":[{"name":"wp","href":"https:\/\/api.w.org\/{rel}","templated":true}]}}