{"id":347,"date":"2022-05-22T13:58:21","date_gmt":"2022-05-22T11:58:21","guid":{"rendered":"https:\/\/risebogard.com\/?page_id=347"},"modified":"2025-06-17T21:18:45","modified_gmt":"2025-06-17T19:18:45","slug":"attivita-nei-dintorni-di-risebo","status":"publish","type":"page","link":"https:\/\/risebogard.com\/it\/aktivitaeten-rund-um-risebo\/","title":{"rendered":"Attivit\u00e0"},"content":{"rendered":"<p>Vogliamo che vi sentiate a vostro agio con noi. Risebo \u00e8 il luogo perfetto per sfuggire allo stress della vita quotidiana e dimenticare ogni preoccupazione immersi nella natura. I bambini potranno divertirsi per ore a Risebo, regalandovi il tempo di cui avete tanto bisogno per rilassarvi e distendervi.<br>Ma ci sono anche molte attivit\u00e0 a Risebo e nei dintorni, soprattutto per le persone attive. Ecco una panoramica.<\/p>\n\n\n\n<hr class=\"wp-block-separator has-css-opacity\"\/>\n\n\n\n<h2 class=\"wp-block-heading\">Attivit\u00e0 su Risebo<\/h2>\n\n\n\n<h3 class=\"wp-block-heading\">Per i bambini:<\/h3>\n\n\n\n<ul class=\"wp-block-list\">\n<li>Toelettatura cavalli e passeggiate sui pony (guidati)<\/li>\n\n\n\n<li>Piccoli animali e animali domestici come conigli, porcellini d&#039;India, cani, gatti<\/li>\n\n\n\n<li>Ping pong, basket, trampolino e altri giochi all&#039;aperto<\/li>\n\n\n\n<li>Macchinine a pedali e altri giocattoli<\/li>\n\n\n\n<li>Ampia area con ruscello, ponti e tanta natura da esplorare, dove nascondersi e giocare.<\/li>\n\n\n\n<li>Aiuta in fattoria: c&#039;\u00e8 sempre qualcosa da fare \ud83d\ude42<\/li>\n<\/ul>\n\n\n\n<h3 class=\"wp-block-heading\">Per gli adulti:<\/h3>\n\n\n\n<ul class=\"wp-block-list\">\n<li>Passeggiate a cavallo (montagna western) in splendidi ambienti naturali sui nostri cavalli islandesi e svedesi del nord<\/li>\n\n\n\n<li>Una piacevole passeggiata nel parco con salici, alberi, un ruscello, una diga e ponti.<\/li>\n\n\n\n<li>14 chilometri di sentieri per passeggiate ed escursioni da noi curati nei dintorni di Risebo, immersi in uno splendido ambiente naturale, tra boschi, prati e laghi.<\/li>\n\n\n\n<li>Molti altri sentieri nella zona<\/li>\n\n\n\n<li>Due aree barbecue, una delle quali con tettoia e panche per circa 20-30 persone.<\/li>\n\n\n\n<li>Ping pong, basket, trampolino e altri giochi all&#039;aperto<\/li>\n\n\n\n<li>Lounge \/ Sala conferenze<\/li>\n\n\n\n<li>Aiuta in fattoria: c&#039;\u00e8 sempre qualcosa da fare \ud83d\ude42<\/li>\n<\/ul>\n\n\n\n<hr class=\"wp-block-separator has-css-opacity\"\/>\n\n\n\n<h2 class=\"wp-block-heading\">Attivit\u00e0 nei dintorni di Risebo<\/h2>\n\n\n\n<figure class=\"wp-block-table is-style-stripes\"><table><tbody><tr><td>Che cosa<\/td><td>Posizione<\/td><td>Distanza in minuti<\/td><td><\/td><td>Sito web<\/td><\/tr><tr><td>Escursione<\/td><td>Risebo<\/td><td>0<\/td><td><\/td><td>Mappa escursionistica di Risebo da scaricare: <a href=\"https:\/\/risebogard.com\/public\/RiseboVandringsleder.pdf\">https:\/\/risebogard.com\/public\/RiseboVandringsleder.pdf<\/a><br><br>Mappa dei sentieri escursionistici (OpenStreetMap): <a href=\"https:\/\/osm.org\/go\/0Y5qSQto--\" target=\"_blank\" rel=\"noreferrer noopener nofollow\">https:\/\/osm.org\/go\/0Y5qSQto&#8211;<\/a><\/td><\/tr><tr><td>Escursioni in bicicletta \/ Mountain bike<\/td><td>Risebo<\/td><td>0<\/td><td><\/td><td>Noleggio biciclette in loco<br><a href=\"https:\/\/risebogard.com\/it\/campeggio\/\">https:\/\/risebogard.com\/camping\/<\/a><\/td><\/tr><tr><td>Nuotare nel lago<\/td><td>Uomo\/Soffitta<\/td><td>5<\/td><td><\/td><td>Loftern: <a href=\"https:\/\/goo.gl\/maps\/4rZrJn57HKXdX2qPA\" target=\"_blank\" rel=\"noreferrer noopener nofollow\">https:\/\/goo.gl\/maps\/4rZrJn57HKXdX2qPA<\/a><br>Uomo: <a href=\"https:\/\/goo.gl\/maps\/Lr62XKLGSFdT4esP9\" target=\"_blank\" rel=\"noreferrer noopener\">https:\/\/goo.gl\/maps\/Lr62XKLGSFdT4esP9<\/a><\/td><\/tr><tr><td>Scalata<\/td><td>kl\u00e4tterklippa<br><em>\u201eSj\u00f6\u00e4nda\u201c<\/em><\/td><td>12<\/td><td><\/td><td><a href=\"https:\/\/www.vastervikclimbing.com\/wp-content\/uploads\/2024\/03\/Sjoanda.pdf\" target=\"_blank\" rel=\"noreferrer noopener\">https:\/\/www.vastervikclimbing.com\/wp-content\/uploads\/2024\/03\/Sjoanda.pdf<\/a><br><br><a href=\"https:\/\/27crags.com\/crags\/sjoanda\" target=\"_blank\" rel=\"noreferrer noopener\">https:\/\/27crags.com\/crags\/sjoanda<\/a><br><br><a href=\"https:\/\/www.mountainproject.com\/area\/113399064\/sjoanda\" target=\"_blank\" rel=\"noreferrer noopener\">https:\/\/www.mountainproject.com\/area\/113399064\/sjoanda<\/a><br><br><a href=\"https:\/\/goo.gl\/maps\/2xkBxMnQKAJkC37c9\" target=\"_blank\" rel=\"noreferrer noopener nofollow\">https:\/\/goo.gl\/maps\/2xkBxMnQKAJkC37c9<\/a><\/td><\/tr><tr><td>Scalata<\/td><td>kl\u00e4tterklippa \u201eSilverberget\u201c<\/td><td>13<\/td><td><\/td><td><a href=\"https:\/\/www.vastervikclimbing.com\/wp-content\/uploads\/2023\/09\/Silverberget-ny-forare-23-09-01.pdf\" target=\"_blank\" rel=\"noreferrer noopener\">https:\/\/www.vastervikclimbing.com\/wp-content\/uploads\/2023\/09\/Silverberget-ny-forare-23-09-01.pdf<\/a><br><br><a href=\"https:\/\/27crags.com\/crags\/silverberget\/cragmap\" target=\"_blank\" rel=\"noreferrer noopener\">https:\/\/27crags.com\/crags\/silverberget\/cragmap<\/a><br><br><a href=\"https:\/\/www.mountainproject.com\/area\/113399127\/silverberget\" target=\"_blank\" rel=\"noreferrer noopener\">https:\/\/www.mountainproject.com\/area\/113399127\/silverberget<\/a><\/td><\/tr><tr><td>Museo industriale \u201eBruksmuseum\u201c<\/td><td>Overum<\/td><td>20<\/td><td><\/td><td><a href=\"https:\/\/www.vastervik.com\/produkt\/overums-bruksmuseum\/\" target=\"_blank\" rel=\"noreferrer noopener nofollow\">https:\/\/www.vastervik.com\/produkt\/overums-bruksmuseum\/<\/a><\/td><\/tr><tr><td>Parco dei Troll<\/td><td>Gamleby<\/td><td>25<\/td><td><\/td><td><a href=\"https:\/\/www.gamleby.se\/skulpturparken.html\" target=\"_blank\" rel=\"noreferrer noopener nofollow\">https:\/\/www.gamleby.se\/skulpturparken.html<\/a><\/td><\/tr><tr><td>laguna<\/td><td>Gamleby<\/td><td>25<\/td><td><\/td><td><\/td><\/tr><tr><td>Gite in kayak<\/td><td>Gamleby<\/td><td>25<\/td><td><\/td><td><a href=\"https:\/\/www.vastervik.se\/Uppleva-och-gora\/Idrott-motion-och-friluftsliv\/Friluftsliv-och-motion\/kajak\/\" target=\"_blank\" rel=\"noreferrer noopener nofollow\">https:\/\/www.vastervik.se\/Uppleva-och-gora\/Idrott-motion-och-friluftsliv\/Friluftsliv-och-motion\/kajak\/<\/a><\/td><\/tr><tr><td>Campo da golf<\/td><td>\u00c5tvidaberg<\/td><td>28<\/td><td><\/td><td><a href=\"https:\/\/www.atvidabergsgk.se\/\" target=\"_blank\" rel=\"noreferrer noopener nofollow\">https:\/\/www.atvidabergsgk.se\/<\/a><\/td><\/tr><tr><td>Paintball<\/td><td>\u00c5tvidaberg<\/td><td>28<\/td><td><\/td><td><a href=\"https:\/\/www.fargboll.se\/\" target=\"_blank\" rel=\"noreferrer noopener nofollow\">https:\/\/www.fargboll.se\/<\/a><\/td><\/tr><tr><td>bowling<\/td><td>\u00c5tvidaberg<\/td><td>28<\/td><td><\/td><td><a href=\"https:\/\/atvidbowl.se\/\" target=\"_blank\" rel=\"noreferrer noopener nofollow\">https:\/\/atvidbowl.se\/<\/a><\/td><\/tr><tr><td>Museo dell&#039;Industria e dell&#039;Automobile<\/td><td>\u00c5tvidaberg<\/td><td>28<\/td><td><\/td><td><a href=\"https:\/\/www.assamuseet.se\/\" target=\"_blank\" rel=\"noreferrer noopener nofollow\">https:\/\/www.assamuseet.se\/<\/a><\/td><\/tr><tr><td>Gite in canoa<\/td><td>Haglunds G\u00e5rd<\/td><td>33<\/td><td><\/td><td><a href=\"https:\/\/www.haglundsaventyr.se\/\" target=\"_blank\" rel=\"noreferrer noopener\">https:\/\/www.haglundsaventyr.se\/<\/a><\/td><\/tr><tr><td>Gite in kayak<\/td><td>V\u00e4stervik<\/td><td>40<\/td><td><\/td><td><a href=\"https:\/\/www.vastervik.com\/kajak\/\" target=\"_blank\" rel=\"noreferrer noopener nofollow\">https:\/\/www.vastervik.com\/kajak\/<\/a><\/td><\/tr><tr><td>pista di go-kart<\/td><td>V\u00e4stervik<\/td><td>44<\/td><td><\/td><td><a href=\"https:\/\/action-center.se\/\" target=\"_blank\" rel=\"noreferrer noopener nofollow\">https:\/\/action-center.se\/<\/a><\/td><\/tr><tr><td>Parco per mountain bike<\/td><td>Kisa<\/td><td>47<\/td><td><\/td><td><a href=\"https:\/\/kisamtbpark.com\/\" target=\"_blank\" rel=\"noreferrer noopener nofollow\">https:\/\/kisamtbpark.<\/a><a href=\"https:\/\/kisamtbpark.com\/\" target=\"_blank\" rel=\"noreferrer noopener\">com\/<\/a><\/td><\/tr><tr><td>Mare (Mar Baltico)<\/td><td>V\u00e4stervik<\/td><td>50<\/td><td><\/td><td><\/td><\/tr><tr><td>pista da corsa<\/td><td>Link\u00f6ping<\/td><td>51<\/td><td><\/td><td><a href=\"https:\/\/lms.se\/\" target=\"_blank\" rel=\"noreferrer noopener nofollow\">https:\/\/lms.se\/<\/a><\/td><\/tr><tr><td>Museo del ciclomotore<\/td><td>V\u00e4stervik<\/td><td>52<\/td><td><\/td><td><a href=\"http:\/\/www.veteranmoped.se\" target=\"_blank\" rel=\"noreferrer noopener nofollow\">http:\/\/www.veteranmoped.s<\/a><a href=\"http:\/\/www.veteranmoped.se\" target=\"_blank\" rel=\"noreferrer noopener\">e<\/a><\/td><\/tr><tr><td>Il mondo di Astrid Lindgren<\/td><td>Vimmerby<\/td><td>55<\/td><td><\/td><td><a href=\"https:\/\/astridlindgrensvarld.se\/\" target=\"_blank\" rel=\"noreferrer noopener\">alto<\/a><a href=\"https:\/\/astridlindgrensvarld.se\/\" target=\"_blank\" rel=\"noreferrer noopener nofollow\">tps:\/\/astridlindgrensvarld.se\/<\/a><\/td><\/tr><tr><td>parco avventura<\/td><td>Link\u00f6ping<\/td><td>55<\/td><td><\/td><td><a href=\"https:\/\/www.hamaadventures.se\/\" target=\"_blank\" rel=\"noreferrer noopener nofollow\">https:\/\/www.hamaadventures.se\/<\/a><\/td><\/tr><tr><td>Museo all&#039;aperto Gamla Link\u00f6ping\u201e<\/td><td>Link\u00f6ping<\/td><td>60<\/td><td><\/td><td><a href=\"https:\/\/www.gamlalinkoping.info\/\" target=\"_blank\" rel=\"noreferrer noopener\">https:\/\/www.gamlalinkoping.info\/<\/a><\/td><\/tr><\/tbody><\/table><\/figure>\n\n\n\n<p><\/p>","protected":false},"excerpt":{"rendered":"<p>Wir m\u00f6chten, dass Du Dich bei uns wohl f\u00fchlst. Risebo ist der perfekte Ort, um sich in der Natur vom Stress im Alltag zu erholen und alle Sorgen zu vergessen. Die Kinder k\u00f6nnen sich auf Risebo f\u00fcr Stunden selbst besch\u00e4ftigen, w\u00e4hrend Du endlich einmal Zeit f\u00fcr Dich hast und zum Entspannen.Aber gerade auch f\u00fcr aktive&#8230;<a class=\"read-more-link button\" href=\"https:\/\/risebogard.com\/it\/aktivitaeten-rund-um-risebo\/\">Read more<\/a><\/p>","protected":false},"author":2,"featured_media":0,"parent":0,"menu_order":0,"comment_status":"closed","ping_status":"closed","template":"","meta":{"ngg_post_thumbnail":0,"footnotes":""},"class_list":["post-347","page","type-page","status-publish","hentry"],"featured_image_src":null,"yoast_head":"<!-- This site is optimized with the Yoast SEO plugin v27.4 - https:\/\/yoast.com\/product\/yoast-seo-wordpress\/ -->\n<title>Aktivit\u00e4ten - Risebo<\/title>\n<meta name=\"description\" content=\"Auf und rund um Risebo stehen eine Vielzahl von Aktivit\u00e4ten bereit. F\u00fcr gutes wie auch f\u00fcr schlechtes Wetter.\" \/>\n<meta name=\"robots\" content=\"index, follow, max-snippet:-1, max-image-preview:large, max-video-preview:-1\" \/>\n<link rel=\"canonical\" href=\"https:\/\/risebogard.com\/it\/attivita-nei-dintorni-di-risebo\/\" \/>\n<meta property=\"og:locale\" content=\"it_IT\" \/>\n<meta property=\"og:type\" content=\"article\" \/>\n<meta property=\"og:title\" content=\"Aktivit\u00e4ten Rund um Risebo\" \/>\n<meta property=\"og:description\" content=\"Auf und rund um Risebo stehen eine Vielzahl von Aktivit\u00e4ten bereit. F\u00fcr gutes wie auch f\u00fcr schlechtes Wetter.\" \/>\n<meta property=\"og:url\" content=\"https:\/\/risebogard.com\/it\/attivita-nei-dintorni-di-risebo\/\" \/>\n<meta property=\"og:site_name\" content=\"Risebo\" \/>\n<meta property=\"article:publisher\" content=\"https:\/\/www.facebook.com\/RiseboGard\" \/>\n<meta property=\"article:modified_time\" content=\"2025-06-17T19:18:45+00:00\" \/>\n<meta property=\"og:image\" content=\"https:\/\/risebogard.com\/wp-content\/uploads\/2022\/05\/IMG_20220518_144607-scaled.jpg\" \/>\n\t<meta property=\"og:image:width\" content=\"2560\" \/>\n\t<meta property=\"og:image:height\" content=\"1920\" \/>\n\t<meta property=\"og:image:type\" content=\"image\/jpeg\" \/>\n<meta name=\"twitter:card\" content=\"summary_large_image\" \/>\n<meta name=\"twitter:label1\" content=\"Tempo di lettura stimato\" \/>\n\t<meta name=\"twitter:data1\" content=\"2 minuti\" \/>\n<script type=\"application\/ld+json\" class=\"yoast-schema-graph\">{\"@context\":\"https:\\\/\\\/schema.org\",\"@graph\":[{\"@type\":\"WebPage\",\"@id\":\"https:\\\/\\\/risebogard.com\\\/aktivitaeten-rund-um-risebo\\\/\",\"url\":\"https:\\\/\\\/risebogard.com\\\/aktivitaeten-rund-um-risebo\\\/\",\"name\":\"Aktivit\u00e4ten - Risebo\",\"isPartOf\":{\"@id\":\"https:\\\/\\\/risebogard.com\\\/#website\"},\"datePublished\":\"2022-05-22T11:58:21+00:00\",\"dateModified\":\"2025-06-17T19:18:45+00:00\",\"description\":\"Auf und rund um Risebo stehen eine Vielzahl von Aktivit\u00e4ten bereit. F\u00fcr gutes wie auch f\u00fcr schlechtes Wetter.\",\"breadcrumb\":{\"@id\":\"https:\\\/\\\/risebogard.com\\\/aktivitaeten-rund-um-risebo\\\/#breadcrumb\"},\"inLanguage\":\"it-IT\",\"potentialAction\":[{\"@type\":\"ReadAction\",\"target\":[\"https:\\\/\\\/risebogard.com\\\/aktivitaeten-rund-um-risebo\\\/\"]}]},{\"@type\":\"BreadcrumbList\",\"@id\":\"https:\\\/\\\/risebogard.com\\\/aktivitaeten-rund-um-risebo\\\/#breadcrumb\",\"itemListElement\":[{\"@type\":\"ListItem\",\"position\":1,\"name\":\"Home\",\"item\":\"https:\\\/\\\/risebogard.com\\\/\"},{\"@type\":\"ListItem\",\"position\":2,\"name\":\"Aktivit\u00e4ten\"}]},{\"@type\":\"WebSite\",\"@id\":\"https:\\\/\\\/risebogard.com\\\/#website\",\"url\":\"https:\\\/\\\/risebogard.com\\\/\",\"name\":\"Risebo\",\"description\":\"Camping, H\u00fctten, Westernreiten, Natur pur!\",\"publisher\":{\"@id\":\"https:\\\/\\\/risebogard.com\\\/#organization\"},\"potentialAction\":[{\"@type\":\"SearchAction\",\"target\":{\"@type\":\"EntryPoint\",\"urlTemplate\":\"https:\\\/\\\/risebogard.com\\\/?s={search_term_string}\"},\"query-input\":{\"@type\":\"PropertyValueSpecification\",\"valueRequired\":true,\"valueName\":\"search_term_string\"}}],\"inLanguage\":\"it-IT\"},{\"@type\":\"Organization\",\"@id\":\"https:\\\/\\\/risebogard.com\\\/#organization\",\"name\":\"Risebo G\u00e5rd\",\"url\":\"https:\\\/\\\/risebogard.com\\\/\",\"logo\":{\"@type\":\"ImageObject\",\"inLanguage\":\"it-IT\",\"@id\":\"https:\\\/\\\/risebogard.com\\\/#\\\/schema\\\/logo\\\/image\\\/\",\"url\":\"https:\\\/\\\/risebogard.com\\\/wp-content\\\/uploads\\\/2022\\\/01\\\/risebologo.png\",\"contentUrl\":\"https:\\\/\\\/risebogard.com\\\/wp-content\\\/uploads\\\/2022\\\/01\\\/risebologo.png\",\"width\":266,\"height\":100,\"caption\":\"Risebo G\u00e5rd\"},\"image\":{\"@id\":\"https:\\\/\\\/risebogard.com\\\/#\\\/schema\\\/logo\\\/image\\\/\"},\"sameAs\":[\"https:\\\/\\\/www.facebook.com\\\/RiseboGard\"]}]}<\/script>\n<!-- \/ Yoast SEO plugin. -->","yoast_head_json":{"title":"Attivit\u00e0 - Risebo","description":"A Risebo e nei dintorni \u00e8 possibile svolgere un&#039;ampia gamma di attivit\u00e0, sia con il bel tempo che con il maltempo.","robots":{"index":"index","follow":"follow","max-snippet":"max-snippet:-1","max-image-preview":"max-image-preview:large","max-video-preview":"max-video-preview:-1"},"canonical":"https:\/\/risebogard.com\/it\/attivita-nei-dintorni-di-risebo\/","og_locale":"it_IT","og_type":"article","og_title":"Aktivit\u00e4ten Rund um Risebo","og_description":"Auf und rund um Risebo stehen eine Vielzahl von Aktivit\u00e4ten bereit. F\u00fcr gutes wie auch f\u00fcr schlechtes Wetter.","og_url":"https:\/\/risebogard.com\/it\/attivita-nei-dintorni-di-risebo\/","og_site_name":"Risebo","article_publisher":"https:\/\/www.facebook.com\/RiseboGard","article_modified_time":"2025-06-17T19:18:45+00:00","og_image":[{"width":2560,"height":1920,"url":"https:\/\/risebogard.com\/wp-content\/uploads\/2022\/05\/IMG_20220518_144607-scaled.jpg","type":"image\/jpeg"}],"twitter_card":"summary_large_image","twitter_misc":{"Tempo di lettura stimato":"2 minuti"},"schema":{"@context":"https:\/\/schema.org","@graph":[{"@type":"WebPage","@id":"https:\/\/risebogard.com\/aktivitaeten-rund-um-risebo\/","url":"https:\/\/risebogard.com\/aktivitaeten-rund-um-risebo\/","name":"Attivit\u00e0 - Risebo","isPartOf":{"@id":"https:\/\/risebogard.com\/#website"},"datePublished":"2022-05-22T11:58:21+00:00","dateModified":"2025-06-17T19:18:45+00:00","description":"A Risebo e nei dintorni \u00e8 possibile svolgere un&#039;ampia gamma di attivit\u00e0, sia con il bel tempo che con il maltempo.","breadcrumb":{"@id":"https:\/\/risebogard.com\/aktivitaeten-rund-um-risebo\/#breadcrumb"},"inLanguage":"it-IT","potentialAction":[{"@type":"ReadAction","target":["https:\/\/risebogard.com\/aktivitaeten-rund-um-risebo\/"]}]},{"@type":"BreadcrumbList","@id":"https:\/\/risebogard.com\/aktivitaeten-rund-um-risebo\/#breadcrumb","itemListElement":[{"@type":"ListItem","position":1,"name":"Home","item":"https:\/\/risebogard.com\/"},{"@type":"ListItem","position":2,"name":"Aktivit\u00e4ten"}]},{"@type":"WebSite","@id":"https:\/\/risebogard.com\/#website","url":"https:\/\/risebogard.com\/","name":"Risebo","description":"Campeggio, baite, equitazione western, natura allo stato puro!","publisher":{"@id":"https:\/\/risebogard.com\/#organization"},"potentialAction":[{"@type":"SearchAction","target":{"@type":"EntryPoint","urlTemplate":"https:\/\/risebogard.com\/?s={search_term_string}"},"query-input":{"@type":"PropertyValueSpecification","valueRequired":true,"valueName":"search_term_string"}}],"inLanguage":"it-IT"},{"@type":"Organization","@id":"https:\/\/risebogard.com\/#organization","name":"Risebo G\u00e5rd","url":"https:\/\/risebogard.com\/","logo":{"@type":"ImageObject","inLanguage":"it-IT","@id":"https:\/\/risebogard.com\/#\/schema\/logo\/image\/","url":"https:\/\/risebogard.com\/wp-content\/uploads\/2022\/01\/risebologo.png","contentUrl":"https:\/\/risebogard.com\/wp-content\/uploads\/2022\/01\/risebologo.png","width":266,"height":100,"caption":"Risebo G\u00e5rd"},"image":{"@id":"https:\/\/risebogard.com\/#\/schema\/logo\/image\/"},"sameAs":["https:\/\/www.facebook.com\/RiseboGard"]}]}},"_links":{"self":[{"href":"https:\/\/risebogard.com\/it\/wp-json\/wp\/v2\/pages\/347","targetHints":{"allow":["GET"]}}],"collection":[{"href":"https:\/\/risebogard.com\/it\/wp-json\/wp\/v2\/pages"}],"about":[{"href":"https:\/\/risebogard.com\/it\/wp-json\/wp\/v2\/types\/page"}],"author":[{"embeddable":true,"href":"https:\/\/risebogard.com\/it\/wp-json\/wp\/v2\/users\/2"}],"replies":[{"embeddable":true,"href":"https:\/\/risebogard.com\/it\/wp-json\/wp\/v2\/comments?post=347"}],"version-history":[{"count":38,"href":"https:\/\/risebogard.com\/it\/wp-json\/wp\/v2\/pages\/347\/revisions"}],"predecessor-version":[{"id":1298,"href":"https:\/\/risebogard.com\/it\/wp-json\/wp\/v2\/pages\/347\/revisions\/1298"}],"wp:attachment":[{"href":"https:\/\/risebogard.com\/it\/wp-json\/wp\/v2\/media?parent=347"}],"curies":[{"name":"wp","href":"https:\/\/api.w.org\/{rel}","templated":true}]}}