{"id":287,"date":"2022-05-16T19:57:26","date_gmt":"2022-05-16T17:57:26","guid":{"rendered":"https:\/\/risebogard.com\/?page_id=287"},"modified":"2023-06-28T14:23:55","modified_gmt":"2023-06-28T12:23:55","slug":"i-nostri-animali-cavalli-piccoli-animali","status":"publish","type":"page","link":"https:\/\/risebogard.com\/it\/unsere-tiere-pferde-kleintiere\/","title":{"rendered":"Animali"},"content":{"rendered":"<h2 class=\"wp-block-heading\">Gli animali e il loro effetto su di noi umani<\/h2>\n\n\n\n<p>Per noi umani, e soprattutto per i bambini, il contatto con gli animali \u00e8 inestimabile. Ci permette di dimenticare lo stress della vita quotidiana, donandoci pace e relax. I cavalli e gli animali domestici come i cani ci incoraggiano a uscire e fare un po&#039; di esercizio. Interagire con loro porta molta gioia e promuove abilit\u00e0 sociali come responsabilit\u00e0, considerazione e disponibilit\u00e0. Anche i piccoli animali spesso fungono da consolatori e confidenti per i bambini, ascoltandoli sempre. Gli animali sono sensibili, percepiscono e reagiscono agli stati d&#039;animo umani. Il loro calore e la loro calma possono trasmettere immediatamente fiducia e rassicurazione.<\/p>\n\n\n\n<hr class=\"wp-block-separator has-css-opacity\"\/>\n\n\n\n<h2 class=\"wp-block-heading\">I nostri animali<\/h2>\n\n\n\n<h3 class=\"wp-block-heading\">cavalli<\/h3>\n\n\n\n<h4 class=\"wp-block-heading\">Cenno<\/h4>\n\n\n\n<figure class=\"wp-block-image size-large\"><img loading=\"lazy\" decoding=\"async\" width=\"1024\" height=\"768\" src=\"https:\/\/risebogard.com\/wp-content\/uploads\/2022\/05\/IMG_20220515_152607_923-1024x768.jpg\" alt=\"Cavalli (Nicke)\" class=\"wp-image-288\" srcset=\"https:\/\/risebogard.com\/wp-content\/uploads\/2022\/05\/IMG_20220515_152607_923-1024x768.jpg 1024w, https:\/\/risebogard.com\/wp-content\/uploads\/2022\/05\/IMG_20220515_152607_923-300x225.jpg 300w, https:\/\/risebogard.com\/wp-content\/uploads\/2022\/05\/IMG_20220515_152607_923-768x576.jpg 768w, https:\/\/risebogard.com\/wp-content\/uploads\/2022\/05\/IMG_20220515_152607_923-1536x1152.jpg 1536w, https:\/\/risebogard.com\/wp-content\/uploads\/2022\/05\/IMG_20220515_152607_923-2048x1536.jpg 2048w\" sizes=\"auto, (max-width: 1024px) 100vw, 1024px\" \/><\/figure>\n\n\n\n<p>Nicke \u00e8 il capobranco del nostro piccolo branco, che guida con il suo fascino accattivante e la sua compostezza. Sebbene sia molto grande e forte, tutti, grandi e piccini, si innamorano immediatamente di lui.<\/p>\n\n\n\n<p><\/p>\n\n\n\n<hr class=\"wp-block-separator has-css-opacity\"\/>\n\n\n\n<h4 class=\"wp-block-heading\">Lucas<\/h4>\n\n\n\n<figure class=\"wp-block-image size-large\"><img loading=\"lazy\" decoding=\"async\" width=\"1024\" height=\"768\" src=\"https:\/\/risebogard.com\/wp-content\/uploads\/2022\/05\/IMG_20220515_152454_963-1024x768.jpg\" alt=\"Cavallo (Lucas)\" class=\"wp-image-292\" srcset=\"https:\/\/risebogard.com\/wp-content\/uploads\/2022\/05\/IMG_20220515_152454_963-1024x768.jpg 1024w, https:\/\/risebogard.com\/wp-content\/uploads\/2022\/05\/IMG_20220515_152454_963-300x225.jpg 300w, https:\/\/risebogard.com\/wp-content\/uploads\/2022\/05\/IMG_20220515_152454_963-768x576.jpg 768w, https:\/\/risebogard.com\/wp-content\/uploads\/2022\/05\/IMG_20220515_152454_963-1536x1152.jpg 1536w, https:\/\/risebogard.com\/wp-content\/uploads\/2022\/05\/IMG_20220515_152454_963-2048x1536.jpg 2048w\" sizes=\"auto, (max-width: 1024px) 100vw, 1024px\" \/><\/figure>\n\n\n\n<p>Lucas \u00e8 un vecchio amico di Nicke e trascorre la pensione a Risebo. \u00c8 la star segreta della fattoria, poich\u00e9 spesso vaga liberamente per la propriet\u00e0 e a volte visita anche l&#039;area campeggio, che \u00e8 sempre un momento clou, soprattutto per i nostri ospiti pi\u00f9 giovani.<\/p>\n\n\n\n<hr class=\"wp-block-separator has-alpha-channel-opacity\"\/>\n\n\n\n<h4 class=\"wp-block-heading\">Frodi<\/h4>\n\n\n\n<figure class=\"wp-block-image size-large is-style-default\"><img loading=\"lazy\" decoding=\"async\" width=\"1024\" height=\"768\" src=\"https:\/\/risebogard.com\/wp-content\/uploads\/2022\/07\/signal-2022-07-09-154748_003-1024x768.jpeg\" alt=\"cavallo islandese\" class=\"wp-image-519\" srcset=\"https:\/\/risebogard.com\/wp-content\/uploads\/2022\/07\/signal-2022-07-09-154748_003-1024x768.jpeg 1024w, https:\/\/risebogard.com\/wp-content\/uploads\/2022\/07\/signal-2022-07-09-154748_003-300x225.jpeg 300w, https:\/\/risebogard.com\/wp-content\/uploads\/2022\/07\/signal-2022-07-09-154748_003-768x576.jpeg 768w, https:\/\/risebogard.com\/wp-content\/uploads\/2022\/07\/signal-2022-07-09-154748_003-1536x1152.jpeg 1536w, https:\/\/risebogard.com\/wp-content\/uploads\/2022\/07\/signal-2022-07-09-154748_003.jpeg 2048w\" sizes=\"auto, (max-width: 1024px) 100vw, 1024px\" \/><\/figure>\n\n\n\n<p>Il nostro cavallo islandese Frodi \u00e8 molto docile e sensibile. \u00c8 perfetto per i bambini, ma non ha problemi a portare in braccio anche gli adulti.<\/p>\n\n\n\n<hr class=\"wp-block-separator has-alpha-channel-opacity\"\/>\n\n\n\n<h2 class=\"wp-block-heading\">Donkey Is-Ah e Yum-Yum<\/h2>\n\n\n\n<figure class=\"wp-block-image size-large\"><img loading=\"lazy\" decoding=\"async\" width=\"1024\" height=\"768\" src=\"https:\/\/risebogard.com\/wp-content\/uploads\/2023\/06\/Esel-1024x768.jpeg\" alt=\"\" class=\"wp-image-960\" srcset=\"https:\/\/risebogard.com\/wp-content\/uploads\/2023\/06\/Esel-1024x768.jpeg 1024w, https:\/\/risebogard.com\/wp-content\/uploads\/2023\/06\/Esel-300x225.jpeg 300w, https:\/\/risebogard.com\/wp-content\/uploads\/2023\/06\/Esel-768x576.jpeg 768w, https:\/\/risebogard.com\/wp-content\/uploads\/2023\/06\/Esel-1536x1152.jpeg 1536w, https:\/\/risebogard.com\/wp-content\/uploads\/2023\/06\/Esel-16x12.jpeg 16w, https:\/\/risebogard.com\/wp-content\/uploads\/2023\/06\/Esel.jpeg 1600w\" sizes=\"auto, (max-width: 1024px) 100vw, 1024px\" \/><\/figure>\n\n\n\n<p>Il nostro asino Is-Ah \u00e8 molto dolce e adatto a essere cavalcato e condotto dai bambini piccoli.<br>Yum-Yum \u00e8 ancora giovane e testardo, come \u00e8 tipico degli asini.<br>\u00c8 molto probabile che quando visiterai la stalla verrai accolto da un forte &quot;hee-haw&quot;!<\/p>\n\n\n\n<hr class=\"wp-block-separator has-css-opacity\"\/>\n\n\n\n<figure class=\"wp-block-image size-large\"><img loading=\"lazy\" decoding=\"async\" width=\"1024\" height=\"768\" src=\"https:\/\/risebogard.com\/wp-content\/uploads\/2022\/05\/signal-2022-05-09-152754_001-1024x768.jpeg\" alt=\"Cavalli in fase di toelettatura\" class=\"wp-image-294\" srcset=\"https:\/\/risebogard.com\/wp-content\/uploads\/2022\/05\/signal-2022-05-09-152754_001-1024x768.jpeg 1024w, https:\/\/risebogard.com\/wp-content\/uploads\/2022\/05\/signal-2022-05-09-152754_001-300x225.jpeg 300w, https:\/\/risebogard.com\/wp-content\/uploads\/2022\/05\/signal-2022-05-09-152754_001-768x576.jpeg 768w, https:\/\/risebogard.com\/wp-content\/uploads\/2022\/05\/signal-2022-05-09-152754_001-1536x1152.jpeg 1536w, https:\/\/risebogard.com\/wp-content\/uploads\/2022\/05\/signal-2022-05-09-152754_001.jpeg 2048w\" sizes=\"auto, (max-width: 1024px) 100vw, 1024px\" \/><\/figure>\n\n\n\n<p>I nostri cavalli sono tutti molto docili e amano essere strigliati e, naturalmente, cavalcati dai bambini. Risebo ha i suoi percorsi dedicati che consentono di condurli in sicurezza, senza traffico.<\/p>\n\n\n\n<hr class=\"wp-block-separator has-css-opacity is-style-default\"\/>\n\n\n\n<h3 class=\"wp-block-heading\">Piccoli animali<\/h3>\n\n\n\n<h4 class=\"wp-block-heading\">Conigli<\/h4>\n\n\n\n<figure class=\"wp-block-image size-large\"><img loading=\"lazy\" decoding=\"async\" width=\"1024\" height=\"768\" src=\"https:\/\/risebogard.com\/wp-content\/uploads\/2022\/05\/IMG_20220515_161212_079-1024x768.jpg\" alt=\"Conigli che mangiano\" class=\"wp-image-295\" srcset=\"https:\/\/risebogard.com\/wp-content\/uploads\/2022\/05\/IMG_20220515_161212_079-1024x768.jpg 1024w, https:\/\/risebogard.com\/wp-content\/uploads\/2022\/05\/IMG_20220515_161212_079-300x225.jpg 300w, https:\/\/risebogard.com\/wp-content\/uploads\/2022\/05\/IMG_20220515_161212_079-768x576.jpg 768w, https:\/\/risebogard.com\/wp-content\/uploads\/2022\/05\/IMG_20220515_161212_079-1536x1152.jpg 1536w, https:\/\/risebogard.com\/wp-content\/uploads\/2022\/05\/IMG_20220515_161212_079-2048x1536.jpg 2048w\" sizes=\"auto, (max-width: 1024px) 100vw, 1024px\" \/><\/figure>\n\n\n\n<hr class=\"wp-block-separator has-css-opacity\"\/>\n\n\n\n<h4 class=\"wp-block-heading\">Porcellini d&#039;India<\/h4>\n\n\n\n<figure class=\"wp-block-image size-large\"><img loading=\"lazy\" decoding=\"async\" width=\"768\" height=\"1024\" src=\"https:\/\/risebogard.com\/wp-content\/uploads\/2022\/05\/IMG_20220515_160806_853-768x1024.jpg\" alt=\"Porcellini d&#039;India nella stalla\" class=\"wp-image-297\" srcset=\"https:\/\/risebogard.com\/wp-content\/uploads\/2022\/05\/IMG_20220515_160806_853-768x1024.jpg 768w, https:\/\/risebogard.com\/wp-content\/uploads\/2022\/05\/IMG_20220515_160806_853-225x300.jpg 225w, https:\/\/risebogard.com\/wp-content\/uploads\/2022\/05\/IMG_20220515_160806_853-1152x1536.jpg 1152w, https:\/\/risebogard.com\/wp-content\/uploads\/2022\/05\/IMG_20220515_160806_853-1536x2048.jpg 1536w, https:\/\/risebogard.com\/wp-content\/uploads\/2022\/05\/IMG_20220515_160806_853-scaled.jpg 1920w\" sizes=\"auto, (max-width: 768px) 100vw, 768px\" \/><\/figure>\n\n\n\n<hr class=\"wp-block-separator has-css-opacity\"\/>\n\n\n\n<h3 class=\"wp-block-heading\">animali domestici<\/h3>\n\n\n\n<h4 class=\"wp-block-heading\">cani<\/h4>\n\n\n\n<figure class=\"wp-block-image size-large\"><img loading=\"lazy\" decoding=\"async\" width=\"1024\" height=\"768\" src=\"https:\/\/risebogard.com\/wp-content\/uploads\/2022\/05\/PXL_20220516_161857475.MP_-1024x768.jpg\" alt=\"i nostri cani (Emmy e Ida)\" class=\"wp-image-299\" srcset=\"https:\/\/risebogard.com\/wp-content\/uploads\/2022\/05\/PXL_20220516_161857475.MP_-1024x768.jpg 1024w, https:\/\/risebogard.com\/wp-content\/uploads\/2022\/05\/PXL_20220516_161857475.MP_-300x225.jpg 300w, https:\/\/risebogard.com\/wp-content\/uploads\/2022\/05\/PXL_20220516_161857475.MP_-768x576.jpg 768w, https:\/\/risebogard.com\/wp-content\/uploads\/2022\/05\/PXL_20220516_161857475.MP_-1536x1152.jpg 1536w, https:\/\/risebogard.com\/wp-content\/uploads\/2022\/05\/PXL_20220516_161857475.MP_-2048x1536.jpg 2048w\" sizes=\"auto, (max-width: 1024px) 100vw, 1024px\" \/><\/figure>\n\n\n\n<p>I nostri cani Emmy e Ida. Sono i guardiani della fattoria, ma hanno un grande cuore per i bambini.<\/p>\n\n\n\n<hr class=\"wp-block-separator has-css-opacity\"\/>\n\n\n\n<h4 class=\"wp-block-heading\">gatti<\/h4>\n\n\n\n<figure class=\"wp-block-image size-large is-resized\"><img loading=\"lazy\" decoding=\"async\" src=\"https:\/\/risebogard.com\/wp-content\/uploads\/2022\/05\/PXL_20220516_161117724-768x1024.jpg\" alt=\"il nostro gatto Hugo\" class=\"wp-image-300\" width=\"768\" height=\"1024\" srcset=\"https:\/\/risebogard.com\/wp-content\/uploads\/2022\/05\/PXL_20220516_161117724-768x1024.jpg 768w, https:\/\/risebogard.com\/wp-content\/uploads\/2022\/05\/PXL_20220516_161117724-225x300.jpg 225w, https:\/\/risebogard.com\/wp-content\/uploads\/2022\/05\/PXL_20220516_161117724-1152x1536.jpg 1152w, https:\/\/risebogard.com\/wp-content\/uploads\/2022\/05\/PXL_20220516_161117724-1536x2048.jpg 1536w, https:\/\/risebogard.com\/wp-content\/uploads\/2022\/05\/PXL_20220516_161117724-scaled.jpg 1920w\" sizes=\"auto, (max-width: 768px) 100vw, 768px\" \/><\/figure>\n\n\n\n<p>Hugo \u00e8 un vero gatto selvatico e scompare nella natura selvaggia per mesi interi. Sebbene sia stato dato per morto pi\u00f9 volte, \u00e8 sempre ricomparso.<\/p>\n\n\n\n<hr class=\"wp-block-separator has-css-opacity\"\/>\n\n\n\n<figure class=\"wp-block-image size-large\"><img loading=\"lazy\" decoding=\"async\" width=\"1024\" height=\"768\" src=\"https:\/\/risebogard.com\/wp-content\/uploads\/2022\/05\/IMG_20220128_110429-1024x768.jpg\" alt=\"il nostro gatto Willy\" class=\"wp-image-301\" srcset=\"https:\/\/risebogard.com\/wp-content\/uploads\/2022\/05\/IMG_20220128_110429-1024x768.jpg 1024w, https:\/\/risebogard.com\/wp-content\/uploads\/2022\/05\/IMG_20220128_110429-300x225.jpg 300w, https:\/\/risebogard.com\/wp-content\/uploads\/2022\/05\/IMG_20220128_110429-768x576.jpg 768w, https:\/\/risebogard.com\/wp-content\/uploads\/2022\/05\/IMG_20220128_110429-1536x1152.jpg 1536w, https:\/\/risebogard.com\/wp-content\/uploads\/2022\/05\/IMG_20220128_110429-2048x1536.jpg 2048w\" sizes=\"auto, (max-width: 1024px) 100vw, 1024px\" \/><\/figure>\n\n\n\n<p>Willy \u00e8 un giovane gatto maschio che di solito si trova da qualche parte a Risebo con la sua ragazza Lille Katt. Ama arrampicarsi sugli alberi.<\/p>\n\n\n\n<hr class=\"wp-block-separator has-css-opacity\"\/>\n\n\n\n<figure class=\"wp-block-image size-large\"><img loading=\"lazy\" decoding=\"async\" width=\"1024\" height=\"768\" src=\"https:\/\/risebogard.com\/wp-content\/uploads\/2022\/05\/PXL_20220516_161533483-1024x768.jpg\" alt=\"il nostro gatto Lille Katt\" class=\"wp-image-302\" srcset=\"https:\/\/risebogard.com\/wp-content\/uploads\/2022\/05\/PXL_20220516_161533483-1024x768.jpg 1024w, https:\/\/risebogard.com\/wp-content\/uploads\/2022\/05\/PXL_20220516_161533483-300x225.jpg 300w, https:\/\/risebogard.com\/wp-content\/uploads\/2022\/05\/PXL_20220516_161533483-768x576.jpg 768w, https:\/\/risebogard.com\/wp-content\/uploads\/2022\/05\/PXL_20220516_161533483-1536x1152.jpg 1536w, https:\/\/risebogard.com\/wp-content\/uploads\/2022\/05\/PXL_20220516_161533483-2048x1536.jpg 2048w\" sizes=\"auto, (max-width: 1024px) 100vw, 1024px\" \/><\/figure>\n\n\n\n<p>Lille Katt \u00e8 la fidanzata di Willy e si gode la natura di Risebo dopo aver vissuto in un appartamento in citt\u00e0.<\/p>\n\n\n\n<hr class=\"wp-block-separator has-css-opacity\"\/>\n\n\n\n<h2 class=\"wp-block-heading\">Il tuo animale domestico su Risebo<\/h2>\n\n\n\n<p>Se desiderate portare il vostro cane o altri animali a Risebo, vi preghiamo di comunicarcelo al momento della prenotazione. Questo ci permetter\u00e0 di assicurarci che tutto ci\u00f2 di cui avete bisogno sia pronto al vostro arrivo.<\/p>","protected":false},"excerpt":{"rendered":"<p>Tiere und Ihre Wirkung auf uns Menschen F\u00fcr uns Menschen und insbesondere Kinder ist der Kontakt zu Tieren sehr wertvoll. Er l\u00e4sst uns den Alltag vergessen, bringt Ruhe und Entspannung. Pferde und Haustiere wie Hunde bringen uns dazu rauszugehen und uns zu bewegen. Der Umgang mit ihnen bereitet dabei viel Freunde und f\u00f6rdert Sozialkompetenzen wie&#8230;<a class=\"read-more-link button\" href=\"https:\/\/risebogard.com\/it\/unsere-tiere-pferde-kleintiere\/\">Read more<\/a><\/p>","protected":false},"author":2,"featured_media":873,"parent":0,"menu_order":0,"comment_status":"closed","ping_status":"closed","template":"","meta":{"ngg_post_thumbnail":0,"footnotes":""},"class_list":["post-287","page","type-page","status-publish","has-post-thumbnail","hentry"],"featured_image_src":"https:\/\/risebogard.com\/wp-content\/uploads\/2023\/05\/PXL_20220822_172352580-1-scaled.jpg","yoast_head":"<!-- This site is optimized with the Yoast SEO plugin v27.4 - https:\/\/yoast.com\/product\/yoast-seo-wordpress\/ -->\n<title>Tiere - Risebo<\/title>\n<meta name=\"description\" content=\"Der Kontakt mit Pferden, Kleintieren und Haustieren l\u00e4sst uns den Alltag vergessen, bringt Ruhe und Entspannung.\" \/>\n<meta name=\"robots\" content=\"index, follow, max-snippet:-1, max-image-preview:large, max-video-preview:-1\" \/>\n<link rel=\"canonical\" href=\"https:\/\/risebogard.com\/it\/i-nostri-animali-cavalli-piccoli-animali\/\" \/>\n<meta property=\"og:locale\" content=\"it_IT\" \/>\n<meta property=\"og:type\" content=\"article\" \/>\n<meta property=\"og:title\" content=\"Unsere Tiere\" \/>\n<meta property=\"og:description\" content=\"F\u00fcr uns Menschen ist der Kontakt zu Tieren sehr wertvoll. Er l\u00e4sst uns den Alltag vergessen, bringt Ruhe und Entspannung.Der Kontakt mit Pferden, Kleintieren und Haustieren l\u00e4sst uns den Alltag vergessen, bringt Ruhe und Entspannung.\" \/>\n<meta property=\"og:url\" content=\"https:\/\/risebogard.com\/it\/i-nostri-animali-cavalli-piccoli-animali\/\" \/>\n<meta property=\"og:site_name\" content=\"Risebo\" \/>\n<meta property=\"article:publisher\" content=\"https:\/\/www.facebook.com\/RiseboGard\" \/>\n<meta property=\"article:modified_time\" content=\"2023-06-28T12:23:55+00:00\" \/>\n<meta property=\"og:image\" content=\"https:\/\/risebogard.com\/wp-content\/uploads\/2022\/05\/IMG_20220515_152926_188-2-scaled.jpg\" \/>\n\t<meta property=\"og:image:width\" content=\"1920\" \/>\n\t<meta property=\"og:image:height\" content=\"2560\" \/>\n\t<meta property=\"og:image:type\" content=\"image\/jpeg\" \/>\n<meta name=\"twitter:card\" content=\"summary_large_image\" \/>\n<meta name=\"twitter:title\" content=\"Unsere Tiere\" \/>\n<meta name=\"twitter:description\" content=\"Der Kontakt mit Pferden, Kleintieren und Haustieren l\u00e4sst uns den Alltag vergessen, bringt Ruhe und Entspannung.\" \/>\n<meta name=\"twitter:image\" content=\"https:\/\/risebogard.com\/wp-content\/uploads\/2022\/05\/IMG_20220515_152926_188-2-scaled.jpg\" \/>\n<meta name=\"twitter:label1\" content=\"Tempo di lettura stimato\" \/>\n\t<meta name=\"twitter:data1\" content=\"5 minuti\" \/>\n<script type=\"application\/ld+json\" class=\"yoast-schema-graph\">{\"@context\":\"https:\\\/\\\/schema.org\",\"@graph\":[{\"@type\":\"WebPage\",\"@id\":\"https:\\\/\\\/risebogard.com\\\/unsere-tiere-pferde-kleintiere\\\/\",\"url\":\"https:\\\/\\\/risebogard.com\\\/unsere-tiere-pferde-kleintiere\\\/\",\"name\":\"Tiere - Risebo\",\"isPartOf\":{\"@id\":\"https:\\\/\\\/risebogard.com\\\/#website\"},\"primaryImageOfPage\":{\"@id\":\"https:\\\/\\\/risebogard.com\\\/unsere-tiere-pferde-kleintiere\\\/#primaryimage\"},\"image\":{\"@id\":\"https:\\\/\\\/risebogard.com\\\/unsere-tiere-pferde-kleintiere\\\/#primaryimage\"},\"thumbnailUrl\":\"https:\\\/\\\/risebogard.com\\\/wp-content\\\/uploads\\\/2023\\\/05\\\/PXL_20220822_172352580-1-scaled.jpg\",\"datePublished\":\"2022-05-16T17:57:26+00:00\",\"dateModified\":\"2023-06-28T12:23:55+00:00\",\"description\":\"Der Kontakt mit Pferden, Kleintieren und Haustieren l\u00e4sst uns den Alltag vergessen, bringt Ruhe und Entspannung.\",\"breadcrumb\":{\"@id\":\"https:\\\/\\\/risebogard.com\\\/unsere-tiere-pferde-kleintiere\\\/#breadcrumb\"},\"inLanguage\":\"it-IT\",\"potentialAction\":[{\"@type\":\"ReadAction\",\"target\":[\"https:\\\/\\\/risebogard.com\\\/unsere-tiere-pferde-kleintiere\\\/\"]}]},{\"@type\":\"ImageObject\",\"inLanguage\":\"it-IT\",\"@id\":\"https:\\\/\\\/risebogard.com\\\/unsere-tiere-pferde-kleintiere\\\/#primaryimage\",\"url\":\"https:\\\/\\\/risebogard.com\\\/wp-content\\\/uploads\\\/2023\\\/05\\\/PXL_20220822_172352580-1-scaled.jpg\",\"contentUrl\":\"https:\\\/\\\/risebogard.com\\\/wp-content\\\/uploads\\\/2023\\\/05\\\/PXL_20220822_172352580-1-scaled.jpg\",\"width\":1920,\"height\":2560},{\"@type\":\"BreadcrumbList\",\"@id\":\"https:\\\/\\\/risebogard.com\\\/unsere-tiere-pferde-kleintiere\\\/#breadcrumb\",\"itemListElement\":[{\"@type\":\"ListItem\",\"position\":1,\"name\":\"Home\",\"item\":\"https:\\\/\\\/risebogard.com\\\/\"},{\"@type\":\"ListItem\",\"position\":2,\"name\":\"Tiere\"}]},{\"@type\":\"WebSite\",\"@id\":\"https:\\\/\\\/risebogard.com\\\/#website\",\"url\":\"https:\\\/\\\/risebogard.com\\\/\",\"name\":\"Risebo\",\"description\":\"Camping, H\u00fctten, Westernreiten, Natur pur!\",\"publisher\":{\"@id\":\"https:\\\/\\\/risebogard.com\\\/#organization\"},\"potentialAction\":[{\"@type\":\"SearchAction\",\"target\":{\"@type\":\"EntryPoint\",\"urlTemplate\":\"https:\\\/\\\/risebogard.com\\\/?s={search_term_string}\"},\"query-input\":{\"@type\":\"PropertyValueSpecification\",\"valueRequired\":true,\"valueName\":\"search_term_string\"}}],\"inLanguage\":\"it-IT\"},{\"@type\":\"Organization\",\"@id\":\"https:\\\/\\\/risebogard.com\\\/#organization\",\"name\":\"Risebo G\u00e5rd\",\"url\":\"https:\\\/\\\/risebogard.com\\\/\",\"logo\":{\"@type\":\"ImageObject\",\"inLanguage\":\"it-IT\",\"@id\":\"https:\\\/\\\/risebogard.com\\\/#\\\/schema\\\/logo\\\/image\\\/\",\"url\":\"https:\\\/\\\/risebogard.com\\\/wp-content\\\/uploads\\\/2022\\\/01\\\/risebologo.png\",\"contentUrl\":\"https:\\\/\\\/risebogard.com\\\/wp-content\\\/uploads\\\/2022\\\/01\\\/risebologo.png\",\"width\":266,\"height\":100,\"caption\":\"Risebo G\u00e5rd\"},\"image\":{\"@id\":\"https:\\\/\\\/risebogard.com\\\/#\\\/schema\\\/logo\\\/image\\\/\"},\"sameAs\":[\"https:\\\/\\\/www.facebook.com\\\/RiseboGard\"]}]}<\/script>\n<!-- \/ Yoast SEO plugin. -->","yoast_head_json":{"title":"Animali - Risebo","description":"Il contatto con cavalli, piccoli animali e animali domestici ci permette di dimenticare la quotidianit\u00e0, portando pace e relax.","robots":{"index":"index","follow":"follow","max-snippet":"max-snippet:-1","max-image-preview":"max-image-preview:large","max-video-preview":"max-video-preview:-1"},"canonical":"https:\/\/risebogard.com\/it\/i-nostri-animali-cavalli-piccoli-animali\/","og_locale":"it_IT","og_type":"article","og_title":"Unsere Tiere","og_description":"F\u00fcr uns Menschen ist der Kontakt zu Tieren sehr wertvoll. Er l\u00e4sst uns den Alltag vergessen, bringt Ruhe und Entspannung.Der Kontakt mit Pferden, Kleintieren und Haustieren l\u00e4sst uns den Alltag vergessen, bringt Ruhe und Entspannung.","og_url":"https:\/\/risebogard.com\/it\/i-nostri-animali-cavalli-piccoli-animali\/","og_site_name":"Risebo","article_publisher":"https:\/\/www.facebook.com\/RiseboGard","article_modified_time":"2023-06-28T12:23:55+00:00","og_image":[{"width":1920,"height":2560,"url":"https:\/\/risebogard.com\/wp-content\/uploads\/2022\/05\/IMG_20220515_152926_188-2-scaled.jpg","type":"image\/jpeg"}],"twitter_card":"summary_large_image","twitter_title":"Unsere Tiere","twitter_description":"Der Kontakt mit Pferden, Kleintieren und Haustieren l\u00e4sst uns den Alltag vergessen, bringt Ruhe und Entspannung.","twitter_image":"https:\/\/risebogard.com\/wp-content\/uploads\/2022\/05\/IMG_20220515_152926_188-2-scaled.jpg","twitter_misc":{"Tempo di lettura stimato":"5 minuti"},"schema":{"@context":"https:\/\/schema.org","@graph":[{"@type":"WebPage","@id":"https:\/\/risebogard.com\/unsere-tiere-pferde-kleintiere\/","url":"https:\/\/risebogard.com\/unsere-tiere-pferde-kleintiere\/","name":"Animali - Risebo","isPartOf":{"@id":"https:\/\/risebogard.com\/#website"},"primaryImageOfPage":{"@id":"https:\/\/risebogard.com\/unsere-tiere-pferde-kleintiere\/#primaryimage"},"image":{"@id":"https:\/\/risebogard.com\/unsere-tiere-pferde-kleintiere\/#primaryimage"},"thumbnailUrl":"https:\/\/risebogard.com\/wp-content\/uploads\/2023\/05\/PXL_20220822_172352580-1-scaled.jpg","datePublished":"2022-05-16T17:57:26+00:00","dateModified":"2023-06-28T12:23:55+00:00","description":"Il contatto con cavalli, piccoli animali e animali domestici ci permette di dimenticare la quotidianit\u00e0, portando pace e relax.","breadcrumb":{"@id":"https:\/\/risebogard.com\/unsere-tiere-pferde-kleintiere\/#breadcrumb"},"inLanguage":"it-IT","potentialAction":[{"@type":"ReadAction","target":["https:\/\/risebogard.com\/unsere-tiere-pferde-kleintiere\/"]}]},{"@type":"ImageObject","inLanguage":"it-IT","@id":"https:\/\/risebogard.com\/unsere-tiere-pferde-kleintiere\/#primaryimage","url":"https:\/\/risebogard.com\/wp-content\/uploads\/2023\/05\/PXL_20220822_172352580-1-scaled.jpg","contentUrl":"https:\/\/risebogard.com\/wp-content\/uploads\/2023\/05\/PXL_20220822_172352580-1-scaled.jpg","width":1920,"height":2560},{"@type":"BreadcrumbList","@id":"https:\/\/risebogard.com\/unsere-tiere-pferde-kleintiere\/#breadcrumb","itemListElement":[{"@type":"ListItem","position":1,"name":"Home","item":"https:\/\/risebogard.com\/"},{"@type":"ListItem","position":2,"name":"Tiere"}]},{"@type":"WebSite","@id":"https:\/\/risebogard.com\/#website","url":"https:\/\/risebogard.com\/","name":"Risebo","description":"Campeggio, baite, equitazione western, natura allo stato puro!","publisher":{"@id":"https:\/\/risebogard.com\/#organization"},"potentialAction":[{"@type":"SearchAction","target":{"@type":"EntryPoint","urlTemplate":"https:\/\/risebogard.com\/?s={search_term_string}"},"query-input":{"@type":"PropertyValueSpecification","valueRequired":true,"valueName":"search_term_string"}}],"inLanguage":"it-IT"},{"@type":"Organization","@id":"https:\/\/risebogard.com\/#organization","name":"Risebo G\u00e5rd","url":"https:\/\/risebogard.com\/","logo":{"@type":"ImageObject","inLanguage":"it-IT","@id":"https:\/\/risebogard.com\/#\/schema\/logo\/image\/","url":"https:\/\/risebogard.com\/wp-content\/uploads\/2022\/01\/risebologo.png","contentUrl":"https:\/\/risebogard.com\/wp-content\/uploads\/2022\/01\/risebologo.png","width":266,"height":100,"caption":"Risebo G\u00e5rd"},"image":{"@id":"https:\/\/risebogard.com\/#\/schema\/logo\/image\/"},"sameAs":["https:\/\/www.facebook.com\/RiseboGard"]}]}},"_links":{"self":[{"href":"https:\/\/risebogard.com\/it\/wp-json\/wp\/v2\/pages\/287","targetHints":{"allow":["GET"]}}],"collection":[{"href":"https:\/\/risebogard.com\/it\/wp-json\/wp\/v2\/pages"}],"about":[{"href":"https:\/\/risebogard.com\/it\/wp-json\/wp\/v2\/types\/page"}],"author":[{"embeddable":true,"href":"https:\/\/risebogard.com\/it\/wp-json\/wp\/v2\/users\/2"}],"replies":[{"embeddable":true,"href":"https:\/\/risebogard.com\/it\/wp-json\/wp\/v2\/comments?post=287"}],"version-history":[{"count":33,"href":"https:\/\/risebogard.com\/it\/wp-json\/wp\/v2\/pages\/287\/revisions"}],"predecessor-version":[{"id":961,"href":"https:\/\/risebogard.com\/it\/wp-json\/wp\/v2\/pages\/287\/revisions\/961"}],"wp:featuredmedia":[{"embeddable":true,"href":"https:\/\/risebogard.com\/it\/wp-json\/wp\/v2\/media\/873"}],"wp:attachment":[{"href":"https:\/\/risebogard.com\/it\/wp-json\/wp\/v2\/media?parent=287"}],"curies":[{"name":"wp","href":"https:\/\/api.w.org\/{rel}","templated":true}]}}