{"id":81,"date":"2022-01-31T20:31:59","date_gmt":"2022-01-31T19:31:59","guid":{"rendered":"https:\/\/risebogard.com\/?page_id=81"},"modified":"2022-06-22T16:54:43","modified_gmt":"2022-06-22T14:54:43","slug":"boutique","status":"publish","type":"page","link":"https:\/\/risebogard.com\/fr\/laedchen\/","title":{"rendered":"petit magasin"},"content":{"rendered":"<figure class=\"wp-block-image size-large is-style-default\"><img loading=\"lazy\" decoding=\"async\" width=\"768\" height=\"1024\" src=\"https:\/\/risebogard.com\/wp-content\/uploads\/2022\/05\/PXL_20220506_131112148-768x1024.jpg\" alt=\"\" class=\"wp-image-319\" srcset=\"https:\/\/risebogard.com\/wp-content\/uploads\/2022\/05\/PXL_20220506_131112148-768x1024.jpg 768w, https:\/\/risebogard.com\/wp-content\/uploads\/2022\/05\/PXL_20220506_131112148-225x300.jpg 225w, https:\/\/risebogard.com\/wp-content\/uploads\/2022\/05\/PXL_20220506_131112148-1152x1536.jpg 1152w, https:\/\/risebogard.com\/wp-content\/uploads\/2022\/05\/PXL_20220506_131112148-1536x2048.jpg 1536w, https:\/\/risebogard.com\/wp-content\/uploads\/2022\/05\/PXL_20220506_131112148-scaled.jpg 1920w\" sizes=\"auto, (max-width: 768px) 100vw, 768px\" \/><\/figure>\n\n\n\n<p>Dans notre petite boutique, vous pouvez acheter des glaces et autres petits articles.<\/p>","protected":false},"excerpt":{"rendered":"<p>Dans notre petite boutique, vous pouvez acheter des glaces et autres petits articles.<\/p>","protected":false},"author":2,"featured_media":0,"parent":0,"menu_order":0,"comment_status":"closed","ping_status":"closed","template":"","meta":{"ngg_post_thumbnail":0,"footnotes":""},"class_list":["post-81","page","type-page","status-publish","hentry"],"featured_image_src":null,"yoast_head":"<!-- This site is optimized with the Yoast SEO plugin v27.4 - https:\/\/yoast.com\/product\/yoast-seo-wordpress\/ -->\n<title>L\u00e4dchen - Risebo<\/title>\n<meta name=\"description\" content=\"In unserem kleinen Laden gibt es Eis, Getr\u00e4nke, Angelzubeh\u00f6r, Souverniers und andere Kleinigkeiten zu kaufen.\" \/>\n<meta name=\"robots\" content=\"index, follow, max-snippet:-1, max-image-preview:large, max-video-preview:-1\" \/>\n<link rel=\"canonical\" href=\"https:\/\/risebogard.com\/fr\/boutique\/\" \/>\n<meta property=\"og:locale\" content=\"fr_FR\" \/>\n<meta property=\"og:type\" content=\"article\" \/>\n<meta property=\"og:title\" content=\"L\u00e4dchen - Risebo\" \/>\n<meta property=\"og:description\" content=\"In unserem kleinen Laden gibt es Eis, Getr\u00e4nke, Angelzubeh\u00f6r, Souverniers und andere Kleinigkeiten zu kaufen.\" \/>\n<meta property=\"og:url\" content=\"https:\/\/risebogard.com\/fr\/boutique\/\" \/>\n<meta property=\"og:site_name\" content=\"Risebo\" \/>\n<meta property=\"article:publisher\" content=\"https:\/\/www.facebook.com\/RiseboGard\" \/>\n<meta property=\"article:modified_time\" content=\"2022-06-22T14:54:43+00:00\" \/>\n<meta property=\"og:image\" content=\"https:\/\/risebogard.com\/wp-content\/uploads\/2022\/05\/PXL_20220506_131112148-768x1024.jpg\" \/>\n<meta name=\"twitter:card\" content=\"summary_large_image\" \/>\n<meta name=\"twitter:label1\" content=\"Dur\u00e9e de lecture estim\u00e9e\" \/>\n\t<meta name=\"twitter:data1\" content=\"1 minute\" \/>\n<script type=\"application\/ld+json\" class=\"yoast-schema-graph\">{\"@context\":\"https:\\\/\\\/schema.org\",\"@graph\":[{\"@type\":\"WebPage\",\"@id\":\"https:\\\/\\\/risebogard.com\\\/laedchen\\\/\",\"url\":\"https:\\\/\\\/risebogard.com\\\/laedchen\\\/\",\"name\":\"L\u00e4dchen - Risebo\",\"isPartOf\":{\"@id\":\"https:\\\/\\\/risebogard.com\\\/#website\"},\"primaryImageOfPage\":{\"@id\":\"https:\\\/\\\/risebogard.com\\\/laedchen\\\/#primaryimage\"},\"image\":{\"@id\":\"https:\\\/\\\/risebogard.com\\\/laedchen\\\/#primaryimage\"},\"thumbnailUrl\":\"https:\\\/\\\/risebogard.com\\\/wp-content\\\/uploads\\\/2022\\\/05\\\/PXL_20220506_131112148-768x1024.jpg\",\"datePublished\":\"2022-01-31T19:31:59+00:00\",\"dateModified\":\"2022-06-22T14:54:43+00:00\",\"description\":\"In unserem kleinen Laden gibt es Eis, Getr\u00e4nke, Angelzubeh\u00f6r, Souverniers und andere Kleinigkeiten zu kaufen.\",\"breadcrumb\":{\"@id\":\"https:\\\/\\\/risebogard.com\\\/laedchen\\\/#breadcrumb\"},\"inLanguage\":\"fr-FR\",\"potentialAction\":[{\"@type\":\"ReadAction\",\"target\":[\"https:\\\/\\\/risebogard.com\\\/laedchen\\\/\"]}]},{\"@type\":\"ImageObject\",\"inLanguage\":\"fr-FR\",\"@id\":\"https:\\\/\\\/risebogard.com\\\/laedchen\\\/#primaryimage\",\"url\":\"https:\\\/\\\/risebogard.com\\\/wp-content\\\/uploads\\\/2022\\\/05\\\/PXL_20220506_131112148-768x1024.jpg\",\"contentUrl\":\"https:\\\/\\\/risebogard.com\\\/wp-content\\\/uploads\\\/2022\\\/05\\\/PXL_20220506_131112148-768x1024.jpg\"},{\"@type\":\"BreadcrumbList\",\"@id\":\"https:\\\/\\\/risebogard.com\\\/laedchen\\\/#breadcrumb\",\"itemListElement\":[{\"@type\":\"ListItem\",\"position\":1,\"name\":\"Home\",\"item\":\"https:\\\/\\\/risebogard.com\\\/\"},{\"@type\":\"ListItem\",\"position\":2,\"name\":\"L\u00e4dchen\"}]},{\"@type\":\"WebSite\",\"@id\":\"https:\\\/\\\/risebogard.com\\\/#website\",\"url\":\"https:\\\/\\\/risebogard.com\\\/\",\"name\":\"Risebo\",\"description\":\"Camping, H\u00fctten, Westernreiten, Natur pur!\",\"publisher\":{\"@id\":\"https:\\\/\\\/risebogard.com\\\/#organization\"},\"potentialAction\":[{\"@type\":\"SearchAction\",\"target\":{\"@type\":\"EntryPoint\",\"urlTemplate\":\"https:\\\/\\\/risebogard.com\\\/?s={search_term_string}\"},\"query-input\":{\"@type\":\"PropertyValueSpecification\",\"valueRequired\":true,\"valueName\":\"search_term_string\"}}],\"inLanguage\":\"fr-FR\"},{\"@type\":\"Organization\",\"@id\":\"https:\\\/\\\/risebogard.com\\\/#organization\",\"name\":\"Risebo G\u00e5rd\",\"url\":\"https:\\\/\\\/risebogard.com\\\/\",\"logo\":{\"@type\":\"ImageObject\",\"inLanguage\":\"fr-FR\",\"@id\":\"https:\\\/\\\/risebogard.com\\\/#\\\/schema\\\/logo\\\/image\\\/\",\"url\":\"https:\\\/\\\/risebogard.com\\\/wp-content\\\/uploads\\\/2022\\\/01\\\/risebologo.png\",\"contentUrl\":\"https:\\\/\\\/risebogard.com\\\/wp-content\\\/uploads\\\/2022\\\/01\\\/risebologo.png\",\"width\":266,\"height\":100,\"caption\":\"Risebo G\u00e5rd\"},\"image\":{\"@id\":\"https:\\\/\\\/risebogard.com\\\/#\\\/schema\\\/logo\\\/image\\\/\"},\"sameAs\":[\"https:\\\/\\\/www.facebook.com\\\/RiseboGard\"]}]}<\/script>\n<!-- \/ Yoast SEO plugin. -->","yoast_head_json":{"title":"Boutique - Risebo","description":"Dans notre petite boutique, vous pouvez acheter des glaces, des boissons, du mat\u00e9riel de p\u00eache, des souvenirs et autres petits articles.","robots":{"index":"index","follow":"follow","max-snippet":"max-snippet:-1","max-image-preview":"max-image-preview:large","max-video-preview":"max-video-preview:-1"},"canonical":"https:\/\/risebogard.com\/fr\/boutique\/","og_locale":"fr_FR","og_type":"article","og_title":"L\u00e4dchen - Risebo","og_description":"In unserem kleinen Laden gibt es Eis, Getr\u00e4nke, Angelzubeh\u00f6r, Souverniers und andere Kleinigkeiten zu kaufen.","og_url":"https:\/\/risebogard.com\/fr\/boutique\/","og_site_name":"Risebo","article_publisher":"https:\/\/www.facebook.com\/RiseboGard","article_modified_time":"2022-06-22T14:54:43+00:00","og_image":[{"url":"https:\/\/risebogard.com\/wp-content\/uploads\/2022\/05\/PXL_20220506_131112148-768x1024.jpg","type":"","width":"","height":""}],"twitter_card":"summary_large_image","twitter_misc":{"Dur\u00e9e de lecture estim\u00e9e":"1 minute"},"schema":{"@context":"https:\/\/schema.org","@graph":[{"@type":"WebPage","@id":"https:\/\/risebogard.com\/laedchen\/","url":"https:\/\/risebogard.com\/laedchen\/","name":"Boutique - Risebo","isPartOf":{"@id":"https:\/\/risebogard.com\/#website"},"primaryImageOfPage":{"@id":"https:\/\/risebogard.com\/laedchen\/#primaryimage"},"image":{"@id":"https:\/\/risebogard.com\/laedchen\/#primaryimage"},"thumbnailUrl":"https:\/\/risebogard.com\/wp-content\/uploads\/2022\/05\/PXL_20220506_131112148-768x1024.jpg","datePublished":"2022-01-31T19:31:59+00:00","dateModified":"2022-06-22T14:54:43+00:00","description":"Dans notre petite boutique, vous pouvez acheter des glaces, des boissons, du mat\u00e9riel de p\u00eache, des souvenirs et autres petits articles.","breadcrumb":{"@id":"https:\/\/risebogard.com\/laedchen\/#breadcrumb"},"inLanguage":"fr-FR","potentialAction":[{"@type":"ReadAction","target":["https:\/\/risebogard.com\/laedchen\/"]}]},{"@type":"ImageObject","inLanguage":"fr-FR","@id":"https:\/\/risebogard.com\/laedchen\/#primaryimage","url":"https:\/\/risebogard.com\/wp-content\/uploads\/2022\/05\/PXL_20220506_131112148-768x1024.jpg","contentUrl":"https:\/\/risebogard.com\/wp-content\/uploads\/2022\/05\/PXL_20220506_131112148-768x1024.jpg"},{"@type":"BreadcrumbList","@id":"https:\/\/risebogard.com\/laedchen\/#breadcrumb","itemListElement":[{"@type":"ListItem","position":1,"name":"Home","item":"https:\/\/risebogard.com\/"},{"@type":"ListItem","position":2,"name":"L\u00e4dchen"}]},{"@type":"WebSite","@id":"https:\/\/risebogard.com\/#website","url":"https:\/\/risebogard.com\/","name":"Risebo","description":"Camping, chalets, \u00e9quitation western, nature \u00e0 l&#039;\u00e9tat pur !","publisher":{"@id":"https:\/\/risebogard.com\/#organization"},"potentialAction":[{"@type":"SearchAction","target":{"@type":"EntryPoint","urlTemplate":"https:\/\/risebogard.com\/?s={search_term_string}"},"query-input":{"@type":"PropertyValueSpecification","valueRequired":true,"valueName":"search_term_string"}}],"inLanguage":"fr-FR"},{"@type":"Organization","@id":"https:\/\/risebogard.com\/#organization","name":"Risebo G\u00e5rd","url":"https:\/\/risebogard.com\/","logo":{"@type":"ImageObject","inLanguage":"fr-FR","@id":"https:\/\/risebogard.com\/#\/schema\/logo\/image\/","url":"https:\/\/risebogard.com\/wp-content\/uploads\/2022\/01\/risebologo.png","contentUrl":"https:\/\/risebogard.com\/wp-content\/uploads\/2022\/01\/risebologo.png","width":266,"height":100,"caption":"Risebo G\u00e5rd"},"image":{"@id":"https:\/\/risebogard.com\/#\/schema\/logo\/image\/"},"sameAs":["https:\/\/www.facebook.com\/RiseboGard"]}]}},"_links":{"self":[{"href":"https:\/\/risebogard.com\/fr\/wp-json\/wp\/v2\/pages\/81","targetHints":{"allow":["GET"]}}],"collection":[{"href":"https:\/\/risebogard.com\/fr\/wp-json\/wp\/v2\/pages"}],"about":[{"href":"https:\/\/risebogard.com\/fr\/wp-json\/wp\/v2\/types\/page"}],"author":[{"embeddable":true,"href":"https:\/\/risebogard.com\/fr\/wp-json\/wp\/v2\/users\/2"}],"replies":[{"embeddable":true,"href":"https:\/\/risebogard.com\/fr\/wp-json\/wp\/v2\/comments?post=81"}],"version-history":[{"count":9,"href":"https:\/\/risebogard.com\/fr\/wp-json\/wp\/v2\/pages\/81\/revisions"}],"predecessor-version":[{"id":504,"href":"https:\/\/risebogard.com\/fr\/wp-json\/wp\/v2\/pages\/81\/revisions\/504"}],"wp:attachment":[{"href":"https:\/\/risebogard.com\/fr\/wp-json\/wp\/v2\/media?parent=81"}],"curies":[{"name":"wp","href":"https:\/\/api.w.org\/{rel}","templated":true}]}}