{"id":806,"date":"2023-04-27T09:10:49","date_gmt":"2023-04-27T07:10:49","guid":{"rendered":"https:\/\/risebogard.com\/?page_id=806"},"modified":"2025-06-23T23:17:16","modified_gmt":"2025-06-23T21:17:16","slug":"arrivee-en-suede","status":"publish","type":"page","link":"https:\/\/risebogard.com\/fr\/anreise-nach-schweden\/","title":{"rendered":"Arriv\u00e9e en Su\u00e8de"},"content":{"rendered":"<p>Il existe plusieurs moyens pratiques de voyager en Su\u00e8de et \u00e0 l&#039;int\u00e9rieur du pays. Voici diff\u00e9rentes options de transport pour vous rendre en Su\u00e8de et en revenir. Selon votre itin\u00e9raire, vos projets en Su\u00e8de et votre profil de voyageur, diff\u00e9rents modes de transport et itin\u00e9raires peuvent \u00eatre plus adapt\u00e9s.<\/p>\n\n\n\n<p><\/p>\n\n\n\n<h2 class=\"wp-block-heading\">Quel est le meilleur moyen de transport pour voyager en Su\u00e8de et \u00e0 l&#039;int\u00e9rieur de celle-ci\u00a0?<\/h2>\n\n\n\n<h3 class=\"wp-block-heading\">Avec camping-car \/ caravane<\/h3>\n\n\n\n<figure class=\"wp-block-image size-large\"><img loading=\"lazy\" decoding=\"async\" width=\"1024\" height=\"563\" src=\"https:\/\/risebogard.com\/wp-content\/uploads\/2023\/04\/1920px-Zusatzzeichen_1048-17_-_nur_Wohnmobile_StVO_1992.svg_-1024x563.png\" alt=\"\" class=\"wp-image-825\" srcset=\"https:\/\/risebogard.com\/wp-content\/uploads\/2023\/04\/1920px-Zusatzzeichen_1048-17_-_nur_Wohnmobile_StVO_1992.svg_-1024x563.png 1024w, https:\/\/risebogard.com\/wp-content\/uploads\/2023\/04\/1920px-Zusatzzeichen_1048-17_-_nur_Wohnmobile_StVO_1992.svg_-300x165.png 300w, https:\/\/risebogard.com\/wp-content\/uploads\/2023\/04\/1920px-Zusatzzeichen_1048-17_-_nur_Wohnmobile_StVO_1992.svg_-768x422.png 768w, https:\/\/risebogard.com\/wp-content\/uploads\/2023\/04\/1920px-Zusatzzeichen_1048-17_-_nur_Wohnmobile_StVO_1992.svg_-1536x845.png 1536w, https:\/\/risebogard.com\/wp-content\/uploads\/2023\/04\/1920px-Zusatzzeichen_1048-17_-_nur_Wohnmobile_StVO_1992.svg_-18x10.png 18w, https:\/\/risebogard.com\/wp-content\/uploads\/2023\/04\/1920px-Zusatzzeichen_1048-17_-_nur_Wohnmobile_StVO_1992.svg_.png 1920w\" sizes=\"auto, (max-width: 1024px) 100vw, 1024px\" \/><\/figure>\n\n\n\n<p>Surtout avec des enfants et des animaux de compagnie, le camping-car est sans doute le moyen de voyage le plus confortable. Vous disposez toujours de toilettes. Il y a une table et beaucoup d&#039;espace pour les jeux, les repas et autres divertissements. Vous pouvez interrompre votre voyage \u00e0 tout moment et passer la nuit sur n&#039;importe quelle aire de repos ou autre parking. Un inconv\u00e9nient peut \u00eatre la consommation de carburant plus \u00e9lev\u00e9e et la vitesse g\u00e9n\u00e9ralement plus lente. Les v\u00e9hicules plus grands offrent \u00e9galement beaucoup moins de flexibilit\u00e9 si vous souhaitez camper en pleine nature. Lorsque vous voyagez en haute saison, sachez que les emplacements de camping sauvage populaires sont souvent occup\u00e9s, et les campings \u00e9galement. Il est donc conseill\u00e9 de r\u00e9server les emplacements \u00e0 l&#039;avance. Dans l&#039;ensemble, les grands camping-cars sont r\u00e9pandus en Su\u00e8de, et l&#039;infrastructure est bien adapt\u00e9e. L&#039;espace disponible dans les supermarch\u00e9s, etc., est souvent comparable aux standards am\u00e9ricains.<br>Plusieurs prestataires proposent \u00e9galement la location de camping-cars en Su\u00e8de.<br>\u00c0 Risebo, une vaste prairie en pleine nature vous attend, vous et votre camping-car, pour votre emplacement. Certains emplacements sont \u00e9quip\u00e9s de branchements \u00e9lectriques 230 V\/10 A. Une connexion Wi-Fi est \u00e9galement disponible sur le camping.<\/p>\n\n\n\n<hr class=\"wp-block-separator has-alpha-channel-opacity\"\/>\n\n\n\n<h3 class=\"wp-block-heading\">En bus \/ camping-car compact<\/h3>\n\n\n\n<p>Les minibus am\u00e9nag\u00e9s en camping-car offrent un excellent compromis par rapport aux grands camping-cars. Ils sont flexibles, permettent d&#039;acc\u00e9der \u00e0 la quasi-totalit\u00e9 des routes et conviennent au camping sauvage. La consommation de carburant est g\u00e9n\u00e9ralement plus faible et la vitesse de croisi\u00e8re souvent plus \u00e9lev\u00e9e. Les frais de ferry sont \u00e9galement r\u00e9duits. L&#039;espace pour les v\u00e9hicules plus grands sur les ferries est limit\u00e9 et souvent complet. Les minibus \u00e0 quatre roues motrices sont un bon choix pour les conditions hivernales. Tous ces avantages font du minibus am\u00e9nag\u00e9 en camping-car le choix id\u00e9al pour voyager en Su\u00e8de.<br>\u00c0 Risebo, une vaste prairie en pleine nature vous attend, vous et votre camping-car, pour votre emplacement. Certains emplacements sont \u00e9quip\u00e9s de branchements \u00e9lectriques 230 V\/10 A. Une connexion Wi-Fi est \u00e9galement disponible sur le camping.<br>Et si jamais vous trouvez le bus trop exigu, pourquoi ne pas vous offrir une nuit dans l&#039;une des \u201e Stugas \u201c avec cuisine et douche chaude ?.<\/p>\n\n\n\n<hr class=\"wp-block-separator has-alpha-channel-opacity\"\/>\n\n\n\n<h3 class=\"wp-block-heading\">En voiture<\/h3>\n\n\n\n<p>En Su\u00e8de, les g\u00eetes de vacances appel\u00e9s \u201e\u00a0stuga\u00a0\u201c sont disponibles \u00e0 la location partout. Ainsi, m\u00eame les voyageurs v\u00e9hicul\u00e9s peuvent facilement trouver un h\u00e9bergement en pleine nature. Comme il est g\u00e9n\u00e9ralement n\u00e9cessaire de r\u00e9server un stuga \u00e0 l&#039;avance, le voyage demande plus d&#039;organisation qu&#039;un s\u00e9jour en camping-car. Cependant, pour ceux qui souhaitent visiter un ou deux endroits et explorer les attractions locales, ou simplement se d\u00e9tendre et profiter du calme, la voiture est la solution id\u00e9ale. Le prix des ferries est \u00e9galement abordable et il y a presque toujours des places disponibles pour les voitures. C&#039;est pourquoi de nombreux vacanciers privil\u00e9gient la voiture, surtout en hiver. Les voitures \u00e9quip\u00e9es de tentes de toit sont \u00e9galement fr\u00e9quentes.<br>\u00c0 Risebo, vous pouvez s\u00e9journer confortablement dans l&#039;une des maisons de vacances (\u201e Stugas \u201c), disponibles en diff\u00e9rentes tailles. Vous pouvez \u00e9galement opter pour le confort d&#039;une tente ou d&#039;un abri de toit sur la prairie de camping.<\/p>\n\n\n\n<p><\/p>\n\n\n\n<hr class=\"wp-block-separator has-alpha-channel-opacity\"\/>\n\n\n\n<h3 class=\"wp-block-heading\">En transports en commun (bus et train)<\/h3>\n\n\n\n<figure class=\"wp-block-image size-full is-resized\"><img loading=\"lazy\" decoding=\"async\" width=\"1024\" height=\"678\" src=\"https:\/\/risebogard.com\/wp-content\/uploads\/2023\/04\/SJ_X2_2036_Goeteborg_C_2019_01.jpg\" alt=\"\" class=\"wp-image-828\" style=\"width:840px;height:556px\" srcset=\"https:\/\/risebogard.com\/wp-content\/uploads\/2023\/04\/SJ_X2_2036_Goeteborg_C_2019_01.jpg 1024w, https:\/\/risebogard.com\/wp-content\/uploads\/2023\/04\/SJ_X2_2036_Goeteborg_C_2019_01-300x199.jpg 300w, https:\/\/risebogard.com\/wp-content\/uploads\/2023\/04\/SJ_X2_2036_Goeteborg_C_2019_01-768x509.jpg 768w, https:\/\/risebogard.com\/wp-content\/uploads\/2023\/04\/SJ_X2_2036_Goeteborg_C_2019_01-18x12.jpg 18w\" sizes=\"auto, (max-width: 1024px) 100vw, 1024px\" \/><figcaption class=\"wp-element-caption\">Photo: <a href=\"https:\/\/commons.wikimedia.org\/wiki\/File:SJ_X2_2036,_G%C3%B6teborg_C,_2019_(01).jpg\" target=\"_blank\" rel=\"noreferrer noopener nofollow\">Passionn\u00e9 de trains<\/a> Ce fichier est mis \u00e0 disposition selon les termes de la licence Creative Commons. <a href=\"https:\/\/creativecommons.org\/licenses\/by-sa\/4.0\/deed.en\">Attribution-Partage \u00e0 l&#039;Identique 4.0 International<\/a> licence.<\/figcaption><\/figure>\n\n\n\n<p>Les trains traversent le Danemark et le pont de l&#039;\u00d6hresund pour rejoindre la Su\u00e8de. Plusieurs trains de nuit sont recommand\u00e9s, au d\u00e9part de Suisse, d&#039;Allemagne et d&#039;autres villes. De l\u00e0, vous pouvez poursuivre votre voyage en train r\u00e9gional et en bus. Pour les voyageurs souhaitant explorer la Su\u00e8de \u00e0 v\u00e9lo, le train est le moyen de transport id\u00e9al. Cependant, il faut savoir que les transports en commun sont limit\u00e9s, notamment dans les zones rurales isol\u00e9es comme Risebo.<\/p>\n\n\n\n<p><\/p>\n\n\n\n<hr class=\"wp-block-separator has-alpha-channel-opacity\"\/>\n\n\n\n<h3 class=\"wp-block-heading\">\u00c0 bicyclette<\/h3>\n\n\n\n<p>La Su\u00e8de offre de nombreuses et magnifiques pistes cyclables. Cependant, il faut savoir que les routes su\u00e9doises \u201e\u00a0classiques\u00a0\u201c ne disposent ni d&#039;accotement ni de piste cyclable s\u00e9par\u00e9e. La faible densit\u00e9 de circulation dans les zones rurales ne devrait pas vous dissuader d&#039;explorer la Su\u00e8de \u00e0 v\u00e9lo. Au contraire, nombreux sont ceux qui parcourent le pays \u00e0 v\u00e9lo, en prenant leur temps.<br>\u00c0 Risebo, vous pouvez s\u00e9journer dans l&#039;une des maisons de vacances (\u201e\u00a0stuga\u00a0\u201c), disponibles en diff\u00e9rentes tailles. Vous pouvez aussi installer votre tente sur la prairie du camping.<\/p>\n\n\n\n<p><\/p>\n\n\n\n<hr class=\"wp-block-separator has-alpha-channel-opacity\"\/>\n\n\n\n<h2 class=\"wp-block-heading\">Quel itin\u00e9raire pour aller en Su\u00e8de ?<\/h2>\n\n\n\n<p>De nombreuses routes m\u00e8nent \u00e0 Rome. Il en existe quelques-unes vers la Su\u00e8de, mais en raison de sa situation p\u00e9ninsulaire, les itin\u00e9raires sont relativement limit\u00e9s.<\/p>\n\n\n\n<h3 class=\"wp-block-heading\">En ferry depuis l&#039;Allemagne, le Danemark ou la Pologne<\/h3>\n\n\n\n<figure class=\"wp-block-image size-large\"><img loading=\"lazy\" decoding=\"async\" width=\"1024\" height=\"683\" src=\"https:\/\/risebogard.com\/wp-content\/uploads\/2025\/03\/1080px-TT_Line_Nils_Holgersson-1024x683.jpeg\" alt=\"\" class=\"wp-image-1243\" srcset=\"https:\/\/risebogard.com\/wp-content\/uploads\/2025\/03\/1080px-TT_Line_Nils_Holgersson-1024x683.jpeg 1024w, https:\/\/risebogard.com\/wp-content\/uploads\/2025\/03\/1080px-TT_Line_Nils_Holgersson-300x200.jpeg 300w, https:\/\/risebogard.com\/wp-content\/uploads\/2025\/03\/1080px-TT_Line_Nils_Holgersson-768x512.jpeg 768w, https:\/\/risebogard.com\/wp-content\/uploads\/2025\/03\/1080px-TT_Line_Nils_Holgersson-18x12.jpeg 18w, https:\/\/risebogard.com\/wp-content\/uploads\/2025\/03\/1080px-TT_Line_Nils_Holgersson.jpeg 1080w\" sizes=\"auto, (max-width: 1024px) 100vw, 1024px\" \/><figcaption class=\"wp-element-caption\">Nils Holgersson \u2013 Photo : Elias191204 \u2013 Ce fichier est sous licence Creative Commons Attribution-Partaging (CC BY-NC-AW) <a href=\"https:\/\/en.wikipedia.org\/wiki\/en:Creative_Commons\">Creative Commons<\/a> <a href=\"https:\/\/creativecommons.org\/licenses\/by-sa\/4.0\/deed.en\">Attribution-Partage \u00e0 l&#039;Identique 4.0 International<\/a> licence.<\/figcaption><\/figure>\n\n\n\n<p>Plusieurs compagnies maritimes proposent des liaisons par ferry depuis l&#039;Allemagne (Travem\u00fcnde et Rostock). Parmi elles, on peut citer... <a href=\"https:\/\/www.ttline.com\">T<\/a><a href=\"https:\/\/www.ttline.com\" target=\"_blank\" rel=\"noreferrer noopener\">T<\/a><a href=\"https:\/\/www.ttline.com\" target=\"_blank\" rel=\"noreferrer noopener nofollow\">-Doubler<\/a>, <a href=\"https:\/\/www.stenaline.de\" target=\"_blank\" rel=\"noreferrer noopener nofollow\">Ligne Stena<\/a> et <a href=\"https:\/\/www.finnlines.com\" target=\"_blank\" rel=\"noreferrer noopener nofollow\">Finnlines<\/a>. Les ferries accostent g\u00e9n\u00e9ralement \u00e0 Trelleborg. Pour les voyages en provenance du sud, une travers\u00e9e de nuit est recommand\u00e9e. Cela permet de faire le voyage en deux \u00e9tapes. Vous arrivez en Su\u00e8de le matin, relativement repos\u00e9, et pouvez ainsi facilement terminer le reste du voyage.<br>Il existe d&#039;autres liaisons par ferry entre le Danemark et la Su\u00e8de. <a href=\"https:\/\/www.scandlines.de\" target=\"_blank\" rel=\"noreferrer noopener nofollow\">Scandlines<\/a> ainsi que <a href=\"https:\/\/www.stenaline.de\" target=\"_blank\" rel=\"noreferrer noopener nofollow\">Ligne Stena<\/a> et de Pologne <a href=\"https:\/\/www.ttline.com\">T<\/a><a href=\"https:\/\/www.ttline.com\" target=\"_blank\" rel=\"noreferrer noopener\">T<\/a><a href=\"https:\/\/www.ttline.com\" target=\"_blank\" rel=\"noreferrer noopener nofollow\">-Doubler<\/a>, <a href=\"https:\/\/www.stenaline.de\" target=\"_blank\" rel=\"noreferrer noopener nofollow\">Ligne Stena<\/a>, <a href=\"https:\/\/www.unityline.eu\/\" target=\"_blank\" rel=\"noreferrer noopener nofollow\">Ligne d&#039;unit\u00e9<\/a> ainsi que <a href=\"https:\/\/polferries.de\/\" target=\"_blank\" rel=\"noreferrer noopener nofollow\">Polferries<\/a>.<\/p>\n\n\n\n<hr class=\"wp-block-separator has-alpha-channel-opacity\"\/>\n\n\n\n<h3 class=\"wp-block-heading\">Route terrestre via le Danemark<\/h3>\n\n\n\n<figure class=\"wp-block-image size-full is-resized\"><img loading=\"lazy\" decoding=\"async\" width=\"1024\" height=\"768\" src=\"https:\/\/risebogard.com\/wp-content\/uploads\/2023\/04\/Oresund_Bridge_from_the_air_in_September_2015.jpg\" alt=\"\" class=\"wp-image-835\" style=\"width:840px;height:630px\" srcset=\"https:\/\/risebogard.com\/wp-content\/uploads\/2023\/04\/Oresund_Bridge_from_the_air_in_September_2015.jpg 1024w, https:\/\/risebogard.com\/wp-content\/uploads\/2023\/04\/Oresund_Bridge_from_the_air_in_September_2015-300x225.jpg 300w, https:\/\/risebogard.com\/wp-content\/uploads\/2023\/04\/Oresund_Bridge_from_the_air_in_September_2015-768x576.jpg 768w, https:\/\/risebogard.com\/wp-content\/uploads\/2023\/04\/Oresund_Bridge_from_the_air_in_September_2015-16x12.jpg 16w\" sizes=\"auto, (max-width: 1024px) 100vw, 1024px\" \/><figcaption class=\"wp-element-caption\">Photo: <a href=\"https:\/\/commons.wikimedia.org\/wiki\/User:Nick-D\" target=\"_blank\" rel=\"noreferrer noopener nofollow\">Nick-D<\/a> \u2013 Ce fichier est sous licence Creative Commons <a href=\"https:\/\/creativecommons.org\/licenses\/by-sa\/4.0\/deed.en\">Attribution-Partage \u00e0 l&#039;Identique 4.0 International<\/a> licence.<\/figcaption><\/figure>\n\n\n\n<p>Vous pouvez choisir de traverser le Danemark en voiture. Si vous n&#039;aimez pas prendre le ferry, c&#039;est une option. Cependant, sachez que m\u00eame en voiture, la travers\u00e9e du Danemark implique une courte travers\u00e9e en ferry. Le trajet en voiture \u00e0 travers le Danemark est assez long. Le passage du pont de l&#039;\u00d6resund est payant. Au final, cette option n&#039;est pas vraiment plus \u00e9conomique que le ferry.<br>Le train traverse \u00e9galement le pont de l&#039;\u00d6resund.<\/p>\n\n\n\n<p><\/p>\n\n\n\n<hr class=\"wp-block-separator has-alpha-channel-opacity\"\/>\n\n\n\n<h3 class=\"wp-block-heading\">Par avion, en avion<\/h3>\n\n\n\n<p>Plusieurs liaisons a\u00e9riennes sont possibles, par exemple vers Stockholm ou de Francfort \u00e0 Kalmar. De l\u00e0, vous pouvez poursuivre votre voyage en train, en bus, en voiture de location ou \u00e0 v\u00e9lo.<\/p>","protected":false},"excerpt":{"rendered":"<p>Es gibt mehrere Wege, bequem nach und in Schweden zu reisen. Hier verschiedene M\u00f6glichkeiten der Bef\u00f6rderungsmittel f\u00fcr die Anreise und Reise in Schweden. Je nach Anreiseweg, den Pl\u00e4nen in Schweden und Art der Reisenden k\u00f6nnen unterschiedliche Reisemittel und Wege die optimale Wahl sein. Welches Reisemittel f\u00fcr die Reise nach und in Schweden? Mit dem Wohnmobil&#8230;<a class=\"read-more-link button\" href=\"https:\/\/risebogard.com\/fr\/anreise-nach-schweden\/\">Read more<\/a><\/p>","protected":false},"author":2,"featured_media":0,"parent":0,"menu_order":0,"comment_status":"closed","ping_status":"closed","template":"","meta":{"ngg_post_thumbnail":0,"footnotes":""},"class_list":["post-806","page","type-page","status-publish","hentry"],"featured_image_src":null,"yoast_head":"<!-- This site is optimized with the Yoast SEO plugin v27.4 - https:\/\/yoast.com\/product\/yoast-seo-wordpress\/ -->\n<title>Anreise nach Schweden - Risebo<\/title>\n<meta name=\"description\" content=\"Es gibt mehrere Wege, wie man bequem nach Schweden zu reisen. Hier eine Auswahl einiger M\u00f6glichkeiten im Vergleich zur Anreise nach Schweden.\" \/>\n<meta name=\"robots\" content=\"index, follow, max-snippet:-1, max-image-preview:large, max-video-preview:-1\" \/>\n<link rel=\"canonical\" href=\"https:\/\/risebogard.com\/fr\/arrivee-en-suede\/\" \/>\n<meta property=\"og:locale\" content=\"fr_FR\" \/>\n<meta property=\"og:type\" content=\"article\" \/>\n<meta property=\"og:title\" content=\"Anreise nach Schweden - Risebo\" \/>\n<meta property=\"og:description\" content=\"Es gibt mehrere Wege, wie man bequem nach Schweden zu reisen. Hier eine Auswahl einiger M\u00f6glichkeiten im Vergleich zur Anreise nach Schweden.\" \/>\n<meta property=\"og:url\" content=\"https:\/\/risebogard.com\/fr\/arrivee-en-suede\/\" \/>\n<meta property=\"og:site_name\" content=\"Risebo\" \/>\n<meta property=\"article:publisher\" content=\"https:\/\/www.facebook.com\/RiseboGard\" \/>\n<meta property=\"article:modified_time\" content=\"2025-06-23T21:17:16+00:00\" \/>\n<meta property=\"og:image\" content=\"https:\/\/risebogard.com\/wp-content\/uploads\/2023\/04\/1920px-Zusatzzeichen_1048-17_-_nur_Wohnmobile_StVO_1992.svg_.png\" \/>\n\t<meta property=\"og:image:width\" content=\"1920\" \/>\n\t<meta property=\"og:image:height\" content=\"1056\" \/>\n\t<meta property=\"og:image:type\" content=\"image\/png\" \/>\n<meta name=\"twitter:card\" content=\"summary_large_image\" \/>\n<meta name=\"twitter:label1\" content=\"Dur\u00e9e de lecture estim\u00e9e\" \/>\n\t<meta name=\"twitter:data1\" content=\"7 minutes\" \/>\n<script type=\"application\/ld+json\" class=\"yoast-schema-graph\">{\"@context\":\"https:\\\/\\\/schema.org\",\"@graph\":[{\"@type\":\"WebPage\",\"@id\":\"https:\\\/\\\/risebogard.com\\\/anreise-nach-schweden\\\/\",\"url\":\"https:\\\/\\\/risebogard.com\\\/anreise-nach-schweden\\\/\",\"name\":\"Anreise nach Schweden - Risebo\",\"isPartOf\":{\"@id\":\"https:\\\/\\\/risebogard.com\\\/#website\"},\"primaryImageOfPage\":{\"@id\":\"https:\\\/\\\/risebogard.com\\\/anreise-nach-schweden\\\/#primaryimage\"},\"image\":{\"@id\":\"https:\\\/\\\/risebogard.com\\\/anreise-nach-schweden\\\/#primaryimage\"},\"thumbnailUrl\":\"https:\\\/\\\/risebogard.com\\\/wp-content\\\/uploads\\\/2023\\\/04\\\/1920px-Zusatzzeichen_1048-17_-_nur_Wohnmobile_StVO_1992.svg_-1024x563.png\",\"datePublished\":\"2023-04-27T07:10:49+00:00\",\"dateModified\":\"2025-06-23T21:17:16+00:00\",\"description\":\"Es gibt mehrere Wege, wie man bequem nach Schweden zu reisen. Hier eine Auswahl einiger M\u00f6glichkeiten im Vergleich zur Anreise nach Schweden.\",\"breadcrumb\":{\"@id\":\"https:\\\/\\\/risebogard.com\\\/anreise-nach-schweden\\\/#breadcrumb\"},\"inLanguage\":\"fr-FR\",\"potentialAction\":[{\"@type\":\"ReadAction\",\"target\":[\"https:\\\/\\\/risebogard.com\\\/anreise-nach-schweden\\\/\"]}]},{\"@type\":\"ImageObject\",\"inLanguage\":\"fr-FR\",\"@id\":\"https:\\\/\\\/risebogard.com\\\/anreise-nach-schweden\\\/#primaryimage\",\"url\":\"https:\\\/\\\/risebogard.com\\\/wp-content\\\/uploads\\\/2023\\\/04\\\/1920px-Zusatzzeichen_1048-17_-_nur_Wohnmobile_StVO_1992.svg_-1024x563.png\",\"contentUrl\":\"https:\\\/\\\/risebogard.com\\\/wp-content\\\/uploads\\\/2023\\\/04\\\/1920px-Zusatzzeichen_1048-17_-_nur_Wohnmobile_StVO_1992.svg_-1024x563.png\"},{\"@type\":\"BreadcrumbList\",\"@id\":\"https:\\\/\\\/risebogard.com\\\/anreise-nach-schweden\\\/#breadcrumb\",\"itemListElement\":[{\"@type\":\"ListItem\",\"position\":1,\"name\":\"Home\",\"item\":\"https:\\\/\\\/risebogard.com\\\/\"},{\"@type\":\"ListItem\",\"position\":2,\"name\":\"Anreise nach Schweden\"}]},{\"@type\":\"WebSite\",\"@id\":\"https:\\\/\\\/risebogard.com\\\/#website\",\"url\":\"https:\\\/\\\/risebogard.com\\\/\",\"name\":\"Risebo\",\"description\":\"Camping, H\u00fctten, Westernreiten, Natur pur!\",\"publisher\":{\"@id\":\"https:\\\/\\\/risebogard.com\\\/#organization\"},\"potentialAction\":[{\"@type\":\"SearchAction\",\"target\":{\"@type\":\"EntryPoint\",\"urlTemplate\":\"https:\\\/\\\/risebogard.com\\\/?s={search_term_string}\"},\"query-input\":{\"@type\":\"PropertyValueSpecification\",\"valueRequired\":true,\"valueName\":\"search_term_string\"}}],\"inLanguage\":\"fr-FR\"},{\"@type\":\"Organization\",\"@id\":\"https:\\\/\\\/risebogard.com\\\/#organization\",\"name\":\"Risebo G\u00e5rd\",\"url\":\"https:\\\/\\\/risebogard.com\\\/\",\"logo\":{\"@type\":\"ImageObject\",\"inLanguage\":\"fr-FR\",\"@id\":\"https:\\\/\\\/risebogard.com\\\/#\\\/schema\\\/logo\\\/image\\\/\",\"url\":\"https:\\\/\\\/risebogard.com\\\/wp-content\\\/uploads\\\/2022\\\/01\\\/risebologo.png\",\"contentUrl\":\"https:\\\/\\\/risebogard.com\\\/wp-content\\\/uploads\\\/2022\\\/01\\\/risebologo.png\",\"width\":266,\"height\":100,\"caption\":\"Risebo G\u00e5rd\"},\"image\":{\"@id\":\"https:\\\/\\\/risebogard.com\\\/#\\\/schema\\\/logo\\\/image\\\/\"},\"sameAs\":[\"https:\\\/\\\/www.facebook.com\\\/RiseboGard\"]}]}<\/script>\n<!-- \/ Yoast SEO plugin. -->","yoast_head_json":{"title":"Arriv\u00e9e en Su\u00e8de - Risebo","description":"Il existe plusieurs moyens pratiques de se rendre en Su\u00e8de. Voici une s\u00e9lection de quelques options compar\u00e9es \u00e0 d&#039;autres moyens de voyager en Su\u00e8de.","robots":{"index":"index","follow":"follow","max-snippet":"max-snippet:-1","max-image-preview":"max-image-preview:large","max-video-preview":"max-video-preview:-1"},"canonical":"https:\/\/risebogard.com\/fr\/arrivee-en-suede\/","og_locale":"fr_FR","og_type":"article","og_title":"Anreise nach Schweden - Risebo","og_description":"Es gibt mehrere Wege, wie man bequem nach Schweden zu reisen. Hier eine Auswahl einiger M\u00f6glichkeiten im Vergleich zur Anreise nach Schweden.","og_url":"https:\/\/risebogard.com\/fr\/arrivee-en-suede\/","og_site_name":"Risebo","article_publisher":"https:\/\/www.facebook.com\/RiseboGard","article_modified_time":"2025-06-23T21:17:16+00:00","og_image":[{"width":1920,"height":1056,"url":"https:\/\/risebogard.com\/wp-content\/uploads\/2023\/04\/1920px-Zusatzzeichen_1048-17_-_nur_Wohnmobile_StVO_1992.svg_.png","type":"image\/png"}],"twitter_card":"summary_large_image","twitter_misc":{"Dur\u00e9e de lecture estim\u00e9e":"7 minutes"},"schema":{"@context":"https:\/\/schema.org","@graph":[{"@type":"WebPage","@id":"https:\/\/risebogard.com\/anreise-nach-schweden\/","url":"https:\/\/risebogard.com\/anreise-nach-schweden\/","name":"Arriv\u00e9e en Su\u00e8de - Risebo","isPartOf":{"@id":"https:\/\/risebogard.com\/#website"},"primaryImageOfPage":{"@id":"https:\/\/risebogard.com\/anreise-nach-schweden\/#primaryimage"},"image":{"@id":"https:\/\/risebogard.com\/anreise-nach-schweden\/#primaryimage"},"thumbnailUrl":"https:\/\/risebogard.com\/wp-content\/uploads\/2023\/04\/1920px-Zusatzzeichen_1048-17_-_nur_Wohnmobile_StVO_1992.svg_-1024x563.png","datePublished":"2023-04-27T07:10:49+00:00","dateModified":"2025-06-23T21:17:16+00:00","description":"Il existe plusieurs moyens pratiques de se rendre en Su\u00e8de. Voici une s\u00e9lection de quelques options compar\u00e9es \u00e0 d&#039;autres moyens de voyager en Su\u00e8de.","breadcrumb":{"@id":"https:\/\/risebogard.com\/anreise-nach-schweden\/#breadcrumb"},"inLanguage":"fr-FR","potentialAction":[{"@type":"ReadAction","target":["https:\/\/risebogard.com\/anreise-nach-schweden\/"]}]},{"@type":"ImageObject","inLanguage":"fr-FR","@id":"https:\/\/risebogard.com\/anreise-nach-schweden\/#primaryimage","url":"https:\/\/risebogard.com\/wp-content\/uploads\/2023\/04\/1920px-Zusatzzeichen_1048-17_-_nur_Wohnmobile_StVO_1992.svg_-1024x563.png","contentUrl":"https:\/\/risebogard.com\/wp-content\/uploads\/2023\/04\/1920px-Zusatzzeichen_1048-17_-_nur_Wohnmobile_StVO_1992.svg_-1024x563.png"},{"@type":"BreadcrumbList","@id":"https:\/\/risebogard.com\/anreise-nach-schweden\/#breadcrumb","itemListElement":[{"@type":"ListItem","position":1,"name":"Home","item":"https:\/\/risebogard.com\/"},{"@type":"ListItem","position":2,"name":"Anreise nach Schweden"}]},{"@type":"WebSite","@id":"https:\/\/risebogard.com\/#website","url":"https:\/\/risebogard.com\/","name":"Risebo","description":"Camping, chalets, \u00e9quitation western, nature \u00e0 l&#039;\u00e9tat pur !","publisher":{"@id":"https:\/\/risebogard.com\/#organization"},"potentialAction":[{"@type":"SearchAction","target":{"@type":"EntryPoint","urlTemplate":"https:\/\/risebogard.com\/?s={search_term_string}"},"query-input":{"@type":"PropertyValueSpecification","valueRequired":true,"valueName":"search_term_string"}}],"inLanguage":"fr-FR"},{"@type":"Organization","@id":"https:\/\/risebogard.com\/#organization","name":"Risebo G\u00e5rd","url":"https:\/\/risebogard.com\/","logo":{"@type":"ImageObject","inLanguage":"fr-FR","@id":"https:\/\/risebogard.com\/#\/schema\/logo\/image\/","url":"https:\/\/risebogard.com\/wp-content\/uploads\/2022\/01\/risebologo.png","contentUrl":"https:\/\/risebogard.com\/wp-content\/uploads\/2022\/01\/risebologo.png","width":266,"height":100,"caption":"Risebo G\u00e5rd"},"image":{"@id":"https:\/\/risebogard.com\/#\/schema\/logo\/image\/"},"sameAs":["https:\/\/www.facebook.com\/RiseboGard"]}]}},"_links":{"self":[{"href":"https:\/\/risebogard.com\/fr\/wp-json\/wp\/v2\/pages\/806","targetHints":{"allow":["GET"]}}],"collection":[{"href":"https:\/\/risebogard.com\/fr\/wp-json\/wp\/v2\/pages"}],"about":[{"href":"https:\/\/risebogard.com\/fr\/wp-json\/wp\/v2\/types\/page"}],"author":[{"embeddable":true,"href":"https:\/\/risebogard.com\/fr\/wp-json\/wp\/v2\/users\/2"}],"replies":[{"embeddable":true,"href":"https:\/\/risebogard.com\/fr\/wp-json\/wp\/v2\/comments?post=806"}],"version-history":[{"count":20,"href":"https:\/\/risebogard.com\/fr\/wp-json\/wp\/v2\/pages\/806\/revisions"}],"predecessor-version":[{"id":1303,"href":"https:\/\/risebogard.com\/fr\/wp-json\/wp\/v2\/pages\/806\/revisions\/1303"}],"wp:attachment":[{"href":"https:\/\/risebogard.com\/fr\/wp-json\/wp\/v2\/media?parent=806"}],"curies":[{"name":"wp","href":"https:\/\/api.w.org\/{rel}","templated":true}]}}