{"id":79,"date":"2022-01-31T20:05:06","date_gmt":"2022-01-31T19:05:06","guid":{"rendered":"https:\/\/risebogard.com\/?page_id=79"},"modified":"2022-07-01T23:39:44","modified_gmt":"2022-07-01T21:39:44","slug":"conference","status":"publish","type":"page","link":"https:\/\/risebogard.com\/fr\/konferenz\/","title":{"rendered":"conf\u00e9rence"},"content":{"rendered":"<div class=\"wp-block-columns is-layout-flex wp-container-core-columns-is-layout-9d6595d7 wp-block-columns-is-layout-flex\">\n<div class=\"wp-block-column is-layout-flow wp-block-column-is-layout-flow\"><\/div>\n<\/div>\n\n\n\n<figure class=\"wp-block-image size-large is-style-default\"><img loading=\"lazy\" decoding=\"async\" width=\"1024\" height=\"768\" src=\"https:\/\/risebogard.com\/wp-content\/uploads\/2022\/05\/PXL_20220519_082929116-1024x768.jpg\" alt=\"\" class=\"wp-image-323\" srcset=\"https:\/\/risebogard.com\/wp-content\/uploads\/2022\/05\/PXL_20220519_082929116-1024x768.jpg 1024w, https:\/\/risebogard.com\/wp-content\/uploads\/2022\/05\/PXL_20220519_082929116-300x225.jpg 300w, https:\/\/risebogard.com\/wp-content\/uploads\/2022\/05\/PXL_20220519_082929116-768x576.jpg 768w, https:\/\/risebogard.com\/wp-content\/uploads\/2022\/05\/PXL_20220519_082929116-1536x1152.jpg 1536w, https:\/\/risebogard.com\/wp-content\/uploads\/2022\/05\/PXL_20220519_082929116-2048x1536.jpg 2048w\" sizes=\"auto, (max-width: 1024px) 100vw, 1024px\" \/><\/figure>\n\n\n\n<p>Nous disposons d&#039;une salle pouvant accueillir jusqu&#039;\u00e0 25 personnes environ. Elle est id\u00e9ale pour les conf\u00e9rences, les anniversaires et autres \u00e9v\u00e9nements. Un grand \u00e9cran de t\u00e9l\u00e9vision, un syst\u00e8me de sonorisation, un tableau blanc et un acc\u00e8s internet sont disponibles sur demande. Nous proposons \u00e9galement un service traiteur pour les groupes de 10 \u00e0 80 personnes environ. N&#039;h\u00e9sitez pas \u00e0 vous renseigner sur nos formules personnalis\u00e9es.<\/p>\n\n\n\n<p><\/p>","protected":false},"excerpt":{"rendered":"<p>Nous disposons d&#039;une salle pouvant accueillir jusqu&#039;\u00e0 25 personnes environ. Elle est id\u00e9ale pour les conf\u00e9rences, les anniversaires et autres \u00e9v\u00e9nements. Un grand \u00e9cran de t\u00e9l\u00e9vision, un syst\u00e8me de sonorisation, un tableau blanc et un acc\u00e8s internet sont disponibles sur demande. Nous proposons \u00e9galement un service traiteur pour les groupes de 10 \u00e0 80 personnes environ. N&#039;h\u00e9sitez pas \u00e0 vous renseigner sur nos formules personnalis\u00e9es.<\/p>","protected":false},"author":2,"featured_media":0,"parent":0,"menu_order":0,"comment_status":"closed","ping_status":"closed","template":"","meta":{"ngg_post_thumbnail":0,"footnotes":""},"class_list":["post-79","page","type-page","status-publish","hentry"],"featured_image_src":null,"yoast_head":"<!-- This site is optimized with the Yoast SEO plugin v27.4 - https:\/\/yoast.com\/product\/yoast-seo-wordpress\/ -->\n<title>Konferenz - Risebo<\/title>\n<meta name=\"description\" content=\"Wir verf\u00fcgen \u00fcber einen Konferenzraum f\u00fcr bis zu 40 Personen, ausgestattet mit Beamer, Whiteboard und allem, was Sie brauchen.\" \/>\n<meta name=\"robots\" content=\"index, follow, max-snippet:-1, max-image-preview:large, max-video-preview:-1\" \/>\n<link rel=\"canonical\" href=\"https:\/\/risebogard.com\/fr\/conference\/\" \/>\n<meta property=\"og:locale\" content=\"fr_FR\" \/>\n<meta property=\"og:type\" content=\"article\" \/>\n<meta property=\"og:title\" content=\"Konferenz - Risebo\" \/>\n<meta property=\"og:description\" content=\"Wir verf\u00fcgen \u00fcber einen Konferenzraum f\u00fcr bis zu 40 Personen, ausgestattet mit Beamer, Whiteboard und allem, was Sie brauchen.\" \/>\n<meta property=\"og:url\" content=\"https:\/\/risebogard.com\/fr\/conference\/\" \/>\n<meta property=\"og:site_name\" content=\"Risebo\" \/>\n<meta property=\"article:publisher\" content=\"https:\/\/www.facebook.com\/RiseboGard\" \/>\n<meta property=\"article:modified_time\" content=\"2022-07-01T21:39:44+00:00\" \/>\n<meta property=\"og:image\" content=\"https:\/\/risebogard.com\/wp-content\/uploads\/2022\/05\/PXL_20220519_082929116-1024x768.jpg\" \/>\n<meta name=\"twitter:card\" content=\"summary_large_image\" \/>\n<meta name=\"twitter:label1\" content=\"Dur\u00e9e de lecture estim\u00e9e\" \/>\n\t<meta name=\"twitter:data1\" content=\"1 minute\" \/>\n<script type=\"application\/ld+json\" class=\"yoast-schema-graph\">{\"@context\":\"https:\\\/\\\/schema.org\",\"@graph\":[{\"@type\":\"WebPage\",\"@id\":\"https:\\\/\\\/risebogard.com\\\/konferenz\\\/\",\"url\":\"https:\\\/\\\/risebogard.com\\\/konferenz\\\/\",\"name\":\"Konferenz - Risebo\",\"isPartOf\":{\"@id\":\"https:\\\/\\\/risebogard.com\\\/#website\"},\"primaryImageOfPage\":{\"@id\":\"https:\\\/\\\/risebogard.com\\\/konferenz\\\/#primaryimage\"},\"image\":{\"@id\":\"https:\\\/\\\/risebogard.com\\\/konferenz\\\/#primaryimage\"},\"thumbnailUrl\":\"https:\\\/\\\/risebogard.com\\\/wp-content\\\/uploads\\\/2022\\\/05\\\/PXL_20220519_082929116-1024x768.jpg\",\"datePublished\":\"2022-01-31T19:05:06+00:00\",\"dateModified\":\"2022-07-01T21:39:44+00:00\",\"description\":\"Wir verf\u00fcgen \u00fcber einen Konferenzraum f\u00fcr bis zu 40 Personen, ausgestattet mit Beamer, Whiteboard und allem, was Sie brauchen.\",\"breadcrumb\":{\"@id\":\"https:\\\/\\\/risebogard.com\\\/konferenz\\\/#breadcrumb\"},\"inLanguage\":\"fr-FR\",\"potentialAction\":[{\"@type\":\"ReadAction\",\"target\":[\"https:\\\/\\\/risebogard.com\\\/konferenz\\\/\"]}]},{\"@type\":\"ImageObject\",\"inLanguage\":\"fr-FR\",\"@id\":\"https:\\\/\\\/risebogard.com\\\/konferenz\\\/#primaryimage\",\"url\":\"https:\\\/\\\/risebogard.com\\\/wp-content\\\/uploads\\\/2022\\\/05\\\/PXL_20220519_082929116-1024x768.jpg\",\"contentUrl\":\"https:\\\/\\\/risebogard.com\\\/wp-content\\\/uploads\\\/2022\\\/05\\\/PXL_20220519_082929116-1024x768.jpg\"},{\"@type\":\"BreadcrumbList\",\"@id\":\"https:\\\/\\\/risebogard.com\\\/konferenz\\\/#breadcrumb\",\"itemListElement\":[{\"@type\":\"ListItem\",\"position\":1,\"name\":\"Home\",\"item\":\"https:\\\/\\\/risebogard.com\\\/\"},{\"@type\":\"ListItem\",\"position\":2,\"name\":\"Konferenz\"}]},{\"@type\":\"WebSite\",\"@id\":\"https:\\\/\\\/risebogard.com\\\/#website\",\"url\":\"https:\\\/\\\/risebogard.com\\\/\",\"name\":\"Risebo\",\"description\":\"Camping, H\u00fctten, Westernreiten, Natur pur!\",\"publisher\":{\"@id\":\"https:\\\/\\\/risebogard.com\\\/#organization\"},\"potentialAction\":[{\"@type\":\"SearchAction\",\"target\":{\"@type\":\"EntryPoint\",\"urlTemplate\":\"https:\\\/\\\/risebogard.com\\\/?s={search_term_string}\"},\"query-input\":{\"@type\":\"PropertyValueSpecification\",\"valueRequired\":true,\"valueName\":\"search_term_string\"}}],\"inLanguage\":\"fr-FR\"},{\"@type\":\"Organization\",\"@id\":\"https:\\\/\\\/risebogard.com\\\/#organization\",\"name\":\"Risebo G\u00e5rd\",\"url\":\"https:\\\/\\\/risebogard.com\\\/\",\"logo\":{\"@type\":\"ImageObject\",\"inLanguage\":\"fr-FR\",\"@id\":\"https:\\\/\\\/risebogard.com\\\/#\\\/schema\\\/logo\\\/image\\\/\",\"url\":\"https:\\\/\\\/risebogard.com\\\/wp-content\\\/uploads\\\/2022\\\/01\\\/risebologo.png\",\"contentUrl\":\"https:\\\/\\\/risebogard.com\\\/wp-content\\\/uploads\\\/2022\\\/01\\\/risebologo.png\",\"width\":266,\"height\":100,\"caption\":\"Risebo G\u00e5rd\"},\"image\":{\"@id\":\"https:\\\/\\\/risebogard.com\\\/#\\\/schema\\\/logo\\\/image\\\/\"},\"sameAs\":[\"https:\\\/\\\/www.facebook.com\\\/RiseboGard\"]}]}<\/script>\n<!-- \/ Yoast SEO plugin. -->","yoast_head_json":{"title":"Conf\u00e9rence - Risebo","description":"Nous disposons d&#039;une salle de conf\u00e9rence pouvant accueillir jusqu&#039;\u00e0 40 personnes, \u00e9quip\u00e9e d&#039;un projecteur, d&#039;un tableau blanc et de tout le n\u00e9cessaire.","robots":{"index":"index","follow":"follow","max-snippet":"max-snippet:-1","max-image-preview":"max-image-preview:large","max-video-preview":"max-video-preview:-1"},"canonical":"https:\/\/risebogard.com\/fr\/conference\/","og_locale":"fr_FR","og_type":"article","og_title":"Konferenz - Risebo","og_description":"Wir verf\u00fcgen \u00fcber einen Konferenzraum f\u00fcr bis zu 40 Personen, ausgestattet mit Beamer, Whiteboard und allem, was Sie brauchen.","og_url":"https:\/\/risebogard.com\/fr\/conference\/","og_site_name":"Risebo","article_publisher":"https:\/\/www.facebook.com\/RiseboGard","article_modified_time":"2022-07-01T21:39:44+00:00","og_image":[{"url":"https:\/\/risebogard.com\/wp-content\/uploads\/2022\/05\/PXL_20220519_082929116-1024x768.jpg","type":"","width":"","height":""}],"twitter_card":"summary_large_image","twitter_misc":{"Dur\u00e9e de lecture estim\u00e9e":"1 minute"},"schema":{"@context":"https:\/\/schema.org","@graph":[{"@type":"WebPage","@id":"https:\/\/risebogard.com\/konferenz\/","url":"https:\/\/risebogard.com\/konferenz\/","name":"Conf\u00e9rence - Risebo","isPartOf":{"@id":"https:\/\/risebogard.com\/#website"},"primaryImageOfPage":{"@id":"https:\/\/risebogard.com\/konferenz\/#primaryimage"},"image":{"@id":"https:\/\/risebogard.com\/konferenz\/#primaryimage"},"thumbnailUrl":"https:\/\/risebogard.com\/wp-content\/uploads\/2022\/05\/PXL_20220519_082929116-1024x768.jpg","datePublished":"2022-01-31T19:05:06+00:00","dateModified":"2022-07-01T21:39:44+00:00","description":"Nous disposons d&#039;une salle de conf\u00e9rence pouvant accueillir jusqu&#039;\u00e0 40 personnes, \u00e9quip\u00e9e d&#039;un projecteur, d&#039;un tableau blanc et de tout le n\u00e9cessaire.","breadcrumb":{"@id":"https:\/\/risebogard.com\/konferenz\/#breadcrumb"},"inLanguage":"fr-FR","potentialAction":[{"@type":"ReadAction","target":["https:\/\/risebogard.com\/konferenz\/"]}]},{"@type":"ImageObject","inLanguage":"fr-FR","@id":"https:\/\/risebogard.com\/konferenz\/#primaryimage","url":"https:\/\/risebogard.com\/wp-content\/uploads\/2022\/05\/PXL_20220519_082929116-1024x768.jpg","contentUrl":"https:\/\/risebogard.com\/wp-content\/uploads\/2022\/05\/PXL_20220519_082929116-1024x768.jpg"},{"@type":"BreadcrumbList","@id":"https:\/\/risebogard.com\/konferenz\/#breadcrumb","itemListElement":[{"@type":"ListItem","position":1,"name":"Home","item":"https:\/\/risebogard.com\/"},{"@type":"ListItem","position":2,"name":"Konferenz"}]},{"@type":"WebSite","@id":"https:\/\/risebogard.com\/#website","url":"https:\/\/risebogard.com\/","name":"Risebo","description":"Camping, chalets, \u00e9quitation western, nature \u00e0 l&#039;\u00e9tat pur !","publisher":{"@id":"https:\/\/risebogard.com\/#organization"},"potentialAction":[{"@type":"SearchAction","target":{"@type":"EntryPoint","urlTemplate":"https:\/\/risebogard.com\/?s={search_term_string}"},"query-input":{"@type":"PropertyValueSpecification","valueRequired":true,"valueName":"search_term_string"}}],"inLanguage":"fr-FR"},{"@type":"Organization","@id":"https:\/\/risebogard.com\/#organization","name":"Risebo G\u00e5rd","url":"https:\/\/risebogard.com\/","logo":{"@type":"ImageObject","inLanguage":"fr-FR","@id":"https:\/\/risebogard.com\/#\/schema\/logo\/image\/","url":"https:\/\/risebogard.com\/wp-content\/uploads\/2022\/01\/risebologo.png","contentUrl":"https:\/\/risebogard.com\/wp-content\/uploads\/2022\/01\/risebologo.png","width":266,"height":100,"caption":"Risebo G\u00e5rd"},"image":{"@id":"https:\/\/risebogard.com\/#\/schema\/logo\/image\/"},"sameAs":["https:\/\/www.facebook.com\/RiseboGard"]}]}},"_links":{"self":[{"href":"https:\/\/risebogard.com\/fr\/wp-json\/wp\/v2\/pages\/79","targetHints":{"allow":["GET"]}}],"collection":[{"href":"https:\/\/risebogard.com\/fr\/wp-json\/wp\/v2\/pages"}],"about":[{"href":"https:\/\/risebogard.com\/fr\/wp-json\/wp\/v2\/types\/page"}],"author":[{"embeddable":true,"href":"https:\/\/risebogard.com\/fr\/wp-json\/wp\/v2\/users\/2"}],"replies":[{"embeddable":true,"href":"https:\/\/risebogard.com\/fr\/wp-json\/wp\/v2\/comments?post=79"}],"version-history":[{"count":27,"href":"https:\/\/risebogard.com\/fr\/wp-json\/wp\/v2\/pages\/79\/revisions"}],"predecessor-version":[{"id":513,"href":"https:\/\/risebogard.com\/fr\/wp-json\/wp\/v2\/pages\/79\/revisions\/513"}],"wp:attachment":[{"href":"https:\/\/risebogard.com\/fr\/wp-json\/wp\/v2\/media?parent=79"}],"curies":[{"name":"wp","href":"https:\/\/api.w.org\/{rel}","templated":true}]}}