{"id":378,"date":"2022-05-27T12:23:55","date_gmt":"2022-05-27T10:23:55","guid":{"rendered":"https:\/\/risebogard.com\/cookie-richtlinie-eu\/"},"modified":"2022-06-22T14:35:54","modified_gmt":"2022-06-22T12:35:54","slug":"politique-relative-aux-cookies-ue","status":"publish","type":"page","link":"https:\/\/risebogard.com\/fr\/cookie-richtlinie-eu\/","title":{"rendered":"Politique relative aux cookies (UE)"},"content":{"rendered":"<!-- Legal document generated by Complianz | GDPR\/CCPA Cookie Consent https:\/\/wordpress.org\/plugins\/complianz-gdpr -->\n<div id=\"cmplz-document\" class=\"cmplz-document cookie-statement cmplz-document-eu\"><p><i>Cette politique de cookies a \u00e9t\u00e9 mise \u00e0 jour pour la derni\u00e8re fois le mars 16, 2025 et s\u2019applique aux citoyens et aux r\u00e9sidents permanents l\u00e9gaux de l\u2019Espace \u00c9conomique Europ\u00e9en et de la Suisse.<\/i><br><\/p><h2>1. Introduction<\/h2><p>Notre site web, <a href=\"https:\/\/risebogard.com\/fr\">https:\/\/risebogard.com\/fr<\/a> (ci-apr\u00e8s : \u00ab le site web \u00bb) use des cookies et autres technologies li\u00e9es (par simplification, toutes ces technologies sont d\u00e9sign\u00e9es par les termes \u00ab cookies \u00bb). Les cookies sont plac\u00e9s chez les tiers que nous avons engag\u00e9s. Dans le document ci-dessous, nous vous informons de l&#039;utilisation des cookies sur notre site web.<\/p><h2>2. Que sont les cookies ?<\/h2><p>Un cookie est un petit fichier simple envoy\u00e9 avec les pages de ce site web et stock\u00e9 par votre navigateur sur le disque dur de votre ordinateur ou d&#039;un autre appareil. Les informations qui y sont stock\u00e9es peuvent \u00eatre renvoy\u00e9es \u00e0 nos serveurs ou aux serveurs des tierces parties concern\u00e9es lors d&#039;une visite ult\u00e9rieure.<\/p><h2>3. Que sont les scripts ?<\/h2><p>Un script est un \u00e9l\u00e9ment de code utilis\u00e9 pour assurer le bon fonctionnement et l&#039;interactivit\u00e9 de notre site web. Ce code est ex\u00e9cut\u00e9 sur notre serveur ou sur votre appareil.<\/p><h2>4. Quel est l&#039;\u00e9quilibre invisible ?<\/h2><p>Une balise invisible (ou balise web) est une petite quantit\u00e9 de texte ou d&#039;image invisible sur un site web, utilis\u00e9e pour suivre le trafic sur un site web. Pour ce faire, diverses donn\u00e9es vous concernant sont stock\u00e9es \u00e0 l&#039;aide de balises invisibles.<\/p><h2>5. Cookies<\/h2><p class=\"cmplz-subtitle\">5.1 Techniques ou fonctions des cookies<\/p><p>Certains cookies assurent le bon fonctionnement de certains intervenants sur le site web et le prix de vos pr\u00e9f\u00e9rences sur Internet. En pla\u00e7ant des cookies fonctionnels, nous vous facilitons la visite de notre site web. Ainsi, vous n&#039;avez rien \u00e0 dire \u00e0 plusieurs reprises des m\u00eames informations lors de la visite de notre site web et, par exemple, les \u00e9l\u00e9ments restent dans votre panier jusqu&#039;\u00e0 votre paiement. Nous pouvons d\u00e9poser ces cookies sans votre consentement.<\/p><p class=\"cmplz-subtitle\">5.2 Cookies statistiques<\/p><p>Nous utilisons des cookies statistiques afin d&#039;optimiser l&#039;exp\u00e9rience des internautes sur notre site web. Avec ces cookies statistiques, nous obtenons des informations sur l&#039;utilisation de notre site web. Nous demande votre autorisation pour placer les cookies statistiques.<\/p><p class=\"cmplz-subtitle\">5.3 Cookies de marketing\/suivi<\/p><p>Les cookies de marketing\/suivi sont des cookies ou toute autre forme de stockage local, utilis\u00e9s pour cr\u00e9er des profils d&#039;utilisateurs afin d&#039;afficher de la publicit\u00e9 ou de suivre l&#039;utilisateur sur ce site web ou sur plusieurs sites web dans des finalit\u00e9s marketing similaires.<\/p><p class=\"cmplz-subtitle\">5.4 R\u00e9seaux sociaux<\/p><p>Sur notre site web, nous avons inclus du contenu provenant de Facebook, WhatsApp et Instagram pour promouvoir des pages web (par exemple, \u00ab\u00a0like\u00a0\u00bb, \u00ab\u00a0pin\u00a0\u00bb) ou les partager (par exemple, \u00ab\u00a0tweet\u00a0\u00bb) sur des r\u00e9seaux sociaux comme Facebook, WhatsApp et Instagram. Ce contenu est int\u00e9gr\u00e9 gr\u00e2ce un code obtenu de Facebook, WhatsApp et Instagram et place des cookies. Ce contenu peut stocker et traiter certaines informations \u00e0 des fins de publicit\u00e9 personnalis\u00e9e.<\/p><p>Veuillez lire la d\u00e9claration de confidentialit\u00e9 de ces r\u00e9seaux sociaux (qui peut \u00eatre modifi\u00e9e r\u00e9guli\u00e8rement) afin de savoir ce qu\u2019ils font de vos donn\u00e9es (personnelles) trait\u00e9es en utilisant ces cookies. Les donn\u00e9es r\u00e9cup\u00e9r\u00e9es sont anonymis\u00e9es autant que possible. Facebook, WhatsApp et Instagram se trouvent aux \u00c9tats-Unis.<\/p><h2>6. Cookies plac\u00e9s<\/h2><div id=\"cmplz-cookies-overview\"><\/div><h2>7. Consent<\/h2><p>Lors de votre premi\u00e8re visite sur notre site web, une fen\u00eatre contextuelle vous expliquera le fonctionnement des cookies. En cliquant sur \u00ab\u00a0Enregistrer les param\u00e8tres\u00a0\u00bb, vous acc\u00e9derez aux cat\u00e9gories de cookies et d&#039;extensions que vous avez s\u00e9lectionn\u00e9es dans cette fen\u00eatre, conform\u00e9ment \u00e0 notre politique en mati\u00e8re de cookies. Si vous d\u00e9sactivez l&#039;utilisation des cookies via votre navigateur, le site web risque de ne plus fonctionner correctement.<\/p><p class=\"cmplz-subtitle\">7.1 G\u00e9rez vos r\u00e9glages de consentement<\/p><div id=\"cmplz-manage-consent-container-nojavascript\">Vous avez charg\u00e9 la politique de cookies sans le support de javascript.&nbsp;Sur AMP, vous pouvez utiliser l\u2019onglet de gestion du consentement en bas de la page.<\/div><div id=\"cmplz-manage-consent-container\" name=\"cmplz-manage-consent-container\" class=\"cmplz-manage-consent-container\"><\/div><h2>8. Activer\/d\u00e9sactiver et supprimer les cookies<\/h2><p>Vous pouvez utiliser votre navigation Internet pour supprimer les cookies automatiques ou manuels. Vous pouvez pr\u00e9ciser que certains cookies peuvent \u00eatre d\u00e9pos\u00e9s \u00e0 ces endroits. Une autre option consiste \u00e0 modifier les param\u00e8tres de votre navigateur Internet afin que vous receviez un message \u00e0 chaque fois qu&#039;un cookie est plac\u00e9. Pour plus d&#039;informations sur ces options, reportez-vous aux instructions de la section Aide de votre navigateur.<\/p><p>Veuillez noter que notre site web ne fonctionnera pas correctement si les cookies sont d\u00e9sactiv\u00e9s. Si vous bloquez les cookies dans votre navigateur, les nouvelles fonctionnalit\u00e9s seront disponibles apr\u00e8s votre consentement au site web.<\/p><h2>9. Vos pr\u00e9occupations concernant vos donn\u00e9es personnelles<\/h2><p>Vous disposez des informations suivantes concernant vos donn\u00e9es personnelles\u00a0:<\/p><ul>\n                    <li>Vous avez le droit de conserver vos donn\u00e9es personnelles afin qu&#039;elles vous soient utiles ult\u00e9rieurement, et ce, pendant la dur\u00e9e de leur conservation.<\/li>\n                    <li>Droit d&#039;acc\u00e8s : vous disposez du droit d&#039;acc\u00e9der \u00e0 vos donn\u00e9es personnelles que nous poss\u00e9dons.<\/li>\n                    <li>Droit de rectification : vous avez le droit de faire compl\u00e9ter, corriger, supprimer ou bloquer les donn\u00e9es personnelles.<\/li>\n                    <li>Si vous n&#039;avez pas donn\u00e9 votre consentement pour le traitement de vos donn\u00e9es, vous avez le droit de retirer votre consentement et d&#039;obtenir la suppression \u00e9quitable de vos donn\u00e9es personnelles.<\/li>\n                    <li>Droit de transf\u00e9rer vos donn\u00e9es : vous avez le droit de demander toutes vos donn\u00e9es personnelles au responsable du traitement et de les transf\u00e9rer dans leur int\u00e9gralit\u00e9 \u00e0 un autre responsable du traitement.<\/li>\n                    <li>Droit d&#039;opposition : vous pouvez avoir votre adversaire dans le traitement de vos donn\u00e9es. Nous obtemp\u00e9rerons, \u00e0 moins que certaines raisons ne justifient ce traitement.<\/li>\n                <\/ul><p>Pour exercer ces droits, veuillez nous contacter. Veuillez vous r\u00e9f\u00e9rer aux coordonn\u00e9es bas\u00e9es sur cette politique de cookies. Si vous avez un simple souci sur la forme, vous n&#039;avez aucune caract\u00e9ristique de vos donn\u00e9es, vous n&#039;avez pas suffisamment d&#039;informations et d&#039;autres informations, mais vous avez \u00e9galement le droit de d\u00e9poser une plainte aupr\u00e8s de l&#039;autorit\u00e9 charg\u00e9e de la protection des donn\u00e9es.<\/p><h2>10. Coordonn\u00e9es<\/h2><p>Pour toute question ou remarque concernant notre politique en mati\u00e8re de cookies et la pr\u00e9sente d\u00e9claration, vous pouvez nous contacter aux coordonn\u00e9es suivantes\u00a0:<\/p><p><span class=\"cmplz-contact-organisation\">Risebo G\u00e5rd AB<\/span><br>\n                      <span class=\"cmplz-contact-address\">Risebo G\u00e5rd<br \/>\n594 92 Gambleby<\/span><br>\n                      <span class=\"cmplz-contact-country\">Su\u00e8de<\/span><br>\n                      <span class=\"cmplz-contact-domain\">Site web: <a href=\"https:\/\/risebogard.com\/fr\">https:\/\/risebogard.com\/fr<\/a><\/span><br>\n                      <span class=\"cmplz-contact-email\">E-mail: <span class=\"cmplz-obfuscate\">w&#101;bma&#115;te&#114;@<span class=\"cmplz-fmail-domain\">ex.co&#109;<\/span>&#114;&#105;seb&#111;&#103;ar&#100;&#046;c&#111;m<\/span><\/span><br>\n                    <span class=\"cmplz-contact-telephone\">Num\u00e9ro de t\u00e9l\u00e9phone : +46701658020<\/span><\/p><p>Cette politique relative aux cookies est \u00e9galement synchronis\u00e9e. <a href=\"https:\/\/cookiedatabase.org\/\" target=\"_blank\">base de donn\u00e9es de cookies.org<\/a> le mai 3, 2024.<\/p><\/div>","protected":false},"excerpt":{"rendered":"","protected":false},"author":2,"featured_media":0,"parent":0,"menu_order":0,"comment_status":"closed","ping_status":"closed","template":"","meta":{"ngg_post_thumbnail":0,"footnotes":""},"class_list":["post-378","page","type-page","status-publish","hentry"],"featured_image_src":null,"yoast_head":"<!-- This site is optimized with the Yoast SEO plugin v27.4 - https:\/\/yoast.com\/product\/yoast-seo-wordpress\/ -->\n<title>Cookie-Richtlinie (EU) - Risebo<\/title>\n<meta name=\"robots\" content=\"index, follow, max-snippet:-1, max-image-preview:large, max-video-preview:-1\" \/>\n<link rel=\"canonical\" href=\"https:\/\/risebogard.com\/fr\/politique-relative-aux-cookies-ue\/\" \/>\n<meta property=\"og:locale\" content=\"fr_FR\" \/>\n<meta property=\"og:type\" content=\"article\" \/>\n<meta property=\"og:title\" content=\"Cookie-Richtlinie (EU) - Risebo\" \/>\n<meta property=\"og:url\" content=\"https:\/\/risebogard.com\/fr\/politique-relative-aux-cookies-ue\/\" \/>\n<meta property=\"og:site_name\" content=\"Risebo\" \/>\n<meta property=\"article:publisher\" content=\"https:\/\/www.facebook.com\/RiseboGard\" \/>\n<meta property=\"article:modified_time\" content=\"2022-06-22T12:35:54+00:00\" \/>\n<meta name=\"twitter:card\" content=\"summary_large_image\" \/>\n<script type=\"application\/ld+json\" class=\"yoast-schema-graph\">{\"@context\":\"https:\\\/\\\/schema.org\",\"@graph\":[{\"@type\":\"WebPage\",\"@id\":\"https:\\\/\\\/risebogard.com\\\/cookie-richtlinie-eu\\\/\",\"url\":\"https:\\\/\\\/risebogard.com\\\/cookie-richtlinie-eu\\\/\",\"name\":\"Cookie-Richtlinie (EU) - Risebo\",\"isPartOf\":{\"@id\":\"https:\\\/\\\/risebogard.com\\\/#website\"},\"datePublished\":\"2022-05-27T10:23:55+00:00\",\"dateModified\":\"2022-06-22T12:35:54+00:00\",\"breadcrumb\":{\"@id\":\"https:\\\/\\\/risebogard.com\\\/cookie-richtlinie-eu\\\/#breadcrumb\"},\"inLanguage\":\"fr-FR\",\"potentialAction\":[{\"@type\":\"ReadAction\",\"target\":[\"https:\\\/\\\/risebogard.com\\\/cookie-richtlinie-eu\\\/\"]}]},{\"@type\":\"BreadcrumbList\",\"@id\":\"https:\\\/\\\/risebogard.com\\\/cookie-richtlinie-eu\\\/#breadcrumb\",\"itemListElement\":[{\"@type\":\"ListItem\",\"position\":1,\"name\":\"Home\",\"item\":\"https:\\\/\\\/risebogard.com\\\/\"},{\"@type\":\"ListItem\",\"position\":2,\"name\":\"Cookie-Richtlinie (EU)\"}]},{\"@type\":\"WebSite\",\"@id\":\"https:\\\/\\\/risebogard.com\\\/#website\",\"url\":\"https:\\\/\\\/risebogard.com\\\/\",\"name\":\"Risebo\",\"description\":\"Camping, H\u00fctten, Westernreiten, Natur pur!\",\"publisher\":{\"@id\":\"https:\\\/\\\/risebogard.com\\\/#organization\"},\"potentialAction\":[{\"@type\":\"SearchAction\",\"target\":{\"@type\":\"EntryPoint\",\"urlTemplate\":\"https:\\\/\\\/risebogard.com\\\/?s={search_term_string}\"},\"query-input\":{\"@type\":\"PropertyValueSpecification\",\"valueRequired\":true,\"valueName\":\"search_term_string\"}}],\"inLanguage\":\"fr-FR\"},{\"@type\":\"Organization\",\"@id\":\"https:\\\/\\\/risebogard.com\\\/#organization\",\"name\":\"Risebo G\u00e5rd\",\"url\":\"https:\\\/\\\/risebogard.com\\\/\",\"logo\":{\"@type\":\"ImageObject\",\"inLanguage\":\"fr-FR\",\"@id\":\"https:\\\/\\\/risebogard.com\\\/#\\\/schema\\\/logo\\\/image\\\/\",\"url\":\"https:\\\/\\\/risebogard.com\\\/wp-content\\\/uploads\\\/2022\\\/01\\\/risebologo.png\",\"contentUrl\":\"https:\\\/\\\/risebogard.com\\\/wp-content\\\/uploads\\\/2022\\\/01\\\/risebologo.png\",\"width\":266,\"height\":100,\"caption\":\"Risebo G\u00e5rd\"},\"image\":{\"@id\":\"https:\\\/\\\/risebogard.com\\\/#\\\/schema\\\/logo\\\/image\\\/\"},\"sameAs\":[\"https:\\\/\\\/www.facebook.com\\\/RiseboGard\"]}]}<\/script>\n<!-- \/ Yoast SEO plugin. -->","yoast_head_json":{"title":"Politique relative aux cookies (UE) - Risebo","robots":{"index":"index","follow":"follow","max-snippet":"max-snippet:-1","max-image-preview":"max-image-preview:large","max-video-preview":"max-video-preview:-1"},"canonical":"https:\/\/risebogard.com\/fr\/politique-relative-aux-cookies-ue\/","og_locale":"fr_FR","og_type":"article","og_title":"Cookie-Richtlinie (EU) - Risebo","og_url":"https:\/\/risebogard.com\/fr\/politique-relative-aux-cookies-ue\/","og_site_name":"Risebo","article_publisher":"https:\/\/www.facebook.com\/RiseboGard","article_modified_time":"2022-06-22T12:35:54+00:00","twitter_card":"summary_large_image","schema":{"@context":"https:\/\/schema.org","@graph":[{"@type":"WebPage","@id":"https:\/\/risebogard.com\/cookie-richtlinie-eu\/","url":"https:\/\/risebogard.com\/cookie-richtlinie-eu\/","name":"Politique relative aux cookies (UE) - Risebo","isPartOf":{"@id":"https:\/\/risebogard.com\/#website"},"datePublished":"2022-05-27T10:23:55+00:00","dateModified":"2022-06-22T12:35:54+00:00","breadcrumb":{"@id":"https:\/\/risebogard.com\/cookie-richtlinie-eu\/#breadcrumb"},"inLanguage":"fr-FR","potentialAction":[{"@type":"ReadAction","target":["https:\/\/risebogard.com\/cookie-richtlinie-eu\/"]}]},{"@type":"BreadcrumbList","@id":"https:\/\/risebogard.com\/cookie-richtlinie-eu\/#breadcrumb","itemListElement":[{"@type":"ListItem","position":1,"name":"Home","item":"https:\/\/risebogard.com\/"},{"@type":"ListItem","position":2,"name":"Cookie-Richtlinie (EU)"}]},{"@type":"WebSite","@id":"https:\/\/risebogard.com\/#website","url":"https:\/\/risebogard.com\/","name":"Risebo","description":"Camping, chalets, \u00e9quitation western, nature \u00e0 l&#039;\u00e9tat pur !","publisher":{"@id":"https:\/\/risebogard.com\/#organization"},"potentialAction":[{"@type":"SearchAction","target":{"@type":"EntryPoint","urlTemplate":"https:\/\/risebogard.com\/?s={search_term_string}"},"query-input":{"@type":"PropertyValueSpecification","valueRequired":true,"valueName":"search_term_string"}}],"inLanguage":"fr-FR"},{"@type":"Organization","@id":"https:\/\/risebogard.com\/#organization","name":"Risebo G\u00e5rd","url":"https:\/\/risebogard.com\/","logo":{"@type":"ImageObject","inLanguage":"fr-FR","@id":"https:\/\/risebogard.com\/#\/schema\/logo\/image\/","url":"https:\/\/risebogard.com\/wp-content\/uploads\/2022\/01\/risebologo.png","contentUrl":"https:\/\/risebogard.com\/wp-content\/uploads\/2022\/01\/risebologo.png","width":266,"height":100,"caption":"Risebo G\u00e5rd"},"image":{"@id":"https:\/\/risebogard.com\/#\/schema\/logo\/image\/"},"sameAs":["https:\/\/www.facebook.com\/RiseboGard"]}]}},"_links":{"self":[{"href":"https:\/\/risebogard.com\/fr\/wp-json\/wp\/v2\/pages\/378","targetHints":{"allow":["GET"]}}],"collection":[{"href":"https:\/\/risebogard.com\/fr\/wp-json\/wp\/v2\/pages"}],"about":[{"href":"https:\/\/risebogard.com\/fr\/wp-json\/wp\/v2\/types\/page"}],"author":[{"embeddable":true,"href":"https:\/\/risebogard.com\/fr\/wp-json\/wp\/v2\/users\/2"}],"replies":[{"embeddable":true,"href":"https:\/\/risebogard.com\/fr\/wp-json\/wp\/v2\/comments?post=378"}],"version-history":[{"count":3,"href":"https:\/\/risebogard.com\/fr\/wp-json\/wp\/v2\/pages\/378\/revisions"}],"predecessor-version":[{"id":1167,"href":"https:\/\/risebogard.com\/fr\/wp-json\/wp\/v2\/pages\/378\/revisions\/1167"}],"wp:attachment":[{"href":"https:\/\/risebogard.com\/fr\/wp-json\/wp\/v2\/media?parent=378"}],"curies":[{"name":"wp","href":"https:\/\/api.w.org\/{rel}","templated":true}]}}