{"id":347,"date":"2022-05-22T13:58:21","date_gmt":"2022-05-22T11:58:21","guid":{"rendered":"https:\/\/risebogard.com\/?page_id=347"},"modified":"2025-06-17T21:18:45","modified_gmt":"2025-06-17T19:18:45","slug":"activites-autour-de-risebo","status":"publish","type":"page","link":"https:\/\/risebogard.com\/fr\/aktivitaeten-rund-um-risebo\/","title":{"rendered":"Activit\u00e9s"},"content":{"rendered":"<p>Nous souhaitons que vous vous sentiez comme chez vous. Risebo est l&#039;endroit id\u00e9al pour \u00e9chapper au stress du quotidien et oublier tous vos soucis au c\u0153ur de la nature. Les enfants peuvent s&#039;amuser pendant des heures \u00e0 Risebo, vous offrant ainsi un temps pr\u00e9cieux pour vous d\u00e9tendre et vous ressourcer.<br>Mais Risebo et ses environs offrent \u00e9galement de nombreuses activit\u00e9s, notamment pour les personnes actives. En voici un aper\u00e7u.<\/p>\n\n\n\n<hr class=\"wp-block-separator has-css-opacity\"\/>\n\n\n\n<h2 class=\"wp-block-heading\">Activit\u00e9s sur Risebo<\/h2>\n\n\n\n<h3 class=\"wp-block-heading\">Pour les enfants :<\/h3>\n\n\n\n<ul class=\"wp-block-list\">\n<li>Soins des chevaux et promenades \u00e0 poney (encadr\u00e9s)<\/li>\n\n\n\n<li>Les petits animaux et les animaux de compagnie tels que les lapins, les cochons d&#039;Inde, les chiens, les chats<\/li>\n\n\n\n<li>Ping-pong, basket-ball, trampoline et autres jeux de plein air<\/li>\n\n\n\n<li>Voitures \u00e0 p\u00e9dales et autres jouets<\/li>\n\n\n\n<li>Vaste espace avec un ruisseau, des ponts et une nature abondante \u00e0 explorer, o\u00f9 se cacher et jouer.<\/li>\n\n\n\n<li>Donnez un coup de main \u00e0 la ferme : il y a toujours quelque chose \u00e0 faire \ud83d\ude42<\/li>\n<\/ul>\n\n\n\n<h3 class=\"wp-block-heading\">Pour les adultes :<\/h3>\n\n\n\n<ul class=\"wp-block-list\">\n<li>Promenades \u00e0 cheval (\u00e9quitation western) dans un cadre naturel exceptionnel, sur nos chevaux islandais et nord-su\u00e9dois.<\/li>\n\n\n\n<li>Une agr\u00e9able promenade sur le terrain bord\u00e9 de saules, d&#039;arbres, d&#039;un ruisseau, d&#039;un barrage et de ponts.<\/li>\n\n\n\n<li>14 kilom\u00e8tres de sentiers de randonn\u00e9e p\u00e9destre entretenus par nos soins autour de Risebo, dans un cadre naturel magnifique, \u00e0 travers for\u00eats, prairies et lacs.<\/li>\n\n\n\n<li>De nombreux autres sentiers dans la r\u00e9gion<\/li>\n\n\n\n<li>Deux espaces barbecue, dont un couvert avec des bancs pouvant accueillir environ 20 \u00e0 30 personnes.<\/li>\n\n\n\n<li>Ping-pong, basket-ball, trampoline et autres jeux de plein air<\/li>\n\n\n\n<li>Salon \/ Salle de conf\u00e9rence<\/li>\n\n\n\n<li>Donnez un coup de main \u00e0 la ferme : il y a toujours quelque chose \u00e0 faire \ud83d\ude42<\/li>\n<\/ul>\n\n\n\n<hr class=\"wp-block-separator has-css-opacity\"\/>\n\n\n\n<h2 class=\"wp-block-heading\">Activit\u00e9s autour de Risebo<\/h2>\n\n\n\n<figure class=\"wp-block-table is-style-stripes\"><table><tbody><tr><td>Quoi<\/td><td>Emplacement<\/td><td>Distance en minutes<\/td><td><\/td><td>Site web<\/td><\/tr><tr><td>Randonn\u00e9e<\/td><td>Risebo<\/td><td>0<\/td><td><\/td><td>Carte de randonn\u00e9e de Risebo \u00e0 t\u00e9l\u00e9charger\u00a0: <a href=\"https:\/\/risebogard.com\/public\/RiseboVandringsleder.pdf\">https:\/\/risebogard.com\/public\/RiseboVandringsleder.pdf<\/a><br><br>Carte des sentiers de randonn\u00e9e (OpenStreetMap)\u00a0: <a href=\"https:\/\/osm.org\/go\/0Y5qSQto--\" target=\"_blank\" rel=\"noreferrer noopener nofollow\">https:\/\/osm.org\/go\/0Y5qSQto&#8211;<\/a><\/td><\/tr><tr><td>Excursions \u00e0 v\u00e9lo \/ VTT<\/td><td>Risebo<\/td><td>0<\/td><td><\/td><td>Location de v\u00e9los sur place<br><a href=\"https:\/\/risebogard.com\/fr\/camping\/\">https:\/\/risebogard.com\/camping\/<\/a><\/td><\/tr><tr><td>Nager dans le lac<\/td><td>Homme\/Loft<\/td><td>5<\/td><td><\/td><td>Loftern : <a href=\"https:\/\/goo.gl\/maps\/4rZrJn57HKXdX2qPA\" target=\"_blank\" rel=\"noreferrer noopener nofollow\">https:\/\/goo.gl\/maps\/4rZrJn57HKXdX2qPA<\/a><br>Homme: <a href=\"https:\/\/goo.gl\/maps\/Lr62XKLGSFdT4esP9\" target=\"_blank\" rel=\"noreferrer noopener\">https:\/\/goo.gl\/maps\/Lr62XKLGSFdT4esP9<\/a><\/td><\/tr><tr><td>Grimper<\/td><td>kl\u00e4tterklippa<br><em>\u201e Sj\u00f6\u00e4nda \u201c<\/em><\/td><td>12<\/td><td><\/td><td><a href=\"https:\/\/www.vastervikclimbing.com\/wp-content\/uploads\/2024\/03\/Sjoanda.pdf\" target=\"_blank\" rel=\"noreferrer noopener\">https:\/\/www.vastervikclimbing.com\/wp-content\/uploads\/2024\/03\/Sjoanda.pdf<\/a><br><br><a href=\"https:\/\/27crags.com\/crags\/sjoanda\" target=\"_blank\" rel=\"noreferrer noopener\">https:\/\/27crags.com\/crags\/sjoanda<\/a><br><br><a href=\"https:\/\/www.mountainproject.com\/area\/113399064\/sjoanda\" target=\"_blank\" rel=\"noreferrer noopener\">https:\/\/www.mountainproject.com\/area\/113399064\/sjoanda<\/a><br><br><a href=\"https:\/\/goo.gl\/maps\/2xkBxMnQKAJkC37c9\" target=\"_blank\" rel=\"noreferrer noopener nofollow\">https:\/\/goo.gl\/maps\/2xkBxMnQKAJkC37c9<\/a><\/td><\/tr><tr><td>Grimper<\/td><td>kl\u00e4tterklippa \u201e Silverberget \u201c<\/td><td>13<\/td><td><\/td><td><a href=\"https:\/\/www.vastervikclimbing.com\/wp-content\/uploads\/2023\/09\/Silverberget-ny-forare-23-09-01.pdf\" target=\"_blank\" rel=\"noreferrer noopener\">https:\/\/www.vastervikclimbing.com\/wp-content\/uploads\/2023\/09\/Silverberget-ny-forare-23-09-01.pdf<\/a><br><br><a href=\"https:\/\/27crags.com\/crags\/silverberget\/cragmap\" target=\"_blank\" rel=\"noreferrer noopener\">https:\/\/27crags.com\/crags\/silverberget\/cragmap<\/a><br><br><a href=\"https:\/\/www.mountainproject.com\/area\/113399127\/silverberget\" target=\"_blank\" rel=\"noreferrer noopener\">https:\/\/www.mountainproject.com\/area\/113399127\/silverberget<\/a><\/td><\/tr><tr><td>Mus\u00e9e industriel \u201e Bruksmuseum \u201c<\/td><td>\u00d6verum<\/td><td>20<\/td><td><\/td><td><a href=\"https:\/\/www.vastervik.com\/produkt\/overums-bruksmuseum\/\" target=\"_blank\" rel=\"noreferrer noopener nofollow\">https:\/\/www.vastervik.com\/produkt\/overums-bruksmuseum\/<\/a><\/td><\/tr><tr><td>Parc des Trolls<\/td><td>Gambleby<\/td><td>25<\/td><td><\/td><td><a href=\"https:\/\/www.gamleby.se\/skulpturparken.html\" target=\"_blank\" rel=\"noreferrer noopener nofollow\">https:\/\/www.gamleby.se\/skulpturparken.html<\/a><\/td><\/tr><tr><td>lagune<\/td><td>Gambleby<\/td><td>25<\/td><td><\/td><td><\/td><\/tr><tr><td>excursions en kayak<\/td><td>Gambleby<\/td><td>25<\/td><td><\/td><td><a href=\"https:\/\/www.vastervik.se\/Uppleva-och-gora\/Idrott-motion-och-friluftsliv\/Friluftsliv-och-motion\/kajak\/\" target=\"_blank\" rel=\"noreferrer noopener nofollow\">https:\/\/www.vastervik.se\/Uppleva-och-gora\/Idrott-motion-och-friluftsliv\/Friluftsliv-och-motion\/kajak\/<\/a><\/td><\/tr><tr><td>Terrain de golf<\/td><td>\u00c5tvidaberg<\/td><td>28<\/td><td><\/td><td><a href=\"https:\/\/www.atvidabergsgk.se\/\" target=\"_blank\" rel=\"noreferrer noopener nofollow\">https:\/\/www.atvidabergsgk.se\/<\/a><\/td><\/tr><tr><td>Paintball<\/td><td>\u00c5tvidaberg<\/td><td>28<\/td><td><\/td><td><a href=\"https:\/\/www.fargboll.se\/\" target=\"_blank\" rel=\"noreferrer noopener nofollow\">https:\/\/www.fargboll.se\/<\/a><\/td><\/tr><tr><td>bowling<\/td><td>\u00c5tvidaberg<\/td><td>28<\/td><td><\/td><td><a href=\"https:\/\/atvidbowl.se\/\" target=\"_blank\" rel=\"noreferrer noopener nofollow\">https:\/\/atvidbowl.se\/<\/a><\/td><\/tr><tr><td>Mus\u00e9e industriel et automobile<\/td><td>\u00c5tvidaberg<\/td><td>28<\/td><td><\/td><td><a href=\"https:\/\/www.assamuseet.se\/\" target=\"_blank\" rel=\"noreferrer noopener nofollow\">https:\/\/www.assamuseet.se\/<\/a><\/td><\/tr><tr><td>Excursions en cano\u00eb<\/td><td>Haglunds G\u00e5rd<\/td><td>33<\/td><td><\/td><td><a href=\"https:\/\/www.haglundsaventyr.se\/\" target=\"_blank\" rel=\"noreferrer noopener\">https:\/\/www.haglundsaventyr.se\/<\/a><\/td><\/tr><tr><td>excursions en kayak<\/td><td>V\u00e4stervik<\/td><td>40<\/td><td><\/td><td><a href=\"https:\/\/www.vastervik.com\/kajak\/\" target=\"_blank\" rel=\"noreferrer noopener nofollow\">https:\/\/www.vastervik.com\/kajak\/<\/a><\/td><\/tr><tr><td>Piste de karting<\/td><td>V\u00e4stervik<\/td><td>44<\/td><td><\/td><td><a href=\"https:\/\/action-center.se\/\" target=\"_blank\" rel=\"noreferrer noopener nofollow\">https:\/\/action-center.se\/<\/a><\/td><\/tr><tr><td>Parc de v\u00e9lo de montagne<\/td><td>Kisa<\/td><td>47<\/td><td><\/td><td><a href=\"https:\/\/kisamtbpark.com\/\" target=\"_blank\" rel=\"noreferrer noopener nofollow\">https:\/\/kisamtbpark.<\/a><a href=\"https:\/\/kisamtbpark.com\/\" target=\"_blank\" rel=\"noreferrer noopener\">com\/<\/a><\/td><\/tr><tr><td>Mer (Mer Baltique)<\/td><td>V\u00e4stervik<\/td><td>50<\/td><td><\/td><td><\/td><\/tr><tr><td>circuit de course<\/td><td>Link\u00f6ping<\/td><td>51<\/td><td><\/td><td><a href=\"https:\/\/lms.se\/\" target=\"_blank\" rel=\"noreferrer noopener nofollow\">https:\/\/lms.se\/<\/a><\/td><\/tr><tr><td>Mus\u00e9e du cyclomoteur<\/td><td>V\u00e4stervik<\/td><td>52<\/td><td><\/td><td><a href=\"http:\/\/www.veteranmoped.se\" target=\"_blank\" rel=\"noreferrer noopener nofollow\">http:\/\/www.veteranmoped.s<\/a><a href=\"http:\/\/www.veteranmoped.se\" target=\"_blank\" rel=\"noreferrer noopener\">e<\/a><\/td><\/tr><tr><td>Le monde d&#039;Astrid Lindgren<\/td><td>Vimmerby<\/td><td>55<\/td><td><\/td><td><a href=\"https:\/\/astridlindgrensvarld.se\/\" target=\"_blank\" rel=\"noreferrer noopener\">ht<\/a><a href=\"https:\/\/astridlindgrensvarld.se\/\" target=\"_blank\" rel=\"noreferrer noopener nofollow\">tps:\/\/astridlindgrensvarld.se\/<\/a><\/td><\/tr><tr><td>parc d&#039;aventure<\/td><td>Link\u00f6ping<\/td><td>55<\/td><td><\/td><td><a href=\"https:\/\/www.hamaadventures.se\/\" target=\"_blank\" rel=\"noreferrer noopener nofollow\">https:\/\/www.hamaadventures.se\/<\/a><\/td><\/tr><tr><td>Mus\u00e9e en plein air Gamla Link\u00f6ping\u201e<\/td><td>Link\u00f6ping<\/td><td>60<\/td><td><\/td><td><a href=\"https:\/\/www.gamlalinkoping.info\/\" target=\"_blank\" rel=\"noreferrer noopener\">https:\/\/www.gamlalinkoping.info\/<\/a><\/td><\/tr><\/tbody><\/table><\/figure>\n\n\n\n<p><\/p>","protected":false},"excerpt":{"rendered":"<p>Wir m\u00f6chten, dass Du Dich bei uns wohl f\u00fchlst. Risebo ist der perfekte Ort, um sich in der Natur vom Stress im Alltag zu erholen und alle Sorgen zu vergessen. Die Kinder k\u00f6nnen sich auf Risebo f\u00fcr Stunden selbst besch\u00e4ftigen, w\u00e4hrend Du endlich einmal Zeit f\u00fcr Dich hast und zum Entspannen.Aber gerade auch f\u00fcr aktive&#8230;<a class=\"read-more-link button\" href=\"https:\/\/risebogard.com\/fr\/aktivitaeten-rund-um-risebo\/\">Read more<\/a><\/p>","protected":false},"author":2,"featured_media":0,"parent":0,"menu_order":0,"comment_status":"closed","ping_status":"closed","template":"","meta":{"ngg_post_thumbnail":0,"footnotes":""},"class_list":["post-347","page","type-page","status-publish","hentry"],"featured_image_src":null,"yoast_head":"<!-- This site is optimized with the Yoast SEO plugin v27.4 - https:\/\/yoast.com\/product\/yoast-seo-wordpress\/ -->\n<title>Aktivit\u00e4ten - Risebo<\/title>\n<meta name=\"description\" content=\"Auf und rund um Risebo stehen eine Vielzahl von Aktivit\u00e4ten bereit. F\u00fcr gutes wie auch f\u00fcr schlechtes Wetter.\" \/>\n<meta name=\"robots\" content=\"index, follow, max-snippet:-1, max-image-preview:large, max-video-preview:-1\" \/>\n<link rel=\"canonical\" href=\"https:\/\/risebogard.com\/fr\/activites-autour-de-risebo\/\" \/>\n<meta property=\"og:locale\" content=\"fr_FR\" \/>\n<meta property=\"og:type\" content=\"article\" \/>\n<meta property=\"og:title\" content=\"Aktivit\u00e4ten Rund um Risebo\" \/>\n<meta property=\"og:description\" content=\"Auf und rund um Risebo stehen eine Vielzahl von Aktivit\u00e4ten bereit. F\u00fcr gutes wie auch f\u00fcr schlechtes Wetter.\" \/>\n<meta property=\"og:url\" content=\"https:\/\/risebogard.com\/fr\/activites-autour-de-risebo\/\" \/>\n<meta property=\"og:site_name\" content=\"Risebo\" \/>\n<meta property=\"article:publisher\" content=\"https:\/\/www.facebook.com\/RiseboGard\" \/>\n<meta property=\"article:modified_time\" content=\"2025-06-17T19:18:45+00:00\" \/>\n<meta property=\"og:image\" content=\"https:\/\/risebogard.com\/wp-content\/uploads\/2022\/05\/IMG_20220518_144607-scaled.jpg\" \/>\n\t<meta property=\"og:image:width\" content=\"2560\" \/>\n\t<meta property=\"og:image:height\" content=\"1920\" \/>\n\t<meta property=\"og:image:type\" content=\"image\/jpeg\" \/>\n<meta name=\"twitter:card\" content=\"summary_large_image\" \/>\n<meta name=\"twitter:label1\" content=\"Dur\u00e9e de lecture estim\u00e9e\" \/>\n\t<meta name=\"twitter:data1\" content=\"2 minutes\" \/>\n<script type=\"application\/ld+json\" class=\"yoast-schema-graph\">{\"@context\":\"https:\\\/\\\/schema.org\",\"@graph\":[{\"@type\":\"WebPage\",\"@id\":\"https:\\\/\\\/risebogard.com\\\/aktivitaeten-rund-um-risebo\\\/\",\"url\":\"https:\\\/\\\/risebogard.com\\\/aktivitaeten-rund-um-risebo\\\/\",\"name\":\"Aktivit\u00e4ten - Risebo\",\"isPartOf\":{\"@id\":\"https:\\\/\\\/risebogard.com\\\/#website\"},\"datePublished\":\"2022-05-22T11:58:21+00:00\",\"dateModified\":\"2025-06-17T19:18:45+00:00\",\"description\":\"Auf und rund um Risebo stehen eine Vielzahl von Aktivit\u00e4ten bereit. F\u00fcr gutes wie auch f\u00fcr schlechtes Wetter.\",\"breadcrumb\":{\"@id\":\"https:\\\/\\\/risebogard.com\\\/aktivitaeten-rund-um-risebo\\\/#breadcrumb\"},\"inLanguage\":\"fr-FR\",\"potentialAction\":[{\"@type\":\"ReadAction\",\"target\":[\"https:\\\/\\\/risebogard.com\\\/aktivitaeten-rund-um-risebo\\\/\"]}]},{\"@type\":\"BreadcrumbList\",\"@id\":\"https:\\\/\\\/risebogard.com\\\/aktivitaeten-rund-um-risebo\\\/#breadcrumb\",\"itemListElement\":[{\"@type\":\"ListItem\",\"position\":1,\"name\":\"Home\",\"item\":\"https:\\\/\\\/risebogard.com\\\/\"},{\"@type\":\"ListItem\",\"position\":2,\"name\":\"Aktivit\u00e4ten\"}]},{\"@type\":\"WebSite\",\"@id\":\"https:\\\/\\\/risebogard.com\\\/#website\",\"url\":\"https:\\\/\\\/risebogard.com\\\/\",\"name\":\"Risebo\",\"description\":\"Camping, H\u00fctten, Westernreiten, Natur pur!\",\"publisher\":{\"@id\":\"https:\\\/\\\/risebogard.com\\\/#organization\"},\"potentialAction\":[{\"@type\":\"SearchAction\",\"target\":{\"@type\":\"EntryPoint\",\"urlTemplate\":\"https:\\\/\\\/risebogard.com\\\/?s={search_term_string}\"},\"query-input\":{\"@type\":\"PropertyValueSpecification\",\"valueRequired\":true,\"valueName\":\"search_term_string\"}}],\"inLanguage\":\"fr-FR\"},{\"@type\":\"Organization\",\"@id\":\"https:\\\/\\\/risebogard.com\\\/#organization\",\"name\":\"Risebo G\u00e5rd\",\"url\":\"https:\\\/\\\/risebogard.com\\\/\",\"logo\":{\"@type\":\"ImageObject\",\"inLanguage\":\"fr-FR\",\"@id\":\"https:\\\/\\\/risebogard.com\\\/#\\\/schema\\\/logo\\\/image\\\/\",\"url\":\"https:\\\/\\\/risebogard.com\\\/wp-content\\\/uploads\\\/2022\\\/01\\\/risebologo.png\",\"contentUrl\":\"https:\\\/\\\/risebogard.com\\\/wp-content\\\/uploads\\\/2022\\\/01\\\/risebologo.png\",\"width\":266,\"height\":100,\"caption\":\"Risebo G\u00e5rd\"},\"image\":{\"@id\":\"https:\\\/\\\/risebogard.com\\\/#\\\/schema\\\/logo\\\/image\\\/\"},\"sameAs\":[\"https:\\\/\\\/www.facebook.com\\\/RiseboGard\"]}]}<\/script>\n<!-- \/ Yoast SEO plugin. -->","yoast_head_json":{"title":"Activit\u00e9s - Risebo","description":"Une grande vari\u00e9t\u00e9 d&#039;activit\u00e9s sont propos\u00e9es \u00e0 Risebo et dans ses environs, par beau temps comme par mauvais temps.","robots":{"index":"index","follow":"follow","max-snippet":"max-snippet:-1","max-image-preview":"max-image-preview:large","max-video-preview":"max-video-preview:-1"},"canonical":"https:\/\/risebogard.com\/fr\/activites-autour-de-risebo\/","og_locale":"fr_FR","og_type":"article","og_title":"Aktivit\u00e4ten Rund um Risebo","og_description":"Auf und rund um Risebo stehen eine Vielzahl von Aktivit\u00e4ten bereit. F\u00fcr gutes wie auch f\u00fcr schlechtes Wetter.","og_url":"https:\/\/risebogard.com\/fr\/activites-autour-de-risebo\/","og_site_name":"Risebo","article_publisher":"https:\/\/www.facebook.com\/RiseboGard","article_modified_time":"2025-06-17T19:18:45+00:00","og_image":[{"width":2560,"height":1920,"url":"https:\/\/risebogard.com\/wp-content\/uploads\/2022\/05\/IMG_20220518_144607-scaled.jpg","type":"image\/jpeg"}],"twitter_card":"summary_large_image","twitter_misc":{"Dur\u00e9e de lecture estim\u00e9e":"2 minutes"},"schema":{"@context":"https:\/\/schema.org","@graph":[{"@type":"WebPage","@id":"https:\/\/risebogard.com\/aktivitaeten-rund-um-risebo\/","url":"https:\/\/risebogard.com\/aktivitaeten-rund-um-risebo\/","name":"Activit\u00e9s - Risebo","isPartOf":{"@id":"https:\/\/risebogard.com\/#website"},"datePublished":"2022-05-22T11:58:21+00:00","dateModified":"2025-06-17T19:18:45+00:00","description":"Une grande vari\u00e9t\u00e9 d&#039;activit\u00e9s sont propos\u00e9es \u00e0 Risebo et dans ses environs, par beau temps comme par mauvais temps.","breadcrumb":{"@id":"https:\/\/risebogard.com\/aktivitaeten-rund-um-risebo\/#breadcrumb"},"inLanguage":"fr-FR","potentialAction":[{"@type":"ReadAction","target":["https:\/\/risebogard.com\/aktivitaeten-rund-um-risebo\/"]}]},{"@type":"BreadcrumbList","@id":"https:\/\/risebogard.com\/aktivitaeten-rund-um-risebo\/#breadcrumb","itemListElement":[{"@type":"ListItem","position":1,"name":"Home","item":"https:\/\/risebogard.com\/"},{"@type":"ListItem","position":2,"name":"Aktivit\u00e4ten"}]},{"@type":"WebSite","@id":"https:\/\/risebogard.com\/#website","url":"https:\/\/risebogard.com\/","name":"Risebo","description":"Camping, chalets, \u00e9quitation western, nature \u00e0 l&#039;\u00e9tat pur !","publisher":{"@id":"https:\/\/risebogard.com\/#organization"},"potentialAction":[{"@type":"SearchAction","target":{"@type":"EntryPoint","urlTemplate":"https:\/\/risebogard.com\/?s={search_term_string}"},"query-input":{"@type":"PropertyValueSpecification","valueRequired":true,"valueName":"search_term_string"}}],"inLanguage":"fr-FR"},{"@type":"Organization","@id":"https:\/\/risebogard.com\/#organization","name":"Risebo G\u00e5rd","url":"https:\/\/risebogard.com\/","logo":{"@type":"ImageObject","inLanguage":"fr-FR","@id":"https:\/\/risebogard.com\/#\/schema\/logo\/image\/","url":"https:\/\/risebogard.com\/wp-content\/uploads\/2022\/01\/risebologo.png","contentUrl":"https:\/\/risebogard.com\/wp-content\/uploads\/2022\/01\/risebologo.png","width":266,"height":100,"caption":"Risebo G\u00e5rd"},"image":{"@id":"https:\/\/risebogard.com\/#\/schema\/logo\/image\/"},"sameAs":["https:\/\/www.facebook.com\/RiseboGard"]}]}},"_links":{"self":[{"href":"https:\/\/risebogard.com\/fr\/wp-json\/wp\/v2\/pages\/347","targetHints":{"allow":["GET"]}}],"collection":[{"href":"https:\/\/risebogard.com\/fr\/wp-json\/wp\/v2\/pages"}],"about":[{"href":"https:\/\/risebogard.com\/fr\/wp-json\/wp\/v2\/types\/page"}],"author":[{"embeddable":true,"href":"https:\/\/risebogard.com\/fr\/wp-json\/wp\/v2\/users\/2"}],"replies":[{"embeddable":true,"href":"https:\/\/risebogard.com\/fr\/wp-json\/wp\/v2\/comments?post=347"}],"version-history":[{"count":38,"href":"https:\/\/risebogard.com\/fr\/wp-json\/wp\/v2\/pages\/347\/revisions"}],"predecessor-version":[{"id":1298,"href":"https:\/\/risebogard.com\/fr\/wp-json\/wp\/v2\/pages\/347\/revisions\/1298"}],"wp:attachment":[{"href":"https:\/\/risebogard.com\/fr\/wp-json\/wp\/v2\/media?parent=347"}],"curies":[{"name":"wp","href":"https:\/\/api.w.org\/{rel}","templated":true}]}}