{"id":806,"date":"2023-04-27T09:10:49","date_gmt":"2023-04-27T07:10:49","guid":{"rendered":"https:\/\/risebogard.com\/?page_id=806"},"modified":"2025-06-23T23:17:16","modified_gmt":"2025-06-23T21:17:16","slug":"saapuminen-ruotsiin","status":"publish","type":"page","link":"https:\/\/risebogard.com\/fi\/anreise-nach-schweden\/","title":{"rendered":"Saapuminen Ruotsiin"},"content":{"rendered":"<p>Ruotsiin ja Ruotsissa on useita k\u00e4tevi\u00e4 tapoja matkustaa. T\u00e4ss\u00e4 on erilaisia kulkuv\u00e4linevaihtoehtoja Ruotsiin ja Ruotsista. Matkustusreitist\u00e4si, Ruotsin-suunnitelmistasi ja matkustajan tyypist\u00e4 riippuen eri kulkuv\u00e4lineet ja reitit voivat olla paras valinta.<\/p>\n\n\n\n<p><\/p>\n\n\n\n<h2 class=\"wp-block-heading\">Mik\u00e4 kulkuv\u00e4line on paras matkustamiseen Ruotsiin ja Ruotsissa?<\/h2>\n\n\n\n<h3 class=\"wp-block-heading\">Asuntoautolla \/ asuntovaunulla<\/h3>\n\n\n\n<figure class=\"wp-block-image size-large\"><img loading=\"lazy\" decoding=\"async\" width=\"1024\" height=\"563\" src=\"https:\/\/risebogard.com\/wp-content\/uploads\/2023\/04\/1920px-Zusatzzeichen_1048-17_-_nur_Wohnmobile_StVO_1992.svg_-1024x563.png\" alt=\"\" class=\"wp-image-825\" srcset=\"https:\/\/risebogard.com\/wp-content\/uploads\/2023\/04\/1920px-Zusatzzeichen_1048-17_-_nur_Wohnmobile_StVO_1992.svg_-1024x563.png 1024w, https:\/\/risebogard.com\/wp-content\/uploads\/2023\/04\/1920px-Zusatzzeichen_1048-17_-_nur_Wohnmobile_StVO_1992.svg_-300x165.png 300w, https:\/\/risebogard.com\/wp-content\/uploads\/2023\/04\/1920px-Zusatzzeichen_1048-17_-_nur_Wohnmobile_StVO_1992.svg_-768x422.png 768w, https:\/\/risebogard.com\/wp-content\/uploads\/2023\/04\/1920px-Zusatzzeichen_1048-17_-_nur_Wohnmobile_StVO_1992.svg_-1536x845.png 1536w, https:\/\/risebogard.com\/wp-content\/uploads\/2023\/04\/1920px-Zusatzzeichen_1048-17_-_nur_Wohnmobile_StVO_1992.svg_-18x10.png 18w, https:\/\/risebogard.com\/wp-content\/uploads\/2023\/04\/1920px-Zusatzzeichen_1048-17_-_nur_Wohnmobile_StVO_1992.svg_.png 1920w\" sizes=\"auto, (max-width: 1024px) 100vw, 1024px\" \/><\/figure>\n\n\n\n<p>Erityisesti lasten ja lemmikkien kanssa matkailuauto on luultavasti rennoin tapa matkustaa. Sinulla on aina wc mukanasi. Siell\u00e4 on p\u00f6yt\u00e4 ja runsaasti tilaa peleille, aterioille ja muulle viihteelle. Voit keskeytt\u00e4\u00e4 matkasi milloin tahansa ja y\u00f6py\u00e4 miss\u00e4 tahansa lev\u00e4hdyspaikassa tai muulla pys\u00e4k\u00f6intialueella tarpeen mukaan. Yksi haittapuoli voi olla suurempi polttoaineenkulutus ja yleens\u00e4 hitaammat nopeudet. Suuremmat ajoneuvot tarjoavat my\u00f6s paljon v\u00e4hemm\u00e4n joustavuutta, jos haluat leiriyty\u00e4 &quot;villiss\u00e4&quot; paikassa. Kun matkustat sesonkiaikana, huomioi, ett\u00e4 suositut &quot;villit&quot; paikat ovat usein varattuja, ja leirint\u00e4alueet ovat my\u00f6s ruuhkaisia. Siksi on suositeltavaa varata paikat etuk\u00e4teen. Kaiken kaikkiaan suuremmat matkailuautot ovat yleisi\u00e4 Ruotsissa, ja infrastruktuuri sopii niille hyvin. Supermarkettien jne. k\u00e4ytett\u00e4viss\u00e4 oleva tila muistuttaa usein amerikkalaisia standardeja.<br>Useat tarjoajat tarjoavat my\u00f6s mahdollisuuden vuokrata matkailuauton Ruotsissa.<br>T\u00e4\u00e4ll\u00e4 Risebossa sinua ja matkailuautoasi odottaa laaja, luonnon ymp\u00e4r\u00f6im\u00e4 niitty. Joissakin paikoissa on 230 V \/ 10 A s\u00e4hk\u00f6liit\u00e4nt\u00e4. Leirint\u00e4alueella on my\u00f6s langaton internetyhteys.<\/p>\n\n\n\n<hr class=\"wp-block-separator has-alpha-channel-opacity\"\/>\n\n\n\n<h3 class=\"wp-block-heading\">Bussilla \/ kompaktilla matkailuautolla<\/h3>\n\n\n\n<p>Pienemm\u00e4t bussin muotoiset matkailuautot tarjoavat hyv\u00e4n kompromissin suuriin matkailuautoihin verrattuna. Ne tarjoavat joustavuutta, mahdollistavat p\u00e4\u00e4syn k\u00e4yt\u00e4nn\u00f6ss\u00e4 kaikille teille ja sopivat verkon ulkopuoliseen leirint\u00e4k\u00e4ytt\u00f6\u00f6n. Polttoaineenkulutus on yleens\u00e4 alhaisempi ja matkanopeudet ovat usein nopeampia. My\u00f6s lauttakulut pienenev\u00e4t. Tilaa suuremmille ajoneuvoille lautoilla on rajoitetusti ja usein t\u00e4ynn\u00e4. Nelivetoiset bussit ovat hyv\u00e4 valinta talviolosuhteisiin. Kaikki n\u00e4m\u00e4 edut tekev\u00e4t bussista t\u00e4ydellisen vaihtoehdon matkailuautona Ruotsiin ja Ruotsin l\u00e4pi matkustamiseen.<br>T\u00e4\u00e4ll\u00e4 Risebossa sinua ja matkailuautoasi odottaa laaja, luonnon ymp\u00e4r\u00f6im\u00e4 niitty. Joissakin paikoissa on 230 V \/ 10 A s\u00e4hk\u00f6liit\u00e4nt\u00e4. Leirint\u00e4alueella on my\u00f6s langaton internetyhteys.<br>Ja jos bussi joskus tuntuu liian ahtaalta, mikset hemmottelisi itse\u00e4si y\u00f6ll\u00e4 jossakin &quot;Stugassa&quot;, jossa on keitti\u00f6 ja l\u00e4mmin suihku?.<\/p>\n\n\n\n<hr class=\"wp-block-separator has-alpha-channel-opacity\"\/>\n\n\n\n<h3 class=\"wp-block-heading\">Autolla<\/h3>\n\n\n\n<p>Ruotsissa on vuokrattavissa kaikkialta lomam\u00f6kkej\u00e4, joita kutsutaan &quot;stugoiksi&quot;. T\u00e4m\u00e4 tarkoittaa, ett\u00e4 jopa autolla matkustavat voivat helposti l\u00f6yt\u00e4\u00e4 majoituksen kauniin luonnon ymp\u00e4r\u00f6im\u00e4n\u00e4. Koska stugat on yleens\u00e4 varattava etuk\u00e4teen, matka vaatii enemm\u00e4n suunnittelua kuin matkailuautolla matkustaminen. Niille, jotka haluavat kuitenkin vierailla yhdess\u00e4 tai kahdessa paikassa ja tutustua n\u00e4ht\u00e4vyyksiin sielt\u00e4 k\u00e4sin tai vain rentoutua ja nauttia rauhasta ja hiljaisuudesta, auto on ihanteellinen vaihtoehto. My\u00f6s lauttamatkat ovat alhaiset, ja autoille on l\u00e4hes aina tilaa. N\u00e4m\u00e4 ovat syit\u00e4, miksi monet lomailijat matkustavat mieluummin autolla, erityisesti talvella. Kattoteltalla varustetut autot ovat my\u00f6s yleinen n\u00e4ky.<br>Risebossa voit majoittua mukavasti erikokoisissa loma-asunnoissa (&quot;Stugas&quot;). Tai voit tehd\u00e4 olosi mukavaksi teltassa\/kattoteltassa leirint\u00e4alueella.<\/p>\n\n\n\n<p><\/p>\n\n\n\n<hr class=\"wp-block-separator has-alpha-channel-opacity\"\/>\n\n\n\n<h3 class=\"wp-block-heading\">Julkisilla kulkuneuvoilla (bussilla ja junalla)<\/h3>\n\n\n\n<figure class=\"wp-block-image size-full is-resized\"><img loading=\"lazy\" decoding=\"async\" width=\"1024\" height=\"678\" src=\"https:\/\/risebogard.com\/wp-content\/uploads\/2023\/04\/SJ_X2_2036_Goeteborg_C_2019_01.jpg\" alt=\"\" class=\"wp-image-828\" style=\"width:840px;height:556px\" srcset=\"https:\/\/risebogard.com\/wp-content\/uploads\/2023\/04\/SJ_X2_2036_Goeteborg_C_2019_01.jpg 1024w, https:\/\/risebogard.com\/wp-content\/uploads\/2023\/04\/SJ_X2_2036_Goeteborg_C_2019_01-300x199.jpg 300w, https:\/\/risebogard.com\/wp-content\/uploads\/2023\/04\/SJ_X2_2036_Goeteborg_C_2019_01-768x509.jpg 768w, https:\/\/risebogard.com\/wp-content\/uploads\/2023\/04\/SJ_X2_2036_Goeteborg_C_2019_01-18x12.jpg 18w\" sizes=\"auto, (max-width: 1024px) 100vw, 1024px\" \/><figcaption class=\"wp-element-caption\">Kuva: <a href=\"https:\/\/commons.wikimedia.org\/wiki\/File:SJ_X2_2036,_G%C3%B6teborg_C,_2019_(01).jpg\" target=\"_blank\" rel=\"noreferrer noopener nofollow\">rautatieharrastaja<\/a> \u2013 T\u00e4m\u00e4 tiedosto on lisensoitu Creative Commons -lisenssill\u00e4. <a href=\"https:\/\/creativecommons.org\/licenses\/by-sa\/4.0\/deed.en\">Nime\u00e4-JaaSamoin 4.0 Kansainv\u00e4linen<\/a> lisenssi.<\/figcaption><\/figure>\n\n\n\n<p>Junat kulkevat Tanskan kautta \u00d6hresundin sillan yli Ruotsiin. Useita y\u00f6junia suositellaan, ja ne l\u00e4htev\u00e4t Sveitsist\u00e4, Saksasta ja muista paikoista Ruotsiin. Sielt\u00e4 voit jatkaa matkaasi alueellisella junalla ja bussilla. Matkustajille, jotka haluavat tutustua Ruotsiin py\u00f6r\u00e4illen, juna on t\u00e4ydellinen valinta. Muista kuitenkin, ett\u00e4 julkisen liikenteen vaihtoehdot ovat rajalliset, erityisesti syrj\u00e4isill\u00e4 maaseutualueilla, kuten Risebossa.<\/p>\n\n\n\n<p><\/p>\n\n\n\n<hr class=\"wp-block-separator has-alpha-channel-opacity\"\/>\n\n\n\n<h3 class=\"wp-block-heading\">Polkupy\u00f6r\u00e4ll\u00e4<\/h3>\n\n\n\n<p>Ruotsissa on monia kauniita py\u00f6r\u00e4teit\u00e4. Huomaa kuitenkin, ett\u00e4 &quot;tavallisella&quot; ruotsalaisella tiell\u00e4 ei ole piennarta tai erillist\u00e4 py\u00f6r\u00e4tiet\u00e4. Maaseutualueiden v\u00e4h\u00e4isen liikennetiheyden vuoksi t\u00e4m\u00e4n ei pit\u00e4isi est\u00e4\u00e4 sinua tutkimasta Ruotsia py\u00f6r\u00e4ll\u00e4. P\u00e4invastoin \u2013 monet ihmiset matkustavat Ruotsin l\u00e4pi py\u00f6r\u00e4ll\u00e4 ja ottavat rauhassa.<br>T\u00e4\u00e4ll\u00e4 Risebossa voit y\u00f6py\u00e4 erikokoisissa loma-asunnoissa (&quot;stuga&quot;). Tai voit tehd\u00e4 olosi mukavaksi teltassa leirint\u00e4niityll\u00e4.<\/p>\n\n\n\n<p><\/p>\n\n\n\n<hr class=\"wp-block-separator has-alpha-channel-opacity\"\/>\n\n\n\n<h2 class=\"wp-block-heading\">Mik\u00e4 reitti vie Ruotsiin?<\/h2>\n\n\n\n<p>Roomaan johtaa monia teit\u00e4. Ruotsiinkin vie muutamia teit\u00e4, mutta niemimaan sijainnin vuoksi reitit ovat jonkin verran rajalliset.<\/p>\n\n\n\n<h3 class=\"wp-block-heading\">Lautalla Saksasta, Tanskasta tai Puolasta<\/h3>\n\n\n\n<figure class=\"wp-block-image size-large\"><img loading=\"lazy\" decoding=\"async\" width=\"1024\" height=\"683\" src=\"https:\/\/risebogard.com\/wp-content\/uploads\/2025\/03\/1080px-TT_Line_Nils_Holgersson-1024x683.jpeg\" alt=\"\" class=\"wp-image-1243\" srcset=\"https:\/\/risebogard.com\/wp-content\/uploads\/2025\/03\/1080px-TT_Line_Nils_Holgersson-1024x683.jpeg 1024w, https:\/\/risebogard.com\/wp-content\/uploads\/2025\/03\/1080px-TT_Line_Nils_Holgersson-300x200.jpeg 300w, https:\/\/risebogard.com\/wp-content\/uploads\/2025\/03\/1080px-TT_Line_Nils_Holgersson-768x512.jpeg 768w, https:\/\/risebogard.com\/wp-content\/uploads\/2025\/03\/1080px-TT_Line_Nils_Holgersson-18x12.jpeg 18w, https:\/\/risebogard.com\/wp-content\/uploads\/2025\/03\/1080px-TT_Line_Nils_Holgersson.jpeg 1080w\" sizes=\"auto, (max-width: 1024px) 100vw, 1024px\" \/><figcaption class=\"wp-element-caption\">Nils Holgersson \u2013 Kuva: Elias191204 \u2013 T\u00e4m\u00e4 tiedosto on lisensoitu <a href=\"https:\/\/en.wikipedia.org\/wiki\/en:Creative_Commons\">Creative Commons -lisenssi<\/a> <a href=\"https:\/\/creativecommons.org\/licenses\/by-sa\/4.0\/deed.en\">Nime\u00e4-JaaSamoin 4.0 Kansainv\u00e4linen<\/a> lisenssi.<\/figcaption><\/figure>\n\n\n\n<p>Useat varustamoyhti\u00f6t tarjoavat lauttayhteyksi\u00e4 Saksasta (Travem\u00fcnde ja Rostock). N\u00e4it\u00e4 ovat esimerkiksi... <a href=\"https:\/\/www.ttline.com\">T<\/a><a href=\"https:\/\/www.ttline.com\" target=\"_blank\" rel=\"noreferrer noopener\">T<\/a><a href=\"https:\/\/www.ttline.com\" target=\"_blank\" rel=\"noreferrer noopener nofollow\">-Linja<\/a>, <a href=\"https:\/\/www.stenaline.de\" target=\"_blank\" rel=\"noreferrer noopener nofollow\">Stena-linja<\/a> ja <a href=\"https:\/\/www.finnlines.com\" target=\"_blank\" rel=\"noreferrer noopener nofollow\">Finnlines<\/a>. Lautat saapuvat yleens\u00e4 Trelleborgiin. Etel\u00e4mm\u00e4st\u00e4 suunnasta tuleville matkoille suositellaan y\u00f6lauttaa. N\u00e4in matka voidaan tehd\u00e4 kahdessa vaiheessa. Saavut Ruotsiin aamulla kohtuullisen lev\u00e4nneen\u00e4 ja voit helposti suorittaa loppumatkan.<br>Tanskasta on muitakin lauttayhteyksi\u00e4 Ruotsiin. <a href=\"https:\/\/www.scandlines.de\" target=\"_blank\" rel=\"noreferrer noopener nofollow\">Scandlines<\/a> sek\u00e4 <a href=\"https:\/\/www.stenaline.de\" target=\"_blank\" rel=\"noreferrer noopener nofollow\">Stena-linja<\/a> ja Puolasta <a href=\"https:\/\/www.ttline.com\">T<\/a><a href=\"https:\/\/www.ttline.com\" target=\"_blank\" rel=\"noreferrer noopener\">T<\/a><a href=\"https:\/\/www.ttline.com\" target=\"_blank\" rel=\"noreferrer noopener nofollow\">-Linja<\/a>, <a href=\"https:\/\/www.stenaline.de\" target=\"_blank\" rel=\"noreferrer noopener nofollow\">Stena-linja<\/a>, <a href=\"https:\/\/www.unityline.eu\/\" target=\"_blank\" rel=\"noreferrer noopener nofollow\">Yhten\u00e4isyyden linja<\/a> sek\u00e4 <a href=\"https:\/\/polferries.de\/\" target=\"_blank\" rel=\"noreferrer noopener nofollow\">Polferries<\/a>.<\/p>\n\n\n\n<hr class=\"wp-block-separator has-alpha-channel-opacity\"\/>\n\n\n\n<h3 class=\"wp-block-heading\">Maanteitse Tanskan kautta<\/h3>\n\n\n\n<figure class=\"wp-block-image size-full is-resized\"><img loading=\"lazy\" decoding=\"async\" width=\"1024\" height=\"768\" src=\"https:\/\/risebogard.com\/wp-content\/uploads\/2023\/04\/Oresund_Bridge_from_the_air_in_September_2015.jpg\" alt=\"\" class=\"wp-image-835\" style=\"width:840px;height:630px\" srcset=\"https:\/\/risebogard.com\/wp-content\/uploads\/2023\/04\/Oresund_Bridge_from_the_air_in_September_2015.jpg 1024w, https:\/\/risebogard.com\/wp-content\/uploads\/2023\/04\/Oresund_Bridge_from_the_air_in_September_2015-300x225.jpg 300w, https:\/\/risebogard.com\/wp-content\/uploads\/2023\/04\/Oresund_Bridge_from_the_air_in_September_2015-768x576.jpg 768w, https:\/\/risebogard.com\/wp-content\/uploads\/2023\/04\/Oresund_Bridge_from_the_air_in_September_2015-16x12.jpg 16w\" sizes=\"auto, (max-width: 1024px) 100vw, 1024px\" \/><figcaption class=\"wp-element-caption\">Kuva: <a href=\"https:\/\/commons.wikimedia.org\/wiki\/User:Nick-D\" target=\"_blank\" rel=\"noreferrer noopener nofollow\">Nick-D<\/a> \u2013 T\u00e4m\u00e4 tiedosto on lisensoitu Creative Commons -lisenssill\u00e4 <a href=\"https:\/\/creativecommons.org\/licenses\/by-sa\/4.0\/deed.en\">Nime\u00e4-JaaSamoin 4.0 Kansainv\u00e4linen<\/a> lisenssi.<\/figcaption><\/figure>\n\n\n\n<p>Voit valita reitin Tanskan l\u00e4pi autolla. Jos et pid\u00e4 lautoista, t\u00e4m\u00e4 on mahdollinen reitti. Huomaa kuitenkin, ett\u00e4 jopa ajaminen Tanskan l\u00e4pi vaatii lyhyen lauttamatkan. Ajomatka Tanskan l\u00e4pi on melko pitk\u00e4. Juutinrauman sillan ylityksest\u00e4 perit\u00e4\u00e4n maksu. Kaiken kaikkiaan t\u00e4m\u00e4 ei ole oikeastaan halvempaa kuin lautalla matkustaminen.<br>Juna kulkee my\u00f6s \u00d6resundin sillan yli.<\/p>\n\n\n\n<p><\/p>\n\n\n\n<hr class=\"wp-block-separator has-alpha-channel-opacity\"\/>\n\n\n\n<h3 class=\"wp-block-heading\">Lentokoneella, ilmateitse<\/h3>\n\n\n\n<p>Tarjolla on useita lentoyhteyksi\u00e4, esimerkiksi Tukholmaan tai Frankfurtista Kalmariin. Sielt\u00e4 voit jatkaa matkaasi junalla, bussilla, vuokra-autolla tai polkupy\u00f6r\u00e4ll\u00e4.<\/p>","protected":false},"excerpt":{"rendered":"<p>Es gibt mehrere Wege, bequem nach und in Schweden zu reisen. Hier verschiedene M\u00f6glichkeiten der Bef\u00f6rderungsmittel f\u00fcr die Anreise und Reise in Schweden. Je nach Anreiseweg, den Pl\u00e4nen in Schweden und Art der Reisenden k\u00f6nnen unterschiedliche Reisemittel und Wege die optimale Wahl sein. Welches Reisemittel f\u00fcr die Reise nach und in Schweden? Mit dem Wohnmobil&#8230;<a class=\"read-more-link button\" href=\"https:\/\/risebogard.com\/fi\/anreise-nach-schweden\/\">Read more<\/a><\/p>","protected":false},"author":2,"featured_media":0,"parent":0,"menu_order":0,"comment_status":"closed","ping_status":"closed","template":"","meta":{"ngg_post_thumbnail":0,"footnotes":""},"class_list":["post-806","page","type-page","status-publish","hentry"],"featured_image_src":null,"yoast_head":"<!-- This site is optimized with the Yoast SEO plugin v27.4 - https:\/\/yoast.com\/product\/yoast-seo-wordpress\/ -->\n<title>Anreise nach Schweden - Risebo<\/title>\n<meta name=\"description\" content=\"Es gibt mehrere Wege, wie man bequem nach Schweden zu reisen. Hier eine Auswahl einiger M\u00f6glichkeiten im Vergleich zur Anreise nach Schweden.\" \/>\n<meta name=\"robots\" content=\"index, follow, max-snippet:-1, max-image-preview:large, max-video-preview:-1\" \/>\n<link rel=\"canonical\" href=\"https:\/\/risebogard.com\/fi\/saapuminen-ruotsiin\/\" \/>\n<meta property=\"og:locale\" content=\"fi_FI\" \/>\n<meta property=\"og:type\" content=\"article\" \/>\n<meta property=\"og:title\" content=\"Anreise nach Schweden - Risebo\" \/>\n<meta property=\"og:description\" content=\"Es gibt mehrere Wege, wie man bequem nach Schweden zu reisen. Hier eine Auswahl einiger M\u00f6glichkeiten im Vergleich zur Anreise nach Schweden.\" \/>\n<meta property=\"og:url\" content=\"https:\/\/risebogard.com\/fi\/saapuminen-ruotsiin\/\" \/>\n<meta property=\"og:site_name\" content=\"Risebo\" \/>\n<meta property=\"article:publisher\" content=\"https:\/\/www.facebook.com\/RiseboGard\" \/>\n<meta property=\"article:modified_time\" content=\"2025-06-23T21:17:16+00:00\" \/>\n<meta property=\"og:image\" content=\"https:\/\/risebogard.com\/wp-content\/uploads\/2023\/04\/1920px-Zusatzzeichen_1048-17_-_nur_Wohnmobile_StVO_1992.svg_.png\" \/>\n\t<meta property=\"og:image:width\" content=\"1920\" \/>\n\t<meta property=\"og:image:height\" content=\"1056\" \/>\n\t<meta property=\"og:image:type\" content=\"image\/png\" \/>\n<meta name=\"twitter:card\" content=\"summary_large_image\" \/>\n<meta name=\"twitter:label1\" content=\"Arvioitu lukuaika\" \/>\n\t<meta name=\"twitter:data1\" content=\"7 minuuttia\" \/>\n<script type=\"application\/ld+json\" class=\"yoast-schema-graph\">{\"@context\":\"https:\\\/\\\/schema.org\",\"@graph\":[{\"@type\":\"WebPage\",\"@id\":\"https:\\\/\\\/risebogard.com\\\/anreise-nach-schweden\\\/\",\"url\":\"https:\\\/\\\/risebogard.com\\\/anreise-nach-schweden\\\/\",\"name\":\"Anreise nach Schweden - Risebo\",\"isPartOf\":{\"@id\":\"https:\\\/\\\/risebogard.com\\\/#website\"},\"primaryImageOfPage\":{\"@id\":\"https:\\\/\\\/risebogard.com\\\/anreise-nach-schweden\\\/#primaryimage\"},\"image\":{\"@id\":\"https:\\\/\\\/risebogard.com\\\/anreise-nach-schweden\\\/#primaryimage\"},\"thumbnailUrl\":\"https:\\\/\\\/risebogard.com\\\/wp-content\\\/uploads\\\/2023\\\/04\\\/1920px-Zusatzzeichen_1048-17_-_nur_Wohnmobile_StVO_1992.svg_-1024x563.png\",\"datePublished\":\"2023-04-27T07:10:49+00:00\",\"dateModified\":\"2025-06-23T21:17:16+00:00\",\"description\":\"Es gibt mehrere Wege, wie man bequem nach Schweden zu reisen. Hier eine Auswahl einiger M\u00f6glichkeiten im Vergleich zur Anreise nach Schweden.\",\"breadcrumb\":{\"@id\":\"https:\\\/\\\/risebogard.com\\\/anreise-nach-schweden\\\/#breadcrumb\"},\"inLanguage\":\"fi\",\"potentialAction\":[{\"@type\":\"ReadAction\",\"target\":[\"https:\\\/\\\/risebogard.com\\\/anreise-nach-schweden\\\/\"]}]},{\"@type\":\"ImageObject\",\"inLanguage\":\"fi\",\"@id\":\"https:\\\/\\\/risebogard.com\\\/anreise-nach-schweden\\\/#primaryimage\",\"url\":\"https:\\\/\\\/risebogard.com\\\/wp-content\\\/uploads\\\/2023\\\/04\\\/1920px-Zusatzzeichen_1048-17_-_nur_Wohnmobile_StVO_1992.svg_-1024x563.png\",\"contentUrl\":\"https:\\\/\\\/risebogard.com\\\/wp-content\\\/uploads\\\/2023\\\/04\\\/1920px-Zusatzzeichen_1048-17_-_nur_Wohnmobile_StVO_1992.svg_-1024x563.png\"},{\"@type\":\"BreadcrumbList\",\"@id\":\"https:\\\/\\\/risebogard.com\\\/anreise-nach-schweden\\\/#breadcrumb\",\"itemListElement\":[{\"@type\":\"ListItem\",\"position\":1,\"name\":\"Home\",\"item\":\"https:\\\/\\\/risebogard.com\\\/\"},{\"@type\":\"ListItem\",\"position\":2,\"name\":\"Anreise nach Schweden\"}]},{\"@type\":\"WebSite\",\"@id\":\"https:\\\/\\\/risebogard.com\\\/#website\",\"url\":\"https:\\\/\\\/risebogard.com\\\/\",\"name\":\"Risebo\",\"description\":\"Camping, H\u00fctten, Westernreiten, Natur pur!\",\"publisher\":{\"@id\":\"https:\\\/\\\/risebogard.com\\\/#organization\"},\"potentialAction\":[{\"@type\":\"SearchAction\",\"target\":{\"@type\":\"EntryPoint\",\"urlTemplate\":\"https:\\\/\\\/risebogard.com\\\/?s={search_term_string}\"},\"query-input\":{\"@type\":\"PropertyValueSpecification\",\"valueRequired\":true,\"valueName\":\"search_term_string\"}}],\"inLanguage\":\"fi\"},{\"@type\":\"Organization\",\"@id\":\"https:\\\/\\\/risebogard.com\\\/#organization\",\"name\":\"Risebo G\u00e5rd\",\"url\":\"https:\\\/\\\/risebogard.com\\\/\",\"logo\":{\"@type\":\"ImageObject\",\"inLanguage\":\"fi\",\"@id\":\"https:\\\/\\\/risebogard.com\\\/#\\\/schema\\\/logo\\\/image\\\/\",\"url\":\"https:\\\/\\\/risebogard.com\\\/wp-content\\\/uploads\\\/2022\\\/01\\\/risebologo.png\",\"contentUrl\":\"https:\\\/\\\/risebogard.com\\\/wp-content\\\/uploads\\\/2022\\\/01\\\/risebologo.png\",\"width\":266,\"height\":100,\"caption\":\"Risebo G\u00e5rd\"},\"image\":{\"@id\":\"https:\\\/\\\/risebogard.com\\\/#\\\/schema\\\/logo\\\/image\\\/\"},\"sameAs\":[\"https:\\\/\\\/www.facebook.com\\\/RiseboGard\"]}]}<\/script>\n<!-- \/ Yoast SEO plugin. -->","yoast_head_json":{"title":"Saapuminen Ruotsiin - Risebo","description":"Ruotsiin voi matkustaa useilla k\u00e4tevill\u00e4 tavoilla. T\u00e4ss\u00e4 on valikoima vaihtoehtoja verrattuna muihin tapoihin p\u00e4\u00e4st\u00e4 Ruotsiin.","robots":{"index":"index","follow":"follow","max-snippet":"max-snippet:-1","max-image-preview":"max-image-preview:large","max-video-preview":"max-video-preview:-1"},"canonical":"https:\/\/risebogard.com\/fi\/saapuminen-ruotsiin\/","og_locale":"fi_FI","og_type":"article","og_title":"Anreise nach Schweden - Risebo","og_description":"Es gibt mehrere Wege, wie man bequem nach Schweden zu reisen. Hier eine Auswahl einiger M\u00f6glichkeiten im Vergleich zur Anreise nach Schweden.","og_url":"https:\/\/risebogard.com\/fi\/saapuminen-ruotsiin\/","og_site_name":"Risebo","article_publisher":"https:\/\/www.facebook.com\/RiseboGard","article_modified_time":"2025-06-23T21:17:16+00:00","og_image":[{"width":1920,"height":1056,"url":"https:\/\/risebogard.com\/wp-content\/uploads\/2023\/04\/1920px-Zusatzzeichen_1048-17_-_nur_Wohnmobile_StVO_1992.svg_.png","type":"image\/png"}],"twitter_card":"summary_large_image","twitter_misc":{"Arvioitu lukuaika":"7 minuuttia"},"schema":{"@context":"https:\/\/schema.org","@graph":[{"@type":"WebPage","@id":"https:\/\/risebogard.com\/anreise-nach-schweden\/","url":"https:\/\/risebogard.com\/anreise-nach-schweden\/","name":"Saapuminen Ruotsiin - Risebo","isPartOf":{"@id":"https:\/\/risebogard.com\/#website"},"primaryImageOfPage":{"@id":"https:\/\/risebogard.com\/anreise-nach-schweden\/#primaryimage"},"image":{"@id":"https:\/\/risebogard.com\/anreise-nach-schweden\/#primaryimage"},"thumbnailUrl":"https:\/\/risebogard.com\/wp-content\/uploads\/2023\/04\/1920px-Zusatzzeichen_1048-17_-_nur_Wohnmobile_StVO_1992.svg_-1024x563.png","datePublished":"2023-04-27T07:10:49+00:00","dateModified":"2025-06-23T21:17:16+00:00","description":"Ruotsiin voi matkustaa useilla k\u00e4tevill\u00e4 tavoilla. T\u00e4ss\u00e4 on valikoima vaihtoehtoja verrattuna muihin tapoihin p\u00e4\u00e4st\u00e4 Ruotsiin.","breadcrumb":{"@id":"https:\/\/risebogard.com\/anreise-nach-schweden\/#breadcrumb"},"inLanguage":"fi","potentialAction":[{"@type":"ReadAction","target":["https:\/\/risebogard.com\/anreise-nach-schweden\/"]}]},{"@type":"ImageObject","inLanguage":"fi","@id":"https:\/\/risebogard.com\/anreise-nach-schweden\/#primaryimage","url":"https:\/\/risebogard.com\/wp-content\/uploads\/2023\/04\/1920px-Zusatzzeichen_1048-17_-_nur_Wohnmobile_StVO_1992.svg_-1024x563.png","contentUrl":"https:\/\/risebogard.com\/wp-content\/uploads\/2023\/04\/1920px-Zusatzzeichen_1048-17_-_nur_Wohnmobile_StVO_1992.svg_-1024x563.png"},{"@type":"BreadcrumbList","@id":"https:\/\/risebogard.com\/anreise-nach-schweden\/#breadcrumb","itemListElement":[{"@type":"ListItem","position":1,"name":"Home","item":"https:\/\/risebogard.com\/"},{"@type":"ListItem","position":2,"name":"Anreise nach Schweden"}]},{"@type":"WebSite","@id":"https:\/\/risebogard.com\/#website","url":"https:\/\/risebogard.com\/","name":"Risebo","description":"Leirint\u00e4, m\u00f6kit, l\u00e4nnenratsastus, puhdas luonto!","publisher":{"@id":"https:\/\/risebogard.com\/#organization"},"potentialAction":[{"@type":"SearchAction","target":{"@type":"EntryPoint","urlTemplate":"https:\/\/risebogard.com\/?s={search_term_string}"},"query-input":{"@type":"PropertyValueSpecification","valueRequired":true,"valueName":"search_term_string"}}],"inLanguage":"fi"},{"@type":"Organization","@id":"https:\/\/risebogard.com\/#organization","name":"Risebo G\u00e5rd","url":"https:\/\/risebogard.com\/","logo":{"@type":"ImageObject","inLanguage":"fi","@id":"https:\/\/risebogard.com\/#\/schema\/logo\/image\/","url":"https:\/\/risebogard.com\/wp-content\/uploads\/2022\/01\/risebologo.png","contentUrl":"https:\/\/risebogard.com\/wp-content\/uploads\/2022\/01\/risebologo.png","width":266,"height":100,"caption":"Risebo G\u00e5rd"},"image":{"@id":"https:\/\/risebogard.com\/#\/schema\/logo\/image\/"},"sameAs":["https:\/\/www.facebook.com\/RiseboGard"]}]}},"_links":{"self":[{"href":"https:\/\/risebogard.com\/fi\/wp-json\/wp\/v2\/pages\/806","targetHints":{"allow":["GET"]}}],"collection":[{"href":"https:\/\/risebogard.com\/fi\/wp-json\/wp\/v2\/pages"}],"about":[{"href":"https:\/\/risebogard.com\/fi\/wp-json\/wp\/v2\/types\/page"}],"author":[{"embeddable":true,"href":"https:\/\/risebogard.com\/fi\/wp-json\/wp\/v2\/users\/2"}],"replies":[{"embeddable":true,"href":"https:\/\/risebogard.com\/fi\/wp-json\/wp\/v2\/comments?post=806"}],"version-history":[{"count":20,"href":"https:\/\/risebogard.com\/fi\/wp-json\/wp\/v2\/pages\/806\/revisions"}],"predecessor-version":[{"id":1303,"href":"https:\/\/risebogard.com\/fi\/wp-json\/wp\/v2\/pages\/806\/revisions\/1303"}],"wp:attachment":[{"href":"https:\/\/risebogard.com\/fi\/wp-json\/wp\/v2\/media?parent=806"}],"curies":[{"name":"wp","href":"https:\/\/api.w.org\/{rel}","templated":true}]}}