{"id":378,"date":"2022-05-27T12:23:55","date_gmt":"2022-05-27T10:23:55","guid":{"rendered":"https:\/\/risebogard.com\/cookie-richtlinie-eu\/"},"modified":"2022-06-22T14:35:54","modified_gmt":"2022-06-22T12:35:54","slug":"evaestekaeytaentoe-eu","status":"publish","type":"page","link":"https:\/\/risebogard.com\/fi\/cookie-richtlinie-eu\/","title":{"rendered":"Ev\u00e4stek\u00e4yt\u00e4nt\u00f6 (EU)"},"content":{"rendered":"<!-- Legal document generated by Complianz | GDPR\/CCPA Cookie Consent https:\/\/wordpress.org\/plugins\/complianz-gdpr -->\n<div id=\"cmplz-document\" class=\"cmplz-document cookie-statement cmplz-document-eu\"><p><i>T\u00e4m\u00e4 ev\u00e4stek\u00e4yt\u00e4nt\u00f6 p\u00e4ivitettiin viimeksi maaliskuu 16, 2025, ja se koskee Euroopan talousalueen ja Sveitsin pysyv\u00e4sti asuvia kansalaisia.<\/i><br><\/p><h2>1. Esittely<\/h2><p>Verticus-runko, <a href=\"https:\/\/risebogard.com\/fi\">https:\/\/risebogard.com\/fi<\/a> (J\u00e4ljemp\u00e4n\u00e4: &quot;verkkosivusto&quot;) hy\u00f6dynt\u00e4\u00e4 ravintoa ja muita huomioitavia tuotteita. Ev\u00e4steit\u00e4 asettavat my\u00f6s kolmannet osapuolet, joiden kanssa teemme yhteisty\u00f6t\u00e4. Alla olevassa asiakirjassa kerromme todistamme k\u00e4ytt\u00e4mist\u00e4 miellytt\u00e4v\u00e4st\u00e4.<\/p><h2>2. Mit\u00e4 ovat ev\u00e4t?<\/h2><p>E on pieni yksinkertainen tiedosto, joka tulee saatavan mukana ja jonka sivuesi tallentaa tietokoneesi tai muun laitteesi kovalevylle. T\u00e4m\u00e4n seurauksena voi saada vahvistuslimillemme tai siihen liittyv\u00e4n palvelimien seuraavan kerran.<\/p><h2>3. Mit\u00e4 ovat kommentosarjat?<\/h2><p>Kommentosarja on ohjelmointikoodia, jonka avulla ajoneuvomme toimii oikein ja interaktiivisesti. T\u00e4m\u00e4 koodi suorittaa joko palvelimellamme tai laitteesi.<\/p><h2>4. Mit\u00e4 verkkoj\u00e4ljitteit\u00e4?<\/h2><p>Verkkoj\u00e4ljite (tai pixel tagi) on pieni, n\u00e4kyv\u00e4n n\u00e4kym\u00e4t\u00f6n teksti tai kuva, jota k\u00e4ytet\u00e4\u00e4n k\u00e4ytett\u00e4v\u00e4n liikenteen seuraamiseen. T\u00e4m\u00e4 toteutetaan tallella sinusta erin\u00e4isi\u00e4 tietoja verkkoj\u00e4ljitteit\u00e4 varten.<\/p><h2>5. Eeva<\/h2><p class=\"cmplz-subtitle\">5. Tekniset tai toiminnalliset ruokaet<\/p><p>Joitakin ohjeita varmistavat, pysyv\u00e4t siit\u00e4, ett\u00e4 osat toimivat oikein ja ett\u00e4 k\u00e4ytt\u00e4j\u00e4asetukset ovat tiedossa. Asettamalla toiminnallisia hoitoit\u00e4 helpotamme asiallamme Vierailua. N\u00e4in sinun ei tarvitse toistuvasti sy\u00f6tt\u00e4\u00e4 samoja tietoja Vieraillessasi verkkosivuillamme yes it isimerkiksi tuotteet s\u00e4ilyv\u00e4t ostoskorissasi, voit olet maksanut. Saatamme n\u00e4m\u00e4 sanat ilman suostumusta.<\/p><p class=\"cmplz-subtitle\">5.2 Tilastov\u00e4esteet<\/p><p>K\u00e4yt\u00e4mme tilastoev\u00e4steit\u00e4 optimoidaksemme k\u00e4ytt\u00f6jiemme konekokemuksen. n\u00e4iden tilastoev\u00e4steiden avulla saamme tietoa tietoamme k\u00e4ytt\u00f6\u00f6n. Pyydams lupaasi tilastoev\u00e4steiden sijoittamiseen.<\/p><p class=\"cmplz-subtitle\">5.3 Markkinointi-\/seurantaev\u00e4steet<\/p><p>Markkinointi-\/seurantaev\u00e4steet ovat hyv\u00e4ksyit\u00e4 tai mit\u00e4 muuta paikallista tallennusmuotoa, jota k\u00e4ytet\u00e4\u00e4n k\u00e4ytt\u00e4j\u00e4profiilien luomiseen mainonnan n\u00e4ytt\u00e4miseksi tai seuraamiseksi t\u00e4m\u00e4n tuotteen alla tai useilla tuotteilla markkinointia markkinointitarkoituksia varten.<\/p><p class=\"cmplz-subtitle\">5.4 Sosiaalinen media<\/p><p>Olemme sis\u00e4llytt\u00e4neet verkkosivustollamme sis\u00e4lt\u00f6\u00e4 Facebook, WhatsApp ja Instagram:lt\u00e4 verkkosivujen mainostamiseksi (esim. &#8222;tykk\u00e4\u00e4&#8220;, &#8222;kiinnit\u00e4&#8220;) tai jakamiseksi (esim. &#8222;twiittaa&#8220;) sosiaalisissa verkostoissa, kuten Facebook, WhatsApp ja Instagram. T\u00e4m\u00e4 sis\u00e4lt\u00f6 on upotettu Facebook, WhatsApp ja Instagram:st\u00e4 per\u00e4isin olevalla koodilla ja se asettaa ev\u00e4steit\u00e4. T\u00e4m\u00e4 sis\u00e4lt\u00f6 saattaa tallentaa ja k\u00e4sitell\u00e4 tiettyj\u00e4 tietoja henkil\u00f6kohtaista mainontaa varten.<\/p><p>Lue n\u00e4iden sosiaalisten verkostojen tietosuojalausunto (joka voi muuttua s\u00e4\u00e4nn\u00f6llisesti) lukeaksesi, mit\u00e4 he tekev\u00e4t (henkil\u00f6kohtaisilla) tiedoillasi, joita he k\u00e4sittelev\u00e4t n\u00e4iden ev\u00e4steiden avulla. Haettavat tiedot anonymisoidaan mahdollisimman paljon. Facebook, WhatsApp ja Instagram sijaitsevat Yhdysvalloissa.<\/p><h2>6. Asetetut ev\u00e4steet<\/h2><div id=\"cmplz-cookies-overview\"><\/div><h2>7. Suostumus<\/h2><p>Kun Vierailet sivuillamme ensimm\u00e4isell\u00e4 kerralla, n\u00e4et ponnahdusikkunan, joka antaa tietoa valikoimasta. Kun painat \u201cTallenna asetukset\u201d, annat meille suostumuksesi k\u00e4ytt\u00e4\u00e4 ponnahdusssa valitsemiasi ruokailla yes ohjelmalis\u00e4kkeit\u00e4, jotka n\u00e4issa ruokaikkunat k\u00e4yt\u00e4nteill\u00e4 esitell\u00e4\u00e4n. ota Voit k\u00e4ytt\u00e4\u00e4et pois opinellasi, mutta huomioi, ett\u00e4 sanomme iron sen j\u00e4lkeen j\u00e4lkeen en\u00e4\u00e4 toimi oikein.<\/p><p class=\"cmplz-subtitle\">7.1 Hallinnoi suostumus kuuluusi<\/p><div id=\"cmplz-manage-consent-container-nojavascript\">Olet ladannut ev\u00e4stek\u00e4yt\u00e4nn\u00f6n ilman JavaScript-tukea.&nbsp;AMP:ssa voit k\u00e4ytt\u00e4\u00e4 hallinnoida suostumuspainiketta sivun alareunassa.<\/div><div id=\"cmplz-manage-consent-container\" name=\"cmplz-manage-consent-container\" class=\"cmplz-manage-consent-container\"><\/div><h2>8. Evasteiden k\u00e4ytt\u00f6\u00f6notto\/hylk\u00e4\u00e4minen kyll\u00e4 poistaminen<\/h2><p>Voit k\u00e4ytt\u00e4\u00e4 Internet-selaimesi automaattiiden poistamiseen automaattisesti tai manuaalisesti. Voit my\u00f6s valita, ett\u00e4 sopimusj\u00e4ljitt\u00e4\u00e4 ei saa asettaa. Toinen vaihtoehto on muuttaa Internet-selaimesi niin, ett\u00e4 saat viestin aina, kun m\u00e4\u00e4ritet\u00e4\u00e4n asetetaan. Lis\u00e4tietoja n\u00e4ist\u00e4 vaihtoehdoista on sivullasi Ohje-osion ohjeissa.<\/p><p>Ilmoita, ett\u00e4 kysymme ei onnistu toimi, jos kaikki on poistettu k\u00e4yt\u00f6st\u00e4. Jos poistoista sijoitussijoittaistasi, ei uudelleen suostumu j\u00e4lkeen, kun Vierailet uudelleen verkkosivuillamme.<\/p><h2>9. Henkil\u00f6tietoihin liittyv\u00e4t oikeutesi<\/h2><p>Sinulla on seuraavat oikeudet henkil\u00f6tietoihisi n\u00e4in:<\/p><ul>\n                    <li>Sinulla on oikeus tiet\u00e4\u00e4, miksi henkil\u00f6tietojasi tarvitaan, mit\u00e4 niille tapahtuu ja kuinka kauan s\u00e4ilytet\u00e4\u00e4n.<\/li>\n                    <li>P\u00e4\u00e4syoikeus: Sinulla on oikeus p\u00e4\u00e4st\u00e4 k\u00e4siksi tietoihisi, jotka ovat tiedossamme.<\/li>\n                    <li>Oikeus oikaisuun: Sinulla on oikeus t\u00e4ydent\u00e4\u00e4, korjata, poista tai est\u00e4\u00e4 henkil\u00f6tietojasi milloin tahansa.<\/li>\n                    <li>Jos annat meille suostumuksesi tietojesi k\u00e4sittelyyn, sinulla on oikeus peruuttaa suostumuksesi ja pyyt\u00e4\u00e4 henkil\u00f6tietosi poistamista.<\/li>\n                    <li>Oikeus siirt\u00e4\u00e4 tietojasi: Sinulla on oikeus pyyt\u00e4\u00e4 kaikki henkil\u00f6tietosi rekisterinpit\u00e4j\u00e4lt\u00e4 ja siirr\u00e4 ilman toiselle rekisterinpit\u00e4j\u00e4lle.<\/li>\n                    <li>Oikeus vastustaa: voit vastustaa tietojesi k\u00e4sittely\u00e4. Noudatamme t\u00e4, ellei k\u00e4sittelyyn ole perusteltua syyt\u00e4.<\/li>\n                <\/ul><p>Jos k\u00e4ytt\u00e4\u00e4 n\u00e4it\u00e4 oikeuksia, ota meihin yhteytt\u00e4. Katso t\u00e4m\u00e4n k\u00e4ytt\u00f6k\u00e4yt\u00e4nn\u00f6n alareunassa olevat yhteystiedot. Jos sinulla on valitus siit\u00e4, miten k\u00e4sittelemme tietojasi, yrit\u00e4mme saada sinusta, mutta sinulla on my\u00f6s oikeus tehd\u00e4 valitus valvontaviranomaiselle (tietosuojaviranomaiselle).<\/p><h2>10. Yhteystiedot<\/h2><p>Jos sinulla on mahdollisuus ja\/tai kommtteja k\u00e4yt\u00e4nn\u00f6llisiin palveluihin ja lausunnosta, ota meihin yhteytt\u00e4 t\u00e4st\u00e4 yhteystietoihin:<\/p><p><span class=\"cmplz-contact-organisation\">Risebo G\u00e5rd AB<\/span><br>\n                      <span class=\"cmplz-contact-address\">Risebo G\u00e5rd<br \/>\n594 92 Gamleby<\/span><br>\n                      <span class=\"cmplz-contact-country\">Ruotsi<\/span><br>\n                      <span class=\"cmplz-contact-domain\">Verkkosivusto: <a href=\"https:\/\/risebogard.com\/fi\">https:\/\/risebogard.com\/fi<\/a><\/span><br>\n                      <span class=\"cmplz-contact-email\">S\u00e4hk\u00f6posti: <span class=\"cmplz-obfuscate\">&#119;ebm&#097;s&#116;&#101;r@<span class=\"cmplz-fmail-domain\">esim.com<\/span>&#114;ise&#098;&#111;&#103;&#097;rd&#046;&#099;&#111;m<\/span><\/span><br>\n                    <span class=\"cmplz-contact-telephone\">Puhelinnumero: +46701658020<\/span><\/p><p>N\u00e4m\u00e4 sy\u00f6t\u00e4nteet syncronoitiin <a href=\"https:\/\/cookiedatabase.org\/\" target=\"_blank\">ev\u00e4stetietokanta.org<\/a>-verkkosivuston kanssa toukokuu 3, 2024.<\/p><\/div>","protected":false},"excerpt":{"rendered":"","protected":false},"author":2,"featured_media":0,"parent":0,"menu_order":0,"comment_status":"closed","ping_status":"closed","template":"","meta":{"ngg_post_thumbnail":0,"footnotes":""},"class_list":["post-378","page","type-page","status-publish","hentry"],"featured_image_src":null,"yoast_head":"<!-- This site is optimized with the Yoast SEO plugin v27.4 - https:\/\/yoast.com\/product\/yoast-seo-wordpress\/ -->\n<title>Cookie-Richtlinie (EU) - Risebo<\/title>\n<meta name=\"robots\" content=\"index, follow, max-snippet:-1, max-image-preview:large, max-video-preview:-1\" \/>\n<link rel=\"canonical\" href=\"https:\/\/risebogard.com\/fi\/evaestekaeytaentoe-eu\/\" \/>\n<meta property=\"og:locale\" content=\"fi_FI\" \/>\n<meta property=\"og:type\" content=\"article\" \/>\n<meta property=\"og:title\" content=\"Cookie-Richtlinie (EU) - Risebo\" \/>\n<meta property=\"og:url\" content=\"https:\/\/risebogard.com\/fi\/evaestekaeytaentoe-eu\/\" \/>\n<meta property=\"og:site_name\" content=\"Risebo\" \/>\n<meta property=\"article:publisher\" content=\"https:\/\/www.facebook.com\/RiseboGard\" \/>\n<meta property=\"article:modified_time\" content=\"2022-06-22T12:35:54+00:00\" \/>\n<meta name=\"twitter:card\" content=\"summary_large_image\" \/>\n<script type=\"application\/ld+json\" class=\"yoast-schema-graph\">{\"@context\":\"https:\\\/\\\/schema.org\",\"@graph\":[{\"@type\":\"WebPage\",\"@id\":\"https:\\\/\\\/risebogard.com\\\/cookie-richtlinie-eu\\\/\",\"url\":\"https:\\\/\\\/risebogard.com\\\/cookie-richtlinie-eu\\\/\",\"name\":\"Cookie-Richtlinie (EU) - Risebo\",\"isPartOf\":{\"@id\":\"https:\\\/\\\/risebogard.com\\\/#website\"},\"datePublished\":\"2022-05-27T10:23:55+00:00\",\"dateModified\":\"2022-06-22T12:35:54+00:00\",\"breadcrumb\":{\"@id\":\"https:\\\/\\\/risebogard.com\\\/cookie-richtlinie-eu\\\/#breadcrumb\"},\"inLanguage\":\"fi\",\"potentialAction\":[{\"@type\":\"ReadAction\",\"target\":[\"https:\\\/\\\/risebogard.com\\\/cookie-richtlinie-eu\\\/\"]}]},{\"@type\":\"BreadcrumbList\",\"@id\":\"https:\\\/\\\/risebogard.com\\\/cookie-richtlinie-eu\\\/#breadcrumb\",\"itemListElement\":[{\"@type\":\"ListItem\",\"position\":1,\"name\":\"Home\",\"item\":\"https:\\\/\\\/risebogard.com\\\/\"},{\"@type\":\"ListItem\",\"position\":2,\"name\":\"Cookie-Richtlinie (EU)\"}]},{\"@type\":\"WebSite\",\"@id\":\"https:\\\/\\\/risebogard.com\\\/#website\",\"url\":\"https:\\\/\\\/risebogard.com\\\/\",\"name\":\"Risebo\",\"description\":\"Camping, H\u00fctten, Westernreiten, Natur pur!\",\"publisher\":{\"@id\":\"https:\\\/\\\/risebogard.com\\\/#organization\"},\"potentialAction\":[{\"@type\":\"SearchAction\",\"target\":{\"@type\":\"EntryPoint\",\"urlTemplate\":\"https:\\\/\\\/risebogard.com\\\/?s={search_term_string}\"},\"query-input\":{\"@type\":\"PropertyValueSpecification\",\"valueRequired\":true,\"valueName\":\"search_term_string\"}}],\"inLanguage\":\"fi\"},{\"@type\":\"Organization\",\"@id\":\"https:\\\/\\\/risebogard.com\\\/#organization\",\"name\":\"Risebo G\u00e5rd\",\"url\":\"https:\\\/\\\/risebogard.com\\\/\",\"logo\":{\"@type\":\"ImageObject\",\"inLanguage\":\"fi\",\"@id\":\"https:\\\/\\\/risebogard.com\\\/#\\\/schema\\\/logo\\\/image\\\/\",\"url\":\"https:\\\/\\\/risebogard.com\\\/wp-content\\\/uploads\\\/2022\\\/01\\\/risebologo.png\",\"contentUrl\":\"https:\\\/\\\/risebogard.com\\\/wp-content\\\/uploads\\\/2022\\\/01\\\/risebologo.png\",\"width\":266,\"height\":100,\"caption\":\"Risebo G\u00e5rd\"},\"image\":{\"@id\":\"https:\\\/\\\/risebogard.com\\\/#\\\/schema\\\/logo\\\/image\\\/\"},\"sameAs\":[\"https:\\\/\\\/www.facebook.com\\\/RiseboGard\"]}]}<\/script>\n<!-- \/ Yoast SEO plugin. -->","yoast_head_json":{"title":"Ev\u00e4stek\u00e4yt\u00e4nt\u00f6 (EU) - Risebo","robots":{"index":"index","follow":"follow","max-snippet":"max-snippet:-1","max-image-preview":"max-image-preview:large","max-video-preview":"max-video-preview:-1"},"canonical":"https:\/\/risebogard.com\/fi\/evaestekaeytaentoe-eu\/","og_locale":"fi_FI","og_type":"article","og_title":"Cookie-Richtlinie (EU) - Risebo","og_url":"https:\/\/risebogard.com\/fi\/evaestekaeytaentoe-eu\/","og_site_name":"Risebo","article_publisher":"https:\/\/www.facebook.com\/RiseboGard","article_modified_time":"2022-06-22T12:35:54+00:00","twitter_card":"summary_large_image","schema":{"@context":"https:\/\/schema.org","@graph":[{"@type":"WebPage","@id":"https:\/\/risebogard.com\/cookie-richtlinie-eu\/","url":"https:\/\/risebogard.com\/cookie-richtlinie-eu\/","name":"Ev\u00e4stek\u00e4yt\u00e4nt\u00f6 (EU) - Risebo","isPartOf":{"@id":"https:\/\/risebogard.com\/#website"},"datePublished":"2022-05-27T10:23:55+00:00","dateModified":"2022-06-22T12:35:54+00:00","breadcrumb":{"@id":"https:\/\/risebogard.com\/cookie-richtlinie-eu\/#breadcrumb"},"inLanguage":"fi","potentialAction":[{"@type":"ReadAction","target":["https:\/\/risebogard.com\/cookie-richtlinie-eu\/"]}]},{"@type":"BreadcrumbList","@id":"https:\/\/risebogard.com\/cookie-richtlinie-eu\/#breadcrumb","itemListElement":[{"@type":"ListItem","position":1,"name":"Home","item":"https:\/\/risebogard.com\/"},{"@type":"ListItem","position":2,"name":"Cookie-Richtlinie (EU)"}]},{"@type":"WebSite","@id":"https:\/\/risebogard.com\/#website","url":"https:\/\/risebogard.com\/","name":"Risebo","description":"Leirint\u00e4, m\u00f6kit, l\u00e4nnenratsastus, puhdas luonto!","publisher":{"@id":"https:\/\/risebogard.com\/#organization"},"potentialAction":[{"@type":"SearchAction","target":{"@type":"EntryPoint","urlTemplate":"https:\/\/risebogard.com\/?s={search_term_string}"},"query-input":{"@type":"PropertyValueSpecification","valueRequired":true,"valueName":"search_term_string"}}],"inLanguage":"fi"},{"@type":"Organization","@id":"https:\/\/risebogard.com\/#organization","name":"Risebo G\u00e5rd","url":"https:\/\/risebogard.com\/","logo":{"@type":"ImageObject","inLanguage":"fi","@id":"https:\/\/risebogard.com\/#\/schema\/logo\/image\/","url":"https:\/\/risebogard.com\/wp-content\/uploads\/2022\/01\/risebologo.png","contentUrl":"https:\/\/risebogard.com\/wp-content\/uploads\/2022\/01\/risebologo.png","width":266,"height":100,"caption":"Risebo G\u00e5rd"},"image":{"@id":"https:\/\/risebogard.com\/#\/schema\/logo\/image\/"},"sameAs":["https:\/\/www.facebook.com\/RiseboGard"]}]}},"_links":{"self":[{"href":"https:\/\/risebogard.com\/fi\/wp-json\/wp\/v2\/pages\/378","targetHints":{"allow":["GET"]}}],"collection":[{"href":"https:\/\/risebogard.com\/fi\/wp-json\/wp\/v2\/pages"}],"about":[{"href":"https:\/\/risebogard.com\/fi\/wp-json\/wp\/v2\/types\/page"}],"author":[{"embeddable":true,"href":"https:\/\/risebogard.com\/fi\/wp-json\/wp\/v2\/users\/2"}],"replies":[{"embeddable":true,"href":"https:\/\/risebogard.com\/fi\/wp-json\/wp\/v2\/comments?post=378"}],"version-history":[{"count":3,"href":"https:\/\/risebogard.com\/fi\/wp-json\/wp\/v2\/pages\/378\/revisions"}],"predecessor-version":[{"id":1167,"href":"https:\/\/risebogard.com\/fi\/wp-json\/wp\/v2\/pages\/378\/revisions\/1167"}],"wp:attachment":[{"href":"https:\/\/risebogard.com\/fi\/wp-json\/wp\/v2\/media?parent=378"}],"curies":[{"name":"wp","href":"https:\/\/api.w.org\/{rel}","templated":true}]}}