{"id":287,"date":"2022-05-16T19:57:26","date_gmt":"2022-05-16T17:57:26","guid":{"rendered":"https:\/\/risebogard.com\/?page_id=287"},"modified":"2023-06-28T14:23:55","modified_gmt":"2023-06-28T12:23:55","slug":"elaeimemme-hevoset-pienet-elaeimet","status":"publish","type":"page","link":"https:\/\/risebogard.com\/fi\/unsere-tiere-pferde-kleintiere\/","title":{"rendered":"El\u00e4imet"},"content":{"rendered":"<h2 class=\"wp-block-heading\">El\u00e4imet ja niiden vaikutus meihin ihmisiin<\/h2>\n\n\n\n<p>Meille ihmisille ja erityisesti lapsille kontakti el\u00e4inten kanssa on korvaamatonta. Se auttaa meit\u00e4 unohtamaan arjen stressit ja tuo rauhaa ja rentoutumista. Hevoset ja lemmikit, kuten koirat, kannustavat meit\u00e4 ulkoilemaan ja liikkumaan. Niiden kanssa vuorovaikutus tuo paljon iloa ja edist\u00e4\u00e4 sosiaalisia taitoja, kuten vastuullisuutta, huomaavaisuutta ja avuliaisuutta. Pienetkin el\u00e4imet toimivat usein lasten lohduttajina ja luottohenkil\u00f6in\u00e4, jotka kuuntelevat heit\u00e4 aina. El\u00e4imet ovat herkki\u00e4, aistivat ja reagoivat ihmisten mielialoihin. Niiden l\u00e4mp\u00f6 ja rauhallisuus voivat v\u00e4litt\u00f6m\u00e4sti v\u00e4litt\u00e4\u00e4 luottamusta ja varmuutta.<\/p>\n\n\n\n<hr class=\"wp-block-separator has-css-opacity\"\/>\n\n\n\n<h2 class=\"wp-block-heading\">El\u00e4imemme<\/h2>\n\n\n\n<h3 class=\"wp-block-heading\">hevoset<\/h3>\n\n\n\n<h4 class=\"wp-block-heading\">Ny\u00f6kk\u00e4ys<\/h4>\n\n\n\n<figure class=\"wp-block-image size-large\"><img loading=\"lazy\" decoding=\"async\" width=\"1024\" height=\"768\" src=\"https:\/\/risebogard.com\/wp-content\/uploads\/2022\/05\/IMG_20220515_152607_923-1024x768.jpg\" alt=\"Hevoset (Nicke)\" class=\"wp-image-288\" srcset=\"https:\/\/risebogard.com\/wp-content\/uploads\/2022\/05\/IMG_20220515_152607_923-1024x768.jpg 1024w, https:\/\/risebogard.com\/wp-content\/uploads\/2022\/05\/IMG_20220515_152607_923-300x225.jpg 300w, https:\/\/risebogard.com\/wp-content\/uploads\/2022\/05\/IMG_20220515_152607_923-768x576.jpg 768w, https:\/\/risebogard.com\/wp-content\/uploads\/2022\/05\/IMG_20220515_152607_923-1536x1152.jpg 1536w, https:\/\/risebogard.com\/wp-content\/uploads\/2022\/05\/IMG_20220515_152607_923-2048x1536.jpg 2048w\" sizes=\"auto, (max-width: 1024px) 100vw, 1024px\" \/><\/figure>\n\n\n\n<p>Nicke on pienen laumamme johtaja, jota h\u00e4n johdattaa hurmaavalla vieh\u00e4tysvoimallaan ja tyyneydell\u00e4\u00e4n. Vaikka h\u00e4n on hyvin suuri ja vahva, kaikki, niin nuoret kuin vanhatkin, rakastuvat h\u00e4neen v\u00e4litt\u00f6m\u00e4sti.<\/p>\n\n\n\n<p><\/p>\n\n\n\n<hr class=\"wp-block-separator has-css-opacity\"\/>\n\n\n\n<h4 class=\"wp-block-heading\">Lucas<\/h4>\n\n\n\n<figure class=\"wp-block-image size-large\"><img loading=\"lazy\" decoding=\"async\" width=\"1024\" height=\"768\" src=\"https:\/\/risebogard.com\/wp-content\/uploads\/2022\/05\/IMG_20220515_152454_963-1024x768.jpg\" alt=\"Hevonen (Lucas)\" class=\"wp-image-292\" srcset=\"https:\/\/risebogard.com\/wp-content\/uploads\/2022\/05\/IMG_20220515_152454_963-1024x768.jpg 1024w, https:\/\/risebogard.com\/wp-content\/uploads\/2022\/05\/IMG_20220515_152454_963-300x225.jpg 300w, https:\/\/risebogard.com\/wp-content\/uploads\/2022\/05\/IMG_20220515_152454_963-768x576.jpg 768w, https:\/\/risebogard.com\/wp-content\/uploads\/2022\/05\/IMG_20220515_152454_963-1536x1152.jpg 1536w, https:\/\/risebogard.com\/wp-content\/uploads\/2022\/05\/IMG_20220515_152454_963-2048x1536.jpg 2048w\" sizes=\"auto, (max-width: 1024px) 100vw, 1024px\" \/><\/figure>\n\n\n\n<p>Lucas on Nicken vanha yst\u00e4v\u00e4 ja viett\u00e4\u00e4 el\u00e4kep\u00e4ivi\u00e4\u00e4n Risebossa. H\u00e4n on tilan salainen t\u00e4hti, sill\u00e4 h\u00e4n usein vaeltelee vapaasti alueella ja joskus jopa vierailee leirint\u00e4alueella, mik\u00e4 on aina kohokohta, erityisesti nuoremmille vieraillemme.<\/p>\n\n\n\n<hr class=\"wp-block-separator has-alpha-channel-opacity\"\/>\n\n\n\n<h4 class=\"wp-block-heading\">Frodi<\/h4>\n\n\n\n<figure class=\"wp-block-image size-large is-style-default\"><img loading=\"lazy\" decoding=\"async\" width=\"1024\" height=\"768\" src=\"https:\/\/risebogard.com\/wp-content\/uploads\/2022\/07\/signal-2022-07-09-154748_003-1024x768.jpeg\" alt=\"Islanninhevonen\" class=\"wp-image-519\" srcset=\"https:\/\/risebogard.com\/wp-content\/uploads\/2022\/07\/signal-2022-07-09-154748_003-1024x768.jpeg 1024w, https:\/\/risebogard.com\/wp-content\/uploads\/2022\/07\/signal-2022-07-09-154748_003-300x225.jpeg 300w, https:\/\/risebogard.com\/wp-content\/uploads\/2022\/07\/signal-2022-07-09-154748_003-768x576.jpeg 768w, https:\/\/risebogard.com\/wp-content\/uploads\/2022\/07\/signal-2022-07-09-154748_003-1536x1152.jpeg 1536w, https:\/\/risebogard.com\/wp-content\/uploads\/2022\/07\/signal-2022-07-09-154748_003.jpeg 2048w\" sizes=\"auto, (max-width: 1024px) 100vw, 1024px\" \/><\/figure>\n\n\n\n<p>Islanninhevosemme Frodi on eritt\u00e4in hyv\u00e4luonteinen ja herkk\u00e4. Se sopii t\u00e4ydellisesti lasten ratsastettavaksi. Se ei kuitenkaan ole ongelma my\u00f6sk\u00e4\u00e4n aikuisten kantamisessa.<\/p>\n\n\n\n<hr class=\"wp-block-separator has-alpha-channel-opacity\"\/>\n\n\n\n<h2 class=\"wp-block-heading\">Aasi on-Ah ja Nam-Nam<\/h2>\n\n\n\n<figure class=\"wp-block-image size-large\"><img loading=\"lazy\" decoding=\"async\" width=\"1024\" height=\"768\" src=\"https:\/\/risebogard.com\/wp-content\/uploads\/2023\/06\/Esel-1024x768.jpeg\" alt=\"\" class=\"wp-image-960\" srcset=\"https:\/\/risebogard.com\/wp-content\/uploads\/2023\/06\/Esel-1024x768.jpeg 1024w, https:\/\/risebogard.com\/wp-content\/uploads\/2023\/06\/Esel-300x225.jpeg 300w, https:\/\/risebogard.com\/wp-content\/uploads\/2023\/06\/Esel-768x576.jpeg 768w, https:\/\/risebogard.com\/wp-content\/uploads\/2023\/06\/Esel-1536x1152.jpeg 1536w, https:\/\/risebogard.com\/wp-content\/uploads\/2023\/06\/Esel-16x12.jpeg 16w, https:\/\/risebogard.com\/wp-content\/uploads\/2023\/06\/Esel.jpeg 1600w\" sizes=\"auto, (max-width: 1024px) 100vw, 1024px\" \/><\/figure>\n\n\n\n<p>Aasimme Is-Ah on eritt\u00e4in suloinen ja sopii hyvin ratsastettavaksi ja talutettavaksi pienille lapsille.<br>Yum-Yum on viel\u00e4 nuori ja itsep\u00e4inen, kuten aaseille on tyypillist\u00e4.<br>On t\u00e4ysin mahdollista, ett\u00e4 sinua tervehdit\u00e4\u00e4n kova\u00e4\u00e4nisell\u00e4 &quot;hii-hau&quot;, kun vierailet tallilla!<\/p>\n\n\n\n<hr class=\"wp-block-separator has-css-opacity\"\/>\n\n\n\n<figure class=\"wp-block-image size-large\"><img loading=\"lazy\" decoding=\"async\" width=\"1024\" height=\"768\" src=\"https:\/\/risebogard.com\/wp-content\/uploads\/2022\/05\/signal-2022-05-09-152754_001-1024x768.jpeg\" alt=\"Hevoset trimmataan\" class=\"wp-image-294\" srcset=\"https:\/\/risebogard.com\/wp-content\/uploads\/2022\/05\/signal-2022-05-09-152754_001-1024x768.jpeg 1024w, https:\/\/risebogard.com\/wp-content\/uploads\/2022\/05\/signal-2022-05-09-152754_001-300x225.jpeg 300w, https:\/\/risebogard.com\/wp-content\/uploads\/2022\/05\/signal-2022-05-09-152754_001-768x576.jpeg 768w, https:\/\/risebogard.com\/wp-content\/uploads\/2022\/05\/signal-2022-05-09-152754_001-1536x1152.jpeg 1536w, https:\/\/risebogard.com\/wp-content\/uploads\/2022\/05\/signal-2022-05-09-152754_001.jpeg 2048w\" sizes=\"auto, (max-width: 1024px) 100vw, 1024px\" \/><\/figure>\n\n\n\n<p>Hevosemme ovat kaikki eritt\u00e4in hyv\u00e4ntuulisia ja nauttivat lasten hoitamasta ja ratsastamasta. Risebolla on omat polkunsa, jotka mahdollistavat turvallisen taluttamisen ilman liikennett\u00e4.<\/p>\n\n\n\n<hr class=\"wp-block-separator has-css-opacity is-style-default\"\/>\n\n\n\n<h3 class=\"wp-block-heading\">Pienet el\u00e4imet<\/h3>\n\n\n\n<h4 class=\"wp-block-heading\">Kanit<\/h4>\n\n\n\n<figure class=\"wp-block-image size-large\"><img loading=\"lazy\" decoding=\"async\" width=\"1024\" height=\"768\" src=\"https:\/\/risebogard.com\/wp-content\/uploads\/2022\/05\/IMG_20220515_161212_079-1024x768.jpg\" alt=\"Kanit sy\u00f6v\u00e4t\" class=\"wp-image-295\" srcset=\"https:\/\/risebogard.com\/wp-content\/uploads\/2022\/05\/IMG_20220515_161212_079-1024x768.jpg 1024w, https:\/\/risebogard.com\/wp-content\/uploads\/2022\/05\/IMG_20220515_161212_079-300x225.jpg 300w, https:\/\/risebogard.com\/wp-content\/uploads\/2022\/05\/IMG_20220515_161212_079-768x576.jpg 768w, https:\/\/risebogard.com\/wp-content\/uploads\/2022\/05\/IMG_20220515_161212_079-1536x1152.jpg 1536w, https:\/\/risebogard.com\/wp-content\/uploads\/2022\/05\/IMG_20220515_161212_079-2048x1536.jpg 2048w\" sizes=\"auto, (max-width: 1024px) 100vw, 1024px\" \/><\/figure>\n\n\n\n<hr class=\"wp-block-separator has-css-opacity\"\/>\n\n\n\n<h4 class=\"wp-block-heading\">Marsut<\/h4>\n\n\n\n<figure class=\"wp-block-image size-large\"><img loading=\"lazy\" decoding=\"async\" width=\"768\" height=\"1024\" src=\"https:\/\/risebogard.com\/wp-content\/uploads\/2022\/05\/IMG_20220515_160806_853-768x1024.jpg\" alt=\"Marsut tallissa\" class=\"wp-image-297\" srcset=\"https:\/\/risebogard.com\/wp-content\/uploads\/2022\/05\/IMG_20220515_160806_853-768x1024.jpg 768w, https:\/\/risebogard.com\/wp-content\/uploads\/2022\/05\/IMG_20220515_160806_853-225x300.jpg 225w, https:\/\/risebogard.com\/wp-content\/uploads\/2022\/05\/IMG_20220515_160806_853-1152x1536.jpg 1152w, https:\/\/risebogard.com\/wp-content\/uploads\/2022\/05\/IMG_20220515_160806_853-1536x2048.jpg 1536w, https:\/\/risebogard.com\/wp-content\/uploads\/2022\/05\/IMG_20220515_160806_853-scaled.jpg 1920w\" sizes=\"auto, (max-width: 768px) 100vw, 768px\" \/><\/figure>\n\n\n\n<hr class=\"wp-block-separator has-css-opacity\"\/>\n\n\n\n<h3 class=\"wp-block-heading\">lemmikit<\/h3>\n\n\n\n<h4 class=\"wp-block-heading\">koirat<\/h4>\n\n\n\n<figure class=\"wp-block-image size-large\"><img loading=\"lazy\" decoding=\"async\" width=\"1024\" height=\"768\" src=\"https:\/\/risebogard.com\/wp-content\/uploads\/2022\/05\/PXL_20220516_161857475.MP_-1024x768.jpg\" alt=\"koiramme (Emmy ja Ida)\" class=\"wp-image-299\" srcset=\"https:\/\/risebogard.com\/wp-content\/uploads\/2022\/05\/PXL_20220516_161857475.MP_-1024x768.jpg 1024w, https:\/\/risebogard.com\/wp-content\/uploads\/2022\/05\/PXL_20220516_161857475.MP_-300x225.jpg 300w, https:\/\/risebogard.com\/wp-content\/uploads\/2022\/05\/PXL_20220516_161857475.MP_-768x576.jpg 768w, https:\/\/risebogard.com\/wp-content\/uploads\/2022\/05\/PXL_20220516_161857475.MP_-1536x1152.jpg 1536w, https:\/\/risebogard.com\/wp-content\/uploads\/2022\/05\/PXL_20220516_161857475.MP_-2048x1536.jpg 2048w\" sizes=\"auto, (max-width: 1024px) 100vw, 1024px\" \/><\/figure>\n\n\n\n<p>Koiramme Emmy ja Ida. He vartioivat maatilaa, mutta heill\u00e4 on suuri syd\u00e4n lapsia kohtaan.<\/p>\n\n\n\n<hr class=\"wp-block-separator has-css-opacity\"\/>\n\n\n\n<h4 class=\"wp-block-heading\">kissat<\/h4>\n\n\n\n<figure class=\"wp-block-image size-large is-resized\"><img loading=\"lazy\" decoding=\"async\" src=\"https:\/\/risebogard.com\/wp-content\/uploads\/2022\/05\/PXL_20220516_161117724-768x1024.jpg\" alt=\"kissamme Hugo\" class=\"wp-image-300\" width=\"768\" height=\"1024\" srcset=\"https:\/\/risebogard.com\/wp-content\/uploads\/2022\/05\/PXL_20220516_161117724-768x1024.jpg 768w, https:\/\/risebogard.com\/wp-content\/uploads\/2022\/05\/PXL_20220516_161117724-225x300.jpg 225w, https:\/\/risebogard.com\/wp-content\/uploads\/2022\/05\/PXL_20220516_161117724-1152x1536.jpg 1152w, https:\/\/risebogard.com\/wp-content\/uploads\/2022\/05\/PXL_20220516_161117724-1536x2048.jpg 1536w, https:\/\/risebogard.com\/wp-content\/uploads\/2022\/05\/PXL_20220516_161117724-scaled.jpg 1920w\" sizes=\"auto, (max-width: 768px) 100vw, 768px\" \/><\/figure>\n\n\n\n<p>Hugo on todellinen villikissa ja katoaa er\u00e4maahan kuukausiksi kerrallaan. Vaikka h\u00e4nt\u00e4 on oletettu kuolleeksi useita kertoja, h\u00e4n on aina ilmestynyt uudelleen.<\/p>\n\n\n\n<hr class=\"wp-block-separator has-css-opacity\"\/>\n\n\n\n<figure class=\"wp-block-image size-large\"><img loading=\"lazy\" decoding=\"async\" width=\"1024\" height=\"768\" src=\"https:\/\/risebogard.com\/wp-content\/uploads\/2022\/05\/IMG_20220128_110429-1024x768.jpg\" alt=\"kissamme Willy\" class=\"wp-image-301\" srcset=\"https:\/\/risebogard.com\/wp-content\/uploads\/2022\/05\/IMG_20220128_110429-1024x768.jpg 1024w, https:\/\/risebogard.com\/wp-content\/uploads\/2022\/05\/IMG_20220128_110429-300x225.jpg 300w, https:\/\/risebogard.com\/wp-content\/uploads\/2022\/05\/IMG_20220128_110429-768x576.jpg 768w, https:\/\/risebogard.com\/wp-content\/uploads\/2022\/05\/IMG_20220128_110429-1536x1152.jpg 1536w, https:\/\/risebogard.com\/wp-content\/uploads\/2022\/05\/IMG_20220128_110429-2048x1536.jpg 2048w\" sizes=\"auto, (max-width: 1024px) 100vw, 1024px\" \/><\/figure>\n\n\n\n<p>Willy on nuori kollikissa, joka tavataan yleens\u00e4 Risebolla tytt\u00f6yst\u00e4v\u00e4ns\u00e4 Lille Kattin kanssa. H\u00e4n rakastaa puissa kiipeily\u00e4.<\/p>\n\n\n\n<hr class=\"wp-block-separator has-css-opacity\"\/>\n\n\n\n<figure class=\"wp-block-image size-large\"><img loading=\"lazy\" decoding=\"async\" width=\"1024\" height=\"768\" src=\"https:\/\/risebogard.com\/wp-content\/uploads\/2022\/05\/PXL_20220516_161533483-1024x768.jpg\" alt=\"kissamme Lille Katt\" class=\"wp-image-302\" srcset=\"https:\/\/risebogard.com\/wp-content\/uploads\/2022\/05\/PXL_20220516_161533483-1024x768.jpg 1024w, https:\/\/risebogard.com\/wp-content\/uploads\/2022\/05\/PXL_20220516_161533483-300x225.jpg 300w, https:\/\/risebogard.com\/wp-content\/uploads\/2022\/05\/PXL_20220516_161533483-768x576.jpg 768w, https:\/\/risebogard.com\/wp-content\/uploads\/2022\/05\/PXL_20220516_161533483-1536x1152.jpg 1536w, https:\/\/risebogard.com\/wp-content\/uploads\/2022\/05\/PXL_20220516_161533483-2048x1536.jpg 2048w\" sizes=\"auto, (max-width: 1024px) 100vw, 1024px\" \/><\/figure>\n\n\n\n<p>Lille Katt on Willyn tytt\u00f6yst\u00e4v\u00e4 ja nauttii luonnosta Risebolla asuttuaan aiemmin kaupunkiasunnossa.<\/p>\n\n\n\n<hr class=\"wp-block-separator has-css-opacity\"\/>\n\n\n\n<h2 class=\"wp-block-heading\">Oma lemmikkisi Risebossa<\/h2>\n\n\n\n<p>Jos haluat tuoda koirasi tai muita el\u00e4imi\u00e4 Riseboon, ilmoitathan siit\u00e4 meille varauksen yhteydess\u00e4. N\u00e4in voimme varmistaa, ett\u00e4 kaikki tarvitsemasi on valmiina saapuessasi.<\/p>","protected":false},"excerpt":{"rendered":"<p>Tiere und Ihre Wirkung auf uns Menschen F\u00fcr uns Menschen und insbesondere Kinder ist der Kontakt zu Tieren sehr wertvoll. Er l\u00e4sst uns den Alltag vergessen, bringt Ruhe und Entspannung. Pferde und Haustiere wie Hunde bringen uns dazu rauszugehen und uns zu bewegen. Der Umgang mit ihnen bereitet dabei viel Freunde und f\u00f6rdert Sozialkompetenzen wie&#8230;<a class=\"read-more-link button\" href=\"https:\/\/risebogard.com\/fi\/unsere-tiere-pferde-kleintiere\/\">Read more<\/a><\/p>","protected":false},"author":2,"featured_media":873,"parent":0,"menu_order":0,"comment_status":"closed","ping_status":"closed","template":"","meta":{"ngg_post_thumbnail":0,"footnotes":""},"class_list":["post-287","page","type-page","status-publish","has-post-thumbnail","hentry"],"featured_image_src":"https:\/\/risebogard.com\/wp-content\/uploads\/2023\/05\/PXL_20220822_172352580-1-scaled.jpg","yoast_head":"<!-- This site is optimized with the Yoast SEO plugin v27.4 - https:\/\/yoast.com\/product\/yoast-seo-wordpress\/ -->\n<title>Tiere - Risebo<\/title>\n<meta name=\"description\" content=\"Der Kontakt mit Pferden, Kleintieren und Haustieren l\u00e4sst uns den Alltag vergessen, bringt Ruhe und Entspannung.\" \/>\n<meta name=\"robots\" content=\"index, follow, max-snippet:-1, max-image-preview:large, max-video-preview:-1\" \/>\n<link rel=\"canonical\" href=\"https:\/\/risebogard.com\/fi\/elaeimemme-hevoset-pienet-elaeimet\/\" \/>\n<meta property=\"og:locale\" content=\"fi_FI\" \/>\n<meta property=\"og:type\" content=\"article\" \/>\n<meta property=\"og:title\" content=\"Unsere Tiere\" \/>\n<meta property=\"og:description\" content=\"F\u00fcr uns Menschen ist der Kontakt zu Tieren sehr wertvoll. Er l\u00e4sst uns den Alltag vergessen, bringt Ruhe und Entspannung.Der Kontakt mit Pferden, Kleintieren und Haustieren l\u00e4sst uns den Alltag vergessen, bringt Ruhe und Entspannung.\" \/>\n<meta property=\"og:url\" content=\"https:\/\/risebogard.com\/fi\/elaeimemme-hevoset-pienet-elaeimet\/\" \/>\n<meta property=\"og:site_name\" content=\"Risebo\" \/>\n<meta property=\"article:publisher\" content=\"https:\/\/www.facebook.com\/RiseboGard\" \/>\n<meta property=\"article:modified_time\" content=\"2023-06-28T12:23:55+00:00\" \/>\n<meta property=\"og:image\" content=\"https:\/\/risebogard.com\/wp-content\/uploads\/2022\/05\/IMG_20220515_152926_188-2-scaled.jpg\" \/>\n\t<meta property=\"og:image:width\" content=\"1920\" \/>\n\t<meta property=\"og:image:height\" content=\"2560\" \/>\n\t<meta property=\"og:image:type\" content=\"image\/jpeg\" \/>\n<meta name=\"twitter:card\" content=\"summary_large_image\" \/>\n<meta name=\"twitter:title\" content=\"Unsere Tiere\" \/>\n<meta name=\"twitter:description\" content=\"Der Kontakt mit Pferden, Kleintieren und Haustieren l\u00e4sst uns den Alltag vergessen, bringt Ruhe und Entspannung.\" \/>\n<meta name=\"twitter:image\" content=\"https:\/\/risebogard.com\/wp-content\/uploads\/2022\/05\/IMG_20220515_152926_188-2-scaled.jpg\" \/>\n<meta name=\"twitter:label1\" content=\"Arvioitu lukuaika\" \/>\n\t<meta name=\"twitter:data1\" content=\"5 minuuttia\" \/>\n<script type=\"application\/ld+json\" class=\"yoast-schema-graph\">{\"@context\":\"https:\\\/\\\/schema.org\",\"@graph\":[{\"@type\":\"WebPage\",\"@id\":\"https:\\\/\\\/risebogard.com\\\/unsere-tiere-pferde-kleintiere\\\/\",\"url\":\"https:\\\/\\\/risebogard.com\\\/unsere-tiere-pferde-kleintiere\\\/\",\"name\":\"Tiere - Risebo\",\"isPartOf\":{\"@id\":\"https:\\\/\\\/risebogard.com\\\/#website\"},\"primaryImageOfPage\":{\"@id\":\"https:\\\/\\\/risebogard.com\\\/unsere-tiere-pferde-kleintiere\\\/#primaryimage\"},\"image\":{\"@id\":\"https:\\\/\\\/risebogard.com\\\/unsere-tiere-pferde-kleintiere\\\/#primaryimage\"},\"thumbnailUrl\":\"https:\\\/\\\/risebogard.com\\\/wp-content\\\/uploads\\\/2023\\\/05\\\/PXL_20220822_172352580-1-scaled.jpg\",\"datePublished\":\"2022-05-16T17:57:26+00:00\",\"dateModified\":\"2023-06-28T12:23:55+00:00\",\"description\":\"Der Kontakt mit Pferden, Kleintieren und Haustieren l\u00e4sst uns den Alltag vergessen, bringt Ruhe und Entspannung.\",\"breadcrumb\":{\"@id\":\"https:\\\/\\\/risebogard.com\\\/unsere-tiere-pferde-kleintiere\\\/#breadcrumb\"},\"inLanguage\":\"fi\",\"potentialAction\":[{\"@type\":\"ReadAction\",\"target\":[\"https:\\\/\\\/risebogard.com\\\/unsere-tiere-pferde-kleintiere\\\/\"]}]},{\"@type\":\"ImageObject\",\"inLanguage\":\"fi\",\"@id\":\"https:\\\/\\\/risebogard.com\\\/unsere-tiere-pferde-kleintiere\\\/#primaryimage\",\"url\":\"https:\\\/\\\/risebogard.com\\\/wp-content\\\/uploads\\\/2023\\\/05\\\/PXL_20220822_172352580-1-scaled.jpg\",\"contentUrl\":\"https:\\\/\\\/risebogard.com\\\/wp-content\\\/uploads\\\/2023\\\/05\\\/PXL_20220822_172352580-1-scaled.jpg\",\"width\":1920,\"height\":2560},{\"@type\":\"BreadcrumbList\",\"@id\":\"https:\\\/\\\/risebogard.com\\\/unsere-tiere-pferde-kleintiere\\\/#breadcrumb\",\"itemListElement\":[{\"@type\":\"ListItem\",\"position\":1,\"name\":\"Home\",\"item\":\"https:\\\/\\\/risebogard.com\\\/\"},{\"@type\":\"ListItem\",\"position\":2,\"name\":\"Tiere\"}]},{\"@type\":\"WebSite\",\"@id\":\"https:\\\/\\\/risebogard.com\\\/#website\",\"url\":\"https:\\\/\\\/risebogard.com\\\/\",\"name\":\"Risebo\",\"description\":\"Camping, H\u00fctten, Westernreiten, Natur pur!\",\"publisher\":{\"@id\":\"https:\\\/\\\/risebogard.com\\\/#organization\"},\"potentialAction\":[{\"@type\":\"SearchAction\",\"target\":{\"@type\":\"EntryPoint\",\"urlTemplate\":\"https:\\\/\\\/risebogard.com\\\/?s={search_term_string}\"},\"query-input\":{\"@type\":\"PropertyValueSpecification\",\"valueRequired\":true,\"valueName\":\"search_term_string\"}}],\"inLanguage\":\"fi\"},{\"@type\":\"Organization\",\"@id\":\"https:\\\/\\\/risebogard.com\\\/#organization\",\"name\":\"Risebo G\u00e5rd\",\"url\":\"https:\\\/\\\/risebogard.com\\\/\",\"logo\":{\"@type\":\"ImageObject\",\"inLanguage\":\"fi\",\"@id\":\"https:\\\/\\\/risebogard.com\\\/#\\\/schema\\\/logo\\\/image\\\/\",\"url\":\"https:\\\/\\\/risebogard.com\\\/wp-content\\\/uploads\\\/2022\\\/01\\\/risebologo.png\",\"contentUrl\":\"https:\\\/\\\/risebogard.com\\\/wp-content\\\/uploads\\\/2022\\\/01\\\/risebologo.png\",\"width\":266,\"height\":100,\"caption\":\"Risebo G\u00e5rd\"},\"image\":{\"@id\":\"https:\\\/\\\/risebogard.com\\\/#\\\/schema\\\/logo\\\/image\\\/\"},\"sameAs\":[\"https:\\\/\\\/www.facebook.com\\\/RiseboGard\"]}]}<\/script>\n<!-- \/ Yoast SEO plugin. -->","yoast_head_json":{"title":"El\u00e4imet - Risebo","description":"Hevosten, pienten el\u00e4inten ja lemmikkien kanssa el\u00e4minen auttaa meit\u00e4 unohtamaan arjen, tuoden rauhaa ja rentoutumista.","robots":{"index":"index","follow":"follow","max-snippet":"max-snippet:-1","max-image-preview":"max-image-preview:large","max-video-preview":"max-video-preview:-1"},"canonical":"https:\/\/risebogard.com\/fi\/elaeimemme-hevoset-pienet-elaeimet\/","og_locale":"fi_FI","og_type":"article","og_title":"Unsere Tiere","og_description":"F\u00fcr uns Menschen ist der Kontakt zu Tieren sehr wertvoll. Er l\u00e4sst uns den Alltag vergessen, bringt Ruhe und Entspannung.Der Kontakt mit Pferden, Kleintieren und Haustieren l\u00e4sst uns den Alltag vergessen, bringt Ruhe und Entspannung.","og_url":"https:\/\/risebogard.com\/fi\/elaeimemme-hevoset-pienet-elaeimet\/","og_site_name":"Risebo","article_publisher":"https:\/\/www.facebook.com\/RiseboGard","article_modified_time":"2023-06-28T12:23:55+00:00","og_image":[{"width":1920,"height":2560,"url":"https:\/\/risebogard.com\/wp-content\/uploads\/2022\/05\/IMG_20220515_152926_188-2-scaled.jpg","type":"image\/jpeg"}],"twitter_card":"summary_large_image","twitter_title":"Unsere Tiere","twitter_description":"Der Kontakt mit Pferden, Kleintieren und Haustieren l\u00e4sst uns den Alltag vergessen, bringt Ruhe und Entspannung.","twitter_image":"https:\/\/risebogard.com\/wp-content\/uploads\/2022\/05\/IMG_20220515_152926_188-2-scaled.jpg","twitter_misc":{"Arvioitu lukuaika":"5 minuuttia"},"schema":{"@context":"https:\/\/schema.org","@graph":[{"@type":"WebPage","@id":"https:\/\/risebogard.com\/unsere-tiere-pferde-kleintiere\/","url":"https:\/\/risebogard.com\/unsere-tiere-pferde-kleintiere\/","name":"El\u00e4imet - Risebo","isPartOf":{"@id":"https:\/\/risebogard.com\/#website"},"primaryImageOfPage":{"@id":"https:\/\/risebogard.com\/unsere-tiere-pferde-kleintiere\/#primaryimage"},"image":{"@id":"https:\/\/risebogard.com\/unsere-tiere-pferde-kleintiere\/#primaryimage"},"thumbnailUrl":"https:\/\/risebogard.com\/wp-content\/uploads\/2023\/05\/PXL_20220822_172352580-1-scaled.jpg","datePublished":"2022-05-16T17:57:26+00:00","dateModified":"2023-06-28T12:23:55+00:00","description":"Hevosten, pienten el\u00e4inten ja lemmikkien kanssa el\u00e4minen auttaa meit\u00e4 unohtamaan arjen, tuoden rauhaa ja rentoutumista.","breadcrumb":{"@id":"https:\/\/risebogard.com\/unsere-tiere-pferde-kleintiere\/#breadcrumb"},"inLanguage":"fi","potentialAction":[{"@type":"ReadAction","target":["https:\/\/risebogard.com\/unsere-tiere-pferde-kleintiere\/"]}]},{"@type":"ImageObject","inLanguage":"fi","@id":"https:\/\/risebogard.com\/unsere-tiere-pferde-kleintiere\/#primaryimage","url":"https:\/\/risebogard.com\/wp-content\/uploads\/2023\/05\/PXL_20220822_172352580-1-scaled.jpg","contentUrl":"https:\/\/risebogard.com\/wp-content\/uploads\/2023\/05\/PXL_20220822_172352580-1-scaled.jpg","width":1920,"height":2560},{"@type":"BreadcrumbList","@id":"https:\/\/risebogard.com\/unsere-tiere-pferde-kleintiere\/#breadcrumb","itemListElement":[{"@type":"ListItem","position":1,"name":"Home","item":"https:\/\/risebogard.com\/"},{"@type":"ListItem","position":2,"name":"Tiere"}]},{"@type":"WebSite","@id":"https:\/\/risebogard.com\/#website","url":"https:\/\/risebogard.com\/","name":"Risebo","description":"Leirint\u00e4, m\u00f6kit, l\u00e4nnenratsastus, puhdas luonto!","publisher":{"@id":"https:\/\/risebogard.com\/#organization"},"potentialAction":[{"@type":"SearchAction","target":{"@type":"EntryPoint","urlTemplate":"https:\/\/risebogard.com\/?s={search_term_string}"},"query-input":{"@type":"PropertyValueSpecification","valueRequired":true,"valueName":"search_term_string"}}],"inLanguage":"fi"},{"@type":"Organization","@id":"https:\/\/risebogard.com\/#organization","name":"Risebo G\u00e5rd","url":"https:\/\/risebogard.com\/","logo":{"@type":"ImageObject","inLanguage":"fi","@id":"https:\/\/risebogard.com\/#\/schema\/logo\/image\/","url":"https:\/\/risebogard.com\/wp-content\/uploads\/2022\/01\/risebologo.png","contentUrl":"https:\/\/risebogard.com\/wp-content\/uploads\/2022\/01\/risebologo.png","width":266,"height":100,"caption":"Risebo G\u00e5rd"},"image":{"@id":"https:\/\/risebogard.com\/#\/schema\/logo\/image\/"},"sameAs":["https:\/\/www.facebook.com\/RiseboGard"]}]}},"_links":{"self":[{"href":"https:\/\/risebogard.com\/fi\/wp-json\/wp\/v2\/pages\/287","targetHints":{"allow":["GET"]}}],"collection":[{"href":"https:\/\/risebogard.com\/fi\/wp-json\/wp\/v2\/pages"}],"about":[{"href":"https:\/\/risebogard.com\/fi\/wp-json\/wp\/v2\/types\/page"}],"author":[{"embeddable":true,"href":"https:\/\/risebogard.com\/fi\/wp-json\/wp\/v2\/users\/2"}],"replies":[{"embeddable":true,"href":"https:\/\/risebogard.com\/fi\/wp-json\/wp\/v2\/comments?post=287"}],"version-history":[{"count":33,"href":"https:\/\/risebogard.com\/fi\/wp-json\/wp\/v2\/pages\/287\/revisions"}],"predecessor-version":[{"id":961,"href":"https:\/\/risebogard.com\/fi\/wp-json\/wp\/v2\/pages\/287\/revisions\/961"}],"wp:featuredmedia":[{"embeddable":true,"href":"https:\/\/risebogard.com\/fi\/wp-json\/wp\/v2\/media\/873"}],"wp:attachment":[{"href":"https:\/\/risebogard.com\/fi\/wp-json\/wp\/v2\/media?parent=287"}],"curies":[{"name":"wp","href":"https:\/\/api.w.org\/{rel}","templated":true}]}}