{"id":533,"date":"2022-07-10T11:32:30","date_gmt":"2022-07-10T09:32:30","guid":{"rendered":"https:\/\/risebogard.com\/?page_id=533"},"modified":"2025-08-18T16:24:01","modified_gmt":"2025-08-18T14:24:01","slug":"riding-in-sweden","status":"publish","type":"page","link":"https:\/\/risebogard.com\/en\/reiten-in-schweden\/","title":{"rendered":"Ride"},"content":{"rendered":"<p>We offer guided riding for children and beginners as well as free rides for advanced riders aged 12 and over on our Icelandic horses and Nordsvensk (Western riding \/ horseback riding). On the numerous trails on and around Risebo, you can explore forests and lakes in the beautiful Swedish nature in a relaxed atmosphere.<\/p>\n\n\n\n<hr class=\"wp-block-separator has-alpha-channel-opacity\"\/>\n\n\n\n<h2 class=\"wp-block-heading\">Horseback riding for toddlers<\/h2>\n\n\n\n<figure class=\"wp-block-image size-large is-style-default\"><img loading=\"lazy\" decoding=\"async\" width=\"1024\" height=\"768\" src=\"https:\/\/risebogard.com\/wp-content\/uploads\/2022\/07\/KinderPonys-1024x768.jpg\" alt=\"Children with ponies\" class=\"wp-image-541\" srcset=\"https:\/\/risebogard.com\/wp-content\/uploads\/2022\/07\/KinderPonys-1024x768.jpg 1024w, https:\/\/risebogard.com\/wp-content\/uploads\/2022\/07\/KinderPonys-300x225.jpg 300w, https:\/\/risebogard.com\/wp-content\/uploads\/2022\/07\/KinderPonys-768x576.jpg 768w, https:\/\/risebogard.com\/wp-content\/uploads\/2022\/07\/KinderPonys-1536x1152.jpg 1536w, https:\/\/risebogard.com\/wp-content\/uploads\/2022\/07\/KinderPonys-2048x1536.jpg 2048w\" sizes=\"auto, (max-width: 1024px) 100vw, 1024px\" \/><\/figure>\n\n\n\n<p>Our mini Shetland pony Johnny is waiting for the little ones. With a withers height of just 83cm and his good nature, children up to 20 kg can have their first positive experiences with horses. He can also be easily led by parents and children and taken around the farm.<\/p>\n\n\n\n<hr class=\"wp-block-separator has-alpha-channel-opacity\"\/>\n\n\n\n<h2 class=\"wp-block-heading\">Guided horseback riding for beginners<\/h2>\n\n\n\n<figure class=\"wp-block-image size-full\"><img loading=\"lazy\" decoding=\"async\" width=\"1920\" height=\"2560\" src=\"https:\/\/risebogard.com\/wp-content\/uploads\/2023\/07\/Reiten4-scaled.jpg\" alt=\"\" class=\"wp-image-1037\" srcset=\"https:\/\/risebogard.com\/wp-content\/uploads\/2023\/07\/Reiten4-scaled.jpg 1920w, https:\/\/risebogard.com\/wp-content\/uploads\/2023\/07\/Reiten4-225x300.jpg 225w\" sizes=\"auto, (max-width: 1920px) 100vw, 1920px\" \/><\/figure>\n\n\n\n<p>The three good-natured Icelanders Frodi, Vaufi and Bjalla are perfect for children and young people. But adults can also ride on you.<\/p>\n\n\n\n<hr class=\"wp-block-separator has-alpha-channel-opacity\"\/>\n\n\n\n<h2 class=\"wp-block-heading\">Horseback riding for advanced riders<\/h2>\n\n\n\n<figure class=\"wp-block-image size-large is-resized\"><img loading=\"lazy\" decoding=\"async\" width=\"576\" height=\"1024\" src=\"https:\/\/risebogard.com\/wp-content\/uploads\/2025\/08\/Reiten-576x1024.jpeg\" alt=\"\" class=\"wp-image-1325\" style=\"width:797px;height:auto\" srcset=\"https:\/\/risebogard.com\/wp-content\/uploads\/2025\/08\/Reiten-576x1024.jpeg 576w, https:\/\/risebogard.com\/wp-content\/uploads\/2025\/08\/Reiten-169x300.jpeg 169w, https:\/\/risebogard.com\/wp-content\/uploads\/2025\/08\/Reiten-768x1365.jpeg 768w, https:\/\/risebogard.com\/wp-content\/uploads\/2025\/08\/Reiten-864x1536.jpeg 864w, https:\/\/risebogard.com\/wp-content\/uploads\/2025\/08\/Reiten-1152x2048.jpeg 1152w, https:\/\/risebogard.com\/wp-content\/uploads\/2025\/08\/Reiten-7x12.jpeg 7w, https:\/\/risebogard.com\/wp-content\/uploads\/2025\/08\/Reiten-scaled.jpeg 1440w\" sizes=\"auto, (max-width: 576px) 100vw, 576px\" \/><\/figure>\n\n\n\n<p>Guided western ride for experienced riders aged 12 and over in the beautiful countryside around Risebo. <\/p>\n\n\n\n<hr class=\"wp-block-separator has-alpha-channel-opacity\"\/>\n\n\n\n<figure class=\"wp-block-table is-style-stripes\"><table><tbody><tr><td>\ud83d\udc34 <strong>Riding experiences 2025 \u2013 For our guests at Risebo<\/strong><\/td><td><strong>kr<\/strong><\/td><\/tr><tr><td><strong>Guided pony rides<\/strong> \u2013 for children &amp; beginners<br>A true pony adventure! Brush, saddle, and then off we go \u2013 a leisurely ride on the farm grounds.<br>Incl. help with cleaning &amp; preparation<br>Also suitable for adults without riding experience<br>Comprehensive experience including helping with grooming the horses etc.<br>Price per rider<\/td><td>150<\/td><\/tr><tr><td><strong>Riding Mini Shetland Pony \u201cJohnny\u201d<\/strong> \u2013 the smallest big adventure<br>Our little star &quot;Johnny&quot; is waiting for brave little riders! Parents are welcome to lead the horse themselves if they wish.<br>Comprehensive experience including helping with grooming the horses etc.<br>Price per rider<\/td><td>150<\/td><\/tr><tr><td><strong>Donkey Round<\/strong><br>Stroll along the 2.2 km farm trail with our two charming donkeys. A relaxing nature experience for all ages.<br>Ideal as a family outing<br>Price per round<\/td><td>130<\/td><\/tr><tr><td><strong>Donkey ride (with child in the saddle)<\/strong><br>One child can ride in the saddle while you ride through the woods and meadows with Is-Ah &amp; Yum-Yum.<br>Ideal for smaller children<br>Nature experience with animal highlights<br>Price per round<\/td><td>150<\/td><\/tr><tr><td><strong>Western ride approx. 1.5 h<\/strong> \u2013 for advanced riders from 12 years<br>Experience the real cowboy feeling! Guided western-style horseback riding through the beautiful landscape around Risebo.<br>Accompanied ride for experienced, confident riders into the countryside<br>Comprehensive, personal experience including assistance with grooming the horses, etc.<br>Nature, freedom &amp; pure love of horses<br>Pre-registration required<br>Price per rider<\/td><td>720<\/td><\/tr><\/tbody><\/table><\/figure>\n\n\n\n<hr class=\"wp-block-separator has-alpha-channel-opacity\"\/>\n\n\n\n<figure class=\"wp-block-table is-style-stripes\"><table><tbody><tr><td><strong>\ud83d\udc34 Pony rides for children \u2013 <strong>Offer for day guests 2025<\/strong><\/strong><\/td><td class=\"has-text-align-right\" data-align=\"right\"><strong>kr<\/strong><\/td><\/tr><tr><td>A special experience for little horse fans<br>Guided pony rides on the Risebo grounds.<br>Ideal for family outings, birthday groups or school classes!<br>Comprehensive experience including helping with grooming the horses etc.<br>For day visitors, only by appointment<br>Offer available during low season from September to mid-June<br>Implementation with at least 3 children<br>Price per rider<\/td><td class=\"has-text-align-right\" data-align=\"right\">220<\/td><\/tr><\/tbody><\/table><\/figure>\n\n\n\n<hr class=\"wp-block-separator has-alpha-channel-opacity\"\/>\n\n\n\n<p>Please note: Due to influences such as weather or the health of the animals, riding may be postponed at short notice or cancelled altogether.<\/p>\n\n\n\n<hr class=\"wp-block-separator has-alpha-channel-opacity\"\/>\n\n\n\n<p><\/p>","protected":false},"excerpt":{"rendered":"<p>We offer guided riding for children and beginners as well as free rides for advanced riders aged 12 and over on our Icelandic horses and Nordsvensk (Western riding \/ horseback riding). On the numerous trails on and around Risebo, you can explore forests and lakes in the beautiful Swedish nature in a relaxed atmosphere. Riding for small children There is something waiting for the little ones...<a class=\"read-more-link button\" href=\"https:\/\/risebogard.com\/en\/reiten-in-schweden\/\">read more<\/a><\/p>","protected":false},"author":2,"featured_media":538,"parent":0,"menu_order":0,"comment_status":"closed","ping_status":"closed","template":"","meta":{"ngg_post_thumbnail":0,"footnotes":""},"class_list":["post-533","page","type-page","status-publish","has-post-thumbnail","hentry"],"featured_image_src":"https:\/\/risebogard.com\/wp-content\/uploads\/2022\/07\/AusreitenNatur-scaled.jpg","yoast_head":"<!-- This site is optimized with the Yoast SEO plugin v27.6 - https:\/\/yoast.com\/product\/yoast-seo-wordpress\/ -->\n<title>Reiten - Risebo<\/title>\n<meta name=\"description\" content=\"Westernreiten in Schweden! Wir bieten gef\u00fchrtes Reiten f\u00fcr Anf\u00e4nger sowie freie Ausritte f\u00fcr fortgeschrittene Reiter an.\" \/>\n<meta name=\"robots\" content=\"index, follow, max-snippet:-1, max-image-preview:large, max-video-preview:-1\" \/>\n<link rel=\"canonical\" href=\"https:\/\/risebogard.com\/en\/riding-in-sweden\/\" \/>\n<meta property=\"og:locale\" content=\"en_GB\" \/>\n<meta property=\"og:type\" content=\"article\" \/>\n<meta property=\"og:title\" content=\"Westernreiten in Schweden!\" \/>\n<meta property=\"og:description\" content=\"Westernreiten in Schweden! Wir bieten gef\u00fchrtes Reiten f\u00fcr Anf\u00e4nger sowie freie Ausritte f\u00fcr fortgeschrittene Reiter an.\" \/>\n<meta property=\"og:url\" content=\"https:\/\/risebogard.com\/en\/riding-in-sweden\/\" \/>\n<meta property=\"og:site_name\" content=\"Risebo\" \/>\n<meta property=\"article:publisher\" content=\"https:\/\/www.facebook.com\/RiseboGard\" \/>\n<meta property=\"article:modified_time\" content=\"2025-08-18T14:24:01+00:00\" \/>\n<meta property=\"og:image\" content=\"https:\/\/risebogard.com\/wp-content\/uploads\/2022\/07\/AusreitenNatur-scaled.jpg\" \/>\n\t<meta property=\"og:image:width\" content=\"2560\" \/>\n\t<meta property=\"og:image:height\" content=\"1920\" \/>\n\t<meta property=\"og:image:type\" content=\"image\/jpeg\" \/>\n<meta name=\"twitter:card\" content=\"summary_large_image\" \/>\n<meta name=\"twitter:title\" content=\"Westernreiten in Schweden!\" \/>\n<meta name=\"twitter:description\" content=\"Westernreiten in Schweden! Wir bieten gef\u00fchrtes Reiten f\u00fcr Anf\u00e4nger sowie freie Ausritte f\u00fcr fortgeschrittene Reiter an.\" \/>\n<meta name=\"twitter:image\" content=\"https:\/\/risebogard.com\/wp-content\/uploads\/2022\/07\/AusreitenNatur-scaled.jpg\" \/>\n<meta name=\"twitter:label1\" content=\"Estimated reading time\" \/>\n\t<meta name=\"twitter:data1\" content=\"4 minutes\" \/>\n<script type=\"application\/ld+json\" class=\"yoast-schema-graph\">{\"@context\":\"https:\\\/\\\/schema.org\",\"@graph\":[{\"@type\":\"WebPage\",\"@id\":\"https:\\\/\\\/risebogard.com\\\/reiten-in-schweden\\\/\",\"url\":\"https:\\\/\\\/risebogard.com\\\/reiten-in-schweden\\\/\",\"name\":\"Reiten - Risebo\",\"isPartOf\":{\"@id\":\"https:\\\/\\\/risebogard.com\\\/#website\"},\"primaryImageOfPage\":{\"@id\":\"https:\\\/\\\/risebogard.com\\\/reiten-in-schweden\\\/#primaryimage\"},\"image\":{\"@id\":\"https:\\\/\\\/risebogard.com\\\/reiten-in-schweden\\\/#primaryimage\"},\"thumbnailUrl\":\"https:\\\/\\\/risebogard.com\\\/wp-content\\\/uploads\\\/2022\\\/07\\\/AusreitenNatur-scaled.jpg\",\"datePublished\":\"2022-07-10T09:32:30+00:00\",\"dateModified\":\"2025-08-18T14:24:01+00:00\",\"description\":\"Westernreiten in Schweden! Wir bieten gef\u00fchrtes Reiten f\u00fcr Anf\u00e4nger sowie freie Ausritte f\u00fcr fortgeschrittene Reiter an.\",\"breadcrumb\":{\"@id\":\"https:\\\/\\\/risebogard.com\\\/reiten-in-schweden\\\/#breadcrumb\"},\"inLanguage\":\"en-GB\",\"potentialAction\":[{\"@type\":\"ReadAction\",\"target\":[\"https:\\\/\\\/risebogard.com\\\/reiten-in-schweden\\\/\"]}]},{\"@type\":\"ImageObject\",\"inLanguage\":\"en-GB\",\"@id\":\"https:\\\/\\\/risebogard.com\\\/reiten-in-schweden\\\/#primaryimage\",\"url\":\"https:\\\/\\\/risebogard.com\\\/wp-content\\\/uploads\\\/2022\\\/07\\\/AusreitenNatur-scaled.jpg\",\"contentUrl\":\"https:\\\/\\\/risebogard.com\\\/wp-content\\\/uploads\\\/2022\\\/07\\\/AusreitenNatur-scaled.jpg\",\"width\":2560,\"height\":1920,\"caption\":\"gef\u00fchrte Pferde mit Kindern\"},{\"@type\":\"BreadcrumbList\",\"@id\":\"https:\\\/\\\/risebogard.com\\\/reiten-in-schweden\\\/#breadcrumb\",\"itemListElement\":[{\"@type\":\"ListItem\",\"position\":1,\"name\":\"Home\",\"item\":\"https:\\\/\\\/risebogard.com\\\/\"},{\"@type\":\"ListItem\",\"position\":2,\"name\":\"Reiten\"}]},{\"@type\":\"WebSite\",\"@id\":\"https:\\\/\\\/risebogard.com\\\/#website\",\"url\":\"https:\\\/\\\/risebogard.com\\\/\",\"name\":\"Risebo\",\"description\":\"Camping, H\u00fctten, Westernreiten, Natur pur!\",\"publisher\":{\"@id\":\"https:\\\/\\\/risebogard.com\\\/#organization\"},\"potentialAction\":[{\"@type\":\"SearchAction\",\"target\":{\"@type\":\"EntryPoint\",\"urlTemplate\":\"https:\\\/\\\/risebogard.com\\\/?s={search_term_string}\"},\"query-input\":{\"@type\":\"PropertyValueSpecification\",\"valueRequired\":true,\"valueName\":\"search_term_string\"}}],\"inLanguage\":\"en-GB\"},{\"@type\":\"Organization\",\"@id\":\"https:\\\/\\\/risebogard.com\\\/#organization\",\"name\":\"Risebo G\u00e5rd\",\"url\":\"https:\\\/\\\/risebogard.com\\\/\",\"logo\":{\"@type\":\"ImageObject\",\"inLanguage\":\"en-GB\",\"@id\":\"https:\\\/\\\/risebogard.com\\\/#\\\/schema\\\/logo\\\/image\\\/\",\"url\":\"https:\\\/\\\/risebogard.com\\\/wp-content\\\/uploads\\\/2022\\\/01\\\/risebologo.png\",\"contentUrl\":\"https:\\\/\\\/risebogard.com\\\/wp-content\\\/uploads\\\/2022\\\/01\\\/risebologo.png\",\"width\":266,\"height\":100,\"caption\":\"Risebo G\u00e5rd\"},\"image\":{\"@id\":\"https:\\\/\\\/risebogard.com\\\/#\\\/schema\\\/logo\\\/image\\\/\"},\"sameAs\":[\"https:\\\/\\\/www.facebook.com\\\/RiseboGard\"]}]}<\/script>\n<!-- \/ Yoast SEO plugin. -->","yoast_head_json":{"title":"Riding - Risebo","description":"Western riding in Sweden! We offer guided horseback riding for beginners as well as free rides for advanced riders.","robots":{"index":"index","follow":"follow","max-snippet":"max-snippet:-1","max-image-preview":"max-image-preview:large","max-video-preview":"max-video-preview:-1"},"canonical":"https:\/\/risebogard.com\/en\/riding-in-sweden\/","og_locale":"en_GB","og_type":"article","og_title":"Westernreiten in Schweden!","og_description":"Westernreiten in Schweden! Wir bieten gef\u00fchrtes Reiten f\u00fcr Anf\u00e4nger sowie freie Ausritte f\u00fcr fortgeschrittene Reiter an.","og_url":"https:\/\/risebogard.com\/en\/riding-in-sweden\/","og_site_name":"Risebo","article_publisher":"https:\/\/www.facebook.com\/RiseboGard","article_modified_time":"2025-08-18T14:24:01+00:00","og_image":[{"width":2560,"height":1920,"url":"https:\/\/risebogard.com\/wp-content\/uploads\/2022\/07\/AusreitenNatur-scaled.jpg","type":"image\/jpeg"}],"twitter_card":"summary_large_image","twitter_title":"Westernreiten in Schweden!","twitter_description":"Westernreiten in Schweden! Wir bieten gef\u00fchrtes Reiten f\u00fcr Anf\u00e4nger sowie freie Ausritte f\u00fcr fortgeschrittene Reiter an.","twitter_image":"https:\/\/risebogard.com\/wp-content\/uploads\/2022\/07\/AusreitenNatur-scaled.jpg","twitter_misc":{"Estimated reading time":"4 minutes"},"schema":{"@context":"https:\/\/schema.org","@graph":[{"@type":"WebPage","@id":"https:\/\/risebogard.com\/reiten-in-schweden\/","url":"https:\/\/risebogard.com\/reiten-in-schweden\/","name":"Riding - Risebo","isPartOf":{"@id":"https:\/\/risebogard.com\/#website"},"primaryImageOfPage":{"@id":"https:\/\/risebogard.com\/reiten-in-schweden\/#primaryimage"},"image":{"@id":"https:\/\/risebogard.com\/reiten-in-schweden\/#primaryimage"},"thumbnailUrl":"https:\/\/risebogard.com\/wp-content\/uploads\/2022\/07\/AusreitenNatur-scaled.jpg","datePublished":"2022-07-10T09:32:30+00:00","dateModified":"2025-08-18T14:24:01+00:00","description":"Western riding in Sweden! We offer guided horseback riding for beginners as well as free rides for advanced riders.","breadcrumb":{"@id":"https:\/\/risebogard.com\/reiten-in-schweden\/#breadcrumb"},"inLanguage":"en-GB","potentialAction":[{"@type":"ReadAction","target":["https:\/\/risebogard.com\/reiten-in-schweden\/"]}]},{"@type":"ImageObject","inLanguage":"en-GB","@id":"https:\/\/risebogard.com\/reiten-in-schweden\/#primaryimage","url":"https:\/\/risebogard.com\/wp-content\/uploads\/2022\/07\/AusreitenNatur-scaled.jpg","contentUrl":"https:\/\/risebogard.com\/wp-content\/uploads\/2022\/07\/AusreitenNatur-scaled.jpg","width":2560,"height":1920,"caption":"gef\u00fchrte Pferde mit Kindern"},{"@type":"BreadcrumbList","@id":"https:\/\/risebogard.com\/reiten-in-schweden\/#breadcrumb","itemListElement":[{"@type":"ListItem","position":1,"name":"Home","item":"https:\/\/risebogard.com\/"},{"@type":"ListItem","position":2,"name":"Reiten"}]},{"@type":"WebSite","@id":"https:\/\/risebogard.com\/#website","url":"https:\/\/risebogard.com\/","name":"Risebo","description":"Camping, cabins, western riding, pure nature!","publisher":{"@id":"https:\/\/risebogard.com\/#organization"},"potentialAction":[{"@type":"SearchAction","target":{"@type":"EntryPoint","urlTemplate":"https:\/\/risebogard.com\/?s={search_term_string}"},"query-input":{"@type":"PropertyValueSpecification","valueRequired":true,"valueName":"search_term_string"}}],"inLanguage":"en-GB"},{"@type":"Organization","@id":"https:\/\/risebogard.com\/#organization","name":"Risebo Farm","url":"https:\/\/risebogard.com\/","logo":{"@type":"ImageObject","inLanguage":"en-GB","@id":"https:\/\/risebogard.com\/#\/schema\/logo\/image\/","url":"https:\/\/risebogard.com\/wp-content\/uploads\/2022\/01\/risebologo.png","contentUrl":"https:\/\/risebogard.com\/wp-content\/uploads\/2022\/01\/risebologo.png","width":266,"height":100,"caption":"Risebo G\u00e5rd"},"image":{"@id":"https:\/\/risebogard.com\/#\/schema\/logo\/image\/"},"sameAs":["https:\/\/www.facebook.com\/RiseboGard"]}]}},"_links":{"self":[{"href":"https:\/\/risebogard.com\/en\/wp-json\/wp\/v2\/pages\/533","targetHints":{"allow":["GET"]}}],"collection":[{"href":"https:\/\/risebogard.com\/en\/wp-json\/wp\/v2\/pages"}],"about":[{"href":"https:\/\/risebogard.com\/en\/wp-json\/wp\/v2\/types\/page"}],"author":[{"embeddable":true,"href":"https:\/\/risebogard.com\/en\/wp-json\/wp\/v2\/users\/2"}],"replies":[{"embeddable":true,"href":"https:\/\/risebogard.com\/en\/wp-json\/wp\/v2\/comments?post=533"}],"version-history":[{"count":44,"href":"https:\/\/risebogard.com\/en\/wp-json\/wp\/v2\/pages\/533\/revisions"}],"predecessor-version":[{"id":1328,"href":"https:\/\/risebogard.com\/en\/wp-json\/wp\/v2\/pages\/533\/revisions\/1328"}],"wp:featuredmedia":[{"embeddable":true,"href":"https:\/\/risebogard.com\/en\/wp-json\/wp\/v2\/media\/538"}],"wp:attachment":[{"href":"https:\/\/risebogard.com\/en\/wp-json\/wp\/v2\/media?parent=533"}],"curies":[{"name":"wp","href":"https:\/\/api.w.org\/{rel}","templated":true}]}}