{"id":287,"date":"2022-05-16T19:57:26","date_gmt":"2022-05-16T17:57:26","guid":{"rendered":"https:\/\/risebogard.com\/?page_id=287"},"modified":"2023-06-28T14:23:55","modified_gmt":"2023-06-28T12:23:55","slug":"our-animals-horses-small-animals","status":"publish","type":"page","link":"https:\/\/risebogard.com\/en\/unsere-tiere-pferde-kleintiere\/","title":{"rendered":"Animals"},"content":{"rendered":"<h2 class=\"wp-block-heading\">Animals and their effect on us humans<\/h2>\n\n\n\n<p>For us humans and especially children, contact with animals is very valuable. It lets us forget everyday life, brings peace and relaxation. Horses and pets like dogs make us want to get out and exercise. Dealing with them makes a lot of friends and promotes social skills such as a sense of responsibility, consideration and helpfulness. Even small animals often serve children as comforters and conversation partners who always listen to them. Animals are sensitive, sense human mood and respond to it. Their warmth and calmness can immediately instill confidence and reassurance.<\/p>\n\n\n\n<hr class=\"wp-block-separator has-css-opacity\"\/>\n\n\n\n<h2 class=\"wp-block-heading\">Our animals<\/h2>\n\n\n\n<h3 class=\"wp-block-heading\">horses<\/h3>\n\n\n\n<h4 class=\"wp-block-heading\">Nicke<\/h4>\n\n\n\n<figure class=\"wp-block-image size-large\"><img loading=\"lazy\" decoding=\"async\" width=\"1024\" height=\"768\" src=\"https:\/\/risebogard.com\/wp-content\/uploads\/2022\/05\/IMG_20220515_152607_923-1024x768.jpg\" alt=\"horses (nick)\" class=\"wp-image-288\" srcset=\"https:\/\/risebogard.com\/wp-content\/uploads\/2022\/05\/IMG_20220515_152607_923-1024x768.jpg 1024w, https:\/\/risebogard.com\/wp-content\/uploads\/2022\/05\/IMG_20220515_152607_923-300x225.jpg 300w, https:\/\/risebogard.com\/wp-content\/uploads\/2022\/05\/IMG_20220515_152607_923-768x576.jpg 768w, https:\/\/risebogard.com\/wp-content\/uploads\/2022\/05\/IMG_20220515_152607_923-1536x1152.jpg 1536w, https:\/\/risebogard.com\/wp-content\/uploads\/2022\/05\/IMG_20220515_152607_923-2048x1536.jpg 2048w\" sizes=\"auto, (max-width: 1024px) 100vw, 1024px\" \/><\/figure>\n\n\n\n<p>Nicke is the boss of our little herd, which he leads with his endearing charm and composure. Although he is very big and strong, young and old fall in love with him immediately.<\/p>\n\n\n\n<p><\/p>\n\n\n\n<hr class=\"wp-block-separator has-css-opacity\"\/>\n\n\n\n<h4 class=\"wp-block-heading\">Lucas<\/h4>\n\n\n\n<figure class=\"wp-block-image size-large\"><img loading=\"lazy\" decoding=\"async\" width=\"1024\" height=\"768\" src=\"https:\/\/risebogard.com\/wp-content\/uploads\/2022\/05\/IMG_20220515_152454_963-1024x768.jpg\" alt=\"horse (lucas)\" class=\"wp-image-292\" srcset=\"https:\/\/risebogard.com\/wp-content\/uploads\/2022\/05\/IMG_20220515_152454_963-1024x768.jpg 1024w, https:\/\/risebogard.com\/wp-content\/uploads\/2022\/05\/IMG_20220515_152454_963-300x225.jpg 300w, https:\/\/risebogard.com\/wp-content\/uploads\/2022\/05\/IMG_20220515_152454_963-768x576.jpg 768w, https:\/\/risebogard.com\/wp-content\/uploads\/2022\/05\/IMG_20220515_152454_963-1536x1152.jpg 1536w, https:\/\/risebogard.com\/wp-content\/uploads\/2022\/05\/IMG_20220515_152454_963-2048x1536.jpg 2048w\" sizes=\"auto, (max-width: 1024px) 100vw, 1024px\" \/><\/figure>\n\n\n\n<p>Lucas is Nicke&#039;s old friend and is spending his old age on Risebo. He is the secret star on the farm, as he often roams the grounds freely and sometimes even pays a visit to the camping area, which is always a highlight, especially for our little guests.<\/p>\n\n\n\n<hr class=\"wp-block-separator has-alpha-channel-opacity\"\/>\n\n\n\n<h4 class=\"wp-block-heading\">Frodi<\/h4>\n\n\n\n<figure class=\"wp-block-image size-large is-style-default\"><img loading=\"lazy\" decoding=\"async\" width=\"1024\" height=\"768\" src=\"https:\/\/risebogard.com\/wp-content\/uploads\/2022\/07\/signal-2022-07-09-154748_003-1024x768.jpeg\" alt=\"Icelandic horse\" class=\"wp-image-519\" srcset=\"https:\/\/risebogard.com\/wp-content\/uploads\/2022\/07\/signal-2022-07-09-154748_003-1024x768.jpeg 1024w, https:\/\/risebogard.com\/wp-content\/uploads\/2022\/07\/signal-2022-07-09-154748_003-300x225.jpeg 300w, https:\/\/risebogard.com\/wp-content\/uploads\/2022\/07\/signal-2022-07-09-154748_003-768x576.jpeg 768w, https:\/\/risebogard.com\/wp-content\/uploads\/2022\/07\/signal-2022-07-09-154748_003-1536x1152.jpeg 1536w, https:\/\/risebogard.com\/wp-content\/uploads\/2022\/07\/signal-2022-07-09-154748_003.jpeg 2048w\" sizes=\"auto, (max-width: 1024px) 100vw, 1024px\" \/><\/figure>\n\n\n\n<p>Our Icelandic Frodi is very good-natured and sensitive. It is perfect for children to ride. But he also has no problem carrying adults.<\/p>\n\n\n\n<hr class=\"wp-block-separator has-alpha-channel-opacity\"\/>\n\n\n\n<h2 class=\"wp-block-heading\">Donkey Is-Ah and Yum-Yum<\/h2>\n\n\n\n<figure class=\"wp-block-image size-large\"><img loading=\"lazy\" decoding=\"async\" width=\"1024\" height=\"768\" src=\"https:\/\/risebogard.com\/wp-content\/uploads\/2023\/06\/Esel-1024x768.jpeg\" alt=\"\" class=\"wp-image-960\" srcset=\"https:\/\/risebogard.com\/wp-content\/uploads\/2023\/06\/Esel-1024x768.jpeg 1024w, https:\/\/risebogard.com\/wp-content\/uploads\/2023\/06\/Esel-300x225.jpeg 300w, https:\/\/risebogard.com\/wp-content\/uploads\/2023\/06\/Esel-768x576.jpeg 768w, https:\/\/risebogard.com\/wp-content\/uploads\/2023\/06\/Esel-1536x1152.jpeg 1536w, https:\/\/risebogard.com\/wp-content\/uploads\/2023\/06\/Esel-16x12.jpeg 16w, https:\/\/risebogard.com\/wp-content\/uploads\/2023\/06\/Esel.jpeg 1600w\" sizes=\"auto, (max-width: 1024px) 100vw, 1024px\" \/><\/figure>\n\n\n\n<p>Our donkey lady Is-Ah is very sweet and well suited to riding and leading small children.<br>Yum-Yum is still young and headstrong, as is typical for donkeys.<br>There&#039;s a good chance you&#039;ll be greeted with a loud &quot;Eeyore&quot; when you visit the stable!<\/p>\n\n\n\n<hr class=\"wp-block-separator has-css-opacity\"\/>\n\n\n\n<figure class=\"wp-block-image size-large\"><img loading=\"lazy\" decoding=\"async\" width=\"1024\" height=\"768\" src=\"https:\/\/risebogard.com\/wp-content\/uploads\/2022\/05\/signal-2022-05-09-152754_001-1024x768.jpeg\" alt=\"horses that are groomed\" class=\"wp-image-294\" srcset=\"https:\/\/risebogard.com\/wp-content\/uploads\/2022\/05\/signal-2022-05-09-152754_001-1024x768.jpeg 1024w, https:\/\/risebogard.com\/wp-content\/uploads\/2022\/05\/signal-2022-05-09-152754_001-300x225.jpeg 300w, https:\/\/risebogard.com\/wp-content\/uploads\/2022\/05\/signal-2022-05-09-152754_001-768x576.jpeg 768w, https:\/\/risebogard.com\/wp-content\/uploads\/2022\/05\/signal-2022-05-09-152754_001-1536x1152.jpeg 1536w, https:\/\/risebogard.com\/wp-content\/uploads\/2022\/05\/signal-2022-05-09-152754_001.jpeg 2048w\" sizes=\"auto, (max-width: 1024px) 100vw, 1024px\" \/><\/figure>\n\n\n\n<p>Our horses are all very good-natured and love to be groomed by children and, of course, to be ridden. Risebo has its own paths that allow safe driving without traffic.<\/p>\n\n\n\n<hr class=\"wp-block-separator has-css-opacity is-style-default\"\/>\n\n\n\n<h3 class=\"wp-block-heading\">small animals<\/h3>\n\n\n\n<h4 class=\"wp-block-heading\">Rabbits<\/h4>\n\n\n\n<figure class=\"wp-block-image size-large\"><img loading=\"lazy\" decoding=\"async\" width=\"1024\" height=\"768\" src=\"https:\/\/risebogard.com\/wp-content\/uploads\/2022\/05\/IMG_20220515_161212_079-1024x768.jpg\" alt=\"rabbits eating\" class=\"wp-image-295\" srcset=\"https:\/\/risebogard.com\/wp-content\/uploads\/2022\/05\/IMG_20220515_161212_079-1024x768.jpg 1024w, https:\/\/risebogard.com\/wp-content\/uploads\/2022\/05\/IMG_20220515_161212_079-300x225.jpg 300w, https:\/\/risebogard.com\/wp-content\/uploads\/2022\/05\/IMG_20220515_161212_079-768x576.jpg 768w, https:\/\/risebogard.com\/wp-content\/uploads\/2022\/05\/IMG_20220515_161212_079-1536x1152.jpg 1536w, https:\/\/risebogard.com\/wp-content\/uploads\/2022\/05\/IMG_20220515_161212_079-2048x1536.jpg 2048w\" sizes=\"auto, (max-width: 1024px) 100vw, 1024px\" \/><\/figure>\n\n\n\n<hr class=\"wp-block-separator has-css-opacity\"\/>\n\n\n\n<h4 class=\"wp-block-heading\">Guinea pig<\/h4>\n\n\n\n<figure class=\"wp-block-image size-large\"><img loading=\"lazy\" decoding=\"async\" width=\"768\" height=\"1024\" src=\"https:\/\/risebogard.com\/wp-content\/uploads\/2022\/05\/IMG_20220515_160806_853-768x1024.jpg\" alt=\"Guinea pigs in the stable\" class=\"wp-image-297\" srcset=\"https:\/\/risebogard.com\/wp-content\/uploads\/2022\/05\/IMG_20220515_160806_853-768x1024.jpg 768w, https:\/\/risebogard.com\/wp-content\/uploads\/2022\/05\/IMG_20220515_160806_853-225x300.jpg 225w, https:\/\/risebogard.com\/wp-content\/uploads\/2022\/05\/IMG_20220515_160806_853-1152x1536.jpg 1152w, https:\/\/risebogard.com\/wp-content\/uploads\/2022\/05\/IMG_20220515_160806_853-1536x2048.jpg 1536w, https:\/\/risebogard.com\/wp-content\/uploads\/2022\/05\/IMG_20220515_160806_853-scaled.jpg 1920w\" sizes=\"auto, (max-width: 768px) 100vw, 768px\" \/><\/figure>\n\n\n\n<hr class=\"wp-block-separator has-css-opacity\"\/>\n\n\n\n<h3 class=\"wp-block-heading\">pets<\/h3>\n\n\n\n<h4 class=\"wp-block-heading\">dogs<\/h4>\n\n\n\n<figure class=\"wp-block-image size-large\"><img loading=\"lazy\" decoding=\"async\" width=\"1024\" height=\"768\" src=\"https:\/\/risebogard.com\/wp-content\/uploads\/2022\/05\/PXL_20220516_161857475.MP_-1024x768.jpg\" alt=\"our dogs (Emmy and Ida)\" class=\"wp-image-299\" srcset=\"https:\/\/risebogard.com\/wp-content\/uploads\/2022\/05\/PXL_20220516_161857475.MP_-1024x768.jpg 1024w, https:\/\/risebogard.com\/wp-content\/uploads\/2022\/05\/PXL_20220516_161857475.MP_-300x225.jpg 300w, https:\/\/risebogard.com\/wp-content\/uploads\/2022\/05\/PXL_20220516_161857475.MP_-768x576.jpg 768w, https:\/\/risebogard.com\/wp-content\/uploads\/2022\/05\/PXL_20220516_161857475.MP_-1536x1152.jpg 1536w, https:\/\/risebogard.com\/wp-content\/uploads\/2022\/05\/PXL_20220516_161857475.MP_-2048x1536.jpg 2048w\" sizes=\"auto, (max-width: 1024px) 100vw, 1024px\" \/><\/figure>\n\n\n\n<p>Our dogs Emmy and Ida. Although they watch over the farm, they have a big heart for children.<\/p>\n\n\n\n<hr class=\"wp-block-separator has-css-opacity\"\/>\n\n\n\n<h4 class=\"wp-block-heading\">cats<\/h4>\n\n\n\n<figure class=\"wp-block-image size-large is-resized\"><img loading=\"lazy\" decoding=\"async\" src=\"https:\/\/risebogard.com\/wp-content\/uploads\/2022\/05\/PXL_20220516_161117724-768x1024.jpg\" alt=\"our cat Hugo\" class=\"wp-image-300\" width=\"768\" height=\"1024\" srcset=\"https:\/\/risebogard.com\/wp-content\/uploads\/2022\/05\/PXL_20220516_161117724-768x1024.jpg 768w, https:\/\/risebogard.com\/wp-content\/uploads\/2022\/05\/PXL_20220516_161117724-225x300.jpg 225w, https:\/\/risebogard.com\/wp-content\/uploads\/2022\/05\/PXL_20220516_161117724-1152x1536.jpg 1152w, https:\/\/risebogard.com\/wp-content\/uploads\/2022\/05\/PXL_20220516_161117724-1536x2048.jpg 1536w, https:\/\/risebogard.com\/wp-content\/uploads\/2022\/05\/PXL_20220516_161117724-scaled.jpg 1920w\" sizes=\"auto, (max-width: 768px) 100vw, 768px\" \/><\/figure>\n\n\n\n<p>Hugo is a real wild cat and keeps disappearing into nature for months. Although believed dead several times, he has always reappeared.<\/p>\n\n\n\n<hr class=\"wp-block-separator has-css-opacity\"\/>\n\n\n\n<figure class=\"wp-block-image size-large\"><img loading=\"lazy\" decoding=\"async\" width=\"1024\" height=\"768\" src=\"https:\/\/risebogard.com\/wp-content\/uploads\/2022\/05\/IMG_20220128_110429-1024x768.jpg\" alt=\"our cat Willy\" class=\"wp-image-301\" srcset=\"https:\/\/risebogard.com\/wp-content\/uploads\/2022\/05\/IMG_20220128_110429-1024x768.jpg 1024w, https:\/\/risebogard.com\/wp-content\/uploads\/2022\/05\/IMG_20220128_110429-300x225.jpg 300w, https:\/\/risebogard.com\/wp-content\/uploads\/2022\/05\/IMG_20220128_110429-768x576.jpg 768w, https:\/\/risebogard.com\/wp-content\/uploads\/2022\/05\/IMG_20220128_110429-1536x1152.jpg 1536w, https:\/\/risebogard.com\/wp-content\/uploads\/2022\/05\/IMG_20220128_110429-2048x1536.jpg 2048w\" sizes=\"auto, (max-width: 1024px) 100vw, 1024px\" \/><\/figure>\n\n\n\n<p>Willy is a young tomcat and can usually be found somewhere on Risebo together with his girlfriend Lille Katt. He loves to climb trees.<\/p>\n\n\n\n<hr class=\"wp-block-separator has-css-opacity\"\/>\n\n\n\n<figure class=\"wp-block-image size-large\"><img loading=\"lazy\" decoding=\"async\" width=\"1024\" height=\"768\" src=\"https:\/\/risebogard.com\/wp-content\/uploads\/2022\/05\/PXL_20220516_161533483-1024x768.jpg\" alt=\"our cat Lille Katt\" class=\"wp-image-302\" srcset=\"https:\/\/risebogard.com\/wp-content\/uploads\/2022\/05\/PXL_20220516_161533483-1024x768.jpg 1024w, https:\/\/risebogard.com\/wp-content\/uploads\/2022\/05\/PXL_20220516_161533483-300x225.jpg 300w, https:\/\/risebogard.com\/wp-content\/uploads\/2022\/05\/PXL_20220516_161533483-768x576.jpg 768w, https:\/\/risebogard.com\/wp-content\/uploads\/2022\/05\/PXL_20220516_161533483-1536x1152.jpg 1536w, https:\/\/risebogard.com\/wp-content\/uploads\/2022\/05\/PXL_20220516_161533483-2048x1536.jpg 2048w\" sizes=\"auto, (max-width: 1024px) 100vw, 1024px\" \/><\/figure>\n\n\n\n<p>Lille Katt is Willy&#039;s girlfriend and enjoys the outdoors on Risebo, having previously lived in a city apartment.<\/p>\n\n\n\n<hr class=\"wp-block-separator has-css-opacity\"\/>\n\n\n\n<h2 class=\"wp-block-heading\">Your own animal on Risebo<\/h2>\n\n\n\n<p>If you would like to take your dog or other animals with you to Risebo, please let us know when making the booking request. This way we can ensure that everything you need is ready when you arrive.<\/p>","protected":false},"excerpt":{"rendered":"<p>Animals and their effect on us humans Contact with animals is very valuable for us humans and especially for children. It lets us forget everyday life, brings peace and relaxation. Horses and pets like dogs make us want to get out and exercise. Dealing with them makes a lot of friends and promotes social skills such as\u2026<a class=\"read-more-link button\" href=\"https:\/\/risebogard.com\/en\/unsere-tiere-pferde-kleintiere\/\">read more<\/a><\/p>","protected":false},"author":2,"featured_media":873,"parent":0,"menu_order":0,"comment_status":"closed","ping_status":"closed","template":"","meta":{"ngg_post_thumbnail":0,"footnotes":""},"class_list":["post-287","page","type-page","status-publish","has-post-thumbnail","hentry"],"featured_image_src":"https:\/\/risebogard.com\/wp-content\/uploads\/2023\/05\/PXL_20220822_172352580-1-scaled.jpg","yoast_head":"<!-- This site is optimized with the Yoast SEO plugin v27.6 - https:\/\/yoast.com\/product\/yoast-seo-wordpress\/ -->\n<title>Tiere - Risebo<\/title>\n<meta name=\"description\" content=\"Der Kontakt mit Pferden, Kleintieren und Haustieren l\u00e4sst uns den Alltag vergessen, bringt Ruhe und Entspannung.\" \/>\n<meta name=\"robots\" content=\"index, follow, max-snippet:-1, max-image-preview:large, max-video-preview:-1\" \/>\n<link rel=\"canonical\" href=\"https:\/\/risebogard.com\/en\/our-animals-horses-small-animals\/\" \/>\n<meta property=\"og:locale\" content=\"en_GB\" \/>\n<meta property=\"og:type\" content=\"article\" \/>\n<meta property=\"og:title\" content=\"Unsere Tiere\" \/>\n<meta property=\"og:description\" content=\"F\u00fcr uns Menschen ist der Kontakt zu Tieren sehr wertvoll. Er l\u00e4sst uns den Alltag vergessen, bringt Ruhe und Entspannung.Der Kontakt mit Pferden, Kleintieren und Haustieren l\u00e4sst uns den Alltag vergessen, bringt Ruhe und Entspannung.\" \/>\n<meta property=\"og:url\" content=\"https:\/\/risebogard.com\/en\/our-animals-horses-small-animals\/\" \/>\n<meta property=\"og:site_name\" content=\"Risebo\" \/>\n<meta property=\"article:publisher\" content=\"https:\/\/www.facebook.com\/RiseboGard\" \/>\n<meta property=\"article:modified_time\" content=\"2023-06-28T12:23:55+00:00\" \/>\n<meta property=\"og:image\" content=\"https:\/\/risebogard.com\/wp-content\/uploads\/2022\/05\/IMG_20220515_152926_188-2-scaled.jpg\" \/>\n\t<meta property=\"og:image:width\" content=\"1920\" \/>\n\t<meta property=\"og:image:height\" content=\"2560\" \/>\n\t<meta property=\"og:image:type\" content=\"image\/jpeg\" \/>\n<meta name=\"twitter:card\" content=\"summary_large_image\" \/>\n<meta name=\"twitter:title\" content=\"Unsere Tiere\" \/>\n<meta name=\"twitter:description\" content=\"Der Kontakt mit Pferden, Kleintieren und Haustieren l\u00e4sst uns den Alltag vergessen, bringt Ruhe und Entspannung.\" \/>\n<meta name=\"twitter:image\" content=\"https:\/\/risebogard.com\/wp-content\/uploads\/2022\/05\/IMG_20220515_152926_188-2-scaled.jpg\" \/>\n<meta name=\"twitter:label1\" content=\"Estimated reading time\" \/>\n\t<meta name=\"twitter:data1\" content=\"5 minutes\" \/>\n<script type=\"application\/ld+json\" class=\"yoast-schema-graph\">{\"@context\":\"https:\\\/\\\/schema.org\",\"@graph\":[{\"@type\":\"WebPage\",\"@id\":\"https:\\\/\\\/risebogard.com\\\/unsere-tiere-pferde-kleintiere\\\/\",\"url\":\"https:\\\/\\\/risebogard.com\\\/unsere-tiere-pferde-kleintiere\\\/\",\"name\":\"Tiere - Risebo\",\"isPartOf\":{\"@id\":\"https:\\\/\\\/risebogard.com\\\/#website\"},\"primaryImageOfPage\":{\"@id\":\"https:\\\/\\\/risebogard.com\\\/unsere-tiere-pferde-kleintiere\\\/#primaryimage\"},\"image\":{\"@id\":\"https:\\\/\\\/risebogard.com\\\/unsere-tiere-pferde-kleintiere\\\/#primaryimage\"},\"thumbnailUrl\":\"https:\\\/\\\/risebogard.com\\\/wp-content\\\/uploads\\\/2023\\\/05\\\/PXL_20220822_172352580-1-scaled.jpg\",\"datePublished\":\"2022-05-16T17:57:26+00:00\",\"dateModified\":\"2023-06-28T12:23:55+00:00\",\"description\":\"Der Kontakt mit Pferden, Kleintieren und Haustieren l\u00e4sst uns den Alltag vergessen, bringt Ruhe und Entspannung.\",\"breadcrumb\":{\"@id\":\"https:\\\/\\\/risebogard.com\\\/unsere-tiere-pferde-kleintiere\\\/#breadcrumb\"},\"inLanguage\":\"en-GB\",\"potentialAction\":[{\"@type\":\"ReadAction\",\"target\":[\"https:\\\/\\\/risebogard.com\\\/unsere-tiere-pferde-kleintiere\\\/\"]}]},{\"@type\":\"ImageObject\",\"inLanguage\":\"en-GB\",\"@id\":\"https:\\\/\\\/risebogard.com\\\/unsere-tiere-pferde-kleintiere\\\/#primaryimage\",\"url\":\"https:\\\/\\\/risebogard.com\\\/wp-content\\\/uploads\\\/2023\\\/05\\\/PXL_20220822_172352580-1-scaled.jpg\",\"contentUrl\":\"https:\\\/\\\/risebogard.com\\\/wp-content\\\/uploads\\\/2023\\\/05\\\/PXL_20220822_172352580-1-scaled.jpg\",\"width\":1920,\"height\":2560},{\"@type\":\"BreadcrumbList\",\"@id\":\"https:\\\/\\\/risebogard.com\\\/unsere-tiere-pferde-kleintiere\\\/#breadcrumb\",\"itemListElement\":[{\"@type\":\"ListItem\",\"position\":1,\"name\":\"Home\",\"item\":\"https:\\\/\\\/risebogard.com\\\/\"},{\"@type\":\"ListItem\",\"position\":2,\"name\":\"Tiere\"}]},{\"@type\":\"WebSite\",\"@id\":\"https:\\\/\\\/risebogard.com\\\/#website\",\"url\":\"https:\\\/\\\/risebogard.com\\\/\",\"name\":\"Risebo\",\"description\":\"Camping, H\u00fctten, Westernreiten, Natur pur!\",\"publisher\":{\"@id\":\"https:\\\/\\\/risebogard.com\\\/#organization\"},\"potentialAction\":[{\"@type\":\"SearchAction\",\"target\":{\"@type\":\"EntryPoint\",\"urlTemplate\":\"https:\\\/\\\/risebogard.com\\\/?s={search_term_string}\"},\"query-input\":{\"@type\":\"PropertyValueSpecification\",\"valueRequired\":true,\"valueName\":\"search_term_string\"}}],\"inLanguage\":\"en-GB\"},{\"@type\":\"Organization\",\"@id\":\"https:\\\/\\\/risebogard.com\\\/#organization\",\"name\":\"Risebo G\u00e5rd\",\"url\":\"https:\\\/\\\/risebogard.com\\\/\",\"logo\":{\"@type\":\"ImageObject\",\"inLanguage\":\"en-GB\",\"@id\":\"https:\\\/\\\/risebogard.com\\\/#\\\/schema\\\/logo\\\/image\\\/\",\"url\":\"https:\\\/\\\/risebogard.com\\\/wp-content\\\/uploads\\\/2022\\\/01\\\/risebologo.png\",\"contentUrl\":\"https:\\\/\\\/risebogard.com\\\/wp-content\\\/uploads\\\/2022\\\/01\\\/risebologo.png\",\"width\":266,\"height\":100,\"caption\":\"Risebo G\u00e5rd\"},\"image\":{\"@id\":\"https:\\\/\\\/risebogard.com\\\/#\\\/schema\\\/logo\\\/image\\\/\"},\"sameAs\":[\"https:\\\/\\\/www.facebook.com\\\/RiseboGard\"]}]}<\/script>\n<!-- \/ Yoast SEO plugin. -->","yoast_head_json":{"title":"Animals - Risebo","description":"The contact with horses, small animals and pets lets us forget everyday life, brings peace and relaxation.","robots":{"index":"index","follow":"follow","max-snippet":"max-snippet:-1","max-image-preview":"max-image-preview:large","max-video-preview":"max-video-preview:-1"},"canonical":"https:\/\/risebogard.com\/en\/our-animals-horses-small-animals\/","og_locale":"en_GB","og_type":"article","og_title":"Unsere Tiere","og_description":"F\u00fcr uns Menschen ist der Kontakt zu Tieren sehr wertvoll. Er l\u00e4sst uns den Alltag vergessen, bringt Ruhe und Entspannung.Der Kontakt mit Pferden, Kleintieren und Haustieren l\u00e4sst uns den Alltag vergessen, bringt Ruhe und Entspannung.","og_url":"https:\/\/risebogard.com\/en\/our-animals-horses-small-animals\/","og_site_name":"Risebo","article_publisher":"https:\/\/www.facebook.com\/RiseboGard","article_modified_time":"2023-06-28T12:23:55+00:00","og_image":[{"width":1920,"height":2560,"url":"https:\/\/risebogard.com\/wp-content\/uploads\/2022\/05\/IMG_20220515_152926_188-2-scaled.jpg","type":"image\/jpeg"}],"twitter_card":"summary_large_image","twitter_title":"Unsere Tiere","twitter_description":"Der Kontakt mit Pferden, Kleintieren und Haustieren l\u00e4sst uns den Alltag vergessen, bringt Ruhe und Entspannung.","twitter_image":"https:\/\/risebogard.com\/wp-content\/uploads\/2022\/05\/IMG_20220515_152926_188-2-scaled.jpg","twitter_misc":{"Estimated reading time":"5 minutes"},"schema":{"@context":"https:\/\/schema.org","@graph":[{"@type":"WebPage","@id":"https:\/\/risebogard.com\/unsere-tiere-pferde-kleintiere\/","url":"https:\/\/risebogard.com\/unsere-tiere-pferde-kleintiere\/","name":"Animals - Risebo","isPartOf":{"@id":"https:\/\/risebogard.com\/#website"},"primaryImageOfPage":{"@id":"https:\/\/risebogard.com\/unsere-tiere-pferde-kleintiere\/#primaryimage"},"image":{"@id":"https:\/\/risebogard.com\/unsere-tiere-pferde-kleintiere\/#primaryimage"},"thumbnailUrl":"https:\/\/risebogard.com\/wp-content\/uploads\/2023\/05\/PXL_20220822_172352580-1-scaled.jpg","datePublished":"2022-05-16T17:57:26+00:00","dateModified":"2023-06-28T12:23:55+00:00","description":"The contact with horses, small animals and pets lets us forget everyday life, brings peace and relaxation.","breadcrumb":{"@id":"https:\/\/risebogard.com\/unsere-tiere-pferde-kleintiere\/#breadcrumb"},"inLanguage":"en-GB","potentialAction":[{"@type":"ReadAction","target":["https:\/\/risebogard.com\/unsere-tiere-pferde-kleintiere\/"]}]},{"@type":"ImageObject","inLanguage":"en-GB","@id":"https:\/\/risebogard.com\/unsere-tiere-pferde-kleintiere\/#primaryimage","url":"https:\/\/risebogard.com\/wp-content\/uploads\/2023\/05\/PXL_20220822_172352580-1-scaled.jpg","contentUrl":"https:\/\/risebogard.com\/wp-content\/uploads\/2023\/05\/PXL_20220822_172352580-1-scaled.jpg","width":1920,"height":2560},{"@type":"BreadcrumbList","@id":"https:\/\/risebogard.com\/unsere-tiere-pferde-kleintiere\/#breadcrumb","itemListElement":[{"@type":"ListItem","position":1,"name":"Home","item":"https:\/\/risebogard.com\/"},{"@type":"ListItem","position":2,"name":"Tiere"}]},{"@type":"WebSite","@id":"https:\/\/risebogard.com\/#website","url":"https:\/\/risebogard.com\/","name":"Risebo","description":"Camping, cabins, western riding, pure nature!","publisher":{"@id":"https:\/\/risebogard.com\/#organization"},"potentialAction":[{"@type":"SearchAction","target":{"@type":"EntryPoint","urlTemplate":"https:\/\/risebogard.com\/?s={search_term_string}"},"query-input":{"@type":"PropertyValueSpecification","valueRequired":true,"valueName":"search_term_string"}}],"inLanguage":"en-GB"},{"@type":"Organization","@id":"https:\/\/risebogard.com\/#organization","name":"Risebo Farm","url":"https:\/\/risebogard.com\/","logo":{"@type":"ImageObject","inLanguage":"en-GB","@id":"https:\/\/risebogard.com\/#\/schema\/logo\/image\/","url":"https:\/\/risebogard.com\/wp-content\/uploads\/2022\/01\/risebologo.png","contentUrl":"https:\/\/risebogard.com\/wp-content\/uploads\/2022\/01\/risebologo.png","width":266,"height":100,"caption":"Risebo G\u00e5rd"},"image":{"@id":"https:\/\/risebogard.com\/#\/schema\/logo\/image\/"},"sameAs":["https:\/\/www.facebook.com\/RiseboGard"]}]}},"_links":{"self":[{"href":"https:\/\/risebogard.com\/en\/wp-json\/wp\/v2\/pages\/287","targetHints":{"allow":["GET"]}}],"collection":[{"href":"https:\/\/risebogard.com\/en\/wp-json\/wp\/v2\/pages"}],"about":[{"href":"https:\/\/risebogard.com\/en\/wp-json\/wp\/v2\/types\/page"}],"author":[{"embeddable":true,"href":"https:\/\/risebogard.com\/en\/wp-json\/wp\/v2\/users\/2"}],"replies":[{"embeddable":true,"href":"https:\/\/risebogard.com\/en\/wp-json\/wp\/v2\/comments?post=287"}],"version-history":[{"count":33,"href":"https:\/\/risebogard.com\/en\/wp-json\/wp\/v2\/pages\/287\/revisions"}],"predecessor-version":[{"id":961,"href":"https:\/\/risebogard.com\/en\/wp-json\/wp\/v2\/pages\/287\/revisions\/961"}],"wp:featuredmedia":[{"embeddable":true,"href":"https:\/\/risebogard.com\/en\/wp-json\/wp\/v2\/media\/873"}],"wp:attachment":[{"href":"https:\/\/risebogard.com\/en\/wp-json\/wp\/v2\/media?parent=287"}],"curies":[{"name":"wp","href":"https:\/\/api.w.org\/{rel}","templated":true}]}}