{"id":84,"date":"2022-01-31T20:30:41","date_gmt":"2022-01-31T19:30:41","guid":{"rendered":"https:\/\/risebogard.com\/?page_id=84"},"modified":"2023-05-07T20:21:37","modified_gmt":"2023-05-07T18:21:37","slug":"fiskeri","status":"publish","type":"page","link":"https:\/\/risebogard.com\/da\/fischen\/","title":{"rendered":"fiskeri"},"content":{"rendered":"\n<figure class=\"wp-block-image size-large is-style-default\"><img loading=\"lazy\" decoding=\"async\" width=\"768\" height=\"1024\" src=\"https:\/\/risebogard.com\/wp-content\/uploads\/2022\/06\/signal-2022-06-10-170503_001-768x1024.jpeg\" alt=\"\" class=\"wp-image-488\" srcset=\"https:\/\/risebogard.com\/wp-content\/uploads\/2022\/06\/signal-2022-06-10-170503_001-768x1024.jpeg 768w, https:\/\/risebogard.com\/wp-content\/uploads\/2022\/06\/signal-2022-06-10-170503_001-225x300.jpeg 225w, https:\/\/risebogard.com\/wp-content\/uploads\/2022\/06\/signal-2022-06-10-170503_001-1152x1536.jpeg 1152w, https:\/\/risebogard.com\/wp-content\/uploads\/2022\/06\/signal-2022-06-10-170503_001.jpeg 1536w\" sizes=\"auto, (max-width: 768px) 100vw, 768px\" \/><\/figure>\n\n\n\n<p>Risebo ist eine alte Kronofisk-Anlage mit 20 Seen, von denen 4 einen guten Zugang haben, insbesondere f\u00fcr Regenbogenforellen. Gut auch zum Fliegenfischen. In den anderen Seen lauern Hechte, Barsche, Schleien usw.<\/p>\n\n\n\n<p>Kinder k\u00f6nnen am &#8222;Knattedamm&#8220; ihr Angelgl\u00fcck probieren.<\/p>\n\n\n\n<hr class=\"wp-block-separator has-alpha-channel-opacity\"\/>\n\n\n\n<p><mark style=\"background-color:rgba(0, 0, 0, 0)\" class=\"has-inline-color has-vivid-red-color\">Bitte beachten:<\/mark><\/p>\n\n\n\n<p>Wir haben Risebo G\u00e5rd Ende November 2021 von der Risebo Fritid AB \u00fcbernommen. Die Seen geh\u00f6ren einem Forstunternehmen, von dem Risebo die Angelrechte \u00fcber Jahre gepachtet hatte.<br>Die Boote, Stege, Wege um die Seen und Toilettenanlagen befinden sich aktuell nicht in dem Zustand, den wir unseren G\u00e4sten bieten m\u00f6chten. Weiter ist bislang noch keine Einigung f\u00fcr eine neue Pacht zustande gekommen. Daher ist das Angeln in Risebo zur Zeit nicht m\u00f6glich.<br><br><mark style=\"background-color:rgba(0, 0, 0, 0)\" class=\"has-inline-color has-vivid-red-color\">Bitte \u00fcberweise kein Geld f\u00fcr Angelkarten an die Risebo Fritid AB!<\/mark><br><br>Wir sind uns bewusst, dass sehr viele Menschen gerne wieder in Risebo angeln m\u00f6chten und tun alles daf\u00fcr, dass dies bald wieder m\u00f6glich sein wird.<br>Dazu ist viel Aufwand und auch gr\u00f6ssere Investitionen erforderlich. Im Moment liegt unser Fokus ganz darauf, alles auf und rund um den Hof weiter auszubauen und f\u00fcr unsere G\u00e4ste zu einem unvergesslichen Erlebnis zu machen. Das Angeln wird eines der n\u00e4chsten Ziele sein.<br>Alle Neuigkeiten zu diesem Thema werden umgehend an dieser Stelle ver\u00f6ffentlicht.<br>Du hast auch die M\u00f6glichkeit, unseren Risebo Angel-Newsletter zu abonnieren. So verpasst Du keine Neuigkeiten rund um das Thema Angeln in Risebo!<br><br>Bei weiteren Fragen zum Angeln kontaktiere uns bitte unter:<br>Telefon <a href=\"tel:+46701658020\">+46 (0)70-165 80 20<\/a><br>E-Mail: <a href=\"mailto:info@risebogard.com\">info@risebogard.com<\/a><\/p>\n\n\n\n<hr class=\"wp-block-separator has-alpha-channel-opacity\"\/>\n\n\n\n<h2 class=\"wp-block-heading\">Abonniere den Risebo Angel-Newsletter:<\/h2>\n\n\n<div class=\"wpforms-container wpforms-container-full wpforms-block wpforms-block-a9cc0f74-12fe-45da-b485-4eb8cd4637f2\" id=\"wpforms-909\"><form id=\"wpforms-form-909\" class=\"wpforms-validate wpforms-form wpforms-ajax-form\" data-formid=\"909\" method=\"post\" enctype=\"multipart\/form-data\" action=\"\/da\/wp-json\/wp\/v2\/pages\/84\" data-token=\"ad86d82915f91e3d656d8ce986fb0dbf\" data-token-time=\"1776768289\"><noscript class=\"wpforms-error-noscript\">Please enable JavaScript in your browser to complete this form.<\/noscript><div class=\"wpforms-field-container\"><div id=\"wpforms-909-field_1-container\" class=\"wpforms-field wpforms-field-name\" data-field-id=\"1\"><label class=\"wpforms-field-label\">Name <span class=\"wpforms-required-label\">*<\/span><\/label><div class=\"wpforms-field-row wpforms-field-medium\"><div class=\"wpforms-field-row-block wpforms-first wpforms-one-half\"><input type=\"text\" id=\"wpforms-909-field_1\" class=\"wpforms-field-name-first wpforms-field-required\" name=\"wpforms[fields][1][first]\" required><label for=\"wpforms-909-field_1\" class=\"wpforms-field-sublabel after\">First<\/label><\/div><div class=\"wpforms-field-row-block wpforms-one-half\"><input type=\"text\" id=\"wpforms-909-field_1-last\" class=\"wpforms-field-name-last wpforms-field-required\" name=\"wpforms[fields][1][last]\" required><label for=\"wpforms-909-field_1-last\" class=\"wpforms-field-sublabel after\">Last<\/label><\/div><\/div><\/div><div id=\"wpforms-909-field_4-container\" class=\"wpforms-field wpforms-field-checkbox\" data-field-id=\"4\"><label class=\"wpforms-field-label\">Interessiert an <span class=\"wpforms-required-label\">*<\/span><\/label><ul id=\"wpforms-909-field_4\" class=\"wpforms-field-required\"><li class=\"choice-1 depth-1\"><input type=\"checkbox\" id=\"wpforms-909-field_4_1\" name=\"wpforms[fields][4][]\" value=\"Naturangeln\" required ><label class=\"wpforms-field-label-inline\" for=\"wpforms-909-field_4_1\">Naturangeln<\/label><\/li><li class=\"choice-2 depth-1\"><input type=\"checkbox\" id=\"wpforms-909-field_4_2\" name=\"wpforms[fields][4][]\" value=\"Regenbogen\" required ><label class=\"wpforms-field-label-inline\" for=\"wpforms-909-field_4_2\">Regenbogen<\/label><\/li><li class=\"choice-3 depth-1\"><input type=\"checkbox\" id=\"wpforms-909-field_4_3\" name=\"wpforms[fields][4][]\" value=\"Boot ausleihen\" required ><label class=\"wpforms-field-label-inline\" for=\"wpforms-909-field_4_3\">Boot ausleihen<\/label><\/li><li class=\"choice-4 depth-1\"><input type=\"checkbox\" id=\"wpforms-909-field_4_4\" name=\"wpforms[fields][4][]\" value=\"Mit \u00dcbernachtung\" required ><label class=\"wpforms-field-label-inline\" for=\"wpforms-909-field_4_4\">Mit \u00dcbernachtung<\/label><\/li><\/ul><\/div><div id=\"wpforms-909-field_5-container\" class=\"wpforms-field wpforms-field-textarea\" data-field-id=\"5\"><label class=\"wpforms-field-label\" for=\"wpforms-909-field_5\">Kommentar<\/label><textarea id=\"wpforms-909-field_5\" class=\"wpforms-field-medium\" name=\"wpforms[fields][5]\" ><\/textarea><\/div><div id=\"wpforms-909-field_2-container\" class=\"wpforms-field wpforms-field-email\" data-field-id=\"2\"><label class=\"wpforms-field-label\" for=\"wpforms-909-field_2\">Email <span class=\"wpforms-required-label\">*<\/span><\/label><input type=\"email\" id=\"wpforms-909-field_2\" class=\"wpforms-field-medium wpforms-field-required\" name=\"wpforms[fields][2]\" spellcheck=\"false\" required><\/div><\/div><!-- .wpforms-field-container --><div class=\"wpforms-recaptcha-container wpforms-is-hcaptcha\" ><div class=\"h-captcha\" data-sitekey=\"9f2fbb0f-d75f-4496-b27b-28e4c4b0938a\"><\/div><input type=\"text\" name=\"g-recaptcha-hidden\" class=\"wpforms-recaptcha-hidden\" style=\"position:absolute!important;clip:rect(0,0,0,0)!important;height:1px!important;width:1px!important;border:0!important;overflow:hidden!important;padding:0!important;margin:0!important;\" data-rule-hcaptcha=\"1\"><\/div><div class=\"wpforms-submit-container\" ><input type=\"hidden\" name=\"wpforms[id]\" value=\"909\"><input type=\"hidden\" name=\"page_title\" value=\"\"><input type=\"hidden\" name=\"page_url\" value=\"https:\/\/risebogard.com\/da\/wp-json\/wp\/v2\/pages\/84\"><input type=\"hidden\" name=\"url_referer\" value=\"\"><button type=\"submit\" name=\"wpforms[submit]\" id=\"wpforms-submit-909\" class=\"wpforms-submit\" data-alt-text=\"Sending...\" data-submit-text=\"Submit\" aria-live=\"assertive\" value=\"wpforms-submit\">Submit<\/button><img loading=\"lazy\" decoding=\"async\" src=\"https:\/\/risebogard.com\/wp-content\/plugins\/wpforms-lite\/assets\/images\/submit-spin.svg\" class=\"wpforms-submit-spinner\" style=\"display: none;\" width=\"26\" height=\"26\" alt=\"Loading\"><\/div><\/form><\/div>  <!-- .wpforms-container -->\n\n\n<p><\/p>\n\n\n\n<p><\/p>\n\n\n\n<hr class=\"wp-block-separator has-alpha-channel-opacity\"\/>\n\n\n\n<iframe loading=\"lazy\" width=\"425\" height=\"350\" frameborder=\"0\" scrolling=\"no\" marginheight=\"0\" marginwidth=\"0\" src=\"https:\/\/www.openstreetmap.org\/export\/embed.html?bbox=16.040039062500004%2C58.034417004843796%2C16.183376312255863%2C58.07656009719023&amp;layer=mapnik\" style=\"border: 1px solid black\"><\/iframe><br\/><small><a href=\"https:\/\/www.openstreetmap.org\/#map=14\/58.0555\/16.1117\">Gr\u00f6\u00dfere Karte anzeigen<\/a><\/small>\n\n\n\n<hr class=\"wp-block-separator has-alpha-channel-opacity\"\/>\n","protected":false},"excerpt":{"rendered":"<p>Risebo ist eine alte Kronofisk-Anlage mit 20 Seen, von denen 4 einen guten Zugang haben, insbesondere f\u00fcr Regenbogenforellen. Gut auch zum Fliegenfischen. In den anderen Seen lauern Hechte, Barsche, Schleien usw. Kinder k\u00f6nnen am &#8222;Knattedamm&#8220; ihr Angelgl\u00fcck probieren. Bitte beachten: Wir haben Risebo G\u00e5rd Ende November 2021 von der Risebo Fritid AB \u00fcbernommen. Die Seen&#8230;<a class=\"read-more-link button\" href=\"https:\/\/risebogard.com\/da\/fischen\/\">Read more<\/a><\/p>","protected":false},"author":2,"featured_media":0,"parent":0,"menu_order":0,"comment_status":"closed","ping_status":"closed","template":"","meta":{"ngg_post_thumbnail":0,"footnotes":""},"class_list":["post-84","page","type-page","status-publish","hentry"],"featured_image_src":null,"yoast_head":"<!-- This site is optimized with the Yoast SEO plugin v27.4 - https:\/\/yoast.com\/product\/yoast-seo-wordpress\/ -->\n<title>Fischen - Risebo<\/title>\n<meta name=\"description\" content=\"ngeln Sie auf den rund zwanzig sch\u00f6nen Naturseen im Risebo-Naturpark, die auch f\u00fcr Fliegenfischer geeignet sind.\" \/>\n<meta name=\"robots\" content=\"index, follow, max-snippet:-1, max-image-preview:large, max-video-preview:-1\" \/>\n<link rel=\"canonical\" href=\"https:\/\/risebogard.com\/da\/fiskeri\/\" \/>\n<meta property=\"og:locale\" content=\"da_DK\" \/>\n<meta property=\"og:type\" content=\"article\" \/>\n<meta property=\"og:title\" content=\"Fischen - Risebo\" \/>\n<meta property=\"og:description\" content=\"ngeln Sie auf den rund zwanzig sch\u00f6nen Naturseen im Risebo-Naturpark, die auch f\u00fcr Fliegenfischer geeignet sind.\" \/>\n<meta property=\"og:url\" content=\"https:\/\/risebogard.com\/da\/fiskeri\/\" \/>\n<meta property=\"og:site_name\" content=\"Risebo\" \/>\n<meta property=\"article:publisher\" content=\"https:\/\/www.facebook.com\/RiseboGard\" \/>\n<meta property=\"article:modified_time\" content=\"2023-05-07T18:21:37+00:00\" \/>\n<meta property=\"og:image\" content=\"https:\/\/risebogard.com\/wp-content\/uploads\/2022\/06\/signal-2022-06-10-170503_001-768x1024.jpeg\" \/>\n<meta name=\"twitter:card\" content=\"summary_large_image\" \/>\n<meta name=\"twitter:label1\" content=\"Estimeret l\u00e6setid\" \/>\n\t<meta name=\"twitter:data1\" content=\"2 minutter\" \/>\n<script type=\"application\/ld+json\" class=\"yoast-schema-graph\">{\"@context\":\"https:\\\/\\\/schema.org\",\"@graph\":[{\"@type\":\"WebPage\",\"@id\":\"https:\\\/\\\/risebogard.com\\\/fischen\\\/\",\"url\":\"https:\\\/\\\/risebogard.com\\\/fischen\\\/\",\"name\":\"Fischen - Risebo\",\"isPartOf\":{\"@id\":\"https:\\\/\\\/risebogard.com\\\/#website\"},\"primaryImageOfPage\":{\"@id\":\"https:\\\/\\\/risebogard.com\\\/fischen\\\/#primaryimage\"},\"image\":{\"@id\":\"https:\\\/\\\/risebogard.com\\\/fischen\\\/#primaryimage\"},\"thumbnailUrl\":\"https:\\\/\\\/risebogard.com\\\/wp-content\\\/uploads\\\/2022\\\/06\\\/signal-2022-06-10-170503_001-768x1024.jpeg\",\"datePublished\":\"2022-01-31T19:30:41+00:00\",\"dateModified\":\"2023-05-07T18:21:37+00:00\",\"description\":\"ngeln Sie auf den rund zwanzig sch\u00f6nen Naturseen im Risebo-Naturpark, die auch f\u00fcr Fliegenfischer geeignet sind.\",\"breadcrumb\":{\"@id\":\"https:\\\/\\\/risebogard.com\\\/fischen\\\/#breadcrumb\"},\"inLanguage\":\"da-DK\",\"potentialAction\":[{\"@type\":\"ReadAction\",\"target\":[\"https:\\\/\\\/risebogard.com\\\/fischen\\\/\"]}]},{\"@type\":\"ImageObject\",\"inLanguage\":\"da-DK\",\"@id\":\"https:\\\/\\\/risebogard.com\\\/fischen\\\/#primaryimage\",\"url\":\"https:\\\/\\\/risebogard.com\\\/wp-content\\\/uploads\\\/2022\\\/06\\\/signal-2022-06-10-170503_001-768x1024.jpeg\",\"contentUrl\":\"https:\\\/\\\/risebogard.com\\\/wp-content\\\/uploads\\\/2022\\\/06\\\/signal-2022-06-10-170503_001-768x1024.jpeg\"},{\"@type\":\"BreadcrumbList\",\"@id\":\"https:\\\/\\\/risebogard.com\\\/fischen\\\/#breadcrumb\",\"itemListElement\":[{\"@type\":\"ListItem\",\"position\":1,\"name\":\"Home\",\"item\":\"https:\\\/\\\/risebogard.com\\\/\"},{\"@type\":\"ListItem\",\"position\":2,\"name\":\"Fischen\"}]},{\"@type\":\"WebSite\",\"@id\":\"https:\\\/\\\/risebogard.com\\\/#website\",\"url\":\"https:\\\/\\\/risebogard.com\\\/\",\"name\":\"Risebo\",\"description\":\"Camping, H\u00fctten, Westernreiten, Natur pur!\",\"publisher\":{\"@id\":\"https:\\\/\\\/risebogard.com\\\/#organization\"},\"potentialAction\":[{\"@type\":\"SearchAction\",\"target\":{\"@type\":\"EntryPoint\",\"urlTemplate\":\"https:\\\/\\\/risebogard.com\\\/?s={search_term_string}\"},\"query-input\":{\"@type\":\"PropertyValueSpecification\",\"valueRequired\":true,\"valueName\":\"search_term_string\"}}],\"inLanguage\":\"da-DK\"},{\"@type\":\"Organization\",\"@id\":\"https:\\\/\\\/risebogard.com\\\/#organization\",\"name\":\"Risebo G\u00e5rd\",\"url\":\"https:\\\/\\\/risebogard.com\\\/\",\"logo\":{\"@type\":\"ImageObject\",\"inLanguage\":\"da-DK\",\"@id\":\"https:\\\/\\\/risebogard.com\\\/#\\\/schema\\\/logo\\\/image\\\/\",\"url\":\"https:\\\/\\\/risebogard.com\\\/wp-content\\\/uploads\\\/2022\\\/01\\\/risebologo.png\",\"contentUrl\":\"https:\\\/\\\/risebogard.com\\\/wp-content\\\/uploads\\\/2022\\\/01\\\/risebologo.png\",\"width\":266,\"height\":100,\"caption\":\"Risebo G\u00e5rd\"},\"image\":{\"@id\":\"https:\\\/\\\/risebogard.com\\\/#\\\/schema\\\/logo\\\/image\\\/\"},\"sameAs\":[\"https:\\\/\\\/www.facebook.com\\\/RiseboGard\"]}]}<\/script>\n<!-- \/ Yoast SEO plugin. -->","yoast_head_json":{"title":"Fiskeri - Risebo","description":"Tag p\u00e5 fisketur i de cirka tyve smukke naturs\u00f8er i Risebo Naturpark, som ogs\u00e5 er velegnede til fluefiskeri.","robots":{"index":"index","follow":"follow","max-snippet":"max-snippet:-1","max-image-preview":"max-image-preview:large","max-video-preview":"max-video-preview:-1"},"canonical":"https:\/\/risebogard.com\/da\/fiskeri\/","og_locale":"da_DK","og_type":"article","og_title":"Fischen - Risebo","og_description":"ngeln Sie auf den rund zwanzig sch\u00f6nen Naturseen im Risebo-Naturpark, die auch f\u00fcr Fliegenfischer geeignet sind.","og_url":"https:\/\/risebogard.com\/da\/fiskeri\/","og_site_name":"Risebo","article_publisher":"https:\/\/www.facebook.com\/RiseboGard","article_modified_time":"2023-05-07T18:21:37+00:00","og_image":[{"url":"https:\/\/risebogard.com\/wp-content\/uploads\/2022\/06\/signal-2022-06-10-170503_001-768x1024.jpeg","type":"","width":"","height":""}],"twitter_card":"summary_large_image","twitter_misc":{"Estimeret l\u00e6setid":"2 minutter"},"schema":{"@context":"https:\/\/schema.org","@graph":[{"@type":"WebPage","@id":"https:\/\/risebogard.com\/fischen\/","url":"https:\/\/risebogard.com\/fischen\/","name":"Fiskeri - Risebo","isPartOf":{"@id":"https:\/\/risebogard.com\/#website"},"primaryImageOfPage":{"@id":"https:\/\/risebogard.com\/fischen\/#primaryimage"},"image":{"@id":"https:\/\/risebogard.com\/fischen\/#primaryimage"},"thumbnailUrl":"https:\/\/risebogard.com\/wp-content\/uploads\/2022\/06\/signal-2022-06-10-170503_001-768x1024.jpeg","datePublished":"2022-01-31T19:30:41+00:00","dateModified":"2023-05-07T18:21:37+00:00","description":"Tag p\u00e5 fisketur i de cirka tyve smukke naturs\u00f8er i Risebo Naturpark, som ogs\u00e5 er velegnede til fluefiskeri.","breadcrumb":{"@id":"https:\/\/risebogard.com\/fischen\/#breadcrumb"},"inLanguage":"da-DK","potentialAction":[{"@type":"ReadAction","target":["https:\/\/risebogard.com\/fischen\/"]}]},{"@type":"ImageObject","inLanguage":"da-DK","@id":"https:\/\/risebogard.com\/fischen\/#primaryimage","url":"https:\/\/risebogard.com\/wp-content\/uploads\/2022\/06\/signal-2022-06-10-170503_001-768x1024.jpeg","contentUrl":"https:\/\/risebogard.com\/wp-content\/uploads\/2022\/06\/signal-2022-06-10-170503_001-768x1024.jpeg"},{"@type":"BreadcrumbList","@id":"https:\/\/risebogard.com\/fischen\/#breadcrumb","itemListElement":[{"@type":"ListItem","position":1,"name":"Home","item":"https:\/\/risebogard.com\/"},{"@type":"ListItem","position":2,"name":"Fischen"}]},{"@type":"WebSite","@id":"https:\/\/risebogard.com\/#website","url":"https:\/\/risebogard.com\/","name":"Risebo","description":"Camping, hytter, westernridning, ren natur!","publisher":{"@id":"https:\/\/risebogard.com\/#organization"},"potentialAction":[{"@type":"SearchAction","target":{"@type":"EntryPoint","urlTemplate":"https:\/\/risebogard.com\/?s={search_term_string}"},"query-input":{"@type":"PropertyValueSpecification","valueRequired":true,"valueName":"search_term_string"}}],"inLanguage":"da-DK"},{"@type":"Organization","@id":"https:\/\/risebogard.com\/#organization","name":"Risebo G\u00e5rd","url":"https:\/\/risebogard.com\/","logo":{"@type":"ImageObject","inLanguage":"da-DK","@id":"https:\/\/risebogard.com\/#\/schema\/logo\/image\/","url":"https:\/\/risebogard.com\/wp-content\/uploads\/2022\/01\/risebologo.png","contentUrl":"https:\/\/risebogard.com\/wp-content\/uploads\/2022\/01\/risebologo.png","width":266,"height":100,"caption":"Risebo G\u00e5rd"},"image":{"@id":"https:\/\/risebogard.com\/#\/schema\/logo\/image\/"},"sameAs":["https:\/\/www.facebook.com\/RiseboGard"]}]}},"_links":{"self":[{"href":"https:\/\/risebogard.com\/da\/wp-json\/wp\/v2\/pages\/84","targetHints":{"allow":["GET"]}}],"collection":[{"href":"https:\/\/risebogard.com\/da\/wp-json\/wp\/v2\/pages"}],"about":[{"href":"https:\/\/risebogard.com\/da\/wp-json\/wp\/v2\/types\/page"}],"author":[{"embeddable":true,"href":"https:\/\/risebogard.com\/da\/wp-json\/wp\/v2\/users\/2"}],"replies":[{"embeddable":true,"href":"https:\/\/risebogard.com\/da\/wp-json\/wp\/v2\/comments?post=84"}],"version-history":[{"count":44,"href":"https:\/\/risebogard.com\/da\/wp-json\/wp\/v2\/pages\/84\/revisions"}],"predecessor-version":[{"id":924,"href":"https:\/\/risebogard.com\/da\/wp-json\/wp\/v2\/pages\/84\/revisions\/924"}],"wp:attachment":[{"href":"https:\/\/risebogard.com\/da\/wp-json\/wp\/v2\/media?parent=84"}],"curies":[{"name":"wp","href":"https:\/\/api.w.org\/{rel}","templated":true}]}}