{"id":806,"date":"2023-04-27T09:10:49","date_gmt":"2023-04-27T07:10:49","guid":{"rendered":"https:\/\/risebogard.com\/?page_id=806"},"modified":"2025-06-23T23:17:16","modified_gmt":"2025-06-23T21:17:16","slug":"ankomst-i-sverige","status":"publish","type":"page","link":"https:\/\/risebogard.com\/da\/anreise-nach-schweden\/","title":{"rendered":"Ankomst i Sverige"},"content":{"rendered":"<p>Der er flere bekvemme m\u00e5der at rejse til og inden for Sverige. Her er forskellige transportmuligheder for at komme til og fra Sverige. Afh\u00e6ngigt af din rejserute, dine planer i Sverige og typen af rejsende kan forskellige transportformer og ruter v\u00e6re det bedste valg.<\/p>\n\n\n\n<p><\/p>\n\n\n\n<h2 class=\"wp-block-heading\">Hvilket transportmiddel er bedst til at rejse til og inden for Sverige?<\/h2>\n\n\n\n<h3 class=\"wp-block-heading\">Med autocamper\/campingvogn<\/h3>\n\n\n\n<figure class=\"wp-block-image size-large\"><img loading=\"lazy\" decoding=\"async\" width=\"1024\" height=\"563\" src=\"https:\/\/risebogard.com\/wp-content\/uploads\/2023\/04\/1920px-Zusatzzeichen_1048-17_-_nur_Wohnmobile_StVO_1992.svg_-1024x563.png\" alt=\"\" class=\"wp-image-825\" srcset=\"https:\/\/risebogard.com\/wp-content\/uploads\/2023\/04\/1920px-Zusatzzeichen_1048-17_-_nur_Wohnmobile_StVO_1992.svg_-1024x563.png 1024w, https:\/\/risebogard.com\/wp-content\/uploads\/2023\/04\/1920px-Zusatzzeichen_1048-17_-_nur_Wohnmobile_StVO_1992.svg_-300x165.png 300w, https:\/\/risebogard.com\/wp-content\/uploads\/2023\/04\/1920px-Zusatzzeichen_1048-17_-_nur_Wohnmobile_StVO_1992.svg_-768x422.png 768w, https:\/\/risebogard.com\/wp-content\/uploads\/2023\/04\/1920px-Zusatzzeichen_1048-17_-_nur_Wohnmobile_StVO_1992.svg_-1536x845.png 1536w, https:\/\/risebogard.com\/wp-content\/uploads\/2023\/04\/1920px-Zusatzzeichen_1048-17_-_nur_Wohnmobile_StVO_1992.svg_-18x10.png 18w, https:\/\/risebogard.com\/wp-content\/uploads\/2023\/04\/1920px-Zusatzzeichen_1048-17_-_nur_Wohnmobile_StVO_1992.svg_.png 1920w\" sizes=\"auto, (max-width: 1024px) 100vw, 1024px\" \/><\/figure>\n\n\n\n<p>Is\u00e6r med b\u00f8rn og k\u00e6ledyr er en autocamper nok den mest afslappede m\u00e5de at rejse p\u00e5. Du har altid et toilet med dig. Der er et bord og masser af plads til spil, m\u00e5ltider og anden underholdning. Du kan afbryde din rejse n\u00e5r som helst og overnatte p\u00e5 en hvilken som helst rasteplads eller anden parkeringsplads efter behov. En ulempe kan v\u00e6re det h\u00f8jere br\u00e6ndstofforbrug og generelt lavere hastigheder. St\u00f8rre k\u00f8ret\u00f8jer tilbyder ogs\u00e5 meget mindre fleksibilitet, hvis du vil campere &quot;vildt&quot; et sted. N\u00e5r du rejser i h\u00f8js\u00e6sonen, skal du v\u00e6re opm\u00e6rksom p\u00e5, at popul\u00e6re &quot;vilde&quot; pladser ofte er optaget, og campingpladser er ogs\u00e5 travle. Det er derfor tilr\u00e5deligt at reservere pladser p\u00e5 forh\u00e5nd. Alt i alt er st\u00f8rre autocampere udbredt i Sverige, og infrastrukturen er velegnet til dem. Pladsen i supermarkeder osv. minder ofte om amerikanske standarder.<br>Flere udbydere tilbyder ogs\u00e5 muligheden for at leje en autocamper i Sverige.<br>Her p\u00e5 Risebo venter en stor eng omgivet af natur p\u00e5 dig og din autocamper som plads. Nogle pladser er udstyret med 230V\/10A str\u00f8mtilslutning. Der er ogs\u00e5 tr\u00e5dl\u00f8st internet p\u00e5 campingpladsen.<\/p>\n\n\n\n<hr class=\"wp-block-separator has-alpha-channel-opacity\"\/>\n\n\n\n<h3 class=\"wp-block-heading\">Med bus \/ kompakt autocamper<\/h3>\n\n\n\n<p>Mindre autocampere i form af busser tilbyder et godt kompromis sammenlignet med store autocampere. De giver fleksibilitet, giver adgang til stort set alle veje og er velegnede til off-grid camping. Br\u00e6ndstofforbruget er generelt lavere, og marchhastighederne er ofte hurtigere. F\u00e6rgeomkostningerne er ogs\u00e5 reducerede. Pladsen til st\u00f8rre k\u00f8ret\u00f8jer p\u00e5 f\u00e6rger er begr\u00e6nset og ofte booket. Firehjulstrukne busser er et godt valg til vinterforhold. Alle disse fordele g\u00f8r bussen som autocamper til det perfekte valg til at rejse til og gennem Sverige.<br>Her p\u00e5 Risebo venter en stor eng omgivet af natur p\u00e5 dig og din autocamper som plads. Nogle pladser er udstyret med 230V\/10A str\u00f8mtilslutning. Der er ogs\u00e5 tr\u00e5dl\u00f8st internet p\u00e5 campingpladsen.<br>Og hvis du nogensinde synes, at bussen er for trang, hvorfor s\u00e5 ikke fork\u00e6le dig selv med en overnatning i en af &quot;Stugaerne&quot; med k\u00f8kken og et varmt brusebad?.<\/p>\n\n\n\n<hr class=\"wp-block-separator has-alpha-channel-opacity\"\/>\n\n\n\n<h3 class=\"wp-block-heading\">Med bil<\/h3>\n\n\n\n<p>I Sverige kan man leje feriehuse kaldet &quot;stuga&quot; overalt. Det betyder, at selv rejsende med bil nemt kan finde indkvartering omgivet af smuk natur. Da stugaer normalt skal bookes p\u00e5 forh\u00e5nd, kr\u00e6ver turen mere planl\u00e6gning end hvis man rejser med en autocamper. Men for dem, der kan lide at bes\u00f8ge et eller to steder og udforske attraktioner derfra, eller blot slappe af og nyde freden og roen, er en bil den ideelle l\u00f8sning. F\u00e6rgepriserne er ogs\u00e5 lave, og der er n\u00e6sten altid pladser til biler. Dette er grundene til, at mange ferieg\u00e6ster foretr\u00e6kker at rejse i bil, is\u00e6r om vinteren. Biler med tagtelte er ogs\u00e5 et almindeligt syn.<br>Her p\u00e5 Risebo kan du komfortabelt overnatte i et af feriehusene (&quot;Stugaer&quot;), som f\u00e5s i forskellige st\u00f8rrelser. Eller du kan g\u00f8re det behageligt med et telt\/tagtelt p\u00e5 campingpladsens eng.<\/p>\n\n\n\n<p><\/p>\n\n\n\n<hr class=\"wp-block-separator has-alpha-channel-opacity\"\/>\n\n\n\n<h3 class=\"wp-block-heading\">Med offentlig transport (bus og tog)<\/h3>\n\n\n\n<figure class=\"wp-block-image size-full is-resized\"><img loading=\"lazy\" decoding=\"async\" width=\"1024\" height=\"678\" src=\"https:\/\/risebogard.com\/wp-content\/uploads\/2023\/04\/SJ_X2_2036_Goeteborg_C_2019_01.jpg\" alt=\"\" class=\"wp-image-828\" style=\"width:840px;height:556px\" srcset=\"https:\/\/risebogard.com\/wp-content\/uploads\/2023\/04\/SJ_X2_2036_Goeteborg_C_2019_01.jpg 1024w, https:\/\/risebogard.com\/wp-content\/uploads\/2023\/04\/SJ_X2_2036_Goeteborg_C_2019_01-300x199.jpg 300w, https:\/\/risebogard.com\/wp-content\/uploads\/2023\/04\/SJ_X2_2036_Goeteborg_C_2019_01-768x509.jpg 768w, https:\/\/risebogard.com\/wp-content\/uploads\/2023\/04\/SJ_X2_2036_Goeteborg_C_2019_01-18x12.jpg 18w\" sizes=\"auto, (max-width: 1024px) 100vw, 1024px\" \/><figcaption class=\"wp-element-caption\">Foto: <a href=\"https:\/\/commons.wikimedia.org\/wiki\/File:SJ_X2_2036,_G%C3%B6teborg_C,_2019_(01).jpg\" target=\"_blank\" rel=\"noreferrer noopener nofollow\">jernbaneentusiast<\/a> \u2013 Denne fil er licenseret under Denne fil er licenseret under Creative Commons <a href=\"https:\/\/creativecommons.org\/licenses\/by-sa\/4.0\/deed.en\">Navngivelse-Del p\u00e5 samme vilk\u00e5r 4.0 International<\/a> licens.<\/figcaption><\/figure>\n\n\n\n<p>Togene k\u00f8rer via Danmark over \u00d6hresundsbroen til Sverige. Flere nattog anbefales, der afg\u00e5r fra Schweiz, Tyskland og andre steder til Sverige. Derfra kan du forts\u00e6tte din rejse med regionaltog og bus. For rejsende, der \u00f8nsker at udforske Sverige p\u00e5 cykel, er toget det perfekte valg. Husk dog, at mulighederne for offentlig transport er begr\u00e6nsede, is\u00e6r i fjerntliggende, landlige omr\u00e5der som Risebo.<\/p>\n\n\n\n<p><\/p>\n\n\n\n<hr class=\"wp-block-separator has-alpha-channel-opacity\"\/>\n\n\n\n<h3 class=\"wp-block-heading\">P\u00e5 cykel<\/h3>\n\n\n\n<p>Der er mange smukke cykelstier i Sverige. V\u00e6r dog opm\u00e6rksom p\u00e5, at den &quot;normale&quot; svenske vej ikke har en skulder eller separat cykelsti. P\u00e5 grund af den lave trafikt\u00e6thed i landdistrikterne b\u00f8r dette ikke afskr\u00e6kke dig fra at udforske Sverige p\u00e5 cykel. Tv\u00e6rtimod \u2013 mange mennesker rejser gennem Sverige p\u00e5 cykel og tager sig god tid.<br>Her p\u00e5 Risebo kan du overnatte i et af feriehusene (&quot;stuga&quot;), som findes i forskellige st\u00f8rrelser. Eller du kan sl\u00e5 dig ned i et telt p\u00e5 campingpladsengen.<\/p>\n\n\n\n<p><\/p>\n\n\n\n<hr class=\"wp-block-separator has-alpha-channel-opacity\"\/>\n\n\n\n<h2 class=\"wp-block-heading\">Hvilken rute til Sverige?<\/h2>\n\n\n\n<p>Mange veje f\u00f8rer til Rom. Der er et par stykker til Sverige, men p\u00e5 grund af sin beliggenhed som en halv\u00f8 er ruterne noget begr\u00e6nsede.<\/p>\n\n\n\n<h3 class=\"wp-block-heading\">Med f\u00e6rge fra Tyskland, Danmark eller Polen<\/h3>\n\n\n\n<figure class=\"wp-block-image size-large\"><img loading=\"lazy\" decoding=\"async\" width=\"1024\" height=\"683\" src=\"https:\/\/risebogard.com\/wp-content\/uploads\/2025\/03\/1080px-TT_Line_Nils_Holgersson-1024x683.jpeg\" alt=\"\" class=\"wp-image-1243\" srcset=\"https:\/\/risebogard.com\/wp-content\/uploads\/2025\/03\/1080px-TT_Line_Nils_Holgersson-1024x683.jpeg 1024w, https:\/\/risebogard.com\/wp-content\/uploads\/2025\/03\/1080px-TT_Line_Nils_Holgersson-300x200.jpeg 300w, https:\/\/risebogard.com\/wp-content\/uploads\/2025\/03\/1080px-TT_Line_Nils_Holgersson-768x512.jpeg 768w, https:\/\/risebogard.com\/wp-content\/uploads\/2025\/03\/1080px-TT_Line_Nils_Holgersson-18x12.jpeg 18w, https:\/\/risebogard.com\/wp-content\/uploads\/2025\/03\/1080px-TT_Line_Nils_Holgersson.jpeg 1080w\" sizes=\"auto, (max-width: 1024px) 100vw, 1024px\" \/><figcaption class=\"wp-element-caption\">Nils Holgersson \u2013 Foto: Elias191204 \u2013 Denne fil er licenseret under <a href=\"https:\/\/en.wikipedia.org\/wiki\/en:Creative_Commons\">Creative Commons<\/a> <a href=\"https:\/\/creativecommons.org\/licenses\/by-sa\/4.0\/deed.en\">Navngivelse-Del p\u00e5 samme vilk\u00e5r 4.0 International<\/a> licens.<\/figcaption><\/figure>\n\n\n\n<p>Flere rederier tilbyder f\u00e6rgeforbindelser fra Tyskland (Travem\u00fcnde og Rostock). Disse omfatter for eksempel... <a href=\"https:\/\/www.ttline.com\">T<\/a><a href=\"https:\/\/www.ttline.com\" target=\"_blank\" rel=\"noreferrer noopener\">T<\/a><a href=\"https:\/\/www.ttline.com\" target=\"_blank\" rel=\"noreferrer noopener nofollow\">-Linje<\/a>, <a href=\"https:\/\/www.stenaline.de\" target=\"_blank\" rel=\"noreferrer noopener nofollow\">Stena Line<\/a> og <a href=\"https:\/\/www.finnlines.com\" target=\"_blank\" rel=\"noreferrer noopener nofollow\">Finnlines<\/a>. F\u00e6rgerne l\u00e6gger normalt til kaj i Trelleborg. For rejser sydfra anbefales en natf\u00e6rge. Dette g\u00f8r turen overkommelig i to etaper. Du ankommer til Sverige om morgenen rimelig udhvilet og kan nemt gennemf\u00f8re resten af rejsen.<br>Der er andre f\u00e6rgeforbindelser til Sverige fra Danmark. <a href=\"https:\/\/www.scandlines.de\" target=\"_blank\" rel=\"noreferrer noopener nofollow\">Scandlines<\/a> s\u00e5vel som <a href=\"https:\/\/www.stenaline.de\" target=\"_blank\" rel=\"noreferrer noopener nofollow\">Stena Line<\/a> og fra Polen <a href=\"https:\/\/www.ttline.com\">T<\/a><a href=\"https:\/\/www.ttline.com\" target=\"_blank\" rel=\"noreferrer noopener\">T<\/a><a href=\"https:\/\/www.ttline.com\" target=\"_blank\" rel=\"noreferrer noopener nofollow\">-Linje<\/a>, <a href=\"https:\/\/www.stenaline.de\" target=\"_blank\" rel=\"noreferrer noopener nofollow\">Stena Line<\/a>, <a href=\"https:\/\/www.unityline.eu\/\" target=\"_blank\" rel=\"noreferrer noopener nofollow\">Enhedslinjen<\/a> s\u00e5vel som <a href=\"https:\/\/polferries.de\/\" target=\"_blank\" rel=\"noreferrer noopener nofollow\">Polf\u00e6rger<\/a>.<\/p>\n\n\n\n<hr class=\"wp-block-separator has-alpha-channel-opacity\"\/>\n\n\n\n<h3 class=\"wp-block-heading\">Landrute via Danmark<\/h3>\n\n\n\n<figure class=\"wp-block-image size-full is-resized\"><img loading=\"lazy\" decoding=\"async\" width=\"1024\" height=\"768\" src=\"https:\/\/risebogard.com\/wp-content\/uploads\/2023\/04\/Oresund_Bridge_from_the_air_in_September_2015.jpg\" alt=\"\" class=\"wp-image-835\" style=\"width:840px;height:630px\" srcset=\"https:\/\/risebogard.com\/wp-content\/uploads\/2023\/04\/Oresund_Bridge_from_the_air_in_September_2015.jpg 1024w, https:\/\/risebogard.com\/wp-content\/uploads\/2023\/04\/Oresund_Bridge_from_the_air_in_September_2015-300x225.jpg 300w, https:\/\/risebogard.com\/wp-content\/uploads\/2023\/04\/Oresund_Bridge_from_the_air_in_September_2015-768x576.jpg 768w, https:\/\/risebogard.com\/wp-content\/uploads\/2023\/04\/Oresund_Bridge_from_the_air_in_September_2015-16x12.jpg 16w\" sizes=\"auto, (max-width: 1024px) 100vw, 1024px\" \/><figcaption class=\"wp-element-caption\">Foto: <a href=\"https:\/\/commons.wikimedia.org\/wiki\/User:Nick-D\" target=\"_blank\" rel=\"noreferrer noopener nofollow\">Nick-D<\/a> \u2013 Denne fil er licenseret under Creative Commons <a href=\"https:\/\/creativecommons.org\/licenses\/by-sa\/4.0\/deed.en\">Navngivelse-Del p\u00e5 samme vilk\u00e5r 4.0 International<\/a> licens.<\/figcaption><\/figure>\n\n\n\n<p>Du kan v\u00e6lge ruten gennem Danmark i bil. Hvis du ikke kan lide f\u00e6rger, er dette en mulig rute. V\u00e6r dog opm\u00e6rksom p\u00e5, at selv k\u00f8rsel gennem Danmark involverer en kort f\u00e6rgeoverfart. K\u00f8returen gennem Danmark er ret lang. Der er en vejafgift for at krydse \u00d8resundsbroen. Alt taget i betragtning er dette ikke rigtig billigere end at tage f\u00e6rgen.<br>Toget k\u00f8rer ogs\u00e5 over \u00d8resundsbroen.<\/p>\n\n\n\n<p><\/p>\n\n\n\n<hr class=\"wp-block-separator has-alpha-channel-opacity\"\/>\n\n\n\n<h3 class=\"wp-block-heading\">Med fly, med fly<\/h3>\n\n\n\n<p>Der er forskellige flyforbindelser tilg\u00e6ngelige, for eksempel til Stockholm eller fra Frankfurt til Kalmar. Derfra kan du forts\u00e6tte din rejse med tog, bus, lejebil eller cykel.<\/p>","protected":false},"excerpt":{"rendered":"<p>Es gibt mehrere Wege, bequem nach und in Schweden zu reisen. Hier verschiedene M\u00f6glichkeiten der Bef\u00f6rderungsmittel f\u00fcr die Anreise und Reise in Schweden. Je nach Anreiseweg, den Pl\u00e4nen in Schweden und Art der Reisenden k\u00f6nnen unterschiedliche Reisemittel und Wege die optimale Wahl sein. Welches Reisemittel f\u00fcr die Reise nach und in Schweden? Mit dem Wohnmobil&#8230;<a class=\"read-more-link button\" href=\"https:\/\/risebogard.com\/da\/anreise-nach-schweden\/\">Read more<\/a><\/p>","protected":false},"author":2,"featured_media":0,"parent":0,"menu_order":0,"comment_status":"closed","ping_status":"closed","template":"","meta":{"ngg_post_thumbnail":0,"footnotes":""},"class_list":["post-806","page","type-page","status-publish","hentry"],"featured_image_src":null,"yoast_head":"<!-- This site is optimized with the Yoast SEO plugin v27.4 - https:\/\/yoast.com\/product\/yoast-seo-wordpress\/ -->\n<title>Anreise nach Schweden - Risebo<\/title>\n<meta name=\"description\" content=\"Es gibt mehrere Wege, wie man bequem nach Schweden zu reisen. Hier eine Auswahl einiger M\u00f6glichkeiten im Vergleich zur Anreise nach Schweden.\" \/>\n<meta name=\"robots\" content=\"index, follow, max-snippet:-1, max-image-preview:large, max-video-preview:-1\" \/>\n<link rel=\"canonical\" href=\"https:\/\/risebogard.com\/da\/ankomst-i-sverige\/\" \/>\n<meta property=\"og:locale\" content=\"da_DK\" \/>\n<meta property=\"og:type\" content=\"article\" \/>\n<meta property=\"og:title\" content=\"Anreise nach Schweden - Risebo\" \/>\n<meta property=\"og:description\" content=\"Es gibt mehrere Wege, wie man bequem nach Schweden zu reisen. Hier eine Auswahl einiger M\u00f6glichkeiten im Vergleich zur Anreise nach Schweden.\" \/>\n<meta property=\"og:url\" content=\"https:\/\/risebogard.com\/da\/ankomst-i-sverige\/\" \/>\n<meta property=\"og:site_name\" content=\"Risebo\" \/>\n<meta property=\"article:publisher\" content=\"https:\/\/www.facebook.com\/RiseboGard\" \/>\n<meta property=\"article:modified_time\" content=\"2025-06-23T21:17:16+00:00\" \/>\n<meta property=\"og:image\" content=\"https:\/\/risebogard.com\/wp-content\/uploads\/2023\/04\/1920px-Zusatzzeichen_1048-17_-_nur_Wohnmobile_StVO_1992.svg_.png\" \/>\n\t<meta property=\"og:image:width\" content=\"1920\" \/>\n\t<meta property=\"og:image:height\" content=\"1056\" \/>\n\t<meta property=\"og:image:type\" content=\"image\/png\" \/>\n<meta name=\"twitter:card\" content=\"summary_large_image\" \/>\n<meta name=\"twitter:label1\" content=\"Estimeret l\u00e6setid\" \/>\n\t<meta name=\"twitter:data1\" content=\"7 minutter\" \/>\n<script type=\"application\/ld+json\" class=\"yoast-schema-graph\">{\"@context\":\"https:\\\/\\\/schema.org\",\"@graph\":[{\"@type\":\"WebPage\",\"@id\":\"https:\\\/\\\/risebogard.com\\\/anreise-nach-schweden\\\/\",\"url\":\"https:\\\/\\\/risebogard.com\\\/anreise-nach-schweden\\\/\",\"name\":\"Anreise nach Schweden - Risebo\",\"isPartOf\":{\"@id\":\"https:\\\/\\\/risebogard.com\\\/#website\"},\"primaryImageOfPage\":{\"@id\":\"https:\\\/\\\/risebogard.com\\\/anreise-nach-schweden\\\/#primaryimage\"},\"image\":{\"@id\":\"https:\\\/\\\/risebogard.com\\\/anreise-nach-schweden\\\/#primaryimage\"},\"thumbnailUrl\":\"https:\\\/\\\/risebogard.com\\\/wp-content\\\/uploads\\\/2023\\\/04\\\/1920px-Zusatzzeichen_1048-17_-_nur_Wohnmobile_StVO_1992.svg_-1024x563.png\",\"datePublished\":\"2023-04-27T07:10:49+00:00\",\"dateModified\":\"2025-06-23T21:17:16+00:00\",\"description\":\"Es gibt mehrere Wege, wie man bequem nach Schweden zu reisen. Hier eine Auswahl einiger M\u00f6glichkeiten im Vergleich zur Anreise nach Schweden.\",\"breadcrumb\":{\"@id\":\"https:\\\/\\\/risebogard.com\\\/anreise-nach-schweden\\\/#breadcrumb\"},\"inLanguage\":\"da-DK\",\"potentialAction\":[{\"@type\":\"ReadAction\",\"target\":[\"https:\\\/\\\/risebogard.com\\\/anreise-nach-schweden\\\/\"]}]},{\"@type\":\"ImageObject\",\"inLanguage\":\"da-DK\",\"@id\":\"https:\\\/\\\/risebogard.com\\\/anreise-nach-schweden\\\/#primaryimage\",\"url\":\"https:\\\/\\\/risebogard.com\\\/wp-content\\\/uploads\\\/2023\\\/04\\\/1920px-Zusatzzeichen_1048-17_-_nur_Wohnmobile_StVO_1992.svg_-1024x563.png\",\"contentUrl\":\"https:\\\/\\\/risebogard.com\\\/wp-content\\\/uploads\\\/2023\\\/04\\\/1920px-Zusatzzeichen_1048-17_-_nur_Wohnmobile_StVO_1992.svg_-1024x563.png\"},{\"@type\":\"BreadcrumbList\",\"@id\":\"https:\\\/\\\/risebogard.com\\\/anreise-nach-schweden\\\/#breadcrumb\",\"itemListElement\":[{\"@type\":\"ListItem\",\"position\":1,\"name\":\"Home\",\"item\":\"https:\\\/\\\/risebogard.com\\\/\"},{\"@type\":\"ListItem\",\"position\":2,\"name\":\"Anreise nach Schweden\"}]},{\"@type\":\"WebSite\",\"@id\":\"https:\\\/\\\/risebogard.com\\\/#website\",\"url\":\"https:\\\/\\\/risebogard.com\\\/\",\"name\":\"Risebo\",\"description\":\"Camping, H\u00fctten, Westernreiten, Natur pur!\",\"publisher\":{\"@id\":\"https:\\\/\\\/risebogard.com\\\/#organization\"},\"potentialAction\":[{\"@type\":\"SearchAction\",\"target\":{\"@type\":\"EntryPoint\",\"urlTemplate\":\"https:\\\/\\\/risebogard.com\\\/?s={search_term_string}\"},\"query-input\":{\"@type\":\"PropertyValueSpecification\",\"valueRequired\":true,\"valueName\":\"search_term_string\"}}],\"inLanguage\":\"da-DK\"},{\"@type\":\"Organization\",\"@id\":\"https:\\\/\\\/risebogard.com\\\/#organization\",\"name\":\"Risebo G\u00e5rd\",\"url\":\"https:\\\/\\\/risebogard.com\\\/\",\"logo\":{\"@type\":\"ImageObject\",\"inLanguage\":\"da-DK\",\"@id\":\"https:\\\/\\\/risebogard.com\\\/#\\\/schema\\\/logo\\\/image\\\/\",\"url\":\"https:\\\/\\\/risebogard.com\\\/wp-content\\\/uploads\\\/2022\\\/01\\\/risebologo.png\",\"contentUrl\":\"https:\\\/\\\/risebogard.com\\\/wp-content\\\/uploads\\\/2022\\\/01\\\/risebologo.png\",\"width\":266,\"height\":100,\"caption\":\"Risebo G\u00e5rd\"},\"image\":{\"@id\":\"https:\\\/\\\/risebogard.com\\\/#\\\/schema\\\/logo\\\/image\\\/\"},\"sameAs\":[\"https:\\\/\\\/www.facebook.com\\\/RiseboGard\"]}]}<\/script>\n<!-- \/ Yoast SEO plugin. -->","yoast_head_json":{"title":"Ankomst til Sverige - Risebo","description":"Der er flere bekvemme m\u00e5der at rejse til Sverige p\u00e5. Her er et udvalg af muligheder sammenlignet med andre m\u00e5der at komme til Sverige p\u00e5.","robots":{"index":"index","follow":"follow","max-snippet":"max-snippet:-1","max-image-preview":"max-image-preview:large","max-video-preview":"max-video-preview:-1"},"canonical":"https:\/\/risebogard.com\/da\/ankomst-i-sverige\/","og_locale":"da_DK","og_type":"article","og_title":"Anreise nach Schweden - Risebo","og_description":"Es gibt mehrere Wege, wie man bequem nach Schweden zu reisen. Hier eine Auswahl einiger M\u00f6glichkeiten im Vergleich zur Anreise nach Schweden.","og_url":"https:\/\/risebogard.com\/da\/ankomst-i-sverige\/","og_site_name":"Risebo","article_publisher":"https:\/\/www.facebook.com\/RiseboGard","article_modified_time":"2025-06-23T21:17:16+00:00","og_image":[{"width":1920,"height":1056,"url":"https:\/\/risebogard.com\/wp-content\/uploads\/2023\/04\/1920px-Zusatzzeichen_1048-17_-_nur_Wohnmobile_StVO_1992.svg_.png","type":"image\/png"}],"twitter_card":"summary_large_image","twitter_misc":{"Estimeret l\u00e6setid":"7 minutter"},"schema":{"@context":"https:\/\/schema.org","@graph":[{"@type":"WebPage","@id":"https:\/\/risebogard.com\/anreise-nach-schweden\/","url":"https:\/\/risebogard.com\/anreise-nach-schweden\/","name":"Ankomst til Sverige - Risebo","isPartOf":{"@id":"https:\/\/risebogard.com\/#website"},"primaryImageOfPage":{"@id":"https:\/\/risebogard.com\/anreise-nach-schweden\/#primaryimage"},"image":{"@id":"https:\/\/risebogard.com\/anreise-nach-schweden\/#primaryimage"},"thumbnailUrl":"https:\/\/risebogard.com\/wp-content\/uploads\/2023\/04\/1920px-Zusatzzeichen_1048-17_-_nur_Wohnmobile_StVO_1992.svg_-1024x563.png","datePublished":"2023-04-27T07:10:49+00:00","dateModified":"2025-06-23T21:17:16+00:00","description":"Der er flere bekvemme m\u00e5der at rejse til Sverige p\u00e5. Her er et udvalg af muligheder sammenlignet med andre m\u00e5der at komme til Sverige p\u00e5.","breadcrumb":{"@id":"https:\/\/risebogard.com\/anreise-nach-schweden\/#breadcrumb"},"inLanguage":"da-DK","potentialAction":[{"@type":"ReadAction","target":["https:\/\/risebogard.com\/anreise-nach-schweden\/"]}]},{"@type":"ImageObject","inLanguage":"da-DK","@id":"https:\/\/risebogard.com\/anreise-nach-schweden\/#primaryimage","url":"https:\/\/risebogard.com\/wp-content\/uploads\/2023\/04\/1920px-Zusatzzeichen_1048-17_-_nur_Wohnmobile_StVO_1992.svg_-1024x563.png","contentUrl":"https:\/\/risebogard.com\/wp-content\/uploads\/2023\/04\/1920px-Zusatzzeichen_1048-17_-_nur_Wohnmobile_StVO_1992.svg_-1024x563.png"},{"@type":"BreadcrumbList","@id":"https:\/\/risebogard.com\/anreise-nach-schweden\/#breadcrumb","itemListElement":[{"@type":"ListItem","position":1,"name":"Home","item":"https:\/\/risebogard.com\/"},{"@type":"ListItem","position":2,"name":"Anreise nach Schweden"}]},{"@type":"WebSite","@id":"https:\/\/risebogard.com\/#website","url":"https:\/\/risebogard.com\/","name":"Risebo","description":"Camping, hytter, westernridning, ren natur!","publisher":{"@id":"https:\/\/risebogard.com\/#organization"},"potentialAction":[{"@type":"SearchAction","target":{"@type":"EntryPoint","urlTemplate":"https:\/\/risebogard.com\/?s={search_term_string}"},"query-input":{"@type":"PropertyValueSpecification","valueRequired":true,"valueName":"search_term_string"}}],"inLanguage":"da-DK"},{"@type":"Organization","@id":"https:\/\/risebogard.com\/#organization","name":"Risebo G\u00e5rd","url":"https:\/\/risebogard.com\/","logo":{"@type":"ImageObject","inLanguage":"da-DK","@id":"https:\/\/risebogard.com\/#\/schema\/logo\/image\/","url":"https:\/\/risebogard.com\/wp-content\/uploads\/2022\/01\/risebologo.png","contentUrl":"https:\/\/risebogard.com\/wp-content\/uploads\/2022\/01\/risebologo.png","width":266,"height":100,"caption":"Risebo G\u00e5rd"},"image":{"@id":"https:\/\/risebogard.com\/#\/schema\/logo\/image\/"},"sameAs":["https:\/\/www.facebook.com\/RiseboGard"]}]}},"_links":{"self":[{"href":"https:\/\/risebogard.com\/da\/wp-json\/wp\/v2\/pages\/806","targetHints":{"allow":["GET"]}}],"collection":[{"href":"https:\/\/risebogard.com\/da\/wp-json\/wp\/v2\/pages"}],"about":[{"href":"https:\/\/risebogard.com\/da\/wp-json\/wp\/v2\/types\/page"}],"author":[{"embeddable":true,"href":"https:\/\/risebogard.com\/da\/wp-json\/wp\/v2\/users\/2"}],"replies":[{"embeddable":true,"href":"https:\/\/risebogard.com\/da\/wp-json\/wp\/v2\/comments?post=806"}],"version-history":[{"count":20,"href":"https:\/\/risebogard.com\/da\/wp-json\/wp\/v2\/pages\/806\/revisions"}],"predecessor-version":[{"id":1303,"href":"https:\/\/risebogard.com\/da\/wp-json\/wp\/v2\/pages\/806\/revisions\/1303"}],"wp:attachment":[{"href":"https:\/\/risebogard.com\/da\/wp-json\/wp\/v2\/media?parent=806"}],"curies":[{"name":"wp","href":"https:\/\/api.w.org\/{rel}","templated":true}]}}