{"id":533,"date":"2022-07-10T11:32:30","date_gmt":"2022-07-10T09:32:30","guid":{"rendered":"https:\/\/risebogard.com\/?page_id=533"},"modified":"2025-08-18T16:24:01","modified_gmt":"2025-08-18T14:24:01","slug":"ridning-i-sverige","status":"publish","type":"page","link":"https:\/\/risebogard.com\/da\/reiten-in-schweden\/","title":{"rendered":"Ride"},"content":{"rendered":"<p>Vi tilbyder guidede ridninger for b\u00f8rn og begyndere, samt individuelle ridninger for erfarne ryttere fra 12 \u00e5r p\u00e5 vores islandske heste og nordsvenske heste (westernridning\/ridning). De mange stier p\u00e5 og omkring Risebo giver dig mulighed for at udforske skove og s\u00f8er i det smukke svenske landskab i en afslappet atmosf\u00e6re.<\/p>\n\n\n\n<hr class=\"wp-block-separator has-alpha-channel-opacity\"\/>\n\n\n\n<h2 class=\"wp-block-heading\">Ridning for sm\u00e5b\u00f8rn<\/h2>\n\n\n\n<figure class=\"wp-block-image size-large is-style-default\"><img loading=\"lazy\" decoding=\"async\" width=\"1024\" height=\"768\" src=\"https:\/\/risebogard.com\/wp-content\/uploads\/2022\/07\/KinderPonys-1024x768.jpg\" alt=\"B\u00f8rn med ponyer\" class=\"wp-image-541\" srcset=\"https:\/\/risebogard.com\/wp-content\/uploads\/2022\/07\/KinderPonys-1024x768.jpg 1024w, https:\/\/risebogard.com\/wp-content\/uploads\/2022\/07\/KinderPonys-300x225.jpg 300w, https:\/\/risebogard.com\/wp-content\/uploads\/2022\/07\/KinderPonys-768x576.jpg 768w, https:\/\/risebogard.com\/wp-content\/uploads\/2022\/07\/KinderPonys-1536x1152.jpg 1536w, https:\/\/risebogard.com\/wp-content\/uploads\/2022\/07\/KinderPonys-2048x1536.jpg 2048w\" sizes=\"auto, (max-width: 1024px) 100vw, 1024px\" \/><\/figure>\n\n\n\n<p>Vores mini-Shetland-pony Johnny venter p\u00e5 de sm\u00e5. Med en mankeh\u00f8jde p\u00e5 kun 83 cm og sit blide v\u00e6sen kan b\u00f8rn op til 20 kg f\u00e5 deres f\u00f8rste positive oplevelser med heste. Han kan ogs\u00e5 nemt f\u00f8res og tages med rundt p\u00e5 g\u00e5rden af for\u00e6ldre og b\u00f8rn.<\/p>\n\n\n\n<hr class=\"wp-block-separator has-alpha-channel-opacity\"\/>\n\n\n\n<h2 class=\"wp-block-heading\">Guidet ridning for begyndere<\/h2>\n\n\n\n<figure class=\"wp-block-image size-full\"><img loading=\"lazy\" decoding=\"async\" width=\"1920\" height=\"2560\" src=\"https:\/\/risebogard.com\/wp-content\/uploads\/2023\/07\/Reiten4-scaled.jpg\" alt=\"\" class=\"wp-image-1037\" srcset=\"https:\/\/risebogard.com\/wp-content\/uploads\/2023\/07\/Reiten4-scaled.jpg 1920w, https:\/\/risebogard.com\/wp-content\/uploads\/2023\/07\/Reiten4-225x300.jpg 225w\" sizes=\"auto, (max-width: 1920px) 100vw, 1920px\" \/><\/figure>\n\n\n\n<p>De tre godmodige islandske heste Frodi, Vaufi og Bjalla er perfekte for b\u00f8rn og teenagere. Men voksne kan ogs\u00e5 ride p\u00e5 dem.<\/p>\n\n\n\n<hr class=\"wp-block-separator has-alpha-channel-opacity\"\/>\n\n\n\n<h2 class=\"wp-block-heading\">Ridning for \u00f8vede ryttere<\/h2>\n\n\n\n<figure class=\"wp-block-image size-large is-resized\"><img loading=\"lazy\" decoding=\"async\" width=\"576\" height=\"1024\" src=\"https:\/\/risebogard.com\/wp-content\/uploads\/2025\/08\/Reiten-576x1024.jpeg\" alt=\"\" class=\"wp-image-1325\" style=\"width:797px;height:auto\" srcset=\"https:\/\/risebogard.com\/wp-content\/uploads\/2025\/08\/Reiten-576x1024.jpeg 576w, https:\/\/risebogard.com\/wp-content\/uploads\/2025\/08\/Reiten-169x300.jpeg 169w, https:\/\/risebogard.com\/wp-content\/uploads\/2025\/08\/Reiten-768x1365.jpeg 768w, https:\/\/risebogard.com\/wp-content\/uploads\/2025\/08\/Reiten-864x1536.jpeg 864w, https:\/\/risebogard.com\/wp-content\/uploads\/2025\/08\/Reiten-1152x2048.jpeg 1152w, https:\/\/risebogard.com\/wp-content\/uploads\/2025\/08\/Reiten-7x12.jpeg 7w, https:\/\/risebogard.com\/wp-content\/uploads\/2025\/08\/Reiten-scaled.jpeg 1440w\" sizes=\"auto, (max-width: 576px) 100vw, 576px\" \/><\/figure>\n\n\n\n<p>Guidet western-style ridning for erfarne ryttere fra 12 \u00e5r i det smukke landskab omkring Risebo. <\/p>\n\n\n\n<hr class=\"wp-block-separator has-alpha-channel-opacity\"\/>\n\n\n\n<figure class=\"wp-block-table is-style-stripes\"><table><tbody><tr><td>\ud83d\udc34 <strong>Rideoplevelser 2025 \u2013 For vores g\u00e6ster p\u00e5 Risebo<\/strong><\/td><td><strong>kr.<\/strong><\/td><\/tr><tr><td><strong>Guidede ponyridning<\/strong> \u2013 for b\u00f8rn og begyndere<br>Et rigtigt ponyeventyr! Vi strigler og sadler sammen, og s\u00e5 tager vi afsted \u2013 en afslappet ridetur rundt p\u00e5 g\u00e5rdens grund.<br>Inkluderer hj\u00e6lp til reng\u00f8ring og klarg\u00f8ring.<br>Ogs\u00e5 egnet til voksne uden rideerfaring<br>Omfattende erfaring, herunder hj\u00e6lp til hestepleje mv.<br>Pris pr. rytter<\/td><td>150<\/td><\/tr><tr><td><strong>Ridning p\u00e5 mini-Shetland-ponyen \u201eJohnny\u201c<\/strong> \u2013 det mindste store eventyr<br>Vores lille stjerne &quot;Johnny&quot; venter p\u00e5 modige sm\u00e5 ryttere! For\u00e6ldre er velkomne til selv at f\u00f8re ham, hvis de \u00f8nsker det.<br>Omfattende erfaring, herunder hj\u00e6lp til hestepleje mv.<br>Pris pr. rytter<\/td><td>150<\/td><\/tr><tr><td><strong>\u00c6seltur<\/strong><br>Tag en slentretur med vores to charmerende \u00e6sler p\u00e5 den 2,2 km lange runde g\u00e5rdsti. En afslappende naturoplevelse for b\u00e5de store og sm\u00e5.<br>Ideel til en familieudflugt<br>Pris pr. runde<\/td><td>130<\/td><\/tr><tr><td><strong>\u00c6seltur (med barn i sadlen)<\/strong><br>Et barn m\u00e5 gerne sidde i sadlen, mens I rejser sammen med Is-Ah &amp; Yum-Yum gennem skove og enge.<br>Ideel til yngre b\u00f8rn<br>Naturoplevelse med et h\u00f8jdepunkt for dyr<br>Pris pr. runde<\/td><td>150<\/td><\/tr><tr><td><strong>Western ridetur ca. 1,5 time<\/strong> \u2013 for \u00f8vede ryttere fra 12 \u00e5r og opefter<br>Oplev \u00e6gte cowboyf\u00f8lelse! Guidet ridning i westernstil gennem det smukke landskab omkring Risebo.<br>Guidet tur p\u00e5 sti for erfarne, selvsikre ryttere i sadlen<br>En omfattende, personlig oplevelse, herunder hj\u00e6lp til pleje af hestene osv.<br>Natur, frihed og ren k\u00e6rlighed til heste<br>Forh\u00e5ndstilmelding p\u00e5kr\u00e6vet<br>Pris pr. rytter<\/td><td>720<\/td><\/tr><\/tbody><\/table><\/figure>\n\n\n\n<hr class=\"wp-block-separator has-alpha-channel-opacity\"\/>\n\n\n\n<figure class=\"wp-block-table is-style-stripes\"><table><tbody><tr><td><strong>\ud83d\udc34 Ponyridning for b\u00f8rn \u2013 <strong>Tilbud til dagsbes\u00f8gende 2025<\/strong><\/strong><\/td><td class=\"has-text-align-right\" data-align=\"right\"><strong>kr.<\/strong><\/td><\/tr><tr><td>En s\u00e6rlig oplevelse for sm\u00e5 hesteentusiaster<br>Guidede ponyridning p\u00e5 Risebo-grunden.<br>Ideel til familieudflugter, f\u00f8dselsdagsgrupper eller skoleklasser!<br>Omfattende erfaring, herunder hj\u00e6lp til hestepleje mv.<br>Kun for dagsbes\u00f8gende, forudg\u00e5ende tilmelding er p\u00e5kr\u00e6vet.<br>Tilbuddet g\u00e6lder i lavs\u00e6sonen fra september til midt i juni<br>Arrangementet afholdes med minimum 3 b\u00f8rn.<br>Pris pr. rytter<\/td><td class=\"has-text-align-right\" data-align=\"right\">220<\/td><\/tr><\/tbody><\/table><\/figure>\n\n\n\n<hr class=\"wp-block-separator has-alpha-channel-opacity\"\/>\n\n\n\n<p>Bem\u00e6rk venligst: P\u00e5 grund af faktorer som vejr eller dyrenes helbred kan ridningen blive udskudt med kort varsel eller helt aflyst.<\/p>\n\n\n\n<hr class=\"wp-block-separator has-alpha-channel-opacity\"\/>\n\n\n\n<p><\/p>","protected":false},"excerpt":{"rendered":"<p>Wir bieten gef\u00fchrtes Reiten f\u00fcr Kinder und Anf\u00e4nger sowie freie Ausritte f\u00fcr fortgeschrittene Reiter ab 12 Jahren auf unseren Islandpferden und Nordsvensk (Westernreiten \/ Horsebackriding). Auf den zahlreichen Wegen auf und rund um Risebo lassen sich W\u00e4lder und Seen in der wundersch\u00f6nen Natur Schwedens in entspannter Atmosph\u00e4re erkunden. Reiten f\u00fcr Kleinkinder Auf die Kleinen wartet&#8230;<a class=\"read-more-link button\" href=\"https:\/\/risebogard.com\/da\/reiten-in-schweden\/\">Read more<\/a><\/p>","protected":false},"author":2,"featured_media":538,"parent":0,"menu_order":0,"comment_status":"closed","ping_status":"closed","template":"","meta":{"ngg_post_thumbnail":0,"footnotes":""},"class_list":["post-533","page","type-page","status-publish","has-post-thumbnail","hentry"],"featured_image_src":"https:\/\/risebogard.com\/wp-content\/uploads\/2022\/07\/AusreitenNatur-scaled.jpg","yoast_head":"<!-- This site is optimized with the Yoast SEO plugin v27.5 - https:\/\/yoast.com\/product\/yoast-seo-wordpress\/ -->\n<title>Reiten - Risebo<\/title>\n<meta name=\"description\" content=\"Westernreiten in Schweden! Wir bieten gef\u00fchrtes Reiten f\u00fcr Anf\u00e4nger sowie freie Ausritte f\u00fcr fortgeschrittene Reiter an.\" \/>\n<meta name=\"robots\" content=\"index, follow, max-snippet:-1, max-image-preview:large, max-video-preview:-1\" \/>\n<link rel=\"canonical\" href=\"https:\/\/risebogard.com\/da\/ridning-i-sverige\/\" \/>\n<meta property=\"og:locale\" content=\"da_DK\" \/>\n<meta property=\"og:type\" content=\"article\" \/>\n<meta property=\"og:title\" content=\"Westernreiten in Schweden!\" \/>\n<meta property=\"og:description\" content=\"Westernreiten in Schweden! Wir bieten gef\u00fchrtes Reiten f\u00fcr Anf\u00e4nger sowie freie Ausritte f\u00fcr fortgeschrittene Reiter an.\" \/>\n<meta property=\"og:url\" content=\"https:\/\/risebogard.com\/da\/ridning-i-sverige\/\" \/>\n<meta property=\"og:site_name\" content=\"Risebo\" \/>\n<meta property=\"article:publisher\" content=\"https:\/\/www.facebook.com\/RiseboGard\" \/>\n<meta property=\"article:modified_time\" content=\"2025-08-18T14:24:01+00:00\" \/>\n<meta property=\"og:image\" content=\"https:\/\/risebogard.com\/wp-content\/uploads\/2022\/07\/AusreitenNatur-scaled.jpg\" \/>\n\t<meta property=\"og:image:width\" content=\"2560\" \/>\n\t<meta property=\"og:image:height\" content=\"1920\" \/>\n\t<meta property=\"og:image:type\" content=\"image\/jpeg\" \/>\n<meta name=\"twitter:card\" content=\"summary_large_image\" \/>\n<meta name=\"twitter:title\" content=\"Westernreiten in Schweden!\" \/>\n<meta name=\"twitter:description\" content=\"Westernreiten in Schweden! Wir bieten gef\u00fchrtes Reiten f\u00fcr Anf\u00e4nger sowie freie Ausritte f\u00fcr fortgeschrittene Reiter an.\" \/>\n<meta name=\"twitter:image\" content=\"https:\/\/risebogard.com\/wp-content\/uploads\/2022\/07\/AusreitenNatur-scaled.jpg\" \/>\n<meta name=\"twitter:label1\" content=\"Estimeret l\u00e6setid\" \/>\n\t<meta name=\"twitter:data1\" content=\"4 minutter\" \/>\n<script type=\"application\/ld+json\" class=\"yoast-schema-graph\">{\"@context\":\"https:\\\/\\\/schema.org\",\"@graph\":[{\"@type\":\"WebPage\",\"@id\":\"https:\\\/\\\/risebogard.com\\\/reiten-in-schweden\\\/\",\"url\":\"https:\\\/\\\/risebogard.com\\\/reiten-in-schweden\\\/\",\"name\":\"Reiten - Risebo\",\"isPartOf\":{\"@id\":\"https:\\\/\\\/risebogard.com\\\/#website\"},\"primaryImageOfPage\":{\"@id\":\"https:\\\/\\\/risebogard.com\\\/reiten-in-schweden\\\/#primaryimage\"},\"image\":{\"@id\":\"https:\\\/\\\/risebogard.com\\\/reiten-in-schweden\\\/#primaryimage\"},\"thumbnailUrl\":\"https:\\\/\\\/risebogard.com\\\/wp-content\\\/uploads\\\/2022\\\/07\\\/AusreitenNatur-scaled.jpg\",\"datePublished\":\"2022-07-10T09:32:30+00:00\",\"dateModified\":\"2025-08-18T14:24:01+00:00\",\"description\":\"Westernreiten in Schweden! Wir bieten gef\u00fchrtes Reiten f\u00fcr Anf\u00e4nger sowie freie Ausritte f\u00fcr fortgeschrittene Reiter an.\",\"breadcrumb\":{\"@id\":\"https:\\\/\\\/risebogard.com\\\/reiten-in-schweden\\\/#breadcrumb\"},\"inLanguage\":\"da-DK\",\"potentialAction\":[{\"@type\":\"ReadAction\",\"target\":[\"https:\\\/\\\/risebogard.com\\\/reiten-in-schweden\\\/\"]}]},{\"@type\":\"ImageObject\",\"inLanguage\":\"da-DK\",\"@id\":\"https:\\\/\\\/risebogard.com\\\/reiten-in-schweden\\\/#primaryimage\",\"url\":\"https:\\\/\\\/risebogard.com\\\/wp-content\\\/uploads\\\/2022\\\/07\\\/AusreitenNatur-scaled.jpg\",\"contentUrl\":\"https:\\\/\\\/risebogard.com\\\/wp-content\\\/uploads\\\/2022\\\/07\\\/AusreitenNatur-scaled.jpg\",\"width\":2560,\"height\":1920,\"caption\":\"gef\u00fchrte Pferde mit Kindern\"},{\"@type\":\"BreadcrumbList\",\"@id\":\"https:\\\/\\\/risebogard.com\\\/reiten-in-schweden\\\/#breadcrumb\",\"itemListElement\":[{\"@type\":\"ListItem\",\"position\":1,\"name\":\"Home\",\"item\":\"https:\\\/\\\/risebogard.com\\\/\"},{\"@type\":\"ListItem\",\"position\":2,\"name\":\"Reiten\"}]},{\"@type\":\"WebSite\",\"@id\":\"https:\\\/\\\/risebogard.com\\\/#website\",\"url\":\"https:\\\/\\\/risebogard.com\\\/\",\"name\":\"Risebo\",\"description\":\"Camping, H\u00fctten, Westernreiten, Natur pur!\",\"publisher\":{\"@id\":\"https:\\\/\\\/risebogard.com\\\/#organization\"},\"potentialAction\":[{\"@type\":\"SearchAction\",\"target\":{\"@type\":\"EntryPoint\",\"urlTemplate\":\"https:\\\/\\\/risebogard.com\\\/?s={search_term_string}\"},\"query-input\":{\"@type\":\"PropertyValueSpecification\",\"valueRequired\":true,\"valueName\":\"search_term_string\"}}],\"inLanguage\":\"da-DK\"},{\"@type\":\"Organization\",\"@id\":\"https:\\\/\\\/risebogard.com\\\/#organization\",\"name\":\"Risebo G\u00e5rd\",\"url\":\"https:\\\/\\\/risebogard.com\\\/\",\"logo\":{\"@type\":\"ImageObject\",\"inLanguage\":\"da-DK\",\"@id\":\"https:\\\/\\\/risebogard.com\\\/#\\\/schema\\\/logo\\\/image\\\/\",\"url\":\"https:\\\/\\\/risebogard.com\\\/wp-content\\\/uploads\\\/2022\\\/01\\\/risebologo.png\",\"contentUrl\":\"https:\\\/\\\/risebogard.com\\\/wp-content\\\/uploads\\\/2022\\\/01\\\/risebologo.png\",\"width\":266,\"height\":100,\"caption\":\"Risebo G\u00e5rd\"},\"image\":{\"@id\":\"https:\\\/\\\/risebogard.com\\\/#\\\/schema\\\/logo\\\/image\\\/\"},\"sameAs\":[\"https:\\\/\\\/www.facebook.com\\\/RiseboGard\"]}]}<\/script>\n<!-- \/ Yoast SEO plugin. -->","yoast_head_json":{"title":"Ridning - Risebo","description":"Westernridning i Sverige! Vi tilbyder guidet ridning for begyndere samt individuelle ture p\u00e5 stier for \u00f8vede ryttere.","robots":{"index":"index","follow":"follow","max-snippet":"max-snippet:-1","max-image-preview":"max-image-preview:large","max-video-preview":"max-video-preview:-1"},"canonical":"https:\/\/risebogard.com\/da\/ridning-i-sverige\/","og_locale":"da_DK","og_type":"article","og_title":"Westernreiten in Schweden!","og_description":"Westernreiten in Schweden! Wir bieten gef\u00fchrtes Reiten f\u00fcr Anf\u00e4nger sowie freie Ausritte f\u00fcr fortgeschrittene Reiter an.","og_url":"https:\/\/risebogard.com\/da\/ridning-i-sverige\/","og_site_name":"Risebo","article_publisher":"https:\/\/www.facebook.com\/RiseboGard","article_modified_time":"2025-08-18T14:24:01+00:00","og_image":[{"width":2560,"height":1920,"url":"https:\/\/risebogard.com\/wp-content\/uploads\/2022\/07\/AusreitenNatur-scaled.jpg","type":"image\/jpeg"}],"twitter_card":"summary_large_image","twitter_title":"Westernreiten in Schweden!","twitter_description":"Westernreiten in Schweden! Wir bieten gef\u00fchrtes Reiten f\u00fcr Anf\u00e4nger sowie freie Ausritte f\u00fcr fortgeschrittene Reiter an.","twitter_image":"https:\/\/risebogard.com\/wp-content\/uploads\/2022\/07\/AusreitenNatur-scaled.jpg","twitter_misc":{"Estimeret l\u00e6setid":"4 minutter"},"schema":{"@context":"https:\/\/schema.org","@graph":[{"@type":"WebPage","@id":"https:\/\/risebogard.com\/reiten-in-schweden\/","url":"https:\/\/risebogard.com\/reiten-in-schweden\/","name":"Ridning - Risebo","isPartOf":{"@id":"https:\/\/risebogard.com\/#website"},"primaryImageOfPage":{"@id":"https:\/\/risebogard.com\/reiten-in-schweden\/#primaryimage"},"image":{"@id":"https:\/\/risebogard.com\/reiten-in-schweden\/#primaryimage"},"thumbnailUrl":"https:\/\/risebogard.com\/wp-content\/uploads\/2022\/07\/AusreitenNatur-scaled.jpg","datePublished":"2022-07-10T09:32:30+00:00","dateModified":"2025-08-18T14:24:01+00:00","description":"Westernridning i Sverige! Vi tilbyder guidet ridning for begyndere samt individuelle ture p\u00e5 stier for \u00f8vede ryttere.","breadcrumb":{"@id":"https:\/\/risebogard.com\/reiten-in-schweden\/#breadcrumb"},"inLanguage":"da-DK","potentialAction":[{"@type":"ReadAction","target":["https:\/\/risebogard.com\/reiten-in-schweden\/"]}]},{"@type":"ImageObject","inLanguage":"da-DK","@id":"https:\/\/risebogard.com\/reiten-in-schweden\/#primaryimage","url":"https:\/\/risebogard.com\/wp-content\/uploads\/2022\/07\/AusreitenNatur-scaled.jpg","contentUrl":"https:\/\/risebogard.com\/wp-content\/uploads\/2022\/07\/AusreitenNatur-scaled.jpg","width":2560,"height":1920,"caption":"gef\u00fchrte Pferde mit Kindern"},{"@type":"BreadcrumbList","@id":"https:\/\/risebogard.com\/reiten-in-schweden\/#breadcrumb","itemListElement":[{"@type":"ListItem","position":1,"name":"Home","item":"https:\/\/risebogard.com\/"},{"@type":"ListItem","position":2,"name":"Reiten"}]},{"@type":"WebSite","@id":"https:\/\/risebogard.com\/#website","url":"https:\/\/risebogard.com\/","name":"Risebo","description":"Camping, hytter, westernridning, ren natur!","publisher":{"@id":"https:\/\/risebogard.com\/#organization"},"potentialAction":[{"@type":"SearchAction","target":{"@type":"EntryPoint","urlTemplate":"https:\/\/risebogard.com\/?s={search_term_string}"},"query-input":{"@type":"PropertyValueSpecification","valueRequired":true,"valueName":"search_term_string"}}],"inLanguage":"da-DK"},{"@type":"Organization","@id":"https:\/\/risebogard.com\/#organization","name":"Risebo G\u00e5rd","url":"https:\/\/risebogard.com\/","logo":{"@type":"ImageObject","inLanguage":"da-DK","@id":"https:\/\/risebogard.com\/#\/schema\/logo\/image\/","url":"https:\/\/risebogard.com\/wp-content\/uploads\/2022\/01\/risebologo.png","contentUrl":"https:\/\/risebogard.com\/wp-content\/uploads\/2022\/01\/risebologo.png","width":266,"height":100,"caption":"Risebo G\u00e5rd"},"image":{"@id":"https:\/\/risebogard.com\/#\/schema\/logo\/image\/"},"sameAs":["https:\/\/www.facebook.com\/RiseboGard"]}]}},"_links":{"self":[{"href":"https:\/\/risebogard.com\/da\/wp-json\/wp\/v2\/pages\/533","targetHints":{"allow":["GET"]}}],"collection":[{"href":"https:\/\/risebogard.com\/da\/wp-json\/wp\/v2\/pages"}],"about":[{"href":"https:\/\/risebogard.com\/da\/wp-json\/wp\/v2\/types\/page"}],"author":[{"embeddable":true,"href":"https:\/\/risebogard.com\/da\/wp-json\/wp\/v2\/users\/2"}],"replies":[{"embeddable":true,"href":"https:\/\/risebogard.com\/da\/wp-json\/wp\/v2\/comments?post=533"}],"version-history":[{"count":44,"href":"https:\/\/risebogard.com\/da\/wp-json\/wp\/v2\/pages\/533\/revisions"}],"predecessor-version":[{"id":1328,"href":"https:\/\/risebogard.com\/da\/wp-json\/wp\/v2\/pages\/533\/revisions\/1328"}],"wp:featuredmedia":[{"embeddable":true,"href":"https:\/\/risebogard.com\/da\/wp-json\/wp\/v2\/media\/538"}],"wp:attachment":[{"href":"https:\/\/risebogard.com\/da\/wp-json\/wp\/v2\/media?parent=533"}],"curies":[{"name":"wp","href":"https:\/\/api.w.org\/{rel}","templated":true}]}}