{"id":378,"date":"2022-05-27T12:23:55","date_gmt":"2022-05-27T10:23:55","guid":{"rendered":"https:\/\/risebogard.com\/cookie-richtlinie-eu\/"},"modified":"2022-06-22T14:35:54","modified_gmt":"2022-06-22T12:35:54","slug":"cookiepolitik-eu","status":"publish","type":"page","link":"https:\/\/risebogard.com\/da\/cookie-richtlinie-eu\/","title":{"rendered":"Cookiepolitik (EU)"},"content":{"rendered":"<!-- Legal document generated by Complianz | GDPR\/CCPA Cookie Consent https:\/\/wordpress.org\/plugins\/complianz-gdpr -->\n<div id=\"cmplz-document\" class=\"cmplz-document cookie-statement cmplz-document-eu\"><p><i>Denne cookiepolitik blev sidst opdateret marts 16, 2025 og g\u00e6lder borgere i Det Europ\u00e6iske \u00d8konomiske Samarbejdsomr\u00e5de.<\/i><br><\/p><h2>1. Introduktion<\/h2><p>Vores hjemmeside, <a href=\"https:\/\/risebogard.com\/da\">https:\/\/risebogard.com\/da<\/a> (f\u00f8lgende: \u201ewebstedet\u201c) omfatter cookies og andre relaterede teknologier (for dem, der ikke er interesserede i alle teknologiske \u201ecookies\u201c). Cookies placeres i den tredje del, vi har engageret. Jeg dokumenterer disse oplysninger om brugen af \u200b\u200bcookies p\u00e5 webstedet.<\/p><h2>2. Hvad er cookies?<\/h2><p>En cookie skrives i en lille tekstfil, som sendes sammen med siderne p\u00e5 nettet, og dermed gemmes den i browseren p\u00e5 computeren eller forkortes. Oplysninger i cookies kan sendes til de relevante servere, kun for dig.<\/p><h2>3. Hvad er manuskripterne?<\/h2><p>Et script er et stub kode, g\u00f8r, p\u00e5 vores hjemmeside fungerer bestillingsm\u00e6ssigt og som forventet. Koden er tilg\u00e6ngelig for serverne eller til serveren.<\/p><h2>4. Hvad er en web-beacon?<\/h2><p>Et web beacon (eller pixel tag) er i lille tekst eller billede p\u00e5 et websted, broerne til over\u00e5ge trafficken p\u00e5 webstedet. For at g\u00f8re det, bliver der gemt forskellige data om dig i web beacons.<\/p><h2>5. Cookies <\/h2><p class=\"cmplz-subtitle\">5.1 Tekniske og funktionelle cookies<\/p><p>Nogle cookies sikrer, at visse dele af hjemmesiden fungerer korrekt, og at dine brugerpr\u00e6ferencer forbliver kendte. Ved at placere funktionelle cookies g\u00f8r vi det lettere for dig at bes\u00f8ge vores websted. Er du tr\u00e6t, vil du p\u00e5 samme m\u00e5de kunne styre trykket p\u00e5 apparatet, s\u00e5 du kan se nettet, og fx for branden i indk\u00f8bskurv, s\u00e5 du skal betale. Du kan placere disse cookies p\u00e5 samme m\u00e5de.<\/p><p class=\"cmplz-subtitle\">5.2 Analysecookies<\/p><p>Vi bruger analytiske cookies til at optimere hjemmesideoplevelsen for vores brugere. Disse analytiske cookies bruges til informationsform\u00e5l og bruges p\u00e5 nettet. Vi beder din tilladelse til at placere analytiske cookies.<\/p><p class=\"cmplz-subtitle\">5.3 Markedsf\u00f8rings-\/sporingscookies<\/p><p>Marketing-\/sportscookies findes ogs\u00e5 i form af lokal datalagring, s\u00e5ledes at dataene gemmes p\u00e5 profileren ved hj\u00e6lp af annoncering p\u00e5 de efterf\u00f8lgende sider p\u00e5 nettet eller p\u00e5 tv p\u00e5 nettet med lignende markedsf\u00f8ringsform\u00e5l.<\/p><p class=\"cmplz-subtitle\">5.4 Sociale medier<\/p><p>P\u00e5 vores websted har vi inkluderet indhold fra Facebook, WhatsApp og Instagram for at promovere websider (f.eks. &#8222;like&#8220;, &#8222;pin&#8220;) eller dele (f.eks. &#8222;tweet&#8220;) p\u00e5 sociale netv\u00e6rk som Facebook, WhatsApp og Instagram. Dette indhold er indlejret med kode fra Facebook, WhatsApp og Instagram og placerer cookies. Dette indhold kan gemme og behandle visse oplysninger til personlig annoncering.<\/p><p>L\u00e6s fortrolighedserkl\u00e6ringen p\u00e5 de sociale netv\u00e6rk (som kan \u00e6ndres regelm\u00e6ssigt) for at l\u00e6se, hvad de g\u00f8r med dine (personlige) data, som de behandler ved hj\u00e6lp af disse cookies. De data, der hentes, anonymiseres s\u00e5 meget som muligt. Facebook, WhatsApp og Instagram befinder sig i USA.<\/p><h2>6. Placerede cookies<\/h2><div id=\"cmplz-cookies-overview\"><\/div><h2>7. Samstykke<\/h2><p>Hvis du \u00f8nsker at v\u00e6re webbaseret for f\u00f8rste gang, kan du se en pop op-boks med cookies, der skal slettes. Du kan klikke p\u00e5 &quot;Gem indstillinger&quot; for at acceptere muligheden for cookies og plugins i pop op-funktionerne, som beskrevet i cookiepolitikken. Du kan deaktivere cookies via din browser, men du skal v\u00e6re opm\u00e6rksom p\u00e5, at browseren stadig fungerer korrekt i en l\u00e6ngere periode.<\/p><p class=\"cmplz-subtitle\">7.1 Administrator dine samtykkeindstillinger<\/p><div id=\"cmplz-manage-consent-container-nojavascript\">Du har indl\u00e6st cookiepolitikken uden javascript-underst\u00f8ttelse.&nbsp;P\u00e5 AMP kan du bruge knappen Administrer samtykke nederst p\u00e5 siden.<\/div><div id=\"cmplz-manage-consent-container\" name=\"cmplz-manage-consent-container\" class=\"cmplz-manage-consent-container\"><\/div><h2>8. Aktivering\/deaktivering og aktivering af cookies<\/h2><p>Du kan bruge internetbrowseren til automatisk eller manuelt at indstille cookies. Du kan ogs\u00e5 f\u00e5 mere specifikke oplysninger om cookies forskellige steder. Og n\u00e5r det er tilf\u00f8jet til din internetbrowser, kan du se mod og anmodning, og det vil g\u00e5 til cookie-steder. For mere information om disse indstillinger, disse instruktioner er i Hj\u00e6lp-afsnittet i browseren.<\/p><p>Bem\u00e6rk, i tidligere hjemmeside fungerer muligvis ikke korrekt, hvis alle cookies han deaktiverede. Hvis du sletter cookies i din browser, placeres de igen efter dit samtykke, n\u00e5r du bes\u00f8ger vores hjemmeside.<\/p><h2>9. Dine rettigheder med hensyn til personlige data<\/h2><p>Du har f\u00f8lgende oplysninger sammen med dine personoplysninger:<\/p><ul>\n                    <li>Du skal vente, indtil du ser, at dine personlige data er n\u00f8dvendige, og at billedets l\u00e6ngde er tilg\u00e6ngelig.<\/li>\n                    <li>Ret til adgang: Du skal ret til at f\u00e5 adgang til dine personlige data, som han kender til os.<\/li>\n                    <li>Ret til rettelse: Du skal ret til at supplere, gemme, slette eller blokere dine personlige data. Kun du kan se dem.<\/li>\n                    <li>Hvis du giver os dette samtykke til at behandle dine data, har du ret til at tilbagekalde samtykke og til at slette dine personlige data.<\/li>\n                    <li>Ret til at overf\u00f8re dine data: Du skal ret til at anmode om alle dine personlige data for behandlingsresponsen og overf\u00f8re dem i sin hed til en anden behandlingsrespons.<\/li>\n                    <li>Ret til indsigelse: du kan f\u00e5 indsigelse mod behandling p\u00e5 dine data. Vi efterkommer thette, uden \u00e5rsagerne til behandlingen.<\/li>\n                <\/ul><p>Kontakt os for at ud\u00f8ve disse rettigheder. Der er ingen kontaktoplysninger i vores cookiepolitik. Hvis du har en sag i gang, skal du udlevere dine data. Du vil med gl\u00e6de h\u00f8re sp\u00f8rgsm\u00e5lene, du vil ogs\u00e5 blive sendt tilbage og sendt i en retssag til tilsynsmyndigheden (Datatilsynet).<\/p><h2>10. Kontaktoplysninger<\/h2><p>Kontakt er tilg\u00e6ngelig via f\u00f8lgende kontaktoplysninger og information og\/eller kommentarer til cookiepolitikken og forklaringen:<\/p><p><span class=\"cmplz-contact-organisation\">Risebo G\u00e5rd AB<\/span><br>\n                      <span class=\"cmplz-contact-address\">Risebo G\u00e5rd<br \/>\n594 92 Gamleby<\/span><br>\n                      <span class=\"cmplz-contact-country\">Sverige<\/span><br>\n                      <span class=\"cmplz-contact-domain\">Hjemmeside: <a href=\"https:\/\/risebogard.com\/da\">https:\/\/risebogard.com\/da<\/a><\/span><br>\n                      <span class=\"cmplz-contact-email\">E-mail: <span class=\"cmplz-obfuscate\">&#119;&#101;&#098;&#109;&#097;&#115;&#116;er@<span class=\"cmplz-fmail-domain\">e&#120;.&#099;om<\/span>r&#105;s&#101;&#098;&#111;&#103;&#097;rd.&#099;&#111;&#109;<\/span><\/span><br>\n                    <span class=\"cmplz-contact-telephone\">Telefonnummer +46701658020<\/span><\/p><p>Cookiepolitikken er synkroniseret med med <a href=\"https:\/\/cookiedatabase.org\/\" target=\"_blank\">cookiedatabase.org<\/a> p\u00e5 maj 3, 2024.<\/p><\/div>","protected":false},"excerpt":{"rendered":"","protected":false},"author":2,"featured_media":0,"parent":0,"menu_order":0,"comment_status":"closed","ping_status":"closed","template":"","meta":{"ngg_post_thumbnail":0,"footnotes":""},"class_list":["post-378","page","type-page","status-publish","hentry"],"featured_image_src":null,"yoast_head":"<!-- This site is optimized with the Yoast SEO plugin v27.4 - https:\/\/yoast.com\/product\/yoast-seo-wordpress\/ -->\n<title>Cookie-Richtlinie (EU) - Risebo<\/title>\n<meta name=\"robots\" content=\"index, follow, max-snippet:-1, max-image-preview:large, max-video-preview:-1\" \/>\n<link rel=\"canonical\" href=\"https:\/\/risebogard.com\/da\/cookiepolitik-eu\/\" \/>\n<meta property=\"og:locale\" content=\"da_DK\" \/>\n<meta property=\"og:type\" content=\"article\" \/>\n<meta property=\"og:title\" content=\"Cookie-Richtlinie (EU) - Risebo\" \/>\n<meta property=\"og:url\" content=\"https:\/\/risebogard.com\/da\/cookiepolitik-eu\/\" \/>\n<meta property=\"og:site_name\" content=\"Risebo\" \/>\n<meta property=\"article:publisher\" content=\"https:\/\/www.facebook.com\/RiseboGard\" \/>\n<meta property=\"article:modified_time\" content=\"2022-06-22T12:35:54+00:00\" \/>\n<meta name=\"twitter:card\" content=\"summary_large_image\" \/>\n<script type=\"application\/ld+json\" class=\"yoast-schema-graph\">{\"@context\":\"https:\\\/\\\/schema.org\",\"@graph\":[{\"@type\":\"WebPage\",\"@id\":\"https:\\\/\\\/risebogard.com\\\/cookie-richtlinie-eu\\\/\",\"url\":\"https:\\\/\\\/risebogard.com\\\/cookie-richtlinie-eu\\\/\",\"name\":\"Cookie-Richtlinie (EU) - Risebo\",\"isPartOf\":{\"@id\":\"https:\\\/\\\/risebogard.com\\\/#website\"},\"datePublished\":\"2022-05-27T10:23:55+00:00\",\"dateModified\":\"2022-06-22T12:35:54+00:00\",\"breadcrumb\":{\"@id\":\"https:\\\/\\\/risebogard.com\\\/cookie-richtlinie-eu\\\/#breadcrumb\"},\"inLanguage\":\"da-DK\",\"potentialAction\":[{\"@type\":\"ReadAction\",\"target\":[\"https:\\\/\\\/risebogard.com\\\/cookie-richtlinie-eu\\\/\"]}]},{\"@type\":\"BreadcrumbList\",\"@id\":\"https:\\\/\\\/risebogard.com\\\/cookie-richtlinie-eu\\\/#breadcrumb\",\"itemListElement\":[{\"@type\":\"ListItem\",\"position\":1,\"name\":\"Home\",\"item\":\"https:\\\/\\\/risebogard.com\\\/\"},{\"@type\":\"ListItem\",\"position\":2,\"name\":\"Cookie-Richtlinie (EU)\"}]},{\"@type\":\"WebSite\",\"@id\":\"https:\\\/\\\/risebogard.com\\\/#website\",\"url\":\"https:\\\/\\\/risebogard.com\\\/\",\"name\":\"Risebo\",\"description\":\"Camping, H\u00fctten, Westernreiten, Natur pur!\",\"publisher\":{\"@id\":\"https:\\\/\\\/risebogard.com\\\/#organization\"},\"potentialAction\":[{\"@type\":\"SearchAction\",\"target\":{\"@type\":\"EntryPoint\",\"urlTemplate\":\"https:\\\/\\\/risebogard.com\\\/?s={search_term_string}\"},\"query-input\":{\"@type\":\"PropertyValueSpecification\",\"valueRequired\":true,\"valueName\":\"search_term_string\"}}],\"inLanguage\":\"da-DK\"},{\"@type\":\"Organization\",\"@id\":\"https:\\\/\\\/risebogard.com\\\/#organization\",\"name\":\"Risebo G\u00e5rd\",\"url\":\"https:\\\/\\\/risebogard.com\\\/\",\"logo\":{\"@type\":\"ImageObject\",\"inLanguage\":\"da-DK\",\"@id\":\"https:\\\/\\\/risebogard.com\\\/#\\\/schema\\\/logo\\\/image\\\/\",\"url\":\"https:\\\/\\\/risebogard.com\\\/wp-content\\\/uploads\\\/2022\\\/01\\\/risebologo.png\",\"contentUrl\":\"https:\\\/\\\/risebogard.com\\\/wp-content\\\/uploads\\\/2022\\\/01\\\/risebologo.png\",\"width\":266,\"height\":100,\"caption\":\"Risebo G\u00e5rd\"},\"image\":{\"@id\":\"https:\\\/\\\/risebogard.com\\\/#\\\/schema\\\/logo\\\/image\\\/\"},\"sameAs\":[\"https:\\\/\\\/www.facebook.com\\\/RiseboGard\"]}]}<\/script>\n<!-- \/ Yoast SEO plugin. -->","yoast_head_json":{"title":"Cookiepolitik (EU) - Risebo","robots":{"index":"index","follow":"follow","max-snippet":"max-snippet:-1","max-image-preview":"max-image-preview:large","max-video-preview":"max-video-preview:-1"},"canonical":"https:\/\/risebogard.com\/da\/cookiepolitik-eu\/","og_locale":"da_DK","og_type":"article","og_title":"Cookie-Richtlinie (EU) - Risebo","og_url":"https:\/\/risebogard.com\/da\/cookiepolitik-eu\/","og_site_name":"Risebo","article_publisher":"https:\/\/www.facebook.com\/RiseboGard","article_modified_time":"2022-06-22T12:35:54+00:00","twitter_card":"summary_large_image","schema":{"@context":"https:\/\/schema.org","@graph":[{"@type":"WebPage","@id":"https:\/\/risebogard.com\/cookie-richtlinie-eu\/","url":"https:\/\/risebogard.com\/cookie-richtlinie-eu\/","name":"Cookiepolitik (EU) - Risebo","isPartOf":{"@id":"https:\/\/risebogard.com\/#website"},"datePublished":"2022-05-27T10:23:55+00:00","dateModified":"2022-06-22T12:35:54+00:00","breadcrumb":{"@id":"https:\/\/risebogard.com\/cookie-richtlinie-eu\/#breadcrumb"},"inLanguage":"da-DK","potentialAction":[{"@type":"ReadAction","target":["https:\/\/risebogard.com\/cookie-richtlinie-eu\/"]}]},{"@type":"BreadcrumbList","@id":"https:\/\/risebogard.com\/cookie-richtlinie-eu\/#breadcrumb","itemListElement":[{"@type":"ListItem","position":1,"name":"Home","item":"https:\/\/risebogard.com\/"},{"@type":"ListItem","position":2,"name":"Cookie-Richtlinie (EU)"}]},{"@type":"WebSite","@id":"https:\/\/risebogard.com\/#website","url":"https:\/\/risebogard.com\/","name":"Risebo","description":"Camping, hytter, westernridning, ren natur!","publisher":{"@id":"https:\/\/risebogard.com\/#organization"},"potentialAction":[{"@type":"SearchAction","target":{"@type":"EntryPoint","urlTemplate":"https:\/\/risebogard.com\/?s={search_term_string}"},"query-input":{"@type":"PropertyValueSpecification","valueRequired":true,"valueName":"search_term_string"}}],"inLanguage":"da-DK"},{"@type":"Organization","@id":"https:\/\/risebogard.com\/#organization","name":"Risebo G\u00e5rd","url":"https:\/\/risebogard.com\/","logo":{"@type":"ImageObject","inLanguage":"da-DK","@id":"https:\/\/risebogard.com\/#\/schema\/logo\/image\/","url":"https:\/\/risebogard.com\/wp-content\/uploads\/2022\/01\/risebologo.png","contentUrl":"https:\/\/risebogard.com\/wp-content\/uploads\/2022\/01\/risebologo.png","width":266,"height":100,"caption":"Risebo G\u00e5rd"},"image":{"@id":"https:\/\/risebogard.com\/#\/schema\/logo\/image\/"},"sameAs":["https:\/\/www.facebook.com\/RiseboGard"]}]}},"_links":{"self":[{"href":"https:\/\/risebogard.com\/da\/wp-json\/wp\/v2\/pages\/378","targetHints":{"allow":["GET"]}}],"collection":[{"href":"https:\/\/risebogard.com\/da\/wp-json\/wp\/v2\/pages"}],"about":[{"href":"https:\/\/risebogard.com\/da\/wp-json\/wp\/v2\/types\/page"}],"author":[{"embeddable":true,"href":"https:\/\/risebogard.com\/da\/wp-json\/wp\/v2\/users\/2"}],"replies":[{"embeddable":true,"href":"https:\/\/risebogard.com\/da\/wp-json\/wp\/v2\/comments?post=378"}],"version-history":[{"count":3,"href":"https:\/\/risebogard.com\/da\/wp-json\/wp\/v2\/pages\/378\/revisions"}],"predecessor-version":[{"id":1167,"href":"https:\/\/risebogard.com\/da\/wp-json\/wp\/v2\/pages\/378\/revisions\/1167"}],"wp:attachment":[{"href":"https:\/\/risebogard.com\/da\/wp-json\/wp\/v2\/media?parent=378"}],"curies":[{"name":"wp","href":"https:\/\/api.w.org\/{rel}","templated":true}]}}