{"id":347,"date":"2022-05-22T13:58:21","date_gmt":"2022-05-22T11:58:21","guid":{"rendered":"https:\/\/risebogard.com\/?page_id=347"},"modified":"2025-06-17T21:18:45","modified_gmt":"2025-06-17T19:18:45","slug":"aktiviteter-omkring-risebo","status":"publish","type":"page","link":"https:\/\/risebogard.com\/da\/aktivitaeten-rund-um-risebo\/","title":{"rendered":"Aktiviteter"},"content":{"rendered":"<p>Vi \u00f8nsker, at du skal f\u00f8le dig godt tilpas hos os. Risebo er det perfekte sted at undslippe hverdagens stress og glemme alle dine bekymringer i naturen. B\u00f8rn kan underholde sig selv i timevis p\u00e5 Risebo, hvilket giver dig tiltr\u00e6ngt tid til at slappe af og koble fra.<br>Men der er ogs\u00e5 masser af aktiviteter p\u00e5 og omkring Risebo, is\u00e6r for aktive mennesker. Her er en oversigt.<\/p>\n\n\n\n<hr class=\"wp-block-separator has-css-opacity\"\/>\n\n\n\n<h2 class=\"wp-block-heading\">Aktiviteter p\u00e5 Risebo<\/h2>\n\n\n\n<h3 class=\"wp-block-heading\">For b\u00f8rn:<\/h3>\n\n\n\n<ul class=\"wp-block-list\">\n<li>Hestepleje og ponyridning (led)<\/li>\n\n\n\n<li>Sm\u00e5 dyr og k\u00e6ledyr s\u00e5som kaniner, marsvin, hunde, katte<\/li>\n\n\n\n<li>Bordtennis, basketball, trampolin og andre udend\u00f8rsspil<\/li>\n\n\n\n<li>Pedalbiler og andet leget\u00f8j<\/li>\n\n\n\n<li>Stort omr\u00e5de med en b\u00e6k, broer og masser af natur at udforske, gemme sig og lege i.<\/li>\n\n\n\n<li>Hj\u00e6lp til p\u00e5 g\u00e5rden: Der er altid noget at lave \ud83d\ude42<\/li>\n<\/ul>\n\n\n\n<h3 class=\"wp-block-heading\">For voksne:<\/h3>\n\n\n\n<ul class=\"wp-block-list\">\n<li>Ridning (westernridning) i fantastiske naturlige omgivelser p\u00e5 vores islandske og nordsvenske heste<\/li>\n\n\n\n<li>En behagelig spadseretur p\u00e5 grunden med piletr\u00e6er, tr\u00e6er, en b\u00e6k, en d\u00e6mning og broer.<\/li>\n\n\n\n<li>14 kilometer vandrestier, som vi vedligeholder omkring Risebo, i smukke naturomgivelser gennem skove, enge og ved s\u00f8er.<\/li>\n\n\n\n<li>Mange flere stier i omr\u00e5det<\/li>\n\n\n\n<li>To grillpladser, den ene med tag og b\u00e6nke til cirka 20-30 personer.<\/li>\n\n\n\n<li>Bordtennis, basketball, trampolin og andre udend\u00f8rsspil<\/li>\n\n\n\n<li>Lounge\/Konferencerum<\/li>\n\n\n\n<li>Hj\u00e6lp til p\u00e5 g\u00e5rden: Der er altid noget at lave \ud83d\ude42<\/li>\n<\/ul>\n\n\n\n<hr class=\"wp-block-separator has-css-opacity\"\/>\n\n\n\n<h2 class=\"wp-block-heading\">Aktiviteter omkring Risebo<\/h2>\n\n\n\n<figure class=\"wp-block-table is-style-stripes\"><table><tbody><tr><td>Hvad<\/td><td>Beliggenhed<\/td><td>Afstand i minutter<\/td><td><\/td><td>Hjemmeside<\/td><\/tr><tr><td>Vandretur<\/td><td>Risebo<\/td><td>0<\/td><td><\/td><td>Risebo vandrekort til download: <a href=\"https:\/\/risebogard.com\/public\/RiseboVandringsleder.pdf\">https:\/\/risebogard.com\/public\/RiseboVandringsleder.pdf<\/a><br><br>Kort over vandrestier (OpenStreetMap): <a href=\"https:\/\/osm.org\/go\/0Y5qSQto--\" target=\"_blank\" rel=\"noreferrer noopener nofollow\">https:\/\/osm.org\/go\/0Y5qSQto&#8211;<\/a><\/td><\/tr><tr><td>Cykel-\/mountainbiketure<\/td><td>Risebo<\/td><td>0<\/td><td><\/td><td>Cykeludlejning p\u00e5 stedet<br><a href=\"https:\/\/risebogard.com\/da\/camping\/\">https:\/\/risebogard.com\/camping\/<\/a><\/td><\/tr><tr><td>Sv\u00f8mning i s\u00f8en<\/td><td>Mand\/Loftern<\/td><td>5<\/td><td><\/td><td>Loftern: <a href=\"https:\/\/goo.gl\/maps\/4rZrJn57HKXdX2qPA\" target=\"_blank\" rel=\"noreferrer noopener nofollow\">https:\/\/goo.gl\/maps\/4rZrJn57HKXdX2qPA<\/a><br>Mand: <a href=\"https:\/\/goo.gl\/maps\/Lr62XKLGSFdT4esP9\" target=\"_blank\" rel=\"noreferrer noopener\">https:\/\/goo.gl\/maps\/Lr62XKLGSFdT4esP9<\/a><\/td><\/tr><tr><td>Klatre<\/td><td>kl\u00e6dteklippe<br><em>\u201e&quot;Sj\u00f8anda&quot;\u201c<\/em><\/td><td>12<\/td><td><\/td><td><a href=\"https:\/\/www.vastervikclimbing.com\/wp-content\/uploads\/2024\/03\/Sjoanda.pdf\" target=\"_blank\" rel=\"noreferrer noopener\">https:\/\/www.vastervikclimbing.com\/wp-content\/uploads\/2024\/03\/Sjoanda.pdf<\/a><br><br><a href=\"https:\/\/27crags.com\/crags\/sjoanda\" target=\"_blank\" rel=\"noreferrer noopener\">https:\/\/27crags.com\/crags\/sjoanda<\/a><br><br><a href=\"https:\/\/www.mountainproject.com\/area\/113399064\/sjoanda\" target=\"_blank\" rel=\"noreferrer noopener\">https:\/\/www.mountainproject.com\/area\/113399064\/sjoanda<\/a><br><br><a href=\"https:\/\/goo.gl\/maps\/2xkBxMnQKAJkC37c9\" target=\"_blank\" rel=\"noreferrer noopener nofollow\">https:\/\/goo.gl\/maps\/2xkBxMnQKAJkC37c9<\/a><\/td><\/tr><tr><td>Klatre<\/td><td>kl\u00e4tterklippa \u201eSilverberget\u201c<\/td><td>13<\/td><td><\/td><td><a href=\"https:\/\/www.vastervikclimbing.com\/wp-content\/uploads\/2023\/09\/Silverberget-ny-forare-23-09-01.pdf\" target=\"_blank\" rel=\"noreferrer noopener\">https:\/\/www.vastervikclimbing.com\/wp-content\/uploads\/2023\/09\/Silverberget-ny-forare-23-09-01.pdf<\/a><br><br><a href=\"https:\/\/27crags.com\/crags\/silverberget\/cragmap\" target=\"_blank\" rel=\"noreferrer noopener\">https:\/\/27crags.com\/crags\/silverberget\/cragmap<\/a><br><br><a href=\"https:\/\/www.mountainproject.com\/area\/113399127\/silverberget\" target=\"_blank\" rel=\"noreferrer noopener\">https:\/\/www.mountainproject.com\/area\/113399127\/silverberget<\/a><\/td><\/tr><tr><td>Industrimuseet &quot;Bruksmuseum&quot;\u201e<\/td><td>\u00d6verum<\/td><td>20<\/td><td><\/td><td><a href=\"https:\/\/www.vastervik.com\/produkt\/overums-bruksmuseum\/\" target=\"_blank\" rel=\"noreferrer noopener nofollow\">https:\/\/www.vastervik.com\/produkt\/overums-bruksmuseum\/<\/a><\/td><\/tr><tr><td>Trollparken<\/td><td>Gamleby<\/td><td>25<\/td><td><\/td><td><a href=\"https:\/\/www.gamleby.se\/skulpturparken.html\" target=\"_blank\" rel=\"noreferrer noopener nofollow\">https:\/\/www.gamleby.se\/skulpturparken.html<\/a><\/td><\/tr><tr><td>lagune<\/td><td>Gamleby<\/td><td>25<\/td><td><\/td><td><\/td><\/tr><tr><td>Kajakture<\/td><td>Gamleby<\/td><td>25<\/td><td><\/td><td><a href=\"https:\/\/www.vastervik.se\/Uppleva-och-gora\/Idrott-motion-och-friluftsliv\/Friluftsliv-och-motion\/kajak\/\" target=\"_blank\" rel=\"noreferrer noopener nofollow\">https:\/\/www.vastervik.se\/Uppleva-och-gora\/Idrott-motion-och-friluftsliv\/Friluftsliv-och-motion\/kajak\/<\/a><\/td><\/tr><tr><td>Golfbane<\/td><td>\u00c5tvidaberg<\/td><td>28<\/td><td><\/td><td><a href=\"https:\/\/www.atvidabergsgk.se\/\" target=\"_blank\" rel=\"noreferrer noopener nofollow\">https:\/\/www.atvidabergsgk.se\/<\/a><\/td><\/tr><tr><td>Paintball<\/td><td>\u00c5tvidaberg<\/td><td>28<\/td><td><\/td><td><a href=\"https:\/\/www.fargboll.se\/\" target=\"_blank\" rel=\"noreferrer noopener nofollow\">https:\/\/www.fargboll.se\/<\/a><\/td><\/tr><tr><td>bowling<\/td><td>\u00c5tvidaberg<\/td><td>28<\/td><td><\/td><td><a href=\"https:\/\/atvidbowl.se\/\" target=\"_blank\" rel=\"noreferrer noopener nofollow\">https:\/\/atvidbowl.se\/<\/a><\/td><\/tr><tr><td>Industri- og bilmuseum<\/td><td>\u00c5tvidaberg<\/td><td>28<\/td><td><\/td><td><a href=\"https:\/\/www.assamuseet.se\/\" target=\"_blank\" rel=\"noreferrer noopener nofollow\">https:\/\/www.assamuseet.se\/<\/a><\/td><\/tr><tr><td>Kanoture<\/td><td>Haglunds G\u00e5rd<\/td><td>33<\/td><td><\/td><td><a href=\"https:\/\/www.haglundsaventyr.se\/\" target=\"_blank\" rel=\"noreferrer noopener\">https:\/\/www.haglundsaventyr.se\/<\/a><\/td><\/tr><tr><td>Kajakture<\/td><td>V\u00e4stervik<\/td><td>40<\/td><td><\/td><td><a href=\"https:\/\/www.vastervik.com\/kajak\/\" target=\"_blank\" rel=\"noreferrer noopener nofollow\">https:\/\/www.vastervik.com\/kajak\/<\/a><\/td><\/tr><tr><td>Gokartbane<\/td><td>V\u00e4stervik<\/td><td>44<\/td><td><\/td><td><a href=\"https:\/\/action-center.se\/\" target=\"_blank\" rel=\"noreferrer noopener nofollow\">https:\/\/action-center.se\/<\/a><\/td><\/tr><tr><td>Mountainbikepark<\/td><td>Kisa<\/td><td>47<\/td><td><\/td><td><a href=\"https:\/\/kisamtbpark.com\/\" target=\"_blank\" rel=\"noreferrer noopener nofollow\">https:\/\/kisamtbpark.<\/a><a href=\"https:\/\/kisamtbpark.com\/\" target=\"_blank\" rel=\"noreferrer noopener\">dk\/<\/a><\/td><\/tr><tr><td>Hav (\u00d8sters\u00f8en)<\/td><td>V\u00e4stervik<\/td><td>50<\/td><td><\/td><td><\/td><\/tr><tr><td>racerbane<\/td><td>Link\u00f6ping<\/td><td>51<\/td><td><\/td><td><a href=\"https:\/\/lms.se\/\" target=\"_blank\" rel=\"noreferrer noopener nofollow\">https:\/\/lms.se\/<\/a><\/td><\/tr><tr><td>Mopedmuseum<\/td><td>V\u00e4stervik<\/td><td>52<\/td><td><\/td><td><a href=\"http:\/\/www.veteranmoped.se\" target=\"_blank\" rel=\"noreferrer noopener nofollow\">http:\/\/www.veteranmoped.s<\/a><a href=\"http:\/\/www.veteranmoped.se\" target=\"_blank\" rel=\"noreferrer noopener\">e<\/a><\/td><\/tr><tr><td>Astrid Lindgrens verden<\/td><td>Vimmerby<\/td><td>55<\/td><td><\/td><td><a href=\"https:\/\/astridlindgrensvarld.se\/\" target=\"_blank\" rel=\"noreferrer noopener\">ht<\/a><a href=\"https:\/\/astridlindgrensvarld.se\/\" target=\"_blank\" rel=\"noreferrer noopener nofollow\">tps:\/\/astridlindgrensvarld.se\/<\/a><\/td><\/tr><tr><td>rebpark<\/td><td>Link\u00f6ping<\/td><td>55<\/td><td><\/td><td><a href=\"https:\/\/www.hamaadventures.se\/\" target=\"_blank\" rel=\"noreferrer noopener nofollow\">https:\/\/www.hamaadventures.se\/<\/a><\/td><\/tr><tr><td>Gamla Link\u00f6pings friluftsmuseum\u201e<\/td><td>Link\u00f6ping<\/td><td>60<\/td><td><\/td><td><a href=\"https:\/\/www.gamlalinkoping.info\/\" target=\"_blank\" rel=\"noreferrer noopener\">https:\/\/www.gamlalinkoping.info\/<\/a><\/td><\/tr><\/tbody><\/table><\/figure>\n\n\n\n<p><\/p>","protected":false},"excerpt":{"rendered":"<p>Wir m\u00f6chten, dass Du Dich bei uns wohl f\u00fchlst. Risebo ist der perfekte Ort, um sich in der Natur vom Stress im Alltag zu erholen und alle Sorgen zu vergessen. Die Kinder k\u00f6nnen sich auf Risebo f\u00fcr Stunden selbst besch\u00e4ftigen, w\u00e4hrend Du endlich einmal Zeit f\u00fcr Dich hast und zum Entspannen.Aber gerade auch f\u00fcr aktive&#8230;<a class=\"read-more-link button\" href=\"https:\/\/risebogard.com\/da\/aktivitaeten-rund-um-risebo\/\">Read more<\/a><\/p>","protected":false},"author":2,"featured_media":0,"parent":0,"menu_order":0,"comment_status":"closed","ping_status":"closed","template":"","meta":{"ngg_post_thumbnail":0,"footnotes":""},"class_list":["post-347","page","type-page","status-publish","hentry"],"featured_image_src":null,"yoast_head":"<!-- This site is optimized with the Yoast SEO plugin v27.4 - https:\/\/yoast.com\/product\/yoast-seo-wordpress\/ -->\n<title>Aktivit\u00e4ten - Risebo<\/title>\n<meta name=\"description\" content=\"Auf und rund um Risebo stehen eine Vielzahl von Aktivit\u00e4ten bereit. F\u00fcr gutes wie auch f\u00fcr schlechtes Wetter.\" \/>\n<meta name=\"robots\" content=\"index, follow, max-snippet:-1, max-image-preview:large, max-video-preview:-1\" \/>\n<link rel=\"canonical\" href=\"https:\/\/risebogard.com\/da\/aktiviteter-omkring-risebo\/\" \/>\n<meta property=\"og:locale\" content=\"da_DK\" \/>\n<meta property=\"og:type\" content=\"article\" \/>\n<meta property=\"og:title\" content=\"Aktivit\u00e4ten Rund um Risebo\" \/>\n<meta property=\"og:description\" content=\"Auf und rund um Risebo stehen eine Vielzahl von Aktivit\u00e4ten bereit. F\u00fcr gutes wie auch f\u00fcr schlechtes Wetter.\" \/>\n<meta property=\"og:url\" content=\"https:\/\/risebogard.com\/da\/aktiviteter-omkring-risebo\/\" \/>\n<meta property=\"og:site_name\" content=\"Risebo\" \/>\n<meta property=\"article:publisher\" content=\"https:\/\/www.facebook.com\/RiseboGard\" \/>\n<meta property=\"article:modified_time\" content=\"2025-06-17T19:18:45+00:00\" \/>\n<meta property=\"og:image\" content=\"https:\/\/risebogard.com\/wp-content\/uploads\/2022\/05\/IMG_20220518_144607-scaled.jpg\" \/>\n\t<meta property=\"og:image:width\" content=\"2560\" \/>\n\t<meta property=\"og:image:height\" content=\"1920\" \/>\n\t<meta property=\"og:image:type\" content=\"image\/jpeg\" \/>\n<meta name=\"twitter:card\" content=\"summary_large_image\" \/>\n<meta name=\"twitter:label1\" content=\"Estimeret l\u00e6setid\" \/>\n\t<meta name=\"twitter:data1\" content=\"2 minutter\" \/>\n<script type=\"application\/ld+json\" class=\"yoast-schema-graph\">{\"@context\":\"https:\\\/\\\/schema.org\",\"@graph\":[{\"@type\":\"WebPage\",\"@id\":\"https:\\\/\\\/risebogard.com\\\/aktivitaeten-rund-um-risebo\\\/\",\"url\":\"https:\\\/\\\/risebogard.com\\\/aktivitaeten-rund-um-risebo\\\/\",\"name\":\"Aktivit\u00e4ten - Risebo\",\"isPartOf\":{\"@id\":\"https:\\\/\\\/risebogard.com\\\/#website\"},\"datePublished\":\"2022-05-22T11:58:21+00:00\",\"dateModified\":\"2025-06-17T19:18:45+00:00\",\"description\":\"Auf und rund um Risebo stehen eine Vielzahl von Aktivit\u00e4ten bereit. F\u00fcr gutes wie auch f\u00fcr schlechtes Wetter.\",\"breadcrumb\":{\"@id\":\"https:\\\/\\\/risebogard.com\\\/aktivitaeten-rund-um-risebo\\\/#breadcrumb\"},\"inLanguage\":\"da-DK\",\"potentialAction\":[{\"@type\":\"ReadAction\",\"target\":[\"https:\\\/\\\/risebogard.com\\\/aktivitaeten-rund-um-risebo\\\/\"]}]},{\"@type\":\"BreadcrumbList\",\"@id\":\"https:\\\/\\\/risebogard.com\\\/aktivitaeten-rund-um-risebo\\\/#breadcrumb\",\"itemListElement\":[{\"@type\":\"ListItem\",\"position\":1,\"name\":\"Home\",\"item\":\"https:\\\/\\\/risebogard.com\\\/\"},{\"@type\":\"ListItem\",\"position\":2,\"name\":\"Aktivit\u00e4ten\"}]},{\"@type\":\"WebSite\",\"@id\":\"https:\\\/\\\/risebogard.com\\\/#website\",\"url\":\"https:\\\/\\\/risebogard.com\\\/\",\"name\":\"Risebo\",\"description\":\"Camping, H\u00fctten, Westernreiten, Natur pur!\",\"publisher\":{\"@id\":\"https:\\\/\\\/risebogard.com\\\/#organization\"},\"potentialAction\":[{\"@type\":\"SearchAction\",\"target\":{\"@type\":\"EntryPoint\",\"urlTemplate\":\"https:\\\/\\\/risebogard.com\\\/?s={search_term_string}\"},\"query-input\":{\"@type\":\"PropertyValueSpecification\",\"valueRequired\":true,\"valueName\":\"search_term_string\"}}],\"inLanguage\":\"da-DK\"},{\"@type\":\"Organization\",\"@id\":\"https:\\\/\\\/risebogard.com\\\/#organization\",\"name\":\"Risebo G\u00e5rd\",\"url\":\"https:\\\/\\\/risebogard.com\\\/\",\"logo\":{\"@type\":\"ImageObject\",\"inLanguage\":\"da-DK\",\"@id\":\"https:\\\/\\\/risebogard.com\\\/#\\\/schema\\\/logo\\\/image\\\/\",\"url\":\"https:\\\/\\\/risebogard.com\\\/wp-content\\\/uploads\\\/2022\\\/01\\\/risebologo.png\",\"contentUrl\":\"https:\\\/\\\/risebogard.com\\\/wp-content\\\/uploads\\\/2022\\\/01\\\/risebologo.png\",\"width\":266,\"height\":100,\"caption\":\"Risebo G\u00e5rd\"},\"image\":{\"@id\":\"https:\\\/\\\/risebogard.com\\\/#\\\/schema\\\/logo\\\/image\\\/\"},\"sameAs\":[\"https:\\\/\\\/www.facebook.com\\\/RiseboGard\"]}]}<\/script>\n<!-- \/ Yoast SEO plugin. -->","yoast_head_json":{"title":"Aktiviteter - Risebo","description":"Der findes et bredt udvalg af aktiviteter i og omkring Risebo, b\u00e5de i godt og d\u00e5rligt vejr.","robots":{"index":"index","follow":"follow","max-snippet":"max-snippet:-1","max-image-preview":"max-image-preview:large","max-video-preview":"max-video-preview:-1"},"canonical":"https:\/\/risebogard.com\/da\/aktiviteter-omkring-risebo\/","og_locale":"da_DK","og_type":"article","og_title":"Aktivit\u00e4ten Rund um Risebo","og_description":"Auf und rund um Risebo stehen eine Vielzahl von Aktivit\u00e4ten bereit. F\u00fcr gutes wie auch f\u00fcr schlechtes Wetter.","og_url":"https:\/\/risebogard.com\/da\/aktiviteter-omkring-risebo\/","og_site_name":"Risebo","article_publisher":"https:\/\/www.facebook.com\/RiseboGard","article_modified_time":"2025-06-17T19:18:45+00:00","og_image":[{"width":2560,"height":1920,"url":"https:\/\/risebogard.com\/wp-content\/uploads\/2022\/05\/IMG_20220518_144607-scaled.jpg","type":"image\/jpeg"}],"twitter_card":"summary_large_image","twitter_misc":{"Estimeret l\u00e6setid":"2 minutter"},"schema":{"@context":"https:\/\/schema.org","@graph":[{"@type":"WebPage","@id":"https:\/\/risebogard.com\/aktivitaeten-rund-um-risebo\/","url":"https:\/\/risebogard.com\/aktivitaeten-rund-um-risebo\/","name":"Aktiviteter - Risebo","isPartOf":{"@id":"https:\/\/risebogard.com\/#website"},"datePublished":"2022-05-22T11:58:21+00:00","dateModified":"2025-06-17T19:18:45+00:00","description":"Der findes et bredt udvalg af aktiviteter i og omkring Risebo, b\u00e5de i godt og d\u00e5rligt vejr.","breadcrumb":{"@id":"https:\/\/risebogard.com\/aktivitaeten-rund-um-risebo\/#breadcrumb"},"inLanguage":"da-DK","potentialAction":[{"@type":"ReadAction","target":["https:\/\/risebogard.com\/aktivitaeten-rund-um-risebo\/"]}]},{"@type":"BreadcrumbList","@id":"https:\/\/risebogard.com\/aktivitaeten-rund-um-risebo\/#breadcrumb","itemListElement":[{"@type":"ListItem","position":1,"name":"Home","item":"https:\/\/risebogard.com\/"},{"@type":"ListItem","position":2,"name":"Aktivit\u00e4ten"}]},{"@type":"WebSite","@id":"https:\/\/risebogard.com\/#website","url":"https:\/\/risebogard.com\/","name":"Risebo","description":"Camping, hytter, westernridning, ren natur!","publisher":{"@id":"https:\/\/risebogard.com\/#organization"},"potentialAction":[{"@type":"SearchAction","target":{"@type":"EntryPoint","urlTemplate":"https:\/\/risebogard.com\/?s={search_term_string}"},"query-input":{"@type":"PropertyValueSpecification","valueRequired":true,"valueName":"search_term_string"}}],"inLanguage":"da-DK"},{"@type":"Organization","@id":"https:\/\/risebogard.com\/#organization","name":"Risebo G\u00e5rd","url":"https:\/\/risebogard.com\/","logo":{"@type":"ImageObject","inLanguage":"da-DK","@id":"https:\/\/risebogard.com\/#\/schema\/logo\/image\/","url":"https:\/\/risebogard.com\/wp-content\/uploads\/2022\/01\/risebologo.png","contentUrl":"https:\/\/risebogard.com\/wp-content\/uploads\/2022\/01\/risebologo.png","width":266,"height":100,"caption":"Risebo G\u00e5rd"},"image":{"@id":"https:\/\/risebogard.com\/#\/schema\/logo\/image\/"},"sameAs":["https:\/\/www.facebook.com\/RiseboGard"]}]}},"_links":{"self":[{"href":"https:\/\/risebogard.com\/da\/wp-json\/wp\/v2\/pages\/347","targetHints":{"allow":["GET"]}}],"collection":[{"href":"https:\/\/risebogard.com\/da\/wp-json\/wp\/v2\/pages"}],"about":[{"href":"https:\/\/risebogard.com\/da\/wp-json\/wp\/v2\/types\/page"}],"author":[{"embeddable":true,"href":"https:\/\/risebogard.com\/da\/wp-json\/wp\/v2\/users\/2"}],"replies":[{"embeddable":true,"href":"https:\/\/risebogard.com\/da\/wp-json\/wp\/v2\/comments?post=347"}],"version-history":[{"count":38,"href":"https:\/\/risebogard.com\/da\/wp-json\/wp\/v2\/pages\/347\/revisions"}],"predecessor-version":[{"id":1298,"href":"https:\/\/risebogard.com\/da\/wp-json\/wp\/v2\/pages\/347\/revisions\/1298"}],"wp:attachment":[{"href":"https:\/\/risebogard.com\/da\/wp-json\/wp\/v2\/media?parent=347"}],"curies":[{"name":"wp","href":"https:\/\/api.w.org\/{rel}","templated":true}]}}