{"id":287,"date":"2022-05-16T19:57:26","date_gmt":"2022-05-16T17:57:26","guid":{"rendered":"https:\/\/risebogard.com\/?page_id=287"},"modified":"2023-06-28T14:23:55","modified_gmt":"2023-06-28T12:23:55","slug":"vores-dyr-heste-sma-dyr","status":"publish","type":"page","link":"https:\/\/risebogard.com\/da\/unsere-tiere-pferde-kleintiere\/","title":{"rendered":"Dyr"},"content":{"rendered":"<h2 class=\"wp-block-heading\">Dyr og deres indflydelse p\u00e5 os mennesker<\/h2>\n\n\n\n<p>For os mennesker, og is\u00e6r for b\u00f8rn, er kontakt med dyr uvurderlig. Det giver os mulighed for at glemme hverdagens stress og giver ro og afslapning. Heste og k\u00e6ledyr som hunde opfordrer os til at g\u00e5 udenfor og f\u00e5 noget motion. Interaktion med dem bringer stor gl\u00e6de og fremmer sociale f\u00e6rdigheder som ansvarlighed, hensyntagen og hj\u00e6lpsomhed. Selv sm\u00e5 dyr fungerer ofte som tr\u00f8stere og fortrolige for b\u00f8rn, idet de altid lytter til dem. Dyr er f\u00f8lsomme, de fornemmer og reagerer p\u00e5 menneskers hum\u00f8r. Deres varme og ro kan straks formidle tillid og tryghed.<\/p>\n\n\n\n<hr class=\"wp-block-separator has-css-opacity\"\/>\n\n\n\n<h2 class=\"wp-block-heading\">Vores dyr<\/h2>\n\n\n\n<h3 class=\"wp-block-heading\">heste<\/h3>\n\n\n\n<h4 class=\"wp-block-heading\">Nikke<\/h4>\n\n\n\n<figure class=\"wp-block-image size-large\"><img loading=\"lazy\" decoding=\"async\" width=\"1024\" height=\"768\" src=\"https:\/\/risebogard.com\/wp-content\/uploads\/2022\/05\/IMG_20220515_152607_923-1024x768.jpg\" alt=\"Heste (Nicke)\" class=\"wp-image-288\" srcset=\"https:\/\/risebogard.com\/wp-content\/uploads\/2022\/05\/IMG_20220515_152607_923-1024x768.jpg 1024w, https:\/\/risebogard.com\/wp-content\/uploads\/2022\/05\/IMG_20220515_152607_923-300x225.jpg 300w, https:\/\/risebogard.com\/wp-content\/uploads\/2022\/05\/IMG_20220515_152607_923-768x576.jpg 768w, https:\/\/risebogard.com\/wp-content\/uploads\/2022\/05\/IMG_20220515_152607_923-1536x1152.jpg 1536w, https:\/\/risebogard.com\/wp-content\/uploads\/2022\/05\/IMG_20220515_152607_923-2048x1536.jpg 2048w\" sizes=\"auto, (max-width: 1024px) 100vw, 1024px\" \/><\/figure>\n\n\n\n<p>Nicke er lederen af vores lille flok, som han f\u00f8rer med sin charmerende charme og ro. Selvom han er meget stor og st\u00e6rk, forelsker alle, unge som gamle, sig i ham med det samme.<\/p>\n\n\n\n<p><\/p>\n\n\n\n<hr class=\"wp-block-separator has-css-opacity\"\/>\n\n\n\n<h4 class=\"wp-block-heading\">Lukas<\/h4>\n\n\n\n<figure class=\"wp-block-image size-large\"><img loading=\"lazy\" decoding=\"async\" width=\"1024\" height=\"768\" src=\"https:\/\/risebogard.com\/wp-content\/uploads\/2022\/05\/IMG_20220515_152454_963-1024x768.jpg\" alt=\"Hest (Lucas)\" class=\"wp-image-292\" srcset=\"https:\/\/risebogard.com\/wp-content\/uploads\/2022\/05\/IMG_20220515_152454_963-1024x768.jpg 1024w, https:\/\/risebogard.com\/wp-content\/uploads\/2022\/05\/IMG_20220515_152454_963-300x225.jpg 300w, https:\/\/risebogard.com\/wp-content\/uploads\/2022\/05\/IMG_20220515_152454_963-768x576.jpg 768w, https:\/\/risebogard.com\/wp-content\/uploads\/2022\/05\/IMG_20220515_152454_963-1536x1152.jpg 1536w, https:\/\/risebogard.com\/wp-content\/uploads\/2022\/05\/IMG_20220515_152454_963-2048x1536.jpg 2048w\" sizes=\"auto, (max-width: 1024px) 100vw, 1024px\" \/><\/figure>\n\n\n\n<p>Lucas er Nickes gamle ven og tilbringer sin pensionering p\u00e5 Risebo. Han er g\u00e5rdens hemmelige stjerne, da han ofte g\u00e5r frit rundt p\u00e5 grunden og nogle gange endda bes\u00f8ger campingpladsen, hvilket altid er et h\u00f8jdepunkt, is\u00e6r for vores yngre g\u00e6ster.<\/p>\n\n\n\n<hr class=\"wp-block-separator has-alpha-channel-opacity\"\/>\n\n\n\n<h4 class=\"wp-block-heading\">Frodi<\/h4>\n\n\n\n<figure class=\"wp-block-image size-large is-style-default\"><img loading=\"lazy\" decoding=\"async\" width=\"1024\" height=\"768\" src=\"https:\/\/risebogard.com\/wp-content\/uploads\/2022\/07\/signal-2022-07-09-154748_003-1024x768.jpeg\" alt=\"Islandsk hest\" class=\"wp-image-519\" srcset=\"https:\/\/risebogard.com\/wp-content\/uploads\/2022\/07\/signal-2022-07-09-154748_003-1024x768.jpeg 1024w, https:\/\/risebogard.com\/wp-content\/uploads\/2022\/07\/signal-2022-07-09-154748_003-300x225.jpeg 300w, https:\/\/risebogard.com\/wp-content\/uploads\/2022\/07\/signal-2022-07-09-154748_003-768x576.jpeg 768w, https:\/\/risebogard.com\/wp-content\/uploads\/2022\/07\/signal-2022-07-09-154748_003-1536x1152.jpeg 1536w, https:\/\/risebogard.com\/wp-content\/uploads\/2022\/07\/signal-2022-07-09-154748_003.jpeg 2048w\" sizes=\"auto, (max-width: 1024px) 100vw, 1024px\" \/><\/figure>\n\n\n\n<p>Vores islandske hest Frodi er meget godmodig og f\u00f8lsom. Han er perfekt til ridning for b\u00f8rn. Han har dog heller ingen problemer med at b\u00e6re voksne heste.<\/p>\n\n\n\n<hr class=\"wp-block-separator has-alpha-channel-opacity\"\/>\n\n\n\n<h2 class=\"wp-block-heading\">\u00c6sel er-Ah og Yum-Yum<\/h2>\n\n\n\n<figure class=\"wp-block-image size-large\"><img loading=\"lazy\" decoding=\"async\" width=\"1024\" height=\"768\" src=\"https:\/\/risebogard.com\/wp-content\/uploads\/2023\/06\/Esel-1024x768.jpeg\" alt=\"\" class=\"wp-image-960\" srcset=\"https:\/\/risebogard.com\/wp-content\/uploads\/2023\/06\/Esel-1024x768.jpeg 1024w, https:\/\/risebogard.com\/wp-content\/uploads\/2023\/06\/Esel-300x225.jpeg 300w, https:\/\/risebogard.com\/wp-content\/uploads\/2023\/06\/Esel-768x576.jpeg 768w, https:\/\/risebogard.com\/wp-content\/uploads\/2023\/06\/Esel-1536x1152.jpeg 1536w, https:\/\/risebogard.com\/wp-content\/uploads\/2023\/06\/Esel-16x12.jpeg 16w, https:\/\/risebogard.com\/wp-content\/uploads\/2023\/06\/Esel.jpeg 1600w\" sizes=\"auto, (max-width: 1024px) 100vw, 1024px\" \/><\/figure>\n\n\n\n<p>Vores \u00e6sel Is-Ah er meget s\u00f8d og velegnet til ridning og til at blive f\u00f8rt af sm\u00e5 b\u00f8rn.<br>Yum-Yum er stadig ung og st\u00e6dig, som det er typisk for \u00e6sler.<br>Det er meget muligt, at du bliver m\u00f8dt med et h\u00f8jt &quot;hi-haw&quot;, n\u00e5r du bes\u00f8ger stalden!<\/p>\n\n\n\n<hr class=\"wp-block-separator has-css-opacity\"\/>\n\n\n\n<figure class=\"wp-block-image size-large\"><img loading=\"lazy\" decoding=\"async\" width=\"1024\" height=\"768\" src=\"https:\/\/risebogard.com\/wp-content\/uploads\/2022\/05\/signal-2022-05-09-152754_001-1024x768.jpeg\" alt=\"Heste bliver striglet\" class=\"wp-image-294\" srcset=\"https:\/\/risebogard.com\/wp-content\/uploads\/2022\/05\/signal-2022-05-09-152754_001-1024x768.jpeg 1024w, https:\/\/risebogard.com\/wp-content\/uploads\/2022\/05\/signal-2022-05-09-152754_001-300x225.jpeg 300w, https:\/\/risebogard.com\/wp-content\/uploads\/2022\/05\/signal-2022-05-09-152754_001-768x576.jpeg 768w, https:\/\/risebogard.com\/wp-content\/uploads\/2022\/05\/signal-2022-05-09-152754_001-1536x1152.jpeg 1536w, https:\/\/risebogard.com\/wp-content\/uploads\/2022\/05\/signal-2022-05-09-152754_001.jpeg 2048w\" sizes=\"auto, (max-width: 1024px) 100vw, 1024px\" \/><\/figure>\n\n\n\n<p>Vores heste er alle meget godmodige og nyder at blive striglet og ridet af b\u00f8rn. Risebo har sine egne stier, der giver mulighed for sikker f\u00f8ring uden trafik.<\/p>\n\n\n\n<hr class=\"wp-block-separator has-css-opacity is-style-default\"\/>\n\n\n\n<h3 class=\"wp-block-heading\">Sm\u00e5 dyr<\/h3>\n\n\n\n<h4 class=\"wp-block-heading\">Kaniner<\/h4>\n\n\n\n<figure class=\"wp-block-image size-large\"><img loading=\"lazy\" decoding=\"async\" width=\"1024\" height=\"768\" src=\"https:\/\/risebogard.com\/wp-content\/uploads\/2022\/05\/IMG_20220515_161212_079-1024x768.jpg\" alt=\"Kaniner spiser\" class=\"wp-image-295\" srcset=\"https:\/\/risebogard.com\/wp-content\/uploads\/2022\/05\/IMG_20220515_161212_079-1024x768.jpg 1024w, https:\/\/risebogard.com\/wp-content\/uploads\/2022\/05\/IMG_20220515_161212_079-300x225.jpg 300w, https:\/\/risebogard.com\/wp-content\/uploads\/2022\/05\/IMG_20220515_161212_079-768x576.jpg 768w, https:\/\/risebogard.com\/wp-content\/uploads\/2022\/05\/IMG_20220515_161212_079-1536x1152.jpg 1536w, https:\/\/risebogard.com\/wp-content\/uploads\/2022\/05\/IMG_20220515_161212_079-2048x1536.jpg 2048w\" sizes=\"auto, (max-width: 1024px) 100vw, 1024px\" \/><\/figure>\n\n\n\n<hr class=\"wp-block-separator has-css-opacity\"\/>\n\n\n\n<h4 class=\"wp-block-heading\">Marsvin<\/h4>\n\n\n\n<figure class=\"wp-block-image size-large\"><img loading=\"lazy\" decoding=\"async\" width=\"768\" height=\"1024\" src=\"https:\/\/risebogard.com\/wp-content\/uploads\/2022\/05\/IMG_20220515_160806_853-768x1024.jpg\" alt=\"Marsvin i stalden\" class=\"wp-image-297\" srcset=\"https:\/\/risebogard.com\/wp-content\/uploads\/2022\/05\/IMG_20220515_160806_853-768x1024.jpg 768w, https:\/\/risebogard.com\/wp-content\/uploads\/2022\/05\/IMG_20220515_160806_853-225x300.jpg 225w, https:\/\/risebogard.com\/wp-content\/uploads\/2022\/05\/IMG_20220515_160806_853-1152x1536.jpg 1152w, https:\/\/risebogard.com\/wp-content\/uploads\/2022\/05\/IMG_20220515_160806_853-1536x2048.jpg 1536w, https:\/\/risebogard.com\/wp-content\/uploads\/2022\/05\/IMG_20220515_160806_853-scaled.jpg 1920w\" sizes=\"auto, (max-width: 768px) 100vw, 768px\" \/><\/figure>\n\n\n\n<hr class=\"wp-block-separator has-css-opacity\"\/>\n\n\n\n<h3 class=\"wp-block-heading\">k\u00e6ledyr<\/h3>\n\n\n\n<h4 class=\"wp-block-heading\">hunde<\/h4>\n\n\n\n<figure class=\"wp-block-image size-large\"><img loading=\"lazy\" decoding=\"async\" width=\"1024\" height=\"768\" src=\"https:\/\/risebogard.com\/wp-content\/uploads\/2022\/05\/PXL_20220516_161857475.MP_-1024x768.jpg\" alt=\"vores hunde (Emmy og Ida)\" class=\"wp-image-299\" srcset=\"https:\/\/risebogard.com\/wp-content\/uploads\/2022\/05\/PXL_20220516_161857475.MP_-1024x768.jpg 1024w, https:\/\/risebogard.com\/wp-content\/uploads\/2022\/05\/PXL_20220516_161857475.MP_-300x225.jpg 300w, https:\/\/risebogard.com\/wp-content\/uploads\/2022\/05\/PXL_20220516_161857475.MP_-768x576.jpg 768w, https:\/\/risebogard.com\/wp-content\/uploads\/2022\/05\/PXL_20220516_161857475.MP_-1536x1152.jpg 1536w, https:\/\/risebogard.com\/wp-content\/uploads\/2022\/05\/PXL_20220516_161857475.MP_-2048x1536.jpg 2048w\" sizes=\"auto, (max-width: 1024px) 100vw, 1024px\" \/><\/figure>\n\n\n\n<p>Vores hunde Emmy og Ida. De vogter g\u00e5rden, men har et stort hjerte for b\u00f8rn.<\/p>\n\n\n\n<hr class=\"wp-block-separator has-css-opacity\"\/>\n\n\n\n<h4 class=\"wp-block-heading\">katte<\/h4>\n\n\n\n<figure class=\"wp-block-image size-large is-resized\"><img loading=\"lazy\" decoding=\"async\" src=\"https:\/\/risebogard.com\/wp-content\/uploads\/2022\/05\/PXL_20220516_161117724-768x1024.jpg\" alt=\"vores kat Hugo\" class=\"wp-image-300\" width=\"768\" height=\"1024\" srcset=\"https:\/\/risebogard.com\/wp-content\/uploads\/2022\/05\/PXL_20220516_161117724-768x1024.jpg 768w, https:\/\/risebogard.com\/wp-content\/uploads\/2022\/05\/PXL_20220516_161117724-225x300.jpg 225w, https:\/\/risebogard.com\/wp-content\/uploads\/2022\/05\/PXL_20220516_161117724-1152x1536.jpg 1152w, https:\/\/risebogard.com\/wp-content\/uploads\/2022\/05\/PXL_20220516_161117724-1536x2048.jpg 1536w, https:\/\/risebogard.com\/wp-content\/uploads\/2022\/05\/PXL_20220516_161117724-scaled.jpg 1920w\" sizes=\"auto, (max-width: 768px) 100vw, 768px\" \/><\/figure>\n\n\n\n<p>Hugo er en sand vildkat og forsvinder ud i vildmarken i flere m\u00e5neder ad gangen. Selvom han flere gange er blevet antaget at v\u00e6re d\u00f8d, er han altid dukket op igen.<\/p>\n\n\n\n<hr class=\"wp-block-separator has-css-opacity\"\/>\n\n\n\n<figure class=\"wp-block-image size-large\"><img loading=\"lazy\" decoding=\"async\" width=\"1024\" height=\"768\" src=\"https:\/\/risebogard.com\/wp-content\/uploads\/2022\/05\/IMG_20220128_110429-1024x768.jpg\" alt=\"vores kat Willy\" class=\"wp-image-301\" srcset=\"https:\/\/risebogard.com\/wp-content\/uploads\/2022\/05\/IMG_20220128_110429-1024x768.jpg 1024w, https:\/\/risebogard.com\/wp-content\/uploads\/2022\/05\/IMG_20220128_110429-300x225.jpg 300w, https:\/\/risebogard.com\/wp-content\/uploads\/2022\/05\/IMG_20220128_110429-768x576.jpg 768w, https:\/\/risebogard.com\/wp-content\/uploads\/2022\/05\/IMG_20220128_110429-1536x1152.jpg 1536w, https:\/\/risebogard.com\/wp-content\/uploads\/2022\/05\/IMG_20220128_110429-2048x1536.jpg 2048w\" sizes=\"auto, (max-width: 1024px) 100vw, 1024px\" \/><\/figure>\n\n\n\n<p>Willy er en ung hankat og findes normalt et sted p\u00e5 Risebo med sin k\u00e6reste Lille Katt. Han elsker at klatre i tr\u00e6er.<\/p>\n\n\n\n<hr class=\"wp-block-separator has-css-opacity\"\/>\n\n\n\n<figure class=\"wp-block-image size-large\"><img loading=\"lazy\" decoding=\"async\" width=\"1024\" height=\"768\" src=\"https:\/\/risebogard.com\/wp-content\/uploads\/2022\/05\/PXL_20220516_161533483-1024x768.jpg\" alt=\"vores kat Lille Katt\" class=\"wp-image-302\" srcset=\"https:\/\/risebogard.com\/wp-content\/uploads\/2022\/05\/PXL_20220516_161533483-1024x768.jpg 1024w, https:\/\/risebogard.com\/wp-content\/uploads\/2022\/05\/PXL_20220516_161533483-300x225.jpg 300w, https:\/\/risebogard.com\/wp-content\/uploads\/2022\/05\/PXL_20220516_161533483-768x576.jpg 768w, https:\/\/risebogard.com\/wp-content\/uploads\/2022\/05\/PXL_20220516_161533483-1536x1152.jpg 1536w, https:\/\/risebogard.com\/wp-content\/uploads\/2022\/05\/PXL_20220516_161533483-2048x1536.jpg 2048w\" sizes=\"auto, (max-width: 1024px) 100vw, 1024px\" \/><\/figure>\n\n\n\n<p>Lille Katt er Willys k\u00e6reste og nyder naturen p\u00e5 Risebo efter tidligere at have boet i en bylejlighed.<\/p>\n\n\n\n<hr class=\"wp-block-separator has-css-opacity\"\/>\n\n\n\n<h2 class=\"wp-block-heading\">Dit eget k\u00e6ledyr p\u00e5 Risebo<\/h2>\n\n\n\n<p>Hvis du \u00f8nsker at medbringe din hund eller andre dyr til Risebo, bedes du give os besked, n\u00e5r du foretager din bookinganmodning. Dette vil sikre, at alt, hvad du beh\u00f8ver, er klar ved din ankomst.<\/p>","protected":false},"excerpt":{"rendered":"<p>Tiere und Ihre Wirkung auf uns Menschen F\u00fcr uns Menschen und insbesondere Kinder ist der Kontakt zu Tieren sehr wertvoll. Er l\u00e4sst uns den Alltag vergessen, bringt Ruhe und Entspannung. Pferde und Haustiere wie Hunde bringen uns dazu rauszugehen und uns zu bewegen. Der Umgang mit ihnen bereitet dabei viel Freunde und f\u00f6rdert Sozialkompetenzen wie&#8230;<a class=\"read-more-link button\" href=\"https:\/\/risebogard.com\/da\/unsere-tiere-pferde-kleintiere\/\">Read more<\/a><\/p>","protected":false},"author":2,"featured_media":873,"parent":0,"menu_order":0,"comment_status":"closed","ping_status":"closed","template":"","meta":{"ngg_post_thumbnail":0,"footnotes":""},"class_list":["post-287","page","type-page","status-publish","has-post-thumbnail","hentry"],"featured_image_src":"https:\/\/risebogard.com\/wp-content\/uploads\/2023\/05\/PXL_20220822_172352580-1-scaled.jpg","yoast_head":"<!-- This site is optimized with the Yoast SEO plugin v27.4 - https:\/\/yoast.com\/product\/yoast-seo-wordpress\/ -->\n<title>Tiere - Risebo<\/title>\n<meta name=\"description\" content=\"Der Kontakt mit Pferden, Kleintieren und Haustieren l\u00e4sst uns den Alltag vergessen, bringt Ruhe und Entspannung.\" \/>\n<meta name=\"robots\" content=\"index, follow, max-snippet:-1, max-image-preview:large, max-video-preview:-1\" \/>\n<link rel=\"canonical\" href=\"https:\/\/risebogard.com\/da\/vores-dyr-heste-sma-dyr\/\" \/>\n<meta property=\"og:locale\" content=\"da_DK\" \/>\n<meta property=\"og:type\" content=\"article\" \/>\n<meta property=\"og:title\" content=\"Unsere Tiere\" \/>\n<meta property=\"og:description\" content=\"F\u00fcr uns Menschen ist der Kontakt zu Tieren sehr wertvoll. Er l\u00e4sst uns den Alltag vergessen, bringt Ruhe und Entspannung.Der Kontakt mit Pferden, Kleintieren und Haustieren l\u00e4sst uns den Alltag vergessen, bringt Ruhe und Entspannung.\" \/>\n<meta property=\"og:url\" content=\"https:\/\/risebogard.com\/da\/vores-dyr-heste-sma-dyr\/\" \/>\n<meta property=\"og:site_name\" content=\"Risebo\" \/>\n<meta property=\"article:publisher\" content=\"https:\/\/www.facebook.com\/RiseboGard\" \/>\n<meta property=\"article:modified_time\" content=\"2023-06-28T12:23:55+00:00\" \/>\n<meta property=\"og:image\" content=\"https:\/\/risebogard.com\/wp-content\/uploads\/2022\/05\/IMG_20220515_152926_188-2-scaled.jpg\" \/>\n\t<meta property=\"og:image:width\" content=\"1920\" \/>\n\t<meta property=\"og:image:height\" content=\"2560\" \/>\n\t<meta property=\"og:image:type\" content=\"image\/jpeg\" \/>\n<meta name=\"twitter:card\" content=\"summary_large_image\" \/>\n<meta name=\"twitter:title\" content=\"Unsere Tiere\" \/>\n<meta name=\"twitter:description\" content=\"Der Kontakt mit Pferden, Kleintieren und Haustieren l\u00e4sst uns den Alltag vergessen, bringt Ruhe und Entspannung.\" \/>\n<meta name=\"twitter:image\" content=\"https:\/\/risebogard.com\/wp-content\/uploads\/2022\/05\/IMG_20220515_152926_188-2-scaled.jpg\" \/>\n<meta name=\"twitter:label1\" content=\"Estimeret l\u00e6setid\" \/>\n\t<meta name=\"twitter:data1\" content=\"5 minutter\" \/>\n<script type=\"application\/ld+json\" class=\"yoast-schema-graph\">{\"@context\":\"https:\\\/\\\/schema.org\",\"@graph\":[{\"@type\":\"WebPage\",\"@id\":\"https:\\\/\\\/risebogard.com\\\/unsere-tiere-pferde-kleintiere\\\/\",\"url\":\"https:\\\/\\\/risebogard.com\\\/unsere-tiere-pferde-kleintiere\\\/\",\"name\":\"Tiere - Risebo\",\"isPartOf\":{\"@id\":\"https:\\\/\\\/risebogard.com\\\/#website\"},\"primaryImageOfPage\":{\"@id\":\"https:\\\/\\\/risebogard.com\\\/unsere-tiere-pferde-kleintiere\\\/#primaryimage\"},\"image\":{\"@id\":\"https:\\\/\\\/risebogard.com\\\/unsere-tiere-pferde-kleintiere\\\/#primaryimage\"},\"thumbnailUrl\":\"https:\\\/\\\/risebogard.com\\\/wp-content\\\/uploads\\\/2023\\\/05\\\/PXL_20220822_172352580-1-scaled.jpg\",\"datePublished\":\"2022-05-16T17:57:26+00:00\",\"dateModified\":\"2023-06-28T12:23:55+00:00\",\"description\":\"Der Kontakt mit Pferden, Kleintieren und Haustieren l\u00e4sst uns den Alltag vergessen, bringt Ruhe und Entspannung.\",\"breadcrumb\":{\"@id\":\"https:\\\/\\\/risebogard.com\\\/unsere-tiere-pferde-kleintiere\\\/#breadcrumb\"},\"inLanguage\":\"da-DK\",\"potentialAction\":[{\"@type\":\"ReadAction\",\"target\":[\"https:\\\/\\\/risebogard.com\\\/unsere-tiere-pferde-kleintiere\\\/\"]}]},{\"@type\":\"ImageObject\",\"inLanguage\":\"da-DK\",\"@id\":\"https:\\\/\\\/risebogard.com\\\/unsere-tiere-pferde-kleintiere\\\/#primaryimage\",\"url\":\"https:\\\/\\\/risebogard.com\\\/wp-content\\\/uploads\\\/2023\\\/05\\\/PXL_20220822_172352580-1-scaled.jpg\",\"contentUrl\":\"https:\\\/\\\/risebogard.com\\\/wp-content\\\/uploads\\\/2023\\\/05\\\/PXL_20220822_172352580-1-scaled.jpg\",\"width\":1920,\"height\":2560},{\"@type\":\"BreadcrumbList\",\"@id\":\"https:\\\/\\\/risebogard.com\\\/unsere-tiere-pferde-kleintiere\\\/#breadcrumb\",\"itemListElement\":[{\"@type\":\"ListItem\",\"position\":1,\"name\":\"Home\",\"item\":\"https:\\\/\\\/risebogard.com\\\/\"},{\"@type\":\"ListItem\",\"position\":2,\"name\":\"Tiere\"}]},{\"@type\":\"WebSite\",\"@id\":\"https:\\\/\\\/risebogard.com\\\/#website\",\"url\":\"https:\\\/\\\/risebogard.com\\\/\",\"name\":\"Risebo\",\"description\":\"Camping, H\u00fctten, Westernreiten, Natur pur!\",\"publisher\":{\"@id\":\"https:\\\/\\\/risebogard.com\\\/#organization\"},\"potentialAction\":[{\"@type\":\"SearchAction\",\"target\":{\"@type\":\"EntryPoint\",\"urlTemplate\":\"https:\\\/\\\/risebogard.com\\\/?s={search_term_string}\"},\"query-input\":{\"@type\":\"PropertyValueSpecification\",\"valueRequired\":true,\"valueName\":\"search_term_string\"}}],\"inLanguage\":\"da-DK\"},{\"@type\":\"Organization\",\"@id\":\"https:\\\/\\\/risebogard.com\\\/#organization\",\"name\":\"Risebo G\u00e5rd\",\"url\":\"https:\\\/\\\/risebogard.com\\\/\",\"logo\":{\"@type\":\"ImageObject\",\"inLanguage\":\"da-DK\",\"@id\":\"https:\\\/\\\/risebogard.com\\\/#\\\/schema\\\/logo\\\/image\\\/\",\"url\":\"https:\\\/\\\/risebogard.com\\\/wp-content\\\/uploads\\\/2022\\\/01\\\/risebologo.png\",\"contentUrl\":\"https:\\\/\\\/risebogard.com\\\/wp-content\\\/uploads\\\/2022\\\/01\\\/risebologo.png\",\"width\":266,\"height\":100,\"caption\":\"Risebo G\u00e5rd\"},\"image\":{\"@id\":\"https:\\\/\\\/risebogard.com\\\/#\\\/schema\\\/logo\\\/image\\\/\"},\"sameAs\":[\"https:\\\/\\\/www.facebook.com\\\/RiseboGard\"]}]}<\/script>\n<!-- \/ Yoast SEO plugin. -->","yoast_head_json":{"title":"Dyr - Risebo","description":"Kontakt med heste, sm\u00e5dyr og k\u00e6ledyr giver os mulighed for at glemme hverdagen og bringer fred og afslapning.","robots":{"index":"index","follow":"follow","max-snippet":"max-snippet:-1","max-image-preview":"max-image-preview:large","max-video-preview":"max-video-preview:-1"},"canonical":"https:\/\/risebogard.com\/da\/vores-dyr-heste-sma-dyr\/","og_locale":"da_DK","og_type":"article","og_title":"Unsere Tiere","og_description":"F\u00fcr uns Menschen ist der Kontakt zu Tieren sehr wertvoll. Er l\u00e4sst uns den Alltag vergessen, bringt Ruhe und Entspannung.Der Kontakt mit Pferden, Kleintieren und Haustieren l\u00e4sst uns den Alltag vergessen, bringt Ruhe und Entspannung.","og_url":"https:\/\/risebogard.com\/da\/vores-dyr-heste-sma-dyr\/","og_site_name":"Risebo","article_publisher":"https:\/\/www.facebook.com\/RiseboGard","article_modified_time":"2023-06-28T12:23:55+00:00","og_image":[{"width":1920,"height":2560,"url":"https:\/\/risebogard.com\/wp-content\/uploads\/2022\/05\/IMG_20220515_152926_188-2-scaled.jpg","type":"image\/jpeg"}],"twitter_card":"summary_large_image","twitter_title":"Unsere Tiere","twitter_description":"Der Kontakt mit Pferden, Kleintieren und Haustieren l\u00e4sst uns den Alltag vergessen, bringt Ruhe und Entspannung.","twitter_image":"https:\/\/risebogard.com\/wp-content\/uploads\/2022\/05\/IMG_20220515_152926_188-2-scaled.jpg","twitter_misc":{"Estimeret l\u00e6setid":"5 minutter"},"schema":{"@context":"https:\/\/schema.org","@graph":[{"@type":"WebPage","@id":"https:\/\/risebogard.com\/unsere-tiere-pferde-kleintiere\/","url":"https:\/\/risebogard.com\/unsere-tiere-pferde-kleintiere\/","name":"Dyr - Risebo","isPartOf":{"@id":"https:\/\/risebogard.com\/#website"},"primaryImageOfPage":{"@id":"https:\/\/risebogard.com\/unsere-tiere-pferde-kleintiere\/#primaryimage"},"image":{"@id":"https:\/\/risebogard.com\/unsere-tiere-pferde-kleintiere\/#primaryimage"},"thumbnailUrl":"https:\/\/risebogard.com\/wp-content\/uploads\/2023\/05\/PXL_20220822_172352580-1-scaled.jpg","datePublished":"2022-05-16T17:57:26+00:00","dateModified":"2023-06-28T12:23:55+00:00","description":"Kontakt med heste, sm\u00e5dyr og k\u00e6ledyr giver os mulighed for at glemme hverdagen og bringer fred og afslapning.","breadcrumb":{"@id":"https:\/\/risebogard.com\/unsere-tiere-pferde-kleintiere\/#breadcrumb"},"inLanguage":"da-DK","potentialAction":[{"@type":"ReadAction","target":["https:\/\/risebogard.com\/unsere-tiere-pferde-kleintiere\/"]}]},{"@type":"ImageObject","inLanguage":"da-DK","@id":"https:\/\/risebogard.com\/unsere-tiere-pferde-kleintiere\/#primaryimage","url":"https:\/\/risebogard.com\/wp-content\/uploads\/2023\/05\/PXL_20220822_172352580-1-scaled.jpg","contentUrl":"https:\/\/risebogard.com\/wp-content\/uploads\/2023\/05\/PXL_20220822_172352580-1-scaled.jpg","width":1920,"height":2560},{"@type":"BreadcrumbList","@id":"https:\/\/risebogard.com\/unsere-tiere-pferde-kleintiere\/#breadcrumb","itemListElement":[{"@type":"ListItem","position":1,"name":"Home","item":"https:\/\/risebogard.com\/"},{"@type":"ListItem","position":2,"name":"Tiere"}]},{"@type":"WebSite","@id":"https:\/\/risebogard.com\/#website","url":"https:\/\/risebogard.com\/","name":"Risebo","description":"Camping, hytter, westernridning, ren natur!","publisher":{"@id":"https:\/\/risebogard.com\/#organization"},"potentialAction":[{"@type":"SearchAction","target":{"@type":"EntryPoint","urlTemplate":"https:\/\/risebogard.com\/?s={search_term_string}"},"query-input":{"@type":"PropertyValueSpecification","valueRequired":true,"valueName":"search_term_string"}}],"inLanguage":"da-DK"},{"@type":"Organization","@id":"https:\/\/risebogard.com\/#organization","name":"Risebo G\u00e5rd","url":"https:\/\/risebogard.com\/","logo":{"@type":"ImageObject","inLanguage":"da-DK","@id":"https:\/\/risebogard.com\/#\/schema\/logo\/image\/","url":"https:\/\/risebogard.com\/wp-content\/uploads\/2022\/01\/risebologo.png","contentUrl":"https:\/\/risebogard.com\/wp-content\/uploads\/2022\/01\/risebologo.png","width":266,"height":100,"caption":"Risebo G\u00e5rd"},"image":{"@id":"https:\/\/risebogard.com\/#\/schema\/logo\/image\/"},"sameAs":["https:\/\/www.facebook.com\/RiseboGard"]}]}},"_links":{"self":[{"href":"https:\/\/risebogard.com\/da\/wp-json\/wp\/v2\/pages\/287","targetHints":{"allow":["GET"]}}],"collection":[{"href":"https:\/\/risebogard.com\/da\/wp-json\/wp\/v2\/pages"}],"about":[{"href":"https:\/\/risebogard.com\/da\/wp-json\/wp\/v2\/types\/page"}],"author":[{"embeddable":true,"href":"https:\/\/risebogard.com\/da\/wp-json\/wp\/v2\/users\/2"}],"replies":[{"embeddable":true,"href":"https:\/\/risebogard.com\/da\/wp-json\/wp\/v2\/comments?post=287"}],"version-history":[{"count":33,"href":"https:\/\/risebogard.com\/da\/wp-json\/wp\/v2\/pages\/287\/revisions"}],"predecessor-version":[{"id":961,"href":"https:\/\/risebogard.com\/da\/wp-json\/wp\/v2\/pages\/287\/revisions\/961"}],"wp:featuredmedia":[{"embeddable":true,"href":"https:\/\/risebogard.com\/da\/wp-json\/wp\/v2\/media\/873"}],"wp:attachment":[{"href":"https:\/\/risebogard.com\/da\/wp-json\/wp\/v2\/media?parent=287"}],"curies":[{"name":"wp","href":"https:\/\/api.w.org\/{rel}","templated":true}]}}